{"id":207,"date":"2022-09-25T15:08:59","date_gmt":"2022-09-25T14:08:59","guid":{"rendered":"http:\/\/marburgerorchard.com\/lokala-datinganslutningar\/"},"modified":"2022-12-14T17:08:58","modified_gmt":"2022-12-14T17:08:58","slug":"lokala-datinganslutningar","status":"publish","type":"page","link":"https:\/\/marburgerorchard.com\/sv\/","title":{"rendered":"Lokala datinganslutningar"},"content":{"rendered":"<h2>V\u00e5r guide f\u00f6r att chatta med lokala singlar<\/h2>\n<p>Id\u00e9n bakom dessa typer av webbplatser \u00e4r enkel: Du registrerar dig, laddar upp ett foto, fyller i en profil och b\u00f6rjar bl\u00e4ddra bland <a href=\"https:\/\/www.pornchatsites.net\/sv\/\">porrchat<\/a> profiler fr\u00e5n medlemmar runt om i v\u00e4rlden. N\u00e4r n\u00e5gon gillar vad de ser skickar de en blinkning eller en matchf\u00f6rfr\u00e5gan. Om b\u00e5da parter \u00e4r \u00f6verens om att g\u00e5 p\u00e5 ett datum chattar de via text eller videosamtal. Och om allt g\u00e5r bra kan du sluta tr\u00e4ffas ansikte mot ansikte.<\/p>\n<p>Det finns massor av olika s\u00e4tt att anv\u00e4nda dessa webbplatser ocks\u00e5. Vissa m\u00e4nniskor surfar bara p\u00e5 webbplatsen och letar efter matchningar; andra skapar grupper baserade p\u00e5 gemensamma intressen, s\u00e5som idrottslag, hobbyer etc.; och ytterligare andra anv\u00e4nder appen eller webbplatsens inbyggda meddelandefunktion f\u00f6r att prata med potentiella datum.<\/p>\n<p>Jag har personligen anv\u00e4nt flera av dessa webbplatser genom \u00e5ren, och jag tycker att de \u00e4r bra alternativ <a href=\"https:\/\/wank.io\/de\/kostenlose-cam-2-cam-seiten\/\">cam2cam<\/a> f\u00f6r att hitta k\u00e4rlek online. Men jag rekommenderar alltid att du g\u00f6r din forskning innan du registrerar dig. Se till att webbplatsen \u00e4r legitim, s\u00e4ker och s\u00e4ker. Gl\u00f6m inte att l\u00e4sa recensioner och betyg innan du fattar ett beslut.<\/p>\n<h2>V\u00e5ra b\u00e4sta recensioner<\/h2>\n<p>Jag vet vad du t\u00e4nker; &#8221;Vilken anslutningssida \u00e4r gratis?&#8221; Tja, det finns m\u00e5nga alternativ d\u00e4r ute, men vissa kostar pengar medan andra \u00e4r helt gratis. S\u00e5, nu k\u00f6r vi&#8230;<\/p>\n<p>1. OkCupid &#8211; Den h\u00e4r dejtingsappen \u00e4r ganska enkel. Allt du g\u00f6r \u00e4r att fylla i en profil, ladda upp ett foto och b\u00f6rja svepa \u00e5t v\u00e4nster eller h\u00f6ger. Om du gillar n\u00e5gon skickar du dem en blinkning. De kan antingen acceptera det eller avvisa det. Och det handlar om det. Det finns inte f\u00f6r m\u00e5nga funktioner, men det fungerar bra.<\/p>\n<p>2. Tinder &#8211; En annan popul\u00e4r dejtingsapp, Tinder l\u00e5ter dig svepa \u00e5t h\u00f6ger <a href=\"http:\/\/www.norsksexdate.net\/\">www.norsksexdate.net<\/a> p\u00e5 personer du tycker \u00e4r attraktiva. Om du matchar med en annan person kan du chatta med dem via text. Det \u00e4r superl\u00e4tt att anv\u00e4nda och fungerar bra.<\/p>\n<p>3. Plenty Of Fish &#8211; POF \u00e4r lite annorlunda eftersom det kr\u00e4ver ett Facebook-konto f\u00f6r att registrera sig. N\u00e4r du har loggat in p\u00e5 appen ser du ett fl\u00f6de fullt av potentiella matchningar baserat p\u00e5 din plats. Du kan antingen bl\u00e4ddra igenom profiler sj\u00e4lv eller s\u00e5 kan du be v\u00e4nner att presentera dig f\u00f6r andra singlar i n\u00e4rheten.<\/p>\n<p>4. Zoosk &#8211; Denna dejtingsapp liknar OKCupid och Tinder. Du kan se medlemmarnas foton och l\u00e4sa deras bios innan du best\u00e4mmer dig f\u00f6r om du vill sl\u00e5 &#8217;match&#8217;. N\u00e4r du v\u00e4l har best\u00e4mt dig f\u00f6r att matcha kan du chatta med varandra. Det \u00e4r v\u00e4ldigt grundl\u00e4ggande och det saknar anpassning.<\/p>\n<p>5. Match &#8211; Match \u00e4r lite annorlunda eftersom du faktiskt inte tr\u00e4ffar n\u00e5gon online. Ist\u00e4llet g\u00e5r du in i ett rum d\u00e4r du interagerar med riktiga m\u00e4nniskor. Varje rum \u00e4r tema kring en viss typ av relation som avslappnade datum, seri\u00f6sa relationer etc. Du kan prata med flera personer i samma rum, men du kan bara chatta med en person utanf\u00f6r rummet.<\/p>\n<p>6. Bumble &#8211; Bumble \u00e4r precis hur det l\u00e5ter. Kvinnor initierar chattar och m\u00e4n m\u00e5ste svara. Men n\u00e4r du v\u00e4l har gjort det kan du v\u00e4lja att ignorera den som skickade en beg\u00e4ran till dig.<\/p>\n<h3>Kasta<\/h3>\n<p>Den f\u00f6rsta gratis anslutningsappen jag kommer att f\u00f6resl\u00e5 att du testar \u00e4r en som heter Fling und <a href=\"http:\/\/www.datingdanmark.net\">dating for voksne<\/a>, som \u00e4r helt gratis att g\u00e5 med. Det \u00e4r kanske den b\u00e4sta n\u00e4tdejtingappen jag har anv\u00e4nt genom \u00e5ren.<\/p>\n<p>Faktum \u00e4r att n\u00e4r jag f\u00f6rst tittade p\u00e5 den h\u00e4r appen slutade jag spendera en hel vecka med gratisversionen. Och strax efter uppgraderade jag f\u00f6r att jag ville \u00f6ka mina odds f\u00f6r att ansluta. Nu, n\u00e4r jag vill tr\u00e4ffa n\u00e5gon, g\u00e5r jag direkt till Fling.<\/p>\n<p>Visst, de har uppgraderingsalternativ &#8211; som att matcha m\u00e4nniskor baserat p\u00e5 plats &#8211; som g\u00f6r det mycket l\u00e4ttare f\u00f6r dig att f\u00e5 kontakt med lokala singlar som vill ha sex, och \u00e4ven om dessa uppgraderingar \u00e4r ganska dyra ($ 19.99), fungerar de fortfarande bra. Men f\u00f6r n\u00e4rvarande fungerar gratisversionen bra.<\/p>\n<h2>Hur man v\u00e4ljer r\u00e4tt webbplatser<\/h2>\n<p>\u00c4ven om det finns m\u00e5nga webbplatser d\u00e4r ute som h\u00e4vdar att de hj\u00e4lper m\u00e4nniskor att hitta k\u00e4rlek, \u00e4r de flesta av dem inte v\u00e4rda din tid. H\u00e4r \u00e4r varf\u00f6r:<\/p>\n<h3>Storleken p\u00e5 anv\u00e4ndarbasen<\/h3>\n<p>Det f\u00f6rsta du vill titta p\u00e5 \u00e4r hur stor anv\u00e4ndarbasen \u00e4r. Hur m\u00e5nga personer \u00e4r egentligen p\u00e5 sajten? Om det finns tusentals medlemmar \u00e4r chansen stor att du inte har mycket tur. En bra tumregel \u00e4r 3 000+ medlemmar.<\/p>\n<h3>Anv\u00e4ndarv\u00e4nlighet<\/h3>\n<p>Om du n\u00e5gonsin har varit p\u00e5 en dejtingsapp som Tinder, Bumble, Hinge, etc., vet du vad jag pratar om. De \u00e4r fantastiska eftersom de g\u00f6r det v\u00e4ldigt enkelt att svepa \u00e5t v\u00e4nster eller h\u00f6ger p\u00e5 hundratals profiler. P\u00e5 s\u00e5 s\u00e4tt sl\u00f6sar du inte f\u00f6r mycket tid p\u00e5 att bl\u00e4ddra igenom o\u00e4ndliga profiler.<\/p>\n<h3>Ledam\u00f6ternas kvalitet<\/h3>\n<p>Detta \u00e4r en av mina favorit saker att kontrollera. Leta efter recensioner online och se vad tidigare kunder har att s\u00e4ga. Ger de feedback? \u00c4r deras betyg h\u00f6ga? Vad s\u00e4ger de om kundsupporten? Alla dessa faktorer spelar in i huruvida du vill registrera dig f\u00f6r webbplatsen eller inte.<\/p>\n","protected":false},"excerpt":{"rendered":"<p>V\u00e5r guide f\u00f6r att chatta med lokala singlar Id\u00e9n bakom dessa typer av webbplatser \u00e4r enkel: Du registrerar dig, laddar&hellip;<\/p>\n","protected":false},"author":1,"featured_media":86,"parent":0,"menu_order":0,"comment_status":"closed","ping_status":"closed","template":"","meta":[],"yoast_head":"<!-- This site is optimized with the Yoast SEO plugin v17.7.1 - https:\/\/yoast.com\/wordpress\/plugins\/seo\/ -->\n<title>Lokala datinganslutningar - Tr\u00e4ffa singlar i ditt omr\u00e5de som vill ha sex!<\/title>\n<meta name=\"robots\" content=\"index, follow, max-snippet:-1, max-image-preview:large, max-video-preview:-1\" \/>\n<link rel=\"canonical\" href=\"https:\/\/marburgerorchard.com\/sv\/\" \/>\n<meta property=\"og:locale\" content=\"sv_SE\" \/>\n<meta property=\"og:type\" content=\"article\" \/>\n<meta property=\"og:title\" content=\"Lokala datinganslutningar - Tr\u00e4ffa singlar i ditt omr\u00e5de som vill ha sex!\" \/>\n<meta property=\"og:description\" content=\"V\u00e5r guide f\u00f6r att chatta med lokala singlar Id\u00e9n bakom dessa typer av webbplatser \u00e4r enkel: Du registrerar dig, laddar&hellip;\" \/>\n<meta property=\"og:url\" content=\"https:\/\/marburgerorchard.com\/sv\/\" \/>\n<meta property=\"og:site_name\" content=\"Meet Nearby\" \/>\n<meta property=\"article:modified_time\" content=\"2022-12-14T17:08:58+00:00\" \/>\n<meta property=\"og:image\" content=\"https:\/\/marburgerorchard.com\/wp-content\/uploads\/2022\/09\/guide-to-find-sex.jpeg\" \/>\n\t<meta property=\"og:image:width\" content=\"500\" \/>\n\t<meta property=\"og:image:height\" content=\"333\" \/>\n<meta name=\"twitter:card\" content=\"summary_large_image\" \/>\n<meta name=\"twitter:label1\" content=\"Ber\u00e4knad l\u00e4stid\" \/>\n\t<meta name=\"twitter:data1\" content=\"5 minuter\" \/>\n<script type=\"application\/ld+json\" class=\"yoast-schema-graph\">{\"@context\":\"https:\/\/schema.org\",\"@graph\":[{\"@type\":\"WebSite\",\"@id\":\"https:\/\/marburgerorchard.com\/sv\/#website\",\"url\":\"https:\/\/marburgerorchard.com\/sv\/\",\"name\":\"Meet Nearby\",\"description\":\"Adult Dating Guide\",\"potentialAction\":[{\"@type\":\"SearchAction\",\"target\":{\"@type\":\"EntryPoint\",\"urlTemplate\":\"https:\/\/marburgerorchard.com\/sv\/?s={search_term_string}\"},\"query-input\":\"required name=search_term_string\"}],\"inLanguage\":\"sv-SE\"},{\"@type\":\"ImageObject\",\"@id\":\"https:\/\/marburgerorchard.com\/sv\/#primaryimage\",\"inLanguage\":\"sv-SE\",\"url\":\"https:\/\/marburgerorchard.com\/wp-content\/uploads\/2022\/09\/guide-to-find-sex.jpeg\",\"contentUrl\":\"https:\/\/marburgerorchard.com\/wp-content\/uploads\/2022\/09\/guide-to-find-sex.jpeg\",\"width\":500,\"height\":333},{\"@type\":\"WebPage\",\"@id\":\"https:\/\/marburgerorchard.com\/sv\/#webpage\",\"url\":\"https:\/\/marburgerorchard.com\/sv\/\",\"name\":\"Lokala datinganslutningar - Tr\\u00e4ffa singlar i ditt omr\\u00e5de som vill ha sex!\",\"isPartOf\":{\"@id\":\"https:\/\/marburgerorchard.com\/sv\/#website\"},\"primaryImageOfPage\":{\"@id\":\"https:\/\/marburgerorchard.com\/sv\/#primaryimage\"},\"datePublished\":\"2022-09-25T14:08:59+00:00\",\"dateModified\":\"2022-12-14T17:08:58+00:00\",\"breadcrumb\":{\"@id\":\"https:\/\/marburgerorchard.com\/sv\/#breadcrumb\"},\"inLanguage\":\"sv-SE\",\"potentialAction\":[{\"@type\":\"ReadAction\",\"target\":[\"https:\/\/marburgerorchard.com\/sv\/\"]}]},{\"@type\":\"BreadcrumbList\",\"@id\":\"https:\/\/marburgerorchard.com\/sv\/#breadcrumb\",\"itemListElement\":[{\"@type\":\"ListItem\",\"position\":1,\"name\":\"Home\",\"item\":\"https:\/\/marburgerorchard.com\/sv\/\"},{\"@type\":\"ListItem\",\"position\":2,\"name\":\"Lokala datinganslutningar\"}]}]}<\/script>\n<!-- \/ Yoast SEO plugin. -->","yoast_head_json":{"title":"Lokala datinganslutningar - Tr\u00e4ffa singlar i ditt omr\u00e5de som vill ha sex!","robots":{"index":"index","follow":"follow","max-snippet":"max-snippet:-1","max-image-preview":"max-image-preview:large","max-video-preview":"max-video-preview:-1"},"canonical":"https:\/\/marburgerorchard.com\/sv\/","og_locale":"sv_SE","og_type":"article","og_title":"Lokala datinganslutningar - Tr\u00e4ffa singlar i ditt omr\u00e5de som vill ha sex!","og_description":"V\u00e5r guide f\u00f6r att chatta med lokala singlar Id\u00e9n bakom dessa typer av webbplatser \u00e4r enkel: Du registrerar dig, laddar&hellip;","og_url":"https:\/\/marburgerorchard.com\/sv\/","og_site_name":"Meet Nearby","article_modified_time":"2022-12-14T17:08:58+00:00","og_image":[{"width":500,"height":333,"url":"https:\/\/marburgerorchard.com\/wp-content\/uploads\/2022\/09\/guide-to-find-sex.jpeg","type":"image\/jpeg"}],"twitter_card":"summary_large_image","twitter_misc":{"Ber\u00e4knad l\u00e4stid":"5 minuter"},"schema":{"@context":"https:\/\/schema.org","@graph":[{"@type":"WebSite","@id":"https:\/\/marburgerorchard.com\/sv\/#website","url":"https:\/\/marburgerorchard.com\/sv\/","name":"Meet Nearby","description":"Adult Dating Guide","potentialAction":[{"@type":"SearchAction","target":{"@type":"EntryPoint","urlTemplate":"https:\/\/marburgerorchard.com\/sv\/?s={search_term_string}"},"query-input":"required name=search_term_string"}],"inLanguage":"sv-SE"},{"@type":"ImageObject","@id":"https:\/\/marburgerorchard.com\/sv\/#primaryimage","inLanguage":"sv-SE","url":"https:\/\/marburgerorchard.com\/wp-content\/uploads\/2022\/09\/guide-to-find-sex.jpeg","contentUrl":"https:\/\/marburgerorchard.com\/wp-content\/uploads\/2022\/09\/guide-to-find-sex.jpeg","width":500,"height":333},{"@type":"WebPage","@id":"https:\/\/marburgerorchard.com\/sv\/#webpage","url":"https:\/\/marburgerorchard.com\/sv\/","name":"Lokala datinganslutningar - Tr\u00e4ffa singlar i ditt omr\u00e5de som vill ha sex!","isPartOf":{"@id":"https:\/\/marburgerorchard.com\/sv\/#website"},"primaryImageOfPage":{"@id":"https:\/\/marburgerorchard.com\/sv\/#primaryimage"},"datePublished":"2022-09-25T14:08:59+00:00","dateModified":"2022-12-14T17:08:58+00:00","breadcrumb":{"@id":"https:\/\/marburgerorchard.com\/sv\/#breadcrumb"},"inLanguage":"sv-SE","potentialAction":[{"@type":"ReadAction","target":["https:\/\/marburgerorchard.com\/sv\/"]}]},{"@type":"BreadcrumbList","@id":"https:\/\/marburgerorchard.com\/sv\/#breadcrumb","itemListElement":[{"@type":"ListItem","position":1,"name":"Home","item":"https:\/\/marburgerorchard.com\/sv\/"},{"@type":"ListItem","position":2,"name":"Lokala datinganslutningar"}]}]}},"_links":{"self":[{"href":"https:\/\/marburgerorchard.com\/sv\/wp-json\/wp\/v2\/pages\/207"}],"collection":[{"href":"https:\/\/marburgerorchard.com\/sv\/wp-json\/wp\/v2\/pages"}],"about":[{"href":"https:\/\/marburgerorchard.com\/sv\/wp-json\/wp\/v2\/types\/page"}],"author":[{"embeddable":true,"href":"https:\/\/marburgerorchard.com\/sv\/wp-json\/wp\/v2\/users\/1"}],"replies":[{"embeddable":true,"href":"https:\/\/marburgerorchard.com\/sv\/wp-json\/wp\/v2\/comments?post=207"}],"version-history":[{"count":3,"href":"https:\/\/marburgerorchard.com\/sv\/wp-json\/wp\/v2\/pages\/207\/revisions"}],"predecessor-version":[{"id":367,"href":"https:\/\/marburgerorchard.com\/sv\/wp-json\/wp\/v2\/pages\/207\/revisions\/367"}],"wp:featuredmedia":[{"embeddable":true,"href":"https:\/\/marburgerorchard.com\/sv\/wp-json\/wp\/v2\/media\/86"}],"wp:attachment":[{"href":"https:\/\/marburgerorchard.com\/sv\/wp-json\/wp\/v2\/media?parent=207"}],"curies":[{"name":"wp","href":"https:\/\/api.w.org\/{rel}","templated":true}]}}