{"id":119,"date":"2022-09-26T14:25:14","date_gmt":"2022-09-26T13:25:14","guid":{"rendered":"http:\/\/marburgerorchard.com\/mot-lokala-milfs-som-vill-ha-sex\/"},"modified":"2022-09-26T14:25:14","modified_gmt":"2022-09-26T13:25:14","slug":"mot-lokala-milfs-som-vill-ha-sex","status":"publish","type":"page","link":"https:\/\/marburgerorchard.com\/sv\/mot-lokala-milfs-som-vill-ha-sex\/","title":{"rendered":"M\u00f6t lokala MILFs som vill ha sex"},"content":{"rendered":"<p>De b\u00e4sta dejtingsajterna \u00e4r de som l\u00e5ter dig f\u00e5 kontakt med m\u00e4nniskor baserat p\u00e5 gemensamma intressen, \u00e5lder, plats och personlighetsdrag. Cougar dejtingappar \u00e4r en plats d\u00e4r unga m\u00e4n och \u00e4ldre kvinnor m\u00f6ts &#8211; b\u00e5de online och offline. Det har funnits sedan \u00e5ldrarna, och det har vuxit till ett av de st\u00f6rsta samh\u00e4llena f\u00f6r m\u00e4nniskor som s\u00f6ker k\u00e4rlek och s\u00e4llskap utanf\u00f6r traditionella relationer.<\/p>\n<p>Om onlinesurfning har tagit dig hit \u00e4r chansen stor att v\u00e5rt samh\u00e4lle ocks\u00e5 kan ha det du letar efter. Vi kopplar ihop ensamst\u00e5ende kvinnor \u00f6ver 40 med yngre m\u00e4n som \u00e4r redo att ha kul. V\u00e5ra medlemmar inkluderar b\u00e5de pumor och ungar &#8211; kvinnor som s\u00f6ker k\u00e4rlek och relation, medan m\u00e4n s\u00f6ker moget s\u00e4llskap. Du hittar allt p\u00e5 dessa appar fr\u00e5n avslappnade flings till seri\u00f6sa relationer. Alla \u00e5ldrar, raser, religioner, sexuella l\u00e4ggningar och livsstilar v\u00e4lkomna.<\/p>\n<h2>Gratis Cougar Dating<\/h2>\n<p>Om du vill b\u00f6rja tr\u00e4ffa heta mammor online, kolla in v\u00e5r lista \u00f6ver de b\u00e4sta MILF-dejtingsajterna och apparna. Dessa webbplatser och appar erbjuder gratis medlemskap plus premiumfunktioner som obegr\u00e4nsade meddelanden, videochatt och omedelbar tillg\u00e5ng till tusentals medlemmar. Dessutom l\u00e5ter m\u00e5nga av dem dig bl\u00e4ddra bland profiler utan att beh\u00f6va betala n\u00e5got i f\u00f6rskott.<\/p>\n<p>Vi tittade p\u00e5 dussintals popul\u00e4ra dejtingsajter f\u00f6r vuxna och hittade tv\u00e5 som verkligen stod ut baserat p\u00e5 kvalitet, s\u00e4kerhet, anv\u00e4ndarv\u00e4nlighet och v\u00e4rde. De har alla visat sig vara s\u00e4kra, p\u00e5litliga och effektiva f\u00f6r att hitta sexpartners. Och viktigast av allt, de \u00e4r alla fria att g\u00e5 med. S\u00e5 oavsett om du letar efter avslappnade anslutningar eller seri\u00f6sa relationer, \u00e4r dessa webbplatser perfekta f\u00f6r att l\u00e4gga dig.<\/p>\n<h3>AdultFriendFinder<\/h3>\n<p>Adult Friend Finder \u00e4r en av de \u00e4ldsta och st\u00f6rsta dejtingsajterna f\u00f6r vuxna. Med miljontals aktiva medlemmar hittar AF massor av ensamst\u00e5ende mammor och milfs som letar efter k\u00e4rlek. Om du letar efter ett l\u00e5ngsiktigt f\u00f6rh\u00e5llande \u00e4r AF platsen att g\u00e5.<\/p>\n<h3>MammaFinders<\/h3>\n<p>Mommyfinders \u00e4r ett annat popul\u00e4rt val bland yngre killar som s\u00f6ker pumor. Denna webbplats erbjuder massor av f\u00f6rdelar inklusive live webbkamerachatt, 24\/7 kundsupport och massor av sexiga mammor och milfs som v\u00e4ntar p\u00e5 att f\u00e5 kontakt med dig.<\/p>\n<h2>Dejting MILFs<\/h2>\n<p>Det finns flera anledningar till att pumor v\u00e4ljer att dejta yngre m\u00e4n. F\u00f6r det f\u00f6rsta vill pumor k\u00e4nna sig unga igen. N\u00e4r man \u00e4r 20, 30, 40, 50 osv k\u00e4nns det bra att dejta n\u00e5gon som f\u00e5r en att k\u00e4nna sig ung igen. F\u00f6r det andra tycker pumor att yngre m\u00e4n \u00e4r attraktiva eftersom de vanligtvis \u00e4r v\u00e4ldigt stiliga, sj\u00e4lvs\u00e4kra och charmiga. F\u00f6r det tredje, pumor som yngre m\u00e4n eftersom de \u00e4r mindre ben\u00e4gna att behandla henne illa. Pumor vet att yngre m\u00e4n fortfarande l\u00e4r sig att behandla kvinnor bra, s\u00e5 de kommer inte att behandla henne som skit. Slutligen gillar pumor yngre killar eftersom de vanligtvis \u00e4r mycket framg\u00e5ngsrika, ekonomiskt stabila och har mycket pengar att spendera p\u00e5 henne.<\/p>\n<p>Pumor \u00e4r heta. Och det verkar som om det varje dag skrivs n\u00e5got annat om pumor, oavsett om det \u00e4r artiklar, blogginl\u00e4gg eller till och med TV-program. Men vad betyder den h\u00e4r termen exakt? \u00c4r det sant att kvinnor \u00f6ver 40 dejtar yngre m\u00e4n? Finns det verkligen pumor? L\u00e5t oss hj\u00e4lpa dig att hitta lite klarhet kring \u00e4mnet.<\/p>\n","protected":false},"excerpt":{"rendered":"<p>De b\u00e4sta dejtingsajterna \u00e4r de som l\u00e5ter dig f\u00e5 kontakt med m\u00e4nniskor baserat p\u00e5 gemensamma intressen, \u00e5lder, plats och personlighetsdrag.&hellip;<\/p>\n","protected":false},"author":1,"featured_media":0,"parent":0,"menu_order":0,"comment_status":"closed","ping_status":"closed","template":"","meta":[],"yoast_head":"<!-- This site is optimized with the Yoast SEO plugin v17.7.1 - https:\/\/yoast.com\/wordpress\/plugins\/seo\/ -->\n<title>M\u00f6t lokala MILFs som vill ha sex - Meet Nearby<\/title>\n<meta name=\"robots\" content=\"index, follow, max-snippet:-1, max-image-preview:large, max-video-preview:-1\" \/>\n<link rel=\"canonical\" href=\"https:\/\/marburgerorchard.com\/sv\/mot-lokala-milfs-som-vill-ha-sex\/\" \/>\n<meta property=\"og:locale\" content=\"sv_SE\" \/>\n<meta property=\"og:type\" content=\"article\" \/>\n<meta property=\"og:title\" content=\"M\u00f6t lokala MILFs som vill ha sex - Meet Nearby\" \/>\n<meta property=\"og:description\" content=\"De b\u00e4sta dejtingsajterna \u00e4r de som l\u00e5ter dig f\u00e5 kontakt med m\u00e4nniskor baserat p\u00e5 gemensamma intressen, \u00e5lder, plats och personlighetsdrag.&hellip;\" \/>\n<meta property=\"og:url\" content=\"https:\/\/marburgerorchard.com\/sv\/mot-lokala-milfs-som-vill-ha-sex\/\" \/>\n<meta property=\"og:site_name\" content=\"Meet Nearby\" \/>\n<meta name=\"twitter:card\" content=\"summary_large_image\" \/>\n<meta name=\"twitter:label1\" content=\"Ber\u00e4knad l\u00e4stid\" \/>\n\t<meta name=\"twitter:data1\" content=\"3 minuter\" \/>\n<script type=\"application\/ld+json\" class=\"yoast-schema-graph\">{\"@context\":\"https:\/\/schema.org\",\"@graph\":[{\"@type\":\"WebSite\",\"@id\":\"https:\/\/marburgerorchard.com\/sv\/#website\",\"url\":\"https:\/\/marburgerorchard.com\/sv\/\",\"name\":\"Meet Nearby\",\"description\":\"Adult Dating Guide\",\"potentialAction\":[{\"@type\":\"SearchAction\",\"target\":{\"@type\":\"EntryPoint\",\"urlTemplate\":\"https:\/\/marburgerorchard.com\/sv\/?s={search_term_string}\"},\"query-input\":\"required name=search_term_string\"}],\"inLanguage\":\"sv-SE\"},{\"@type\":\"WebPage\",\"@id\":\"https:\/\/marburgerorchard.com\/sv\/mot-lokala-milfs-som-vill-ha-sex\/#webpage\",\"url\":\"https:\/\/marburgerorchard.com\/sv\/mot-lokala-milfs-som-vill-ha-sex\/\",\"name\":\"M\\u00f6t lokala MILFs som vill ha sex - Meet Nearby\",\"isPartOf\":{\"@id\":\"https:\/\/marburgerorchard.com\/sv\/#website\"},\"datePublished\":\"2022-09-26T13:25:14+00:00\",\"dateModified\":\"2022-09-26T13:25:14+00:00\",\"breadcrumb\":{\"@id\":\"https:\/\/marburgerorchard.com\/sv\/mot-lokala-milfs-som-vill-ha-sex\/#breadcrumb\"},\"inLanguage\":\"sv-SE\",\"potentialAction\":[{\"@type\":\"ReadAction\",\"target\":[\"https:\/\/marburgerorchard.com\/sv\/mot-lokala-milfs-som-vill-ha-sex\/\"]}]},{\"@type\":\"BreadcrumbList\",\"@id\":\"https:\/\/marburgerorchard.com\/sv\/mot-lokala-milfs-som-vill-ha-sex\/#breadcrumb\",\"itemListElement\":[{\"@type\":\"ListItem\",\"position\":1,\"name\":\"Home\",\"item\":\"https:\/\/marburgerorchard.com\/sv\/\"},{\"@type\":\"ListItem\",\"position\":2,\"name\":\"M\\u00f6t lokala MILFs som vill ha sex\"}]}]}<\/script>\n<!-- \/ Yoast SEO plugin. -->","yoast_head_json":{"title":"M\u00f6t lokala MILFs som vill ha sex - Meet Nearby","robots":{"index":"index","follow":"follow","max-snippet":"max-snippet:-1","max-image-preview":"max-image-preview:large","max-video-preview":"max-video-preview:-1"},"canonical":"https:\/\/marburgerorchard.com\/sv\/mot-lokala-milfs-som-vill-ha-sex\/","og_locale":"sv_SE","og_type":"article","og_title":"M\u00f6t lokala MILFs som vill ha sex - Meet Nearby","og_description":"De b\u00e4sta dejtingsajterna \u00e4r de som l\u00e5ter dig f\u00e5 kontakt med m\u00e4nniskor baserat p\u00e5 gemensamma intressen, \u00e5lder, plats och personlighetsdrag.&hellip;","og_url":"https:\/\/marburgerorchard.com\/sv\/mot-lokala-milfs-som-vill-ha-sex\/","og_site_name":"Meet Nearby","twitter_card":"summary_large_image","twitter_misc":{"Ber\u00e4knad l\u00e4stid":"3 minuter"},"schema":{"@context":"https:\/\/schema.org","@graph":[{"@type":"WebSite","@id":"https:\/\/marburgerorchard.com\/sv\/#website","url":"https:\/\/marburgerorchard.com\/sv\/","name":"Meet Nearby","description":"Adult Dating Guide","potentialAction":[{"@type":"SearchAction","target":{"@type":"EntryPoint","urlTemplate":"https:\/\/marburgerorchard.com\/sv\/?s={search_term_string}"},"query-input":"required name=search_term_string"}],"inLanguage":"sv-SE"},{"@type":"WebPage","@id":"https:\/\/marburgerorchard.com\/sv\/mot-lokala-milfs-som-vill-ha-sex\/#webpage","url":"https:\/\/marburgerorchard.com\/sv\/mot-lokala-milfs-som-vill-ha-sex\/","name":"M\u00f6t lokala MILFs som vill ha sex - Meet Nearby","isPartOf":{"@id":"https:\/\/marburgerorchard.com\/sv\/#website"},"datePublished":"2022-09-26T13:25:14+00:00","dateModified":"2022-09-26T13:25:14+00:00","breadcrumb":{"@id":"https:\/\/marburgerorchard.com\/sv\/mot-lokala-milfs-som-vill-ha-sex\/#breadcrumb"},"inLanguage":"sv-SE","potentialAction":[{"@type":"ReadAction","target":["https:\/\/marburgerorchard.com\/sv\/mot-lokala-milfs-som-vill-ha-sex\/"]}]},{"@type":"BreadcrumbList","@id":"https:\/\/marburgerorchard.com\/sv\/mot-lokala-milfs-som-vill-ha-sex\/#breadcrumb","itemListElement":[{"@type":"ListItem","position":1,"name":"Home","item":"https:\/\/marburgerorchard.com\/sv\/"},{"@type":"ListItem","position":2,"name":"M\u00f6t lokala MILFs som vill ha sex"}]}]}},"_links":{"self":[{"href":"https:\/\/marburgerorchard.com\/sv\/wp-json\/wp\/v2\/pages\/119"}],"collection":[{"href":"https:\/\/marburgerorchard.com\/sv\/wp-json\/wp\/v2\/pages"}],"about":[{"href":"https:\/\/marburgerorchard.com\/sv\/wp-json\/wp\/v2\/types\/page"}],"author":[{"embeddable":true,"href":"https:\/\/marburgerorchard.com\/sv\/wp-json\/wp\/v2\/users\/1"}],"replies":[{"embeddable":true,"href":"https:\/\/marburgerorchard.com\/sv\/wp-json\/wp\/v2\/comments?post=119"}],"version-history":[{"count":0,"href":"https:\/\/marburgerorchard.com\/sv\/wp-json\/wp\/v2\/pages\/119\/revisions"}],"wp:attachment":[{"href":"https:\/\/marburgerorchard.com\/sv\/wp-json\/wp\/v2\/media?parent=119"}],"curies":[{"name":"wp","href":"https:\/\/api.w.org\/{rel}","templated":true}]}}