{"id":113,"date":"2022-09-26T14:24:17","date_gmt":"2022-09-26T13:24:17","guid":{"rendered":"http:\/\/marburgerorchard.com\/basta-swinger-webbplatser\/"},"modified":"2022-09-26T14:24:17","modified_gmt":"2022-09-26T13:24:17","slug":"basta-swinger-webbplatser","status":"publish","type":"page","link":"https:\/\/marburgerorchard.com\/sv\/basta-swinger-webbplatser\/","title":{"rendered":"B\u00e4sta Swinger-webbplatser"},"content":{"rendered":"<p>Om du \u00e4r intresserad av att sv\u00e4nga \u00e4r chansen stor att du har s\u00f6kt online under en tid nu. Det finns gott om dejtingappar d\u00e4r ute f\u00f6r dem som vill ansluta sig till andra som de sj\u00e4lva, men hur \u00e4r det med dem som s\u00f6ker en partner f\u00f6r n\u00e5got helt annat? Om du vill prova att sv\u00e4nga, h\u00e4r \u00e4r v\u00e5ra val f\u00f6r de 11 b\u00e4sta sv\u00e4ngplatserna 2021.<\/p>\n<h1>Swingers dejtingsajter<\/h1>\n<p>Vi tillbringade \u00f6ver 25 timmar p\u00e5 att leta efter den b\u00e4sta online-datingsidan f\u00f6r sv\u00e4ngande par. Efter att ha begr\u00e4nsat hundratals alternativ hittade vi \u00e4ntligen den perfekta matchningen f\u00f6r oss. V\u00e5ra profiler gick live p\u00e5 flera swinger dejtingsajter, och inom 24 timmar hade vi dussintals matcher.<\/p>\n<p>Efter att ha granskat varje webbplats medlemsbas, meddelandesystem och \u00f6vergripande upplevelse valde vi de fem b\u00e4sta webbplatserna baserat p\u00e5 v\u00e5ra kriterier. D\u00e4rifr\u00e5n begr\u00e4nsade vi det ytterligare till bara de tre b\u00e4sta baserat p\u00e5 personliga preferenser.<\/p>\n<p>Den slutliga listan inneh\u00f6ll n\u00e5gra bekanta namn, som Adult FriendFinder och Zoosk, tillsammans med nyare spelare som HornyPeople och SwingersMeet.<\/p>\n<h2>SwapMeet<\/h2>\n<p>Swap Meet \u00e4r en annan popul\u00e4r webbplats f\u00f6r vuxna swinger med tusentals aktiva medlemmar varje dag. Denna webbplats erbjuder m\u00e5nga olika kategorier inklusive par, singlar, kvinnor som letar efter m\u00e4n och m\u00e4n som letar efter kvinnor. Alla listor \u00e4r organiserade i underkategorier, vilket g\u00f6r det enkelt att bl\u00e4ddra och hitta det du \u00e4r intresserad av. Det finns till och med specialfunktioner som live cam-chattar, webbkameravideo och ljudsamtal.<\/p>\n<h2>SwingLifeStyle<\/h2>\n<p>SwingLifeStyle \u00e4r ett roligt och unikt swinger socialt n\u00e4tverk d\u00e4r du kan f\u00e5 kontakt med andra baserat p\u00e5 gemensamma intressen. Webbplatsen l\u00e5ter dig g\u00e5 med i grupper, byta foton, l\u00e4gga upp videor, skicka meddelanden och mer. Det finns \u00f6ver 20 olika kategorier att v\u00e4lja mellan inklusive par, swingers, trekanter, BDSM, voyeurism, \u00f6ppna relationer etc.<\/p>\n<h2>AdultFriendFinder<\/h2>\n<p>Adult Friend Finder \u00e4r en av de mest popul\u00e4ra dejtingsajterna f\u00f6r vuxna. Med miljontals medlemmar \u00f6ver hela v\u00e4rlden hittar du definitivt n\u00e5gon lokal att ansluta till. Och oroa dig inte, f\u00f6r AF diskriminerar ingen &#8211; oavsett hur mycket vikt du kan b\u00e4ra.<\/p>\n<h2>Zoosk<\/h2>\n<p>Zoosk \u00e4r ett annat bra alternativ f\u00f6r dem som vill tr\u00e4ffa singlar n\u00e4ra dem. Denna webbplats fokuserar p\u00e5 att hj\u00e4lpa dig att skapa kontakter med intressanta m\u00e4nniskor baserat p\u00e5 saker du \u00e4lskar. S\u00e5 oavsett om du \u00e4r ett av sport eller mode hittar du n\u00e5gon i n\u00e4rheten som delar liknande intressen.<\/p>\n<h2>Gott om fisk<\/h2>\n<p>PlentyOfFish \u00e4r en gratis dejtingapp som g\u00f6r det enkelt att tr\u00e4ffa singlar. Oavsett om du letar efter v\u00e4nskap, romantik eller till och med \u00e4ktenskap kan du hitta n\u00e5gon fantastisk inom n\u00e5gra minuter.<\/p>\n","protected":false},"excerpt":{"rendered":"<p>Om du \u00e4r intresserad av att sv\u00e4nga \u00e4r chansen stor att du har s\u00f6kt online under en tid nu. Det&hellip;<\/p>\n","protected":false},"author":1,"featured_media":0,"parent":0,"menu_order":0,"comment_status":"closed","ping_status":"closed","template":"","meta":[],"yoast_head":"<!-- This site is optimized with the Yoast SEO plugin v17.7.1 - https:\/\/yoast.com\/wordpress\/plugins\/seo\/ -->\n<title>B\u00e4sta Swinger-webbplatser - Meet Nearby<\/title>\n<meta name=\"robots\" content=\"index, follow, max-snippet:-1, max-image-preview:large, max-video-preview:-1\" \/>\n<link rel=\"canonical\" href=\"https:\/\/marburgerorchard.com\/sv\/basta-swinger-webbplatser\/\" \/>\n<meta property=\"og:locale\" content=\"sv_SE\" \/>\n<meta property=\"og:type\" content=\"article\" \/>\n<meta property=\"og:title\" content=\"B\u00e4sta Swinger-webbplatser - Meet Nearby\" \/>\n<meta property=\"og:description\" content=\"Om du \u00e4r intresserad av att sv\u00e4nga \u00e4r chansen stor att du har s\u00f6kt online under en tid nu. Det&hellip;\" \/>\n<meta property=\"og:url\" content=\"https:\/\/marburgerorchard.com\/sv\/basta-swinger-webbplatser\/\" \/>\n<meta property=\"og:site_name\" content=\"Meet Nearby\" \/>\n<meta name=\"twitter:card\" content=\"summary_large_image\" \/>\n<meta name=\"twitter:label1\" content=\"Ber\u00e4knad l\u00e4stid\" \/>\n\t<meta name=\"twitter:data1\" content=\"2 minuter\" \/>\n<script type=\"application\/ld+json\" class=\"yoast-schema-graph\">{\"@context\":\"https:\/\/schema.org\",\"@graph\":[{\"@type\":\"WebSite\",\"@id\":\"https:\/\/marburgerorchard.com\/sv\/#website\",\"url\":\"https:\/\/marburgerorchard.com\/sv\/\",\"name\":\"Meet Nearby\",\"description\":\"Adult Dating Guide\",\"potentialAction\":[{\"@type\":\"SearchAction\",\"target\":{\"@type\":\"EntryPoint\",\"urlTemplate\":\"https:\/\/marburgerorchard.com\/sv\/?s={search_term_string}\"},\"query-input\":\"required name=search_term_string\"}],\"inLanguage\":\"sv-SE\"},{\"@type\":\"WebPage\",\"@id\":\"https:\/\/marburgerorchard.com\/sv\/basta-swinger-webbplatser\/#webpage\",\"url\":\"https:\/\/marburgerorchard.com\/sv\/basta-swinger-webbplatser\/\",\"name\":\"B\\u00e4sta Swinger-webbplatser - Meet Nearby\",\"isPartOf\":{\"@id\":\"https:\/\/marburgerorchard.com\/sv\/#website\"},\"datePublished\":\"2022-09-26T13:24:17+00:00\",\"dateModified\":\"2022-09-26T13:24:17+00:00\",\"breadcrumb\":{\"@id\":\"https:\/\/marburgerorchard.com\/sv\/basta-swinger-webbplatser\/#breadcrumb\"},\"inLanguage\":\"sv-SE\",\"potentialAction\":[{\"@type\":\"ReadAction\",\"target\":[\"https:\/\/marburgerorchard.com\/sv\/basta-swinger-webbplatser\/\"]}]},{\"@type\":\"BreadcrumbList\",\"@id\":\"https:\/\/marburgerorchard.com\/sv\/basta-swinger-webbplatser\/#breadcrumb\",\"itemListElement\":[{\"@type\":\"ListItem\",\"position\":1,\"name\":\"Home\",\"item\":\"https:\/\/marburgerorchard.com\/sv\/\"},{\"@type\":\"ListItem\",\"position\":2,\"name\":\"B\\u00e4sta Swinger-webbplatser\"}]}]}<\/script>\n<!-- \/ Yoast SEO plugin. -->","yoast_head_json":{"title":"B\u00e4sta Swinger-webbplatser - Meet Nearby","robots":{"index":"index","follow":"follow","max-snippet":"max-snippet:-1","max-image-preview":"max-image-preview:large","max-video-preview":"max-video-preview:-1"},"canonical":"https:\/\/marburgerorchard.com\/sv\/basta-swinger-webbplatser\/","og_locale":"sv_SE","og_type":"article","og_title":"B\u00e4sta Swinger-webbplatser - Meet Nearby","og_description":"Om du \u00e4r intresserad av att sv\u00e4nga \u00e4r chansen stor att du har s\u00f6kt online under en tid nu. Det&hellip;","og_url":"https:\/\/marburgerorchard.com\/sv\/basta-swinger-webbplatser\/","og_site_name":"Meet Nearby","twitter_card":"summary_large_image","twitter_misc":{"Ber\u00e4knad l\u00e4stid":"2 minuter"},"schema":{"@context":"https:\/\/schema.org","@graph":[{"@type":"WebSite","@id":"https:\/\/marburgerorchard.com\/sv\/#website","url":"https:\/\/marburgerorchard.com\/sv\/","name":"Meet Nearby","description":"Adult Dating Guide","potentialAction":[{"@type":"SearchAction","target":{"@type":"EntryPoint","urlTemplate":"https:\/\/marburgerorchard.com\/sv\/?s={search_term_string}"},"query-input":"required name=search_term_string"}],"inLanguage":"sv-SE"},{"@type":"WebPage","@id":"https:\/\/marburgerorchard.com\/sv\/basta-swinger-webbplatser\/#webpage","url":"https:\/\/marburgerorchard.com\/sv\/basta-swinger-webbplatser\/","name":"B\u00e4sta Swinger-webbplatser - Meet Nearby","isPartOf":{"@id":"https:\/\/marburgerorchard.com\/sv\/#website"},"datePublished":"2022-09-26T13:24:17+00:00","dateModified":"2022-09-26T13:24:17+00:00","breadcrumb":{"@id":"https:\/\/marburgerorchard.com\/sv\/basta-swinger-webbplatser\/#breadcrumb"},"inLanguage":"sv-SE","potentialAction":[{"@type":"ReadAction","target":["https:\/\/marburgerorchard.com\/sv\/basta-swinger-webbplatser\/"]}]},{"@type":"BreadcrumbList","@id":"https:\/\/marburgerorchard.com\/sv\/basta-swinger-webbplatser\/#breadcrumb","itemListElement":[{"@type":"ListItem","position":1,"name":"Home","item":"https:\/\/marburgerorchard.com\/sv\/"},{"@type":"ListItem","position":2,"name":"B\u00e4sta Swinger-webbplatser"}]}]}},"_links":{"self":[{"href":"https:\/\/marburgerorchard.com\/sv\/wp-json\/wp\/v2\/pages\/113"}],"collection":[{"href":"https:\/\/marburgerorchard.com\/sv\/wp-json\/wp\/v2\/pages"}],"about":[{"href":"https:\/\/marburgerorchard.com\/sv\/wp-json\/wp\/v2\/types\/page"}],"author":[{"embeddable":true,"href":"https:\/\/marburgerorchard.com\/sv\/wp-json\/wp\/v2\/users\/1"}],"replies":[{"embeddable":true,"href":"https:\/\/marburgerorchard.com\/sv\/wp-json\/wp\/v2\/comments?post=113"}],"version-history":[{"count":0,"href":"https:\/\/marburgerorchard.com\/sv\/wp-json\/wp\/v2\/pages\/113\/revisions"}],"wp:attachment":[{"href":"https:\/\/marburgerorchard.com\/sv\/wp-json\/wp\/v2\/media?parent=113"}],"curies":[{"name":"wp","href":"https:\/\/api.w.org\/{rel}","templated":true}]}}