{"id":104,"date":"2022-09-26T14:26:15","date_gmt":"2022-09-26T13:26:15","guid":{"rendered":"http:\/\/marburgerorchard.com\/sugar-baby-och-pappor\/"},"modified":"2022-09-26T14:26:15","modified_gmt":"2022-09-26T13:26:15","slug":"sugar-baby-och-pappor","status":"publish","type":"page","link":"https:\/\/marburgerorchard.com\/sv\/sugar-baby-och-pappor\/","title":{"rendered":"Sugar Baby och pappor"},"content":{"rendered":"<p>Sockerbebisar \u00e4r individer som tillhandah\u00e5ller s\u00e4llskapstj\u00e4nster till rika m\u00e4n. Sockerbarn tj\u00e4nar vanligtvis pengar via onlineplattformar som Seeking Arrangement, Elite Daily och OK Cupid. \u00c4ven om arrangemanget vanligtvis \u00e4r \u00f6msesidigt f\u00f6rdelaktigt, kr\u00e4ver det en viss niv\u00e5 av f\u00f6rtroende. Det finns gott om webbplatser som \u00e4r dedikerade till att hj\u00e4lpa dig att f\u00e5 kontakt med sockerbarn. Dessa webbplatser l\u00e5ter dig bl\u00e4ddra bland profiler baserat p\u00e5 kriterier som \u00e5lder, k\u00f6n, plats och intressen. N\u00e4r du har hittat n\u00e5gon du vill tr\u00e4ffa kan du skicka ett meddelande direkt till dem.<\/p>\n<p>\u00c4ven om det \u00e4r m\u00f6jligt att tr\u00e4ffa sockerbebisar i verkligheten \u00e4r det mycket l\u00e4ttare att ordna datum online. Webbplatser som Seeking Arrangement erbjuder en s\u00e4ker milj\u00f6 f\u00f6r b\u00e5da parter att kommunicera och st\u00e4lla in m\u00f6ten.<\/p>\n<h2>M\u00f6t en Sugar Daddy online<\/h2>\n<p>Det finns flera f\u00f6rdelar med att ha en sockerbebis. F\u00f6r det f\u00f6rsta ger det ekonomiskt stabila individer n\u00e5gon att ta hand om dem medan de blir \u00e4ldre. F\u00f6r det andra g\u00f6r det det m\u00f6jligt f\u00f6r kvinnan att fullf\u00f6lja sina karri\u00e4rm\u00e5l utan att oroa sig f\u00f6r barnomsorgskostnader. F\u00f6r det tredje ger det mannen m\u00f6jlighet att njuta av livet utan att k\u00e4nna sig skyldig till sin rikedom.<\/p>\n<p>Sammantaget erbjuder sockerbebisar unika m\u00f6jligheter till personlig tillv\u00e4xt och tillfredsst\u00e4llelse. Det \u00e4r dock viktigt att komma ih\u00e5g att dessa relationer inte \u00e4r avsedda att ers\u00e4tta traditionella \u00e4ktenskap. Snarare \u00e4r de bara en annan form av vuxendejting.<\/p>\n<h2>M\u00f6t en sockerbebis<\/h2>\n<p>Sockerbebisar \u00e4r unga kvinnor som s\u00f6ker ekonomiskt st\u00f6d fr\u00e5n rika sugar daddies. Dessa arrangemang varierar mycket, allt fr\u00e5n kortvarigt s\u00e4llskap till l\u00e5ngsiktiga romantiska relationer. Sockerbarn ger vanligtvis s\u00e4llskap, tillgivenhet och sexuella tj\u00e4nster i utbyte mot pengar.<\/p>\n<p>Medan sugar daddy dejtingsajter finns, tr\u00e4ffar majoriteten av sockerbarn sina partners offline. M\u00e5nga sockerbebisar rapporterar att de ursprungligen lockades till sin partners rikedom, status och kontakter. Andra s\u00e4ger att de hittade sin sugar daddy online efter att ha s\u00f6kt efter potentiella matchningar. Oavsett hur de tr\u00e4ffades b\u00f6rjar sockerbarn vanligtvis sitt f\u00f6rh\u00e5llande med en sugar daddy som ger dem g\u00e5vor, pengar och andra former av kompensation. N\u00e4r f\u00f6rh\u00e5llandet fortskrider f\u00f6rv\u00e4ntar sig dock sockerbarn att f\u00e5 ytterligare f\u00f6rdelar, inklusive resor, kl\u00e4der och lyxartiklar.<\/p>\n","protected":false},"excerpt":{"rendered":"<p>Sockerbebisar \u00e4r individer som tillhandah\u00e5ller s\u00e4llskapstj\u00e4nster till rika m\u00e4n. Sockerbarn tj\u00e4nar vanligtvis pengar via onlineplattformar som Seeking Arrangement, Elite Daily&hellip;<\/p>\n","protected":false},"author":1,"featured_media":0,"parent":0,"menu_order":0,"comment_status":"closed","ping_status":"closed","template":"","meta":[],"yoast_head":"<!-- This site is optimized with the Yoast SEO plugin v17.7.1 - https:\/\/yoast.com\/wordpress\/plugins\/seo\/ -->\n<title>Sugar Baby och pappor - Meet Nearby<\/title>\n<meta name=\"robots\" content=\"index, follow, max-snippet:-1, max-image-preview:large, max-video-preview:-1\" \/>\n<link rel=\"canonical\" href=\"https:\/\/marburgerorchard.com\/sv\/sugar-baby-och-pappor\/\" \/>\n<meta property=\"og:locale\" content=\"sv_SE\" \/>\n<meta property=\"og:type\" content=\"article\" \/>\n<meta property=\"og:title\" content=\"Sugar Baby och pappor - Meet Nearby\" \/>\n<meta property=\"og:description\" content=\"Sockerbebisar \u00e4r individer som tillhandah\u00e5ller s\u00e4llskapstj\u00e4nster till rika m\u00e4n. Sockerbarn tj\u00e4nar vanligtvis pengar via onlineplattformar som Seeking Arrangement, Elite Daily&hellip;\" \/>\n<meta property=\"og:url\" content=\"https:\/\/marburgerorchard.com\/sv\/sugar-baby-och-pappor\/\" \/>\n<meta property=\"og:site_name\" content=\"Meet Nearby\" \/>\n<meta name=\"twitter:card\" content=\"summary_large_image\" \/>\n<meta name=\"twitter:label1\" content=\"Ber\u00e4knad l\u00e4stid\" \/>\n\t<meta name=\"twitter:data1\" content=\"2 minuter\" \/>\n<script type=\"application\/ld+json\" class=\"yoast-schema-graph\">{\"@context\":\"https:\/\/schema.org\",\"@graph\":[{\"@type\":\"WebSite\",\"@id\":\"https:\/\/marburgerorchard.com\/sv\/#website\",\"url\":\"https:\/\/marburgerorchard.com\/sv\/\",\"name\":\"Meet Nearby\",\"description\":\"Adult Dating Guide\",\"potentialAction\":[{\"@type\":\"SearchAction\",\"target\":{\"@type\":\"EntryPoint\",\"urlTemplate\":\"https:\/\/marburgerorchard.com\/sv\/?s={search_term_string}\"},\"query-input\":\"required name=search_term_string\"}],\"inLanguage\":\"sv-SE\"},{\"@type\":\"WebPage\",\"@id\":\"https:\/\/marburgerorchard.com\/sv\/sugar-baby-och-pappor\/#webpage\",\"url\":\"https:\/\/marburgerorchard.com\/sv\/sugar-baby-och-pappor\/\",\"name\":\"Sugar Baby och pappor - Meet Nearby\",\"isPartOf\":{\"@id\":\"https:\/\/marburgerorchard.com\/sv\/#website\"},\"datePublished\":\"2022-09-26T13:26:15+00:00\",\"dateModified\":\"2022-09-26T13:26:15+00:00\",\"breadcrumb\":{\"@id\":\"https:\/\/marburgerorchard.com\/sv\/sugar-baby-och-pappor\/#breadcrumb\"},\"inLanguage\":\"sv-SE\",\"potentialAction\":[{\"@type\":\"ReadAction\",\"target\":[\"https:\/\/marburgerorchard.com\/sv\/sugar-baby-och-pappor\/\"]}]},{\"@type\":\"BreadcrumbList\",\"@id\":\"https:\/\/marburgerorchard.com\/sv\/sugar-baby-och-pappor\/#breadcrumb\",\"itemListElement\":[{\"@type\":\"ListItem\",\"position\":1,\"name\":\"Home\",\"item\":\"https:\/\/marburgerorchard.com\/sv\/\"},{\"@type\":\"ListItem\",\"position\":2,\"name\":\"Sugar Baby och pappor\"}]}]}<\/script>\n<!-- \/ Yoast SEO plugin. -->","yoast_head_json":{"title":"Sugar Baby och pappor - Meet Nearby","robots":{"index":"index","follow":"follow","max-snippet":"max-snippet:-1","max-image-preview":"max-image-preview:large","max-video-preview":"max-video-preview:-1"},"canonical":"https:\/\/marburgerorchard.com\/sv\/sugar-baby-och-pappor\/","og_locale":"sv_SE","og_type":"article","og_title":"Sugar Baby och pappor - Meet Nearby","og_description":"Sockerbebisar \u00e4r individer som tillhandah\u00e5ller s\u00e4llskapstj\u00e4nster till rika m\u00e4n. Sockerbarn tj\u00e4nar vanligtvis pengar via onlineplattformar som Seeking Arrangement, Elite Daily&hellip;","og_url":"https:\/\/marburgerorchard.com\/sv\/sugar-baby-och-pappor\/","og_site_name":"Meet Nearby","twitter_card":"summary_large_image","twitter_misc":{"Ber\u00e4knad l\u00e4stid":"2 minuter"},"schema":{"@context":"https:\/\/schema.org","@graph":[{"@type":"WebSite","@id":"https:\/\/marburgerorchard.com\/sv\/#website","url":"https:\/\/marburgerorchard.com\/sv\/","name":"Meet Nearby","description":"Adult Dating Guide","potentialAction":[{"@type":"SearchAction","target":{"@type":"EntryPoint","urlTemplate":"https:\/\/marburgerorchard.com\/sv\/?s={search_term_string}"},"query-input":"required name=search_term_string"}],"inLanguage":"sv-SE"},{"@type":"WebPage","@id":"https:\/\/marburgerorchard.com\/sv\/sugar-baby-och-pappor\/#webpage","url":"https:\/\/marburgerorchard.com\/sv\/sugar-baby-och-pappor\/","name":"Sugar Baby och pappor - Meet Nearby","isPartOf":{"@id":"https:\/\/marburgerorchard.com\/sv\/#website"},"datePublished":"2022-09-26T13:26:15+00:00","dateModified":"2022-09-26T13:26:15+00:00","breadcrumb":{"@id":"https:\/\/marburgerorchard.com\/sv\/sugar-baby-och-pappor\/#breadcrumb"},"inLanguage":"sv-SE","potentialAction":[{"@type":"ReadAction","target":["https:\/\/marburgerorchard.com\/sv\/sugar-baby-och-pappor\/"]}]},{"@type":"BreadcrumbList","@id":"https:\/\/marburgerorchard.com\/sv\/sugar-baby-och-pappor\/#breadcrumb","itemListElement":[{"@type":"ListItem","position":1,"name":"Home","item":"https:\/\/marburgerorchard.com\/sv\/"},{"@type":"ListItem","position":2,"name":"Sugar Baby och pappor"}]}]}},"_links":{"self":[{"href":"https:\/\/marburgerorchard.com\/sv\/wp-json\/wp\/v2\/pages\/104"}],"collection":[{"href":"https:\/\/marburgerorchard.com\/sv\/wp-json\/wp\/v2\/pages"}],"about":[{"href":"https:\/\/marburgerorchard.com\/sv\/wp-json\/wp\/v2\/types\/page"}],"author":[{"embeddable":true,"href":"https:\/\/marburgerorchard.com\/sv\/wp-json\/wp\/v2\/users\/1"}],"replies":[{"embeddable":true,"href":"https:\/\/marburgerorchard.com\/sv\/wp-json\/wp\/v2\/comments?post=104"}],"version-history":[{"count":0,"href":"https:\/\/marburgerorchard.com\/sv\/wp-json\/wp\/v2\/pages\/104\/revisions"}],"wp:attachment":[{"href":"https:\/\/marburgerorchard.com\/sv\/wp-json\/wp\/v2\/media?parent=104"}],"curies":[{"name":"wp","href":"https:\/\/api.w.org\/{rel}","templated":true}]}}