{"id":99,"date":"2022-09-26T14:24:17","date_gmt":"2022-09-26T13:24:17","guid":{"rendered":"http:\/\/marburgerorchard.com\/melhores-sites-swinger\/"},"modified":"2022-09-26T14:24:17","modified_gmt":"2022-09-26T13:24:17","slug":"melhores-sites-swinger","status":"publish","type":"page","link":"https:\/\/marburgerorchard.com\/pt-pt\/melhores-sites-swinger\/","title":{"rendered":"Melhores sites swinger"},"content":{"rendered":"<p>Se est\u00e1 interessado em balan\u00e7ar, \u00e9 prov\u00e1vel que tenha procurado online h\u00e1 algum tempo. H\u00e1 muitas aplica\u00e7\u00f5es de encontros por a\u00ed para aqueles que procuram se encontrar com outros como eles mesmos, mas e aqueles que procuram um parceiro para outra coisa inteiramente? Se quiser experimentar o swing, aqui est\u00e3o as nossas escolhas para os 11 melhores locais de balan\u00e7o de 2021.<\/p>\n<h1>Sites de namoro swingers<\/h1>\n<p>Passamos mais de 25 horas \u00e0 procura do melhor site de encontros online para casais baloi\u00e7os. Depois de reduzir centenas de op\u00e7\u00f5es, finalmente encontramos o par perfeito para n\u00f3s. Os nossos perfis foram ao vivo em v\u00e1rios sites de encontros swinger, e em 24 horas, tivemos dezenas de f\u00f3sforos.<\/p>\n<p>Depois de rever a base de membros de cada site, sistema de mensagens e experi\u00eancia geral, escolhemos os cinco melhores sites com base nos nossos crit\u00e9rios. A partir da\u00ed, reduzimo-lo ainda mais para apenas os tr\u00eas primeiros com base na prefer\u00eancia pessoal.<\/p>\n<p>A lista final inclu\u00eda alguns nomes conhecidos, como Adult FriendFinder e Zoosk, juntamente com jogadores mais recentes como HornyPeople e SwingersMeet.<\/p>\n<h2>SwapMeet<\/h2>\n<p>Swap Meet \u00e9 outro site popular de swinger adulto com milhares de membros ativos todos os dias. Este site oferece muitas categorias diferentes, incluindo casais, solteiros, mulheres procurando homens, e homens procurando mulheres. Todos os an\u00fancios s\u00e3o organizados em subcategorias, facilitando a navega\u00e7\u00e3o e encontrando o que lhe interessa. Existem at\u00e9 funcionalidades especiais, como chats de c\u00e2maras ao vivo, v\u00eddeo sonoro e chamadas de \u00e1udio.<\/p>\n<h2>SwingLifeStyle<\/h2>\n<p>O SwingLifeStyle \u00e9 uma rede social divertida e \u00fanica, onde pode conectar-se com outros com base em interesses comuns. O site permite-lhe juntar-se a grupos, trocar fotos, publicar v\u00eddeos, enviar mensagens e muito mais. Existem mais de 20 categorias diferentes para escolher, incluindo Casais, Swingers, Threesomes, BDSM, Voyeurismo, Rela\u00e7\u00f5es Abertas, etc.<\/p>\n<h2>AdultFriendFinder<\/h2>\n<p>Adult Friend Finder \u00e9 um dos sites de namoro para adultos mais populares ao redor. Com milh\u00f5es de membros em todo o mundo, vais encontrar algu\u00e9m com quem te encontrares. E n\u00e3o te preocupes, porque a AF n\u00e3o discrimina ningu\u00e9m , por mais peso que possas ter.<\/p>\n<h2>Zoosk<\/h2>\n<p>Zoosk \u00e9 outra \u00f3tima op\u00e7\u00e3o para aqueles que querem conhecer solteiros perto deles. Este site foca-se em ajud\u00e1-lo a estabelecer liga\u00e7\u00f5es com pessoas interessantes com base em coisas que voc\u00ea ama. Portanto, quer seja f\u00e3 de desporto ou moda, encontrar\u00e1 algu\u00e9m pr\u00f3ximo que partilhe interesses semelhantes.<\/p>\n<h2>Abund\u00e2ncia de peixes<\/h2>\n<p>PlentyOfFish \u00e9 uma aplica\u00e7\u00e3o de encontros gratuita que facilita o encontro com solteiros. Quer estejas \u00e0 procura de amizade, romance ou at\u00e9 mesmo casamento, podes encontrar algu\u00e9m incr\u00edvel em minutos.<\/p>\n","protected":false},"excerpt":{"rendered":"<p>Se est\u00e1 interessado em balan\u00e7ar, \u00e9 prov\u00e1vel que tenha procurado online h\u00e1 algum tempo. H\u00e1 muitas aplica\u00e7\u00f5es de encontros por&hellip;<\/p>\n","protected":false},"author":1,"featured_media":0,"parent":0,"menu_order":0,"comment_status":"closed","ping_status":"closed","template":"","meta":[],"yoast_head":"<!-- This site is optimized with the Yoast SEO plugin v17.7.1 - https:\/\/yoast.com\/wordpress\/plugins\/seo\/ -->\n<title>Melhores sites swinger - Meet Nearby<\/title>\n<meta name=\"robots\" content=\"index, follow, max-snippet:-1, max-image-preview:large, max-video-preview:-1\" \/>\n<link rel=\"canonical\" href=\"https:\/\/marburgerorchard.com\/pt-pt\/melhores-sites-swinger\/\" \/>\n<meta property=\"og:locale\" content=\"pt_PT\" \/>\n<meta property=\"og:type\" content=\"article\" \/>\n<meta property=\"og:title\" content=\"Melhores sites swinger - Meet Nearby\" \/>\n<meta property=\"og:description\" content=\"Se est\u00e1 interessado em balan\u00e7ar, \u00e9 prov\u00e1vel que tenha procurado online h\u00e1 algum tempo. H\u00e1 muitas aplica\u00e7\u00f5es de encontros por&hellip;\" \/>\n<meta property=\"og:url\" content=\"https:\/\/marburgerorchard.com\/pt-pt\/melhores-sites-swinger\/\" \/>\n<meta property=\"og:site_name\" content=\"Meet Nearby\" \/>\n<meta name=\"twitter:card\" content=\"summary_large_image\" \/>\n<meta name=\"twitter:label1\" content=\"Tempo estimado de leitura\" \/>\n\t<meta name=\"twitter:data1\" content=\"2 minutos\" \/>\n<script type=\"application\/ld+json\" class=\"yoast-schema-graph\">{\"@context\":\"https:\/\/schema.org\",\"@graph\":[{\"@type\":\"WebSite\",\"@id\":\"https:\/\/marburgerorchard.com\/pt-pt\/#website\",\"url\":\"https:\/\/marburgerorchard.com\/pt-pt\/\",\"name\":\"Meet Nearby\",\"description\":\"Adult Dating Guide\",\"potentialAction\":[{\"@type\":\"SearchAction\",\"target\":{\"@type\":\"EntryPoint\",\"urlTemplate\":\"https:\/\/marburgerorchard.com\/pt-pt\/?s={search_term_string}\"},\"query-input\":\"required name=search_term_string\"}],\"inLanguage\":\"pt-PT\"},{\"@type\":\"WebPage\",\"@id\":\"https:\/\/marburgerorchard.com\/pt-pt\/melhores-sites-swinger\/#webpage\",\"url\":\"https:\/\/marburgerorchard.com\/pt-pt\/melhores-sites-swinger\/\",\"name\":\"Melhores sites swinger - Meet Nearby\",\"isPartOf\":{\"@id\":\"https:\/\/marburgerorchard.com\/pt-pt\/#website\"},\"datePublished\":\"2022-09-26T13:24:17+00:00\",\"dateModified\":\"2022-09-26T13:24:17+00:00\",\"breadcrumb\":{\"@id\":\"https:\/\/marburgerorchard.com\/pt-pt\/melhores-sites-swinger\/#breadcrumb\"},\"inLanguage\":\"pt-PT\",\"potentialAction\":[{\"@type\":\"ReadAction\",\"target\":[\"https:\/\/marburgerorchard.com\/pt-pt\/melhores-sites-swinger\/\"]}]},{\"@type\":\"BreadcrumbList\",\"@id\":\"https:\/\/marburgerorchard.com\/pt-pt\/melhores-sites-swinger\/#breadcrumb\",\"itemListElement\":[{\"@type\":\"ListItem\",\"position\":1,\"name\":\"Home\",\"item\":\"https:\/\/marburgerorchard.com\/pt-pt\/\"},{\"@type\":\"ListItem\",\"position\":2,\"name\":\"Melhores sites swinger\"}]}]}<\/script>\n<!-- \/ Yoast SEO plugin. -->","yoast_head_json":{"title":"Melhores sites swinger - Meet Nearby","robots":{"index":"index","follow":"follow","max-snippet":"max-snippet:-1","max-image-preview":"max-image-preview:large","max-video-preview":"max-video-preview:-1"},"canonical":"https:\/\/marburgerorchard.com\/pt-pt\/melhores-sites-swinger\/","og_locale":"pt_PT","og_type":"article","og_title":"Melhores sites swinger - Meet Nearby","og_description":"Se est\u00e1 interessado em balan\u00e7ar, \u00e9 prov\u00e1vel que tenha procurado online h\u00e1 algum tempo. H\u00e1 muitas aplica\u00e7\u00f5es de encontros por&hellip;","og_url":"https:\/\/marburgerorchard.com\/pt-pt\/melhores-sites-swinger\/","og_site_name":"Meet Nearby","twitter_card":"summary_large_image","twitter_misc":{"Tempo estimado de leitura":"2 minutos"},"schema":{"@context":"https:\/\/schema.org","@graph":[{"@type":"WebSite","@id":"https:\/\/marburgerorchard.com\/pt-pt\/#website","url":"https:\/\/marburgerorchard.com\/pt-pt\/","name":"Meet Nearby","description":"Adult Dating Guide","potentialAction":[{"@type":"SearchAction","target":{"@type":"EntryPoint","urlTemplate":"https:\/\/marburgerorchard.com\/pt-pt\/?s={search_term_string}"},"query-input":"required name=search_term_string"}],"inLanguage":"pt-PT"},{"@type":"WebPage","@id":"https:\/\/marburgerorchard.com\/pt-pt\/melhores-sites-swinger\/#webpage","url":"https:\/\/marburgerorchard.com\/pt-pt\/melhores-sites-swinger\/","name":"Melhores sites swinger - Meet Nearby","isPartOf":{"@id":"https:\/\/marburgerorchard.com\/pt-pt\/#website"},"datePublished":"2022-09-26T13:24:17+00:00","dateModified":"2022-09-26T13:24:17+00:00","breadcrumb":{"@id":"https:\/\/marburgerorchard.com\/pt-pt\/melhores-sites-swinger\/#breadcrumb"},"inLanguage":"pt-PT","potentialAction":[{"@type":"ReadAction","target":["https:\/\/marburgerorchard.com\/pt-pt\/melhores-sites-swinger\/"]}]},{"@type":"BreadcrumbList","@id":"https:\/\/marburgerorchard.com\/pt-pt\/melhores-sites-swinger\/#breadcrumb","itemListElement":[{"@type":"ListItem","position":1,"name":"Home","item":"https:\/\/marburgerorchard.com\/pt-pt\/"},{"@type":"ListItem","position":2,"name":"Melhores sites swinger"}]}]}},"_links":{"self":[{"href":"https:\/\/marburgerorchard.com\/pt-pt\/wp-json\/wp\/v2\/pages\/99"}],"collection":[{"href":"https:\/\/marburgerorchard.com\/pt-pt\/wp-json\/wp\/v2\/pages"}],"about":[{"href":"https:\/\/marburgerorchard.com\/pt-pt\/wp-json\/wp\/v2\/types\/page"}],"author":[{"embeddable":true,"href":"https:\/\/marburgerorchard.com\/pt-pt\/wp-json\/wp\/v2\/users\/1"}],"replies":[{"embeddable":true,"href":"https:\/\/marburgerorchard.com\/pt-pt\/wp-json\/wp\/v2\/comments?post=99"}],"version-history":[{"count":0,"href":"https:\/\/marburgerorchard.com\/pt-pt\/wp-json\/wp\/v2\/pages\/99\/revisions"}],"wp:attachment":[{"href":"https:\/\/marburgerorchard.com\/pt-pt\/wp-json\/wp\/v2\/media?parent=99"}],"curies":[{"name":"wp","href":"https:\/\/api.w.org\/{rel}","templated":true}]}}