{"id":204,"date":"2022-09-25T15:08:59","date_gmt":"2022-09-25T14:08:59","guid":{"rendered":"http:\/\/marburgerorchard.com\/encontros-locais\/"},"modified":"2022-11-09T13:23:52","modified_gmt":"2022-11-09T13:23:52","slug":"encontros-locais","status":"publish","type":"page","link":"https:\/\/marburgerorchard.com\/pt-pt\/","title":{"rendered":"Encontros locais"},"content":{"rendered":"<h2>Nosso guia para conversar com solteiros locais<\/h2>\n<p>A ideia por tr\u00e1s destes tipos de sites \u00e9 simples: Voc\u00ea se inscreve, faz upload de uma foto, preenche um perfil e come\u00e7a a navegar perfis de membros de todo o mundo. Quando algu\u00e9m gosta do que v\u00ea, manda um piscar de olhos ou um pedido de correspond\u00eancia. Se ambas as partes concordarem em ir a um encontro, ir\u00e3o conversar por sms ou video-call. E se tudo correr bem, podes acabar por <a href=\"http:\/\/www.sites-de-sexo.com\">Sites-de-Sexo.com<\/a> te encontrar cara a cara.<\/p>\n<p>H\u00e1 toneladas de maneiras diferentes de usar estes sites, tamb\u00e9m. Algumas pessoas apenas navegam no site e procuram f\u00f3sforos; outros criaram grupos baseados em interesses comuns, tais como equipas desportivas, passatempos, etc.; e ainda outros usam a funcionalidade de mensagens incorporada da app ou do site para falar com datas potenciais.<\/p>\n<p>Usei pessoalmente v\u00e1rios destes sites ao longo dos anos, e acho que s\u00e3o \u00f3timas op\u00e7\u00f5es para encontrar o amor online. Mas recomendo sempre fazer a sua pesquisa antes de me inscrever. Certifique-se de que o site \u00e9 leg\u00edtimo, seguro e seguro. Al\u00e9m disso, n\u00e3o se esque\u00e7a de ler coment\u00e1rios e classifica\u00e7\u00f5es antes de tomar uma decis\u00e3o.<\/p>\n<h2>As nossas melhores opini\u00f5es<\/h2>\n<p>Eu sei o que est\u00e1s a pensar. &#8220;Que site de encontros \u00e9 gratuito?&#8221; Bem, h\u00e1 muitas op\u00e7\u00f5es l\u00e1 fora, mas algumas custam dinheiro enquanto outras s\u00e3o completamente gratuitas. Ent\u00e3o, aqui vamos n\u00f3s&#8230;<\/p>\n<p>1. OkCupid &#8211; Esta aplica\u00e7\u00e3o de encontros \u00e9 bastante simples. Tudo o que faz \u00e9 preencher um perfil <a href=\"http:\/\/www.encontros-para-sexo.com\">Encontros-Para-Sexo.com<\/a>, fazer upload de uma foto e come\u00e7ar a rodar para a esquerda ou para a direita. Se gosta de algu\u00e9m, manda-lhe um piscar de olhos. Podem aceit\u00e1-lo ou rejeit\u00e1-lo. E \u00e9 tudo. N\u00e3o h\u00e1 muitas caracter\u00edsticas, mas funciona bem.<\/p>\n<p>2. Tinder &#8211; Outra aplica\u00e7\u00e3o de encontros popular, o Tinder permite-lhe passar direto para as pessoas que acha atraentes. Se combinar com outra pessoa, pode conversar com ela por sms. \u00c9 super f\u00e1cil de usar e funciona muito bem.<\/p>\n<p>3. Abund\u00e2ncia de Peixe &#8211; POF \u00e9 um pouco diferente porque requer uma conta no Facebook para se inscrever. Depois de iniciar sess\u00e3o na aplica\u00e7\u00e3o, ver\u00e1 um feed cheio de potenciais correspond\u00eancias com base na sua localiza\u00e7\u00e3o. Voc\u00ea pode navegar atrav\u00e9s de perfis por si mesmo ou voc\u00ea pode pedir a amigos para apresent\u00e1-lo a outros solteiros nas proximidades.<\/p>\n<p>4. Zoosk &#8211; Esta aplica\u00e7\u00e3o de encontros \u00e9 semelhante \u00e0 OKCupid e tinder. Pode ver as fotos dos membros <a href=\"https:\/\/www.thedatingadvisor.com\/pt-pt\/\">sites de encontros gratis<\/a> e ler as suas biografias antes de decidir se deve ou n\u00e3o acertar &#8216;match&#8217;. Assim que decidirem combinar, podem conversar um com o outro. \u00c9 muito b\u00e1sico e carece de personaliza\u00e7\u00e3o.<\/p>\n<p>5. Jogo &#8211; O jogo \u00e9 um pouco diferente porque n\u00e3o se conhece ningu\u00e9m online. Em vez disso, entras numa sala onde interages com pessoas reais. Cada quarto \u00e9 tem\u00e1tico em torno de um certo tipo de relacionamento, tais como encontros casuais, relacionamentos s\u00e9rios, etc. Pode falar com v\u00e1rias pessoas dentro da mesma sala, mas s\u00f3 pode conversar com uma pessoa fora da sala.<\/p>\n<p>6. Bumble &#8211; Bumble \u00e9 exatamente o que parece. As mulheres iniciam conversas e os homens devem responder. No entanto, uma vez que o fa\u00e7a, pode optar por ignorar quem lhe enviou um pedido.<\/p>\n<h3>Fling<\/h3>\n<p>A primeira aplica\u00e7\u00e3o de encontros gr\u00e1tis que vou sugerir que experimente \u00e9 uma chamada Fling, que \u00e9 completamente livre para participar. \u00c9 talvez a melhor aplica\u00e7\u00e3o de encontros online que usei ao longo dos anos.<\/p>\n<p>Na verdade, quando investiguei pela primeira vez esta aplica\u00e7\u00e3o, acabei por passar uma semana inteira a usar a vers\u00e3o gratuita. E logo depois, melhorei porque queria aumentar as minhas hip\u00f3teses de me juntar. Agora, sempre que quero conhecer algu\u00e9m, vou direto para Fling.<\/p>\n<p>Claro que t\u00eam op\u00e7\u00f5es de upgrade \u2013 como combinar pessoas com base na localiza\u00e7\u00e3o \u2014 que facilitam muito a sua liga\u00e7\u00e3o com solteiros locais que procuram fazer sexo, e mesmo que essas atualiza\u00e7\u00f5es sejam bastante caras (19,99 d\u00f3lares), ainda funcionam bem. Mas, por agora, a vers\u00e3o gratuita funciona muito bem.<\/p>\n<h2>Como escolher os locais certos<\/h2>\n<p>Embora haja muitos sites l\u00e1 fora que afirmam ajudar as pessoas a encontrar o amor, a maioria deles n\u00e3o vale o seu tempo. Aqui est\u00e1 o porqu\u00ea:<\/p>\n<h3>Tamanho da Base de Utilizador<\/h3>\n<p>A primeira coisa que quer ver \u00e9 o tamanho da base de utilizadores. Quantas pessoas est\u00e3o no local? Se houver milhares de membros, \u00e9 prov\u00e1vel que n\u00e3o tenha muita sorte. Uma boa regra do polegar s\u00e3o mais de 3.000 membros.<\/p>\n<h3>Facilidade de utiliza\u00e7\u00e3o<\/h3>\n<p>Se j\u00e1 esteve num aplicativo de encontros como o Tinder, Bumble, Hinge, etc., sabe do que estou a falar. S\u00e3o \u00f3timos porque facilitam a passar \u00e0 esquerda ou \u00e0 direita em centenas de perfis. Assim, n\u00e3o se perde muito tempo a percorrer perfis intermin\u00e1veis.<\/p>\n<h3>Qualidade dos Deputados<\/h3>\n<p>Esta \u00e9 uma das minhas coisas favoritas para verificar. Procure coment\u00e1rios online e veja o que os clientes anteriores t\u00eam a dizer. D\u00e3o feedback? As audi\u00eancias deles s\u00e3o altas? O que dizem sobre o apoio ao cliente? Todos esses fatores se referem se quer ou n\u00e3o inscrever-se no site.<\/p>\n","protected":false},"excerpt":{"rendered":"<p>Nosso guia para conversar com solteiros locais A ideia por tr\u00e1s destes tipos de sites \u00e9 simples: Voc\u00ea se inscreve,&hellip;<\/p>\n","protected":false},"author":1,"featured_media":84,"parent":0,"menu_order":0,"comment_status":"closed","ping_status":"closed","template":"","meta":[],"yoast_head":"<!-- This site is optimized with the Yoast SEO plugin v17.7.1 - https:\/\/yoast.com\/wordpress\/plugins\/seo\/ -->\n<title>Encontros locais - Conhe\u00e7a os solteiros na sua \u00e1rea que requer sexo!<\/title>\n<meta name=\"robots\" content=\"index, follow, max-snippet:-1, max-image-preview:large, max-video-preview:-1\" \/>\n<link rel=\"canonical\" href=\"https:\/\/marburgerorchard.com\/pt-pt\/\" \/>\n<meta property=\"og:locale\" content=\"pt_PT\" \/>\n<meta property=\"og:type\" content=\"article\" \/>\n<meta property=\"og:title\" content=\"Encontros locais - Conhe\u00e7a os solteiros na sua \u00e1rea que requer sexo!\" \/>\n<meta property=\"og:description\" content=\"Nosso guia para conversar com solteiros locais A ideia por tr\u00e1s destes tipos de sites \u00e9 simples: Voc\u00ea se inscreve,&hellip;\" \/>\n<meta property=\"og:url\" content=\"https:\/\/marburgerorchard.com\/pt-pt\/\" \/>\n<meta property=\"og:site_name\" content=\"Meet Nearby\" \/>\n<meta property=\"article:modified_time\" content=\"2022-11-09T13:23:52+00:00\" \/>\n<meta property=\"og:image\" content=\"https:\/\/marburgerorchard.com\/wp-content\/uploads\/2022\/09\/guide-to-find-sex.jpeg\" \/>\n\t<meta property=\"og:image:width\" content=\"500\" \/>\n\t<meta property=\"og:image:height\" content=\"333\" \/>\n<meta name=\"twitter:card\" content=\"summary_large_image\" \/>\n<meta name=\"twitter:label1\" content=\"Tempo estimado de leitura\" \/>\n\t<meta name=\"twitter:data1\" content=\"4 minutos\" \/>\n<script type=\"application\/ld+json\" class=\"yoast-schema-graph\">{\"@context\":\"https:\/\/schema.org\",\"@graph\":[{\"@type\":\"WebSite\",\"@id\":\"https:\/\/marburgerorchard.com\/pt-pt\/#website\",\"url\":\"https:\/\/marburgerorchard.com\/pt-pt\/\",\"name\":\"Meet Nearby\",\"description\":\"Adult Dating Guide\",\"potentialAction\":[{\"@type\":\"SearchAction\",\"target\":{\"@type\":\"EntryPoint\",\"urlTemplate\":\"https:\/\/marburgerorchard.com\/pt-pt\/?s={search_term_string}\"},\"query-input\":\"required name=search_term_string\"}],\"inLanguage\":\"pt-PT\"},{\"@type\":\"ImageObject\",\"@id\":\"https:\/\/marburgerorchard.com\/pt-pt\/#primaryimage\",\"inLanguage\":\"pt-PT\",\"url\":\"https:\/\/marburgerorchard.com\/wp-content\/uploads\/2022\/09\/guide-to-find-sex.jpeg\",\"contentUrl\":\"https:\/\/marburgerorchard.com\/wp-content\/uploads\/2022\/09\/guide-to-find-sex.jpeg\",\"width\":500,\"height\":333},{\"@type\":\"WebPage\",\"@id\":\"https:\/\/marburgerorchard.com\/pt-pt\/#webpage\",\"url\":\"https:\/\/marburgerorchard.com\/pt-pt\/\",\"name\":\"Encontros locais - Conhe\\u00e7a os solteiros na sua \\u00e1rea que requer sexo!\",\"isPartOf\":{\"@id\":\"https:\/\/marburgerorchard.com\/pt-pt\/#website\"},\"primaryImageOfPage\":{\"@id\":\"https:\/\/marburgerorchard.com\/pt-pt\/#primaryimage\"},\"datePublished\":\"2022-09-25T14:08:59+00:00\",\"dateModified\":\"2022-11-09T13:23:52+00:00\",\"breadcrumb\":{\"@id\":\"https:\/\/marburgerorchard.com\/pt-pt\/#breadcrumb\"},\"inLanguage\":\"pt-PT\",\"potentialAction\":[{\"@type\":\"ReadAction\",\"target\":[\"https:\/\/marburgerorchard.com\/pt-pt\/\"]}]},{\"@type\":\"BreadcrumbList\",\"@id\":\"https:\/\/marburgerorchard.com\/pt-pt\/#breadcrumb\",\"itemListElement\":[{\"@type\":\"ListItem\",\"position\":1,\"name\":\"Home\",\"item\":\"https:\/\/marburgerorchard.com\/pt-pt\/\"},{\"@type\":\"ListItem\",\"position\":2,\"name\":\"Encontros locais\"}]}]}<\/script>\n<!-- \/ Yoast SEO plugin. -->","yoast_head_json":{"title":"Encontros locais - Conhe\u00e7a os solteiros na sua \u00e1rea que requer sexo!","robots":{"index":"index","follow":"follow","max-snippet":"max-snippet:-1","max-image-preview":"max-image-preview:large","max-video-preview":"max-video-preview:-1"},"canonical":"https:\/\/marburgerorchard.com\/pt-pt\/","og_locale":"pt_PT","og_type":"article","og_title":"Encontros locais - Conhe\u00e7a os solteiros na sua \u00e1rea que requer sexo!","og_description":"Nosso guia para conversar com solteiros locais A ideia por tr\u00e1s destes tipos de sites \u00e9 simples: Voc\u00ea se inscreve,&hellip;","og_url":"https:\/\/marburgerorchard.com\/pt-pt\/","og_site_name":"Meet Nearby","article_modified_time":"2022-11-09T13:23:52+00:00","og_image":[{"width":500,"height":333,"url":"https:\/\/marburgerorchard.com\/wp-content\/uploads\/2022\/09\/guide-to-find-sex.jpeg","type":"image\/jpeg"}],"twitter_card":"summary_large_image","twitter_misc":{"Tempo estimado de leitura":"4 minutos"},"schema":{"@context":"https:\/\/schema.org","@graph":[{"@type":"WebSite","@id":"https:\/\/marburgerorchard.com\/pt-pt\/#website","url":"https:\/\/marburgerorchard.com\/pt-pt\/","name":"Meet Nearby","description":"Adult Dating Guide","potentialAction":[{"@type":"SearchAction","target":{"@type":"EntryPoint","urlTemplate":"https:\/\/marburgerorchard.com\/pt-pt\/?s={search_term_string}"},"query-input":"required name=search_term_string"}],"inLanguage":"pt-PT"},{"@type":"ImageObject","@id":"https:\/\/marburgerorchard.com\/pt-pt\/#primaryimage","inLanguage":"pt-PT","url":"https:\/\/marburgerorchard.com\/wp-content\/uploads\/2022\/09\/guide-to-find-sex.jpeg","contentUrl":"https:\/\/marburgerorchard.com\/wp-content\/uploads\/2022\/09\/guide-to-find-sex.jpeg","width":500,"height":333},{"@type":"WebPage","@id":"https:\/\/marburgerorchard.com\/pt-pt\/#webpage","url":"https:\/\/marburgerorchard.com\/pt-pt\/","name":"Encontros locais - Conhe\u00e7a os solteiros na sua \u00e1rea que requer sexo!","isPartOf":{"@id":"https:\/\/marburgerorchard.com\/pt-pt\/#website"},"primaryImageOfPage":{"@id":"https:\/\/marburgerorchard.com\/pt-pt\/#primaryimage"},"datePublished":"2022-09-25T14:08:59+00:00","dateModified":"2022-11-09T13:23:52+00:00","breadcrumb":{"@id":"https:\/\/marburgerorchard.com\/pt-pt\/#breadcrumb"},"inLanguage":"pt-PT","potentialAction":[{"@type":"ReadAction","target":["https:\/\/marburgerorchard.com\/pt-pt\/"]}]},{"@type":"BreadcrumbList","@id":"https:\/\/marburgerorchard.com\/pt-pt\/#breadcrumb","itemListElement":[{"@type":"ListItem","position":1,"name":"Home","item":"https:\/\/marburgerorchard.com\/pt-pt\/"},{"@type":"ListItem","position":2,"name":"Encontros locais"}]}]}},"_links":{"self":[{"href":"https:\/\/marburgerorchard.com\/pt-pt\/wp-json\/wp\/v2\/pages\/204"}],"collection":[{"href":"https:\/\/marburgerorchard.com\/pt-pt\/wp-json\/wp\/v2\/pages"}],"about":[{"href":"https:\/\/marburgerorchard.com\/pt-pt\/wp-json\/wp\/v2\/types\/page"}],"author":[{"embeddable":true,"href":"https:\/\/marburgerorchard.com\/pt-pt\/wp-json\/wp\/v2\/users\/1"}],"replies":[{"embeddable":true,"href":"https:\/\/marburgerorchard.com\/pt-pt\/wp-json\/wp\/v2\/comments?post=204"}],"version-history":[{"count":1,"href":"https:\/\/marburgerorchard.com\/pt-pt\/wp-json\/wp\/v2\/pages\/204\/revisions"}],"predecessor-version":[{"id":360,"href":"https:\/\/marburgerorchard.com\/pt-pt\/wp-json\/wp\/v2\/pages\/204\/revisions\/360"}],"wp:featuredmedia":[{"embeddable":true,"href":"https:\/\/marburgerorchard.com\/pt-pt\/wp-json\/wp\/v2\/media\/84"}],"wp:attachment":[{"href":"https:\/\/marburgerorchard.com\/pt-pt\/wp-json\/wp\/v2\/media?parent=204"}],"curies":[{"name":"wp","href":"https:\/\/api.w.org\/{rel}","templated":true}]}}