{"id":142,"date":"2022-09-26T14:26:15","date_gmt":"2022-09-26T13:26:15","guid":{"rendered":"http:\/\/marburgerorchard.com\/bebes-e-pais-de-acucar\/"},"modified":"2022-09-26T14:26:15","modified_gmt":"2022-09-26T13:26:15","slug":"bebes-e-pais-de-acucar","status":"publish","type":"page","link":"https:\/\/marburgerorchard.com\/pt-pt\/bebes-e-pais-de-acucar\/","title":{"rendered":"Beb\u00eas e pais de a\u00e7\u00facar"},"content":{"rendered":"<p>Os beb\u00e9s a\u00e7ucarados s\u00e3o indiv\u00edduos que prestam servi\u00e7os de companheirismo a homens ricos. Os beb\u00e9s a\u00e7ucarados normalmente ganham dinheiro atrav\u00e9s de plataformas online como Seekking Arrangement, Elite Daily e OK Cupid. Embora o acordo seja geralmente mutuamente ben\u00e9fico, requer um certo n\u00edvel de confian\u00e7a. H\u00e1 muitos sites dedicados a ajud\u00e1-lo a se conectar com beb\u00eas a\u00e7ucarados. Estes sites permitem-lhe navegar perfis com base em crit\u00e9rios como idade, sexo, localiza\u00e7\u00e3o e interesses. Assim que encontrar algu\u00e9m que queira conhecer, pode enviar-lhe uma mensagem diretamente.<\/p>\n<p>Embora seja poss\u00edvel conhecer beb\u00e9s a\u00e7ucarados na vida real, \u00e9 muito mais f\u00e1cil arranjar encontros online. Sites como o Seekking Arrangement oferecem um ambiente seguro para ambas as partes comunicarem e marcarem reuni\u00f5es.<\/p>\n<h2>Conhe\u00e7a um pai do a\u00e7\u00facar on-line<\/h2>\n<p>H\u00e1 v\u00e1rios benef\u00edcios em ter um beb\u00e9 a\u00e7ucarado. Primeiro, fornece indiv\u00edduos financeiramente est\u00e1veis com algu\u00e9m para cuidar deles enquanto envelhecem. Em segundo lugar, permite que a mulher prossiga os seus objetivos de carreira sem se preocupar com os custos de acolhimento de crian\u00e7as. Terceiro, d\u00e1 ao homem a oportunidade de gozar a vida sem se sentir culpado pela sua riqueza.<\/p>\n<p>No geral, os beb\u00e9s a\u00e7ucarados oferecem oportunidades \u00fanicas de crescimento e realiza\u00e7\u00e3o pessoal. No entanto, \u00e9 importante lembrar que estas rela\u00e7\u00f5es n\u00e3o s\u00e3o para substituir os casamentos tradicionais. Pelo contr\u00e1rio, s\u00e3o apenas mais uma forma de namoro adulto.<\/p>\n<h2>Conhe\u00e7a um beb\u00ea de a\u00e7\u00facar<\/h2>\n<p>Os beb\u00e9s a\u00e7ucarados s\u00e3o mulheres jovens que procuram apoio financeiro de pais ricos do a\u00e7\u00facar. Estes arranjos variam muito, desde o companheirismo de curto prazo at\u00e9 relacionamentos rom\u00e2nticos de longa dura\u00e7\u00e3o. Os beb\u00e9s a\u00e7ucarados normalmente fornecem companheirismo, afei\u00e7\u00e3o e servi\u00e7os sexuais em troca de dinheiro.<\/p>\n<p>Enquanto existem sites de encontros com o pap\u00e1 do\u00e7ura, a maioria dos beb\u00e9s a\u00e7ucarados encontra os seus parceiros offline. Muitos beb\u00e9s a\u00e7ucarados relatam que inicialmente se sentiram atra\u00eddos pela riqueza, estatuto e conex\u00f5es do parceiro. Outros dizem que encontraram o pai do a\u00e7\u00facar online depois de procurarem potenciais f\u00f3sforos. Independentemente de como se conheceram, os beb\u00e9s a\u00e7ucarados geralmente come\u00e7am a sua rela\u00e7\u00e3o com um pai a\u00e7ucareiro que lhes d\u00e1 presentes, dinheiro e outras formas de compensa\u00e7\u00e3o. No entanto, \u00e0 medida que a rela\u00e7\u00e3o progride, os beb\u00e9s a\u00e7ucarados esperam receber benef\u00edcios adicionais, incluindo viagens, roupas e artigos de luxo.<\/p>\n","protected":false},"excerpt":{"rendered":"<p>Os beb\u00e9s a\u00e7ucarados s\u00e3o indiv\u00edduos que prestam servi\u00e7os de companheirismo a homens ricos. Os beb\u00e9s a\u00e7ucarados normalmente ganham dinheiro atrav\u00e9s&hellip;<\/p>\n","protected":false},"author":1,"featured_media":0,"parent":0,"menu_order":0,"comment_status":"closed","ping_status":"closed","template":"","meta":[],"yoast_head":"<!-- This site is optimized with the Yoast SEO plugin v17.7.1 - https:\/\/yoast.com\/wordpress\/plugins\/seo\/ -->\n<title>Beb\u00eas e pais de a\u00e7\u00facar - Meet Nearby<\/title>\n<meta name=\"robots\" content=\"index, follow, max-snippet:-1, max-image-preview:large, max-video-preview:-1\" \/>\n<link rel=\"canonical\" href=\"https:\/\/marburgerorchard.com\/pt-pt\/bebes-e-pais-de-acucar\/\" \/>\n<meta property=\"og:locale\" content=\"pt_PT\" \/>\n<meta property=\"og:type\" content=\"article\" \/>\n<meta property=\"og:title\" content=\"Beb\u00eas e pais de a\u00e7\u00facar - Meet Nearby\" \/>\n<meta property=\"og:description\" content=\"Os beb\u00e9s a\u00e7ucarados s\u00e3o indiv\u00edduos que prestam servi\u00e7os de companheirismo a homens ricos. Os beb\u00e9s a\u00e7ucarados normalmente ganham dinheiro atrav\u00e9s&hellip;\" \/>\n<meta property=\"og:url\" content=\"https:\/\/marburgerorchard.com\/pt-pt\/bebes-e-pais-de-acucar\/\" \/>\n<meta property=\"og:site_name\" content=\"Meet Nearby\" \/>\n<meta name=\"twitter:card\" content=\"summary_large_image\" \/>\n<meta name=\"twitter:label1\" content=\"Tempo estimado de leitura\" \/>\n\t<meta name=\"twitter:data1\" content=\"2 minutos\" \/>\n<script type=\"application\/ld+json\" class=\"yoast-schema-graph\">{\"@context\":\"https:\/\/schema.org\",\"@graph\":[{\"@type\":\"WebSite\",\"@id\":\"https:\/\/marburgerorchard.com\/pt-pt\/#website\",\"url\":\"https:\/\/marburgerorchard.com\/pt-pt\/\",\"name\":\"Meet Nearby\",\"description\":\"Adult Dating Guide\",\"potentialAction\":[{\"@type\":\"SearchAction\",\"target\":{\"@type\":\"EntryPoint\",\"urlTemplate\":\"https:\/\/marburgerorchard.com\/pt-pt\/?s={search_term_string}\"},\"query-input\":\"required name=search_term_string\"}],\"inLanguage\":\"pt-PT\"},{\"@type\":\"WebPage\",\"@id\":\"https:\/\/marburgerorchard.com\/pt-pt\/bebes-e-pais-de-acucar\/#webpage\",\"url\":\"https:\/\/marburgerorchard.com\/pt-pt\/bebes-e-pais-de-acucar\/\",\"name\":\"Beb\\u00eas e pais de a\\u00e7\\u00facar - Meet Nearby\",\"isPartOf\":{\"@id\":\"https:\/\/marburgerorchard.com\/pt-pt\/#website\"},\"datePublished\":\"2022-09-26T13:26:15+00:00\",\"dateModified\":\"2022-09-26T13:26:15+00:00\",\"breadcrumb\":{\"@id\":\"https:\/\/marburgerorchard.com\/pt-pt\/bebes-e-pais-de-acucar\/#breadcrumb\"},\"inLanguage\":\"pt-PT\",\"potentialAction\":[{\"@type\":\"ReadAction\",\"target\":[\"https:\/\/marburgerorchard.com\/pt-pt\/bebes-e-pais-de-acucar\/\"]}]},{\"@type\":\"BreadcrumbList\",\"@id\":\"https:\/\/marburgerorchard.com\/pt-pt\/bebes-e-pais-de-acucar\/#breadcrumb\",\"itemListElement\":[{\"@type\":\"ListItem\",\"position\":1,\"name\":\"Home\",\"item\":\"https:\/\/marburgerorchard.com\/pt-pt\/\"},{\"@type\":\"ListItem\",\"position\":2,\"name\":\"Beb\\u00eas e pais de a\\u00e7\\u00facar\"}]}]}<\/script>\n<!-- \/ Yoast SEO plugin. -->","yoast_head_json":{"title":"Beb\u00eas e pais de a\u00e7\u00facar - Meet Nearby","robots":{"index":"index","follow":"follow","max-snippet":"max-snippet:-1","max-image-preview":"max-image-preview:large","max-video-preview":"max-video-preview:-1"},"canonical":"https:\/\/marburgerorchard.com\/pt-pt\/bebes-e-pais-de-acucar\/","og_locale":"pt_PT","og_type":"article","og_title":"Beb\u00eas e pais de a\u00e7\u00facar - Meet Nearby","og_description":"Os beb\u00e9s a\u00e7ucarados s\u00e3o indiv\u00edduos que prestam servi\u00e7os de companheirismo a homens ricos. Os beb\u00e9s a\u00e7ucarados normalmente ganham dinheiro atrav\u00e9s&hellip;","og_url":"https:\/\/marburgerorchard.com\/pt-pt\/bebes-e-pais-de-acucar\/","og_site_name":"Meet Nearby","twitter_card":"summary_large_image","twitter_misc":{"Tempo estimado de leitura":"2 minutos"},"schema":{"@context":"https:\/\/schema.org","@graph":[{"@type":"WebSite","@id":"https:\/\/marburgerorchard.com\/pt-pt\/#website","url":"https:\/\/marburgerorchard.com\/pt-pt\/","name":"Meet Nearby","description":"Adult Dating Guide","potentialAction":[{"@type":"SearchAction","target":{"@type":"EntryPoint","urlTemplate":"https:\/\/marburgerorchard.com\/pt-pt\/?s={search_term_string}"},"query-input":"required name=search_term_string"}],"inLanguage":"pt-PT"},{"@type":"WebPage","@id":"https:\/\/marburgerorchard.com\/pt-pt\/bebes-e-pais-de-acucar\/#webpage","url":"https:\/\/marburgerorchard.com\/pt-pt\/bebes-e-pais-de-acucar\/","name":"Beb\u00eas e pais de a\u00e7\u00facar - Meet Nearby","isPartOf":{"@id":"https:\/\/marburgerorchard.com\/pt-pt\/#website"},"datePublished":"2022-09-26T13:26:15+00:00","dateModified":"2022-09-26T13:26:15+00:00","breadcrumb":{"@id":"https:\/\/marburgerorchard.com\/pt-pt\/bebes-e-pais-de-acucar\/#breadcrumb"},"inLanguage":"pt-PT","potentialAction":[{"@type":"ReadAction","target":["https:\/\/marburgerorchard.com\/pt-pt\/bebes-e-pais-de-acucar\/"]}]},{"@type":"BreadcrumbList","@id":"https:\/\/marburgerorchard.com\/pt-pt\/bebes-e-pais-de-acucar\/#breadcrumb","itemListElement":[{"@type":"ListItem","position":1,"name":"Home","item":"https:\/\/marburgerorchard.com\/pt-pt\/"},{"@type":"ListItem","position":2,"name":"Beb\u00eas e pais de a\u00e7\u00facar"}]}]}},"_links":{"self":[{"href":"https:\/\/marburgerorchard.com\/pt-pt\/wp-json\/wp\/v2\/pages\/142"}],"collection":[{"href":"https:\/\/marburgerorchard.com\/pt-pt\/wp-json\/wp\/v2\/pages"}],"about":[{"href":"https:\/\/marburgerorchard.com\/pt-pt\/wp-json\/wp\/v2\/types\/page"}],"author":[{"embeddable":true,"href":"https:\/\/marburgerorchard.com\/pt-pt\/wp-json\/wp\/v2\/users\/1"}],"replies":[{"embeddable":true,"href":"https:\/\/marburgerorchard.com\/pt-pt\/wp-json\/wp\/v2\/comments?post=142"}],"version-history":[{"count":0,"href":"https:\/\/marburgerorchard.com\/pt-pt\/wp-json\/wp\/v2\/pages\/142\/revisions"}],"wp:attachment":[{"href":"https:\/\/marburgerorchard.com\/pt-pt\/wp-json\/wp\/v2\/media?parent=142"}],"curies":[{"name":"wp","href":"https:\/\/api.w.org\/{rel}","templated":true}]}}