{"id":112,"date":"2022-09-26T14:25:14","date_gmt":"2022-09-26T13:25:14","guid":{"rendered":"http:\/\/marburgerorchard.com\/conheca-os-milfs-locais-que-querem-sexo\/"},"modified":"2022-09-26T14:25:14","modified_gmt":"2022-09-26T13:25:14","slug":"conheca-os-milfs-locais-que-querem-sexo","status":"publish","type":"page","link":"https:\/\/marburgerorchard.com\/pt-pt\/conheca-os-milfs-locais-que-querem-sexo\/","title":{"rendered":"Conhe\u00e7a os MILFs locais que querem sexo"},"content":{"rendered":"<p>Os melhores sites de encontros s\u00e3o aqueles que lhe permitem conectar-se com pessoas baseadas em interesses comuns, idade, localiza\u00e7\u00e3o e tra\u00e7os de personalidade. Aplicativos de encontros cougar s\u00e3o um lugar onde homens jovens e mulheres mais velhas se encontram &#8211; tanto on-line como offline. Existe desde h\u00e1 s\u00e9culos, e tornou-se uma das maiores comunidades para pessoas que procuram amor e companheirismo fora das rela\u00e7\u00f5es tradicionais.<\/p>\n<p>Se a navega\u00e7\u00e3o online o trouxe aqui, \u00e9 prov\u00e1vel que a nossa comunidade tamb\u00e9m tenha o que procura. Ligamos mulheres solteiras com mais de 40 anos com homens mais novos que est\u00e3o prontos para se divertirem. Os nossos membros incluem pumas e filhotes &#8211; mulheres que procuram amor e relacionamento, enquanto os homens procuram companheirismo maduro. Voc\u00ea vai encontrar tudo nestas aplica\u00e7\u00f5es, desde aventuras casuais a relacionamentos s\u00e9rios. Todas as idades, ra\u00e7as, religi\u00f5es, orienta\u00e7\u00f5es sexuais e estilos de vida bem-vindos.<\/p>\n<h2>Namoro gr\u00e1tis com Cougar<\/h2>\n<p>Se voc\u00ea quiser come\u00e7ar a conhecer m\u00e3es quentes on-line, confira a nossa lista dos melhores sites e aplicativos de encontros MILF. Estes sites e aplica\u00e7\u00f5es oferecem ades\u00e3o gratuita e funcionalidades premium como mensagens ilimitadas, chat de v\u00eddeo e acesso instant\u00e2neo a milhares de membros. Al\u00e9m disso, muitos deles deixam-no navegar nos perfis sem ter de pagar nada antecipadamente.<\/p>\n<p>Olhamos para dezenas de sites de encontros populares para adultos e encontramos dois que realmente se destacaram com base na qualidade, seguran\u00e7a, facilidade de uso e valor. Est\u00e3o todos provados serem seguros, fi\u00e1veis e eficazes para encontrar parceiros sexuais. E o mais importante, s\u00e3o todos livres para se juntarem. Portanto, quer esteja \u00e0 procura de encontros casuais ou de relacionamentos s\u00e9rios, estes sites s\u00e3o perfeitos para dar uma queca.<\/p>\n<h3>AdultFriendFinder<\/h3>\n<p>Adult Friend Finder \u00e9 um dos mais antigos e maiores sites de encontros para adultos ao redor. Com milh\u00f5es de membros ativos, a AF encontra muitas m\u00e3es solteiras e milfs \u00e0 procura de amor. Se procura uma rela\u00e7\u00e3o a longo prazo, a AF \u00e9 o lugar certo para ir.<\/p>\n<h3>MommyFinders<\/h3>\n<p>Mommyfinders \u00e9 outra escolha popular entre os mais jovens que procuram pumas. Este site oferece uma tonelada de benef\u00edcios, incluindo conversa de webcam ao vivo, apoio ao cliente 24\/7, e toneladas de mam\u00e3s e milfs sexy \u00e0 espera de se conectarem consigo.<\/p>\n<h2>Namoro MILFs<\/h2>\n<p>H\u00e1 v\u00e1rias raz\u00f5es pelas quais os pumas escolhem namorar homens mais novos. Primeiro, os pumas querem se sentir jovens de novo. Quando se tem 20, 30, 40, 50, etc., \u00e9 \u00f3timo namorar algu\u00e9m que te faz sentir jovem outra vez. Segundo, os pumas acham os homens mais novos atraentes porque normalmente s\u00e3o muito bonitos, confiantes e charmosos. Terceiro, os pumas gostam de homens mais novos porque s\u00e3o menos propensos a trat\u00e1-la mal. Os pumas sabem que os homens mais novos ainda est\u00e3o a aprender a tratar bem as mulheres, por isso n\u00e3o v\u00e3o trat\u00e1-la como lixo. Finalmente, os pumas gostam de rapazes mais novos porque geralmente s\u00e3o muito bem sucedidos, financeiramente est\u00e1veis, e t\u00eam muito dinheiro para gastar com ela.<\/p>\n<p>Os pumas est\u00e3o quentes. E parece que todos os dias h\u00e1 algo mais escrito sobre pumas, sejam artigos, posts de blog ou at\u00e9 programas de TV. Mas o que significa exatamente este termo? \u00c9 verdade que mulheres com mais de 40 anos namoram homens mais novos? Os pumas existem mesmo? Deixe-nos ajud\u00e1-lo a encontrar alguma clareza em torno do tema.<\/p>\n","protected":false},"excerpt":{"rendered":"<p>Os melhores sites de encontros s\u00e3o aqueles que lhe permitem conectar-se com pessoas baseadas em interesses comuns, idade, localiza\u00e7\u00e3o e&hellip;<\/p>\n","protected":false},"author":1,"featured_media":0,"parent":0,"menu_order":0,"comment_status":"closed","ping_status":"closed","template":"","meta":[],"yoast_head":"<!-- This site is optimized with the Yoast SEO plugin v17.7.1 - https:\/\/yoast.com\/wordpress\/plugins\/seo\/ -->\n<title>Conhe\u00e7a os MILFs locais que querem sexo - Meet Nearby<\/title>\n<meta name=\"robots\" content=\"index, follow, max-snippet:-1, max-image-preview:large, max-video-preview:-1\" \/>\n<link rel=\"canonical\" href=\"https:\/\/marburgerorchard.com\/pt-pt\/conheca-os-milfs-locais-que-querem-sexo\/\" \/>\n<meta property=\"og:locale\" content=\"pt_PT\" \/>\n<meta property=\"og:type\" content=\"article\" \/>\n<meta property=\"og:title\" content=\"Conhe\u00e7a os MILFs locais que querem sexo - Meet Nearby\" \/>\n<meta property=\"og:description\" content=\"Os melhores sites de encontros s\u00e3o aqueles que lhe permitem conectar-se com pessoas baseadas em interesses comuns, idade, localiza\u00e7\u00e3o e&hellip;\" \/>\n<meta property=\"og:url\" content=\"https:\/\/marburgerorchard.com\/pt-pt\/conheca-os-milfs-locais-que-querem-sexo\/\" \/>\n<meta property=\"og:site_name\" content=\"Meet Nearby\" \/>\n<meta name=\"twitter:card\" content=\"summary_large_image\" \/>\n<meta name=\"twitter:label1\" content=\"Tempo estimado de leitura\" \/>\n\t<meta name=\"twitter:data1\" content=\"3 minutos\" \/>\n<script type=\"application\/ld+json\" class=\"yoast-schema-graph\">{\"@context\":\"https:\/\/schema.org\",\"@graph\":[{\"@type\":\"WebSite\",\"@id\":\"https:\/\/marburgerorchard.com\/pt-pt\/#website\",\"url\":\"https:\/\/marburgerorchard.com\/pt-pt\/\",\"name\":\"Meet Nearby\",\"description\":\"Adult Dating Guide\",\"potentialAction\":[{\"@type\":\"SearchAction\",\"target\":{\"@type\":\"EntryPoint\",\"urlTemplate\":\"https:\/\/marburgerorchard.com\/pt-pt\/?s={search_term_string}\"},\"query-input\":\"required name=search_term_string\"}],\"inLanguage\":\"pt-PT\"},{\"@type\":\"WebPage\",\"@id\":\"https:\/\/marburgerorchard.com\/pt-pt\/conheca-os-milfs-locais-que-querem-sexo\/#webpage\",\"url\":\"https:\/\/marburgerorchard.com\/pt-pt\/conheca-os-milfs-locais-que-querem-sexo\/\",\"name\":\"Conhe\\u00e7a os MILFs locais que querem sexo - Meet Nearby\",\"isPartOf\":{\"@id\":\"https:\/\/marburgerorchard.com\/pt-pt\/#website\"},\"datePublished\":\"2022-09-26T13:25:14+00:00\",\"dateModified\":\"2022-09-26T13:25:14+00:00\",\"breadcrumb\":{\"@id\":\"https:\/\/marburgerorchard.com\/pt-pt\/conheca-os-milfs-locais-que-querem-sexo\/#breadcrumb\"},\"inLanguage\":\"pt-PT\",\"potentialAction\":[{\"@type\":\"ReadAction\",\"target\":[\"https:\/\/marburgerorchard.com\/pt-pt\/conheca-os-milfs-locais-que-querem-sexo\/\"]}]},{\"@type\":\"BreadcrumbList\",\"@id\":\"https:\/\/marburgerorchard.com\/pt-pt\/conheca-os-milfs-locais-que-querem-sexo\/#breadcrumb\",\"itemListElement\":[{\"@type\":\"ListItem\",\"position\":1,\"name\":\"Home\",\"item\":\"https:\/\/marburgerorchard.com\/pt-pt\/\"},{\"@type\":\"ListItem\",\"position\":2,\"name\":\"Conhe\\u00e7a os MILFs locais que querem sexo\"}]}]}<\/script>\n<!-- \/ Yoast SEO plugin. -->","yoast_head_json":{"title":"Conhe\u00e7a os MILFs locais que querem sexo - Meet Nearby","robots":{"index":"index","follow":"follow","max-snippet":"max-snippet:-1","max-image-preview":"max-image-preview:large","max-video-preview":"max-video-preview:-1"},"canonical":"https:\/\/marburgerorchard.com\/pt-pt\/conheca-os-milfs-locais-que-querem-sexo\/","og_locale":"pt_PT","og_type":"article","og_title":"Conhe\u00e7a os MILFs locais que querem sexo - Meet Nearby","og_description":"Os melhores sites de encontros s\u00e3o aqueles que lhe permitem conectar-se com pessoas baseadas em interesses comuns, idade, localiza\u00e7\u00e3o e&hellip;","og_url":"https:\/\/marburgerorchard.com\/pt-pt\/conheca-os-milfs-locais-que-querem-sexo\/","og_site_name":"Meet Nearby","twitter_card":"summary_large_image","twitter_misc":{"Tempo estimado de leitura":"3 minutos"},"schema":{"@context":"https:\/\/schema.org","@graph":[{"@type":"WebSite","@id":"https:\/\/marburgerorchard.com\/pt-pt\/#website","url":"https:\/\/marburgerorchard.com\/pt-pt\/","name":"Meet Nearby","description":"Adult Dating Guide","potentialAction":[{"@type":"SearchAction","target":{"@type":"EntryPoint","urlTemplate":"https:\/\/marburgerorchard.com\/pt-pt\/?s={search_term_string}"},"query-input":"required name=search_term_string"}],"inLanguage":"pt-PT"},{"@type":"WebPage","@id":"https:\/\/marburgerorchard.com\/pt-pt\/conheca-os-milfs-locais-que-querem-sexo\/#webpage","url":"https:\/\/marburgerorchard.com\/pt-pt\/conheca-os-milfs-locais-que-querem-sexo\/","name":"Conhe\u00e7a os MILFs locais que querem sexo - Meet Nearby","isPartOf":{"@id":"https:\/\/marburgerorchard.com\/pt-pt\/#website"},"datePublished":"2022-09-26T13:25:14+00:00","dateModified":"2022-09-26T13:25:14+00:00","breadcrumb":{"@id":"https:\/\/marburgerorchard.com\/pt-pt\/conheca-os-milfs-locais-que-querem-sexo\/#breadcrumb"},"inLanguage":"pt-PT","potentialAction":[{"@type":"ReadAction","target":["https:\/\/marburgerorchard.com\/pt-pt\/conheca-os-milfs-locais-que-querem-sexo\/"]}]},{"@type":"BreadcrumbList","@id":"https:\/\/marburgerorchard.com\/pt-pt\/conheca-os-milfs-locais-que-querem-sexo\/#breadcrumb","itemListElement":[{"@type":"ListItem","position":1,"name":"Home","item":"https:\/\/marburgerorchard.com\/pt-pt\/"},{"@type":"ListItem","position":2,"name":"Conhe\u00e7a os MILFs locais que querem sexo"}]}]}},"_links":{"self":[{"href":"https:\/\/marburgerorchard.com\/pt-pt\/wp-json\/wp\/v2\/pages\/112"}],"collection":[{"href":"https:\/\/marburgerorchard.com\/pt-pt\/wp-json\/wp\/v2\/pages"}],"about":[{"href":"https:\/\/marburgerorchard.com\/pt-pt\/wp-json\/wp\/v2\/types\/page"}],"author":[{"embeddable":true,"href":"https:\/\/marburgerorchard.com\/pt-pt\/wp-json\/wp\/v2\/users\/1"}],"replies":[{"embeddable":true,"href":"https:\/\/marburgerorchard.com\/pt-pt\/wp-json\/wp\/v2\/comments?post=112"}],"version-history":[{"count":0,"href":"https:\/\/marburgerorchard.com\/pt-pt\/wp-json\/wp\/v2\/pages\/112\/revisions"}],"wp:attachment":[{"href":"https:\/\/marburgerorchard.com\/pt-pt\/wp-json\/wp\/v2\/media?parent=112"}],"curies":[{"name":"wp","href":"https:\/\/api.w.org\/{rel}","templated":true}]}}