{"id":98,"date":"2022-09-26T14:25:14","date_gmt":"2022-09-26T13:25:14","guid":{"rendered":"http:\/\/marburgerorchard.com\/incontra-le-milf-locali-che-vogliono-fare-sesso\/"},"modified":"2022-10-17T11:47:48","modified_gmt":"2022-10-17T10:47:48","slug":"incontra-le-milf-locali-che-vogliono-fare-sesso","status":"publish","type":"page","link":"https:\/\/marburgerorchard.com\/it\/incontra-le-milf-locali-che-vogliono-fare-sesso\/","title":{"rendered":"Incontra le MILF locali che vogliono fare sesso"},"content":{"rendered":"<p>I migliori siti di incontri sono quelli che ti consentono di connetterti con le persone in base a interessi comuni, et\u00e0, posizione e tratti della personalit\u00e0. Le app di appuntamenti Cougar sono un luogo in cui giovani uomini e donne anziane si incontrano, sia online che offline. Esiste da secoli ed \u00e8 cresciuta fino a diventare una <a href=\"http:\/\/wank.io\/it\/nessuna-registrazione-siti-di-sesso-gratuiti\/\">siti sesso gratuito<\/a> delle pi\u00f9 grandi comunit\u00e0 per le persone che cercano amore e compagnia al di fuori delle relazioni tradizionali.<\/p>\n<p>Se la navigazione online ti ha portato qui, \u00e8 probabile che anche la nostra community possa avere quello che stai cercando. Colleghiamo donne single sopra i 40 anni con uomini pi\u00f9 giovani che sono pronti a divertirsi. I nostri membri includono sia puma che cuccioli &#8211; donne che cercano amore e relazione, mentre gli uomini cercano una compagnia matura. Troverai di tutto su queste app, dalle avventure casuali alle relazioni serie. Tutte le et\u00e0, razze, religioni, orientamenti sessuali e stili di vita sono i benvenuti.<\/p>\n<h2>Incontri Cougar gratuiti<\/h2>\n<p>Se vuoi iniziare a incontrare mamme calde online, dai un&#8217;occhiata al nostro elenco dei migliori siti e app di incontri MILF. Questi siti e app offrono un abbonamento gratuito oltre a funzionalit\u00e0 premium come messaggistica illimitata, chat video e accesso istantaneo a migliaia di membri. Inoltre, molti di loro ti consentono di sfogliare i profili <a href=\"https:\/\/www.gay-sex-sites.com\/it\/linee-di-chat-gay-gratuite\/\">chat gay gratuita<\/a> senza dover pagare nulla in anticipo.<\/p>\n<p>Abbiamo esaminato dozzine di popolari siti di incontri per adulti e ne abbiamo trovati due che si sono davvero distinti in base a qualit\u00e0, sicurezza, facilit\u00e0 d&#8217;uso e valore. Hanno tutti dimostrato di essere sicuri, affidabili ed efficaci per trovare partner sessuali. E, soprattutto, sono tutti liberi di aderire. Quindi, sia che tu stia cercando incontri casuali o relazioni serie, questi siti sono perfetti per essere posati.<\/p>\n<h3>AdultFriendFinder<\/h3>\n<p>Adult Friend Finder \u00e8 uno dei siti di incontri per adulti pi\u00f9 antichi e pi\u00f9 grandi in circolazione. Con milioni di membri attivi, AF trova molte mamme single e milf in cerca di amore. Se stai cercando una relazione a lungo termine, AF \u00e8 il posto dove andare.<\/p>\n<h3>MommyFinders<\/h3>\n<p>Mommyfinders \u00e8 un&#8217;altra scelta popolare tra i ragazzi pi\u00f9 giovani in cerca di puma. Questo sito offre un sacco di vantaggi tra cui chat in webcam dal vivo, assistenza clienti 24 ore su 24, 7 giorni su 7 e tonnellate di mamme e milf sexy in attesa di connettersi con te.<\/p>\n<h2>Incontri MILF<\/h2>\n<p>Ci sono diversi motivi per cui i puma scelgono di uscire con uomini <a href=\"https:\/\/www.onemightydrop.com\/it\/nessun-sito-di-sexting-con-carta-di-credito\/\">siti sexting<\/a> pi\u00f9 giovani. In primo luogo, i puma vogliono sentirsi di nuovo giovani. Quando hai 20, 30, 40, 50 anni, ecc., \u00c8 bello uscire con qualcuno che ti fa sentire di nuovo giovane. In secondo luogo, i puma trovano attraenti gli uomini pi\u00f9 giovani perch\u00e9 di solito sono molto belli, sicuri di s\u00e9 e affascinanti. In terzo luogo, i puma amano gli uomini pi\u00f9 giovani perch\u00e9 hanno meno probabilit\u00e0 di trattarla male. I puma sanno che gli uomini pi\u00f9 giovani stanno ancora imparando a trattare bene le donne, quindi non la tratteranno come una schifezza. Infine, i puma amano i ragazzi pi\u00f9 giovani perch\u00e9 di solito hanno molto successo, finanziariamente stabili e hanno un sacco di soldi da spendere per lei.<\/p>\n<p>I puma sono caldi. E sembra che ogni giorno ci sia qualcos&#8217;altro scritto sui puma, che si tratti di articoli, post di blog o persino programmi TV. Ma cosa significa esattamente questo termine? \u00c8 vero che le donne sopra i 40 anni frequentano uomini pi\u00f9 giovani? I puma esistono davvero? Lascia che ti aiutiamo a trovare un po &#8216;di chiarezza sull&#8217;argomento.<\/p>\n","protected":false},"excerpt":{"rendered":"<p>I migliori siti di incontri sono quelli che ti consentono di connetterti con le persone in base a interessi comuni,&hellip;<\/p>\n","protected":false},"author":1,"featured_media":0,"parent":0,"menu_order":0,"comment_status":"closed","ping_status":"closed","template":"","meta":[],"yoast_head":"<!-- This site is optimized with the Yoast SEO plugin v17.7.1 - https:\/\/yoast.com\/wordpress\/plugins\/seo\/ -->\n<title>Incontra le MILF locali che vogliono fare sesso - Meet Nearby<\/title>\n<meta name=\"robots\" content=\"index, follow, max-snippet:-1, max-image-preview:large, max-video-preview:-1\" \/>\n<link rel=\"canonical\" href=\"https:\/\/marburgerorchard.com\/it\/incontra-le-milf-locali-che-vogliono-fare-sesso\/\" \/>\n<meta property=\"og:locale\" content=\"it_IT\" \/>\n<meta property=\"og:type\" content=\"article\" \/>\n<meta property=\"og:title\" content=\"Incontra le MILF locali che vogliono fare sesso - Meet Nearby\" \/>\n<meta property=\"og:description\" content=\"I migliori siti di incontri sono quelli che ti consentono di connetterti con le persone in base a interessi comuni,&hellip;\" \/>\n<meta property=\"og:url\" content=\"https:\/\/marburgerorchard.com\/it\/incontra-le-milf-locali-che-vogliono-fare-sesso\/\" \/>\n<meta property=\"og:site_name\" content=\"Meet Nearby\" \/>\n<meta property=\"article:modified_time\" content=\"2022-10-17T10:47:48+00:00\" \/>\n<meta name=\"twitter:card\" content=\"summary_large_image\" \/>\n<meta name=\"twitter:label1\" content=\"Tempo di lettura stimato\" \/>\n\t<meta name=\"twitter:data1\" content=\"3 minuti\" \/>\n<script type=\"application\/ld+json\" class=\"yoast-schema-graph\">{\"@context\":\"https:\/\/schema.org\",\"@graph\":[{\"@type\":\"WebSite\",\"@id\":\"https:\/\/marburgerorchard.com\/it\/#website\",\"url\":\"https:\/\/marburgerorchard.com\/it\/\",\"name\":\"Meet Nearby\",\"description\":\"Adult Dating Guide\",\"potentialAction\":[{\"@type\":\"SearchAction\",\"target\":{\"@type\":\"EntryPoint\",\"urlTemplate\":\"https:\/\/marburgerorchard.com\/it\/?s={search_term_string}\"},\"query-input\":\"required name=search_term_string\"}],\"inLanguage\":\"it-IT\"},{\"@type\":\"WebPage\",\"@id\":\"https:\/\/marburgerorchard.com\/it\/incontra-le-milf-locali-che-vogliono-fare-sesso\/#webpage\",\"url\":\"https:\/\/marburgerorchard.com\/it\/incontra-le-milf-locali-che-vogliono-fare-sesso\/\",\"name\":\"Incontra le MILF locali che vogliono fare sesso - Meet Nearby\",\"isPartOf\":{\"@id\":\"https:\/\/marburgerorchard.com\/it\/#website\"},\"datePublished\":\"2022-09-26T13:25:14+00:00\",\"dateModified\":\"2022-10-17T10:47:48+00:00\",\"breadcrumb\":{\"@id\":\"https:\/\/marburgerorchard.com\/it\/incontra-le-milf-locali-che-vogliono-fare-sesso\/#breadcrumb\"},\"inLanguage\":\"it-IT\",\"potentialAction\":[{\"@type\":\"ReadAction\",\"target\":[\"https:\/\/marburgerorchard.com\/it\/incontra-le-milf-locali-che-vogliono-fare-sesso\/\"]}]},{\"@type\":\"BreadcrumbList\",\"@id\":\"https:\/\/marburgerorchard.com\/it\/incontra-le-milf-locali-che-vogliono-fare-sesso\/#breadcrumb\",\"itemListElement\":[{\"@type\":\"ListItem\",\"position\":1,\"name\":\"Home\",\"item\":\"https:\/\/marburgerorchard.com\/it\/\"},{\"@type\":\"ListItem\",\"position\":2,\"name\":\"Incontra le MILF locali che vogliono fare sesso\"}]}]}<\/script>\n<!-- \/ Yoast SEO plugin. -->","yoast_head_json":{"title":"Incontra le MILF locali che vogliono fare sesso - Meet Nearby","robots":{"index":"index","follow":"follow","max-snippet":"max-snippet:-1","max-image-preview":"max-image-preview:large","max-video-preview":"max-video-preview:-1"},"canonical":"https:\/\/marburgerorchard.com\/it\/incontra-le-milf-locali-che-vogliono-fare-sesso\/","og_locale":"it_IT","og_type":"article","og_title":"Incontra le MILF locali che vogliono fare sesso - Meet Nearby","og_description":"I migliori siti di incontri sono quelli che ti consentono di connetterti con le persone in base a interessi comuni,&hellip;","og_url":"https:\/\/marburgerorchard.com\/it\/incontra-le-milf-locali-che-vogliono-fare-sesso\/","og_site_name":"Meet Nearby","article_modified_time":"2022-10-17T10:47:48+00:00","twitter_card":"summary_large_image","twitter_misc":{"Tempo di lettura stimato":"3 minuti"},"schema":{"@context":"https:\/\/schema.org","@graph":[{"@type":"WebSite","@id":"https:\/\/marburgerorchard.com\/it\/#website","url":"https:\/\/marburgerorchard.com\/it\/","name":"Meet Nearby","description":"Adult Dating Guide","potentialAction":[{"@type":"SearchAction","target":{"@type":"EntryPoint","urlTemplate":"https:\/\/marburgerorchard.com\/it\/?s={search_term_string}"},"query-input":"required name=search_term_string"}],"inLanguage":"it-IT"},{"@type":"WebPage","@id":"https:\/\/marburgerorchard.com\/it\/incontra-le-milf-locali-che-vogliono-fare-sesso\/#webpage","url":"https:\/\/marburgerorchard.com\/it\/incontra-le-milf-locali-che-vogliono-fare-sesso\/","name":"Incontra le MILF locali che vogliono fare sesso - Meet Nearby","isPartOf":{"@id":"https:\/\/marburgerorchard.com\/it\/#website"},"datePublished":"2022-09-26T13:25:14+00:00","dateModified":"2022-10-17T10:47:48+00:00","breadcrumb":{"@id":"https:\/\/marburgerorchard.com\/it\/incontra-le-milf-locali-che-vogliono-fare-sesso\/#breadcrumb"},"inLanguage":"it-IT","potentialAction":[{"@type":"ReadAction","target":["https:\/\/marburgerorchard.com\/it\/incontra-le-milf-locali-che-vogliono-fare-sesso\/"]}]},{"@type":"BreadcrumbList","@id":"https:\/\/marburgerorchard.com\/it\/incontra-le-milf-locali-che-vogliono-fare-sesso\/#breadcrumb","itemListElement":[{"@type":"ListItem","position":1,"name":"Home","item":"https:\/\/marburgerorchard.com\/it\/"},{"@type":"ListItem","position":2,"name":"Incontra le MILF locali che vogliono fare sesso"}]}]}},"_links":{"self":[{"href":"https:\/\/marburgerorchard.com\/it\/wp-json\/wp\/v2\/pages\/98"}],"collection":[{"href":"https:\/\/marburgerorchard.com\/it\/wp-json\/wp\/v2\/pages"}],"about":[{"href":"https:\/\/marburgerorchard.com\/it\/wp-json\/wp\/v2\/types\/page"}],"author":[{"embeddable":true,"href":"https:\/\/marburgerorchard.com\/it\/wp-json\/wp\/v2\/users\/1"}],"replies":[{"embeddable":true,"href":"https:\/\/marburgerorchard.com\/it\/wp-json\/wp\/v2\/comments?post=98"}],"version-history":[{"count":1,"href":"https:\/\/marburgerorchard.com\/it\/wp-json\/wp\/v2\/pages\/98\/revisions"}],"predecessor-version":[{"id":305,"href":"https:\/\/marburgerorchard.com\/it\/wp-json\/wp\/v2\/pages\/98\/revisions\/305"}],"wp:attachment":[{"href":"https:\/\/marburgerorchard.com\/it\/wp-json\/wp\/v2\/media?parent=98"}],"curies":[{"name":"wp","href":"https:\/\/api.w.org\/{rel}","templated":true}]}}