{"id":201,"date":"2022-09-25T15:08:59","date_gmt":"2022-09-25T14:08:59","guid":{"rendered":"http:\/\/marburgerorchard.com\/incontri-locali\/"},"modified":"2023-02-03T16:02:54","modified_gmt":"2023-02-03T16:02:54","slug":"incontri-locali","status":"publish","type":"page","link":"https:\/\/marburgerorchard.com\/it\/","title":{"rendered":"Incontri locali"},"content":{"rendered":"<h2>La nostra guida per chattare con single locali<\/h2>\n<p>L&#8217;idea alla base di questi tipi di siti \u00e8 semplice: ti iscrivi, carichi una foto, compili un profilo e inizi a sfogliare i profili dei membri di tutto il mondo. Quando a qualcuno piace quello che vede, invia un occhiolino o una richiesta di corrispondenza. Se entrambe le parti accettano di andare a un appuntamento, chatteranno tramite SMS o videochiamata. E se tutto va bene, potresti finire per incontrarti faccia a faccia.<\/p>\n<p>Ci sono anche tonnellate di modi diversi per utilizzare questi siti. Alcune persone semplicemente navigano <a href=\"https:\/\/www.bulletforcegame.com\/it\/\">gioco porno gratis<\/a> nel sito e cercano corrispondenze; altri creano gruppi basati su interessi condivisi, come squadre sportive, hobby, ecc.; e altri ancora utilizzano l&#8217;app o la funzione di messaggistica integrata del sito per parlare con potenziali appuntamenti.<\/p>\n<p>Ho usato personalmente molti di questi siti nel corso degli anni e penso che siano ottime opzioni per trovare l&#8217;amore online. Ma consiglio sempre di fare le tue ricerche prima di iscriverti. Assicurati che il sito sia legittimo, sicuro e protetto. Inoltre, non dimenticare di leggere recensioni e valutazioni prima di prendere una decisione.<\/p>\n<h2>Le nostre migliori recensioni<\/h2>\n<p>So cosa stai pensando; &#8220;Quale sito di collegamento \u00e8 gratuito?&#8221; Bene, ci sono molte opzioni l\u00e0 fuori <a href=\"http:\/\/www.sito-per-sesso.com\">Sito-per-Sesso.com<\/a>, ma alcune costano denaro mentre altre sono completamente gratuite. Quindi, eccoci qui&#8230;<\/p>\n<p>1. OkCupid &#8211; Questa app di appuntamenti \u00e8 piuttosto semplice. Tutto quello che fai \u00e8 compilare un profilo, caricare una foto e iniziare a scorrere verso sinistra o destra. Se ti piace qualcuno, gli mandi un occhiolino. Possono accettarlo o rifiutarlo. E questo \u00e8 tutto. Non ci sono troppe funzionalit\u00e0, ma funziona bene.<\/p>\n<p>2. Tinder &#8211; Un&#8217;altra popolare app di appuntamenti, Tinder ti consente di scorrere verso <a href=\"https:\/\/wank.io\/it\/giochi-porno-gratis-per-iphone\/\">download giochi porno<\/a> destra sulle persone che trovi attraenti. Se ti abbini a un&#8217;altra persona, puoi chattare con loro tramite testo. \u00c8 super facile da usare e funziona alla grande.<\/p>\n<p>3. Plenty Of Fish &#8211; POF \u00e8 un po &#8216;diverso perch\u00e9 richiede un account Facebook per registrarsi. Dopo aver effettuato l&#8217;accesso all&#8217;app, vedrai un feed pieno di potenziali corrispondenze in base alla tua posizione. Puoi sfogliare tu stesso i profili o puoi chiedere agli amici di presentarti altri single nelle vicinanze.<\/p>\n<p>4. Zoosk &#8211; Questa app di appuntamenti \u00e8 simile a OKCupid e Tinder. Puoi visualizzare le foto dei membri e leggere le loro biografie prima di decidere se premere o meno &#8220;match&#8221;. Una volta che decidi di abbinare, puoi chattare tra loro. \u00c8 molto semplice e manca di personalizzazione.<\/p>\n<p>5. Match &#8211; Match \u00e8 un po &#8216;diverso perch\u00e9 in realt\u00e0 non incontri nessuno online. Invece, entri in una stanza in cui interagisci con persone reali. Ogni stanza \u00e8 a tema intorno a un certo tipo di relazione come appuntamenti casuali, relazioni serie, ecc. Puoi parlare con pi\u00f9 persone all&#8217;interno della stessa stanza, ma puoi chattare solo con una persona al di fuori della stanza.<\/p>\n<p>6. Bumble &#8211; Bumble \u00e8 esattamente come suona. Le donne avviano le chat e gli uomini devono rispondere <a href=\"https:\/\/www.siti-incontri.net\/\">Siti-Incontri.net<\/a>. Tuttavia, una volta fatto, puoi scegliere di ignorare chi ti ha inviato una richiesta.<\/p>\n<h3>Gettare<\/h3>\n<p>La prima app di collegamento gratuita che ti suggerir\u00f2 di provare \u00e8 quella chiamata Fling, che \u00e8 completamente gratuita. \u00c8 forse la migliore app di appuntamenti online che ho usato nel corso degli anni.<\/p>\n<p>In effetti, quando ho esaminato per la prima volta questa app, ho finito per trascorrere un&#8217;intera settimana utilizzando la versione gratuita. E poco dopo, ho aggiornato perch\u00e9 volevo aumentare le mie probabilit\u00e0 di collegamento. Ora, ogni volta che voglio incontrare qualcuno, vado direttamente a Fling.<\/p>\n<p>Certo, hanno opzioni di aggiornamento &#8211; come abbinare le persone in base alla posizione <a href=\"http:\/\/www.free-sex-games-no-credit-card.com\/it\/giochi-porno-gratis-nessuna-iscrizione\/\">giochi porno senza iscrizione<\/a> &#8211; che rendono molto pi\u00f9 facile per te connetterti con single locali che cercano di fare sesso, e anche se quegli aggiornamenti sono piuttosto costosi ($ 19,99), funzionano ancora bene. Ma per ora, la versione gratuita funziona bene.<\/p>\n<h2>Come scegliere i siti giusti<\/h2>\n<p>Mentre ci sono molti siti l\u00e0 fuori che pretendono di aiutare le persone a trovare l&#8217;amore, la maggior parte di loro non vale il tuo tempo. Ecco perch\u00e9:<\/p>\n<h3>Dimensione della base di utenti<\/h3>\n<p>La prima cosa che vuoi guardare \u00e8 quanto \u00e8 grande la base di utenti. Quante persone sono effettivamente sul sito? Se ci sono migliaia di membri, \u00e8 probabile che non avrai molta fortuna. Una buona regola empirica \u00e8 di oltre 3.000 membri.<\/p>\n<h3>Facilit\u00e0 d&#8217;uso<\/h3>\n<p>Se sei mai stato su un&#8217;app di appuntamenti come Tinder, Bumble, Hinge, ecc., Sai di cosa sto parlando. Sono fantastici perch\u00e9 rendono davvero facile scorrere verso sinistra o destra su centinaia di profili. In questo modo, non perdi troppo tempo a scorrere infiniti profili.<\/p>\n<h3>Qualit\u00e0 dei membri<\/h3>\n<p>Questa \u00e8 una delle mie cose preferite da controllare. Cerca recensioni online e vedi cosa hanno da dire i clienti precedenti. Danno un feedback? Le loro valutazioni sono alte? Cosa dicono dell&#8217;assistenza clienti? Tutti questi fattori giocano sul fatto che tu voglia o meno iscriverti al sito.<\/p>\n","protected":false},"excerpt":{"rendered":"<p>La nostra guida per chattare con single locali L&#8217;idea alla base di questi tipi di siti \u00e8 semplice: ti iscrivi,&hellip;<\/p>\n","protected":false},"author":1,"featured_media":83,"parent":0,"menu_order":0,"comment_status":"closed","ping_status":"closed","template":"","meta":[],"yoast_head":"<!-- This site is optimized with the Yoast SEO plugin v17.7.1 - https:\/\/yoast.com\/wordpress\/plugins\/seo\/ -->\n<title>Incontri locali - Incontra single nella tua zona che vogliono fare sesso!<\/title>\n<meta name=\"robots\" content=\"index, follow, max-snippet:-1, max-image-preview:large, max-video-preview:-1\" \/>\n<link rel=\"canonical\" href=\"https:\/\/marburgerorchard.com\/it\/\" \/>\n<meta property=\"og:locale\" content=\"it_IT\" \/>\n<meta property=\"og:type\" content=\"article\" \/>\n<meta property=\"og:title\" content=\"Incontri locali - Incontra single nella tua zona che vogliono fare sesso!\" \/>\n<meta property=\"og:description\" content=\"La nostra guida per chattare con single locali L&#8217;idea alla base di questi tipi di siti \u00e8 semplice: ti iscrivi,&hellip;\" \/>\n<meta property=\"og:url\" content=\"https:\/\/marburgerorchard.com\/it\/\" \/>\n<meta property=\"og:site_name\" content=\"Meet Nearby\" \/>\n<meta property=\"article:modified_time\" content=\"2023-02-03T16:02:54+00:00\" \/>\n<meta property=\"og:image\" content=\"https:\/\/marburgerorchard.com\/wp-content\/uploads\/2022\/09\/guide-to-find-sex.jpeg\" \/>\n\t<meta property=\"og:image:width\" content=\"500\" \/>\n\t<meta property=\"og:image:height\" content=\"333\" \/>\n<meta name=\"twitter:card\" content=\"summary_large_image\" \/>\n<meta name=\"twitter:label1\" content=\"Tempo di lettura stimato\" \/>\n\t<meta name=\"twitter:data1\" content=\"4 minuti\" \/>\n<script type=\"application\/ld+json\" class=\"yoast-schema-graph\">{\"@context\":\"https:\/\/schema.org\",\"@graph\":[{\"@type\":\"WebSite\",\"@id\":\"https:\/\/marburgerorchard.com\/it\/#website\",\"url\":\"https:\/\/marburgerorchard.com\/it\/\",\"name\":\"Meet Nearby\",\"description\":\"Adult Dating Guide\",\"potentialAction\":[{\"@type\":\"SearchAction\",\"target\":{\"@type\":\"EntryPoint\",\"urlTemplate\":\"https:\/\/marburgerorchard.com\/it\/?s={search_term_string}\"},\"query-input\":\"required name=search_term_string\"}],\"inLanguage\":\"it-IT\"},{\"@type\":\"ImageObject\",\"@id\":\"https:\/\/marburgerorchard.com\/it\/#primaryimage\",\"inLanguage\":\"it-IT\",\"url\":\"https:\/\/marburgerorchard.com\/wp-content\/uploads\/2022\/09\/guide-to-find-sex.jpeg\",\"contentUrl\":\"https:\/\/marburgerorchard.com\/wp-content\/uploads\/2022\/09\/guide-to-find-sex.jpeg\",\"width\":500,\"height\":333},{\"@type\":\"WebPage\",\"@id\":\"https:\/\/marburgerorchard.com\/it\/#webpage\",\"url\":\"https:\/\/marburgerorchard.com\/it\/\",\"name\":\"Incontri locali - Incontra single nella tua zona che vogliono fare sesso!\",\"isPartOf\":{\"@id\":\"https:\/\/marburgerorchard.com\/it\/#website\"},\"primaryImageOfPage\":{\"@id\":\"https:\/\/marburgerorchard.com\/it\/#primaryimage\"},\"datePublished\":\"2022-09-25T14:08:59+00:00\",\"dateModified\":\"2023-02-03T16:02:54+00:00\",\"breadcrumb\":{\"@id\":\"https:\/\/marburgerorchard.com\/it\/#breadcrumb\"},\"inLanguage\":\"it-IT\",\"potentialAction\":[{\"@type\":\"ReadAction\",\"target\":[\"https:\/\/marburgerorchard.com\/it\/\"]}]},{\"@type\":\"BreadcrumbList\",\"@id\":\"https:\/\/marburgerorchard.com\/it\/#breadcrumb\",\"itemListElement\":[{\"@type\":\"ListItem\",\"position\":1,\"name\":\"Home\",\"item\":\"https:\/\/marburgerorchard.com\/it\/\"},{\"@type\":\"ListItem\",\"position\":2,\"name\":\"Incontri locali\"}]}]}<\/script>\n<!-- \/ Yoast SEO plugin. -->","yoast_head_json":{"title":"Incontri locali - Incontra single nella tua zona che vogliono fare sesso!","robots":{"index":"index","follow":"follow","max-snippet":"max-snippet:-1","max-image-preview":"max-image-preview:large","max-video-preview":"max-video-preview:-1"},"canonical":"https:\/\/marburgerorchard.com\/it\/","og_locale":"it_IT","og_type":"article","og_title":"Incontri locali - Incontra single nella tua zona che vogliono fare sesso!","og_description":"La nostra guida per chattare con single locali L&#8217;idea alla base di questi tipi di siti \u00e8 semplice: ti iscrivi,&hellip;","og_url":"https:\/\/marburgerorchard.com\/it\/","og_site_name":"Meet Nearby","article_modified_time":"2023-02-03T16:02:54+00:00","og_image":[{"width":500,"height":333,"url":"https:\/\/marburgerorchard.com\/wp-content\/uploads\/2022\/09\/guide-to-find-sex.jpeg","type":"image\/jpeg"}],"twitter_card":"summary_large_image","twitter_misc":{"Tempo di lettura stimato":"4 minuti"},"schema":{"@context":"https:\/\/schema.org","@graph":[{"@type":"WebSite","@id":"https:\/\/marburgerorchard.com\/it\/#website","url":"https:\/\/marburgerorchard.com\/it\/","name":"Meet Nearby","description":"Adult Dating Guide","potentialAction":[{"@type":"SearchAction","target":{"@type":"EntryPoint","urlTemplate":"https:\/\/marburgerorchard.com\/it\/?s={search_term_string}"},"query-input":"required name=search_term_string"}],"inLanguage":"it-IT"},{"@type":"ImageObject","@id":"https:\/\/marburgerorchard.com\/it\/#primaryimage","inLanguage":"it-IT","url":"https:\/\/marburgerorchard.com\/wp-content\/uploads\/2022\/09\/guide-to-find-sex.jpeg","contentUrl":"https:\/\/marburgerorchard.com\/wp-content\/uploads\/2022\/09\/guide-to-find-sex.jpeg","width":500,"height":333},{"@type":"WebPage","@id":"https:\/\/marburgerorchard.com\/it\/#webpage","url":"https:\/\/marburgerorchard.com\/it\/","name":"Incontri locali - Incontra single nella tua zona che vogliono fare sesso!","isPartOf":{"@id":"https:\/\/marburgerorchard.com\/it\/#website"},"primaryImageOfPage":{"@id":"https:\/\/marburgerorchard.com\/it\/#primaryimage"},"datePublished":"2022-09-25T14:08:59+00:00","dateModified":"2023-02-03T16:02:54+00:00","breadcrumb":{"@id":"https:\/\/marburgerorchard.com\/it\/#breadcrumb"},"inLanguage":"it-IT","potentialAction":[{"@type":"ReadAction","target":["https:\/\/marburgerorchard.com\/it\/"]}]},{"@type":"BreadcrumbList","@id":"https:\/\/marburgerorchard.com\/it\/#breadcrumb","itemListElement":[{"@type":"ListItem","position":1,"name":"Home","item":"https:\/\/marburgerorchard.com\/it\/"},{"@type":"ListItem","position":2,"name":"Incontri locali"}]}]}},"_links":{"self":[{"href":"https:\/\/marburgerorchard.com\/it\/wp-json\/wp\/v2\/pages\/201"}],"collection":[{"href":"https:\/\/marburgerorchard.com\/it\/wp-json\/wp\/v2\/pages"}],"about":[{"href":"https:\/\/marburgerorchard.com\/it\/wp-json\/wp\/v2\/types\/page"}],"author":[{"embeddable":true,"href":"https:\/\/marburgerorchard.com\/it\/wp-json\/wp\/v2\/users\/1"}],"replies":[{"embeddable":true,"href":"https:\/\/marburgerorchard.com\/it\/wp-json\/wp\/v2\/comments?post=201"}],"version-history":[{"count":3,"href":"https:\/\/marburgerorchard.com\/it\/wp-json\/wp\/v2\/pages\/201\/revisions"}],"predecessor-version":[{"id":428,"href":"https:\/\/marburgerorchard.com\/it\/wp-json\/wp\/v2\/pages\/201\/revisions\/428"}],"wp:featuredmedia":[{"embeddable":true,"href":"https:\/\/marburgerorchard.com\/it\/wp-json\/wp\/v2\/media\/83"}],"wp:attachment":[{"href":"https:\/\/marburgerorchard.com\/it\/wp-json\/wp\/v2\/media?parent=201"}],"curies":[{"name":"wp","href":"https:\/\/api.w.org\/{rel}","templated":true}]}}