{"id":120,"date":"2022-09-26T14:26:15","date_gmt":"2022-09-26T13:26:15","guid":{"rendered":"http:\/\/marburgerorchard.com\/sugar-baby-e-papa\/"},"modified":"2022-10-17T11:53:56","modified_gmt":"2022-10-17T10:53:56","slug":"sugar-baby-e-papa","status":"publish","type":"page","link":"https:\/\/marburgerorchard.com\/it\/sugar-baby-e-papa\/","title":{"rendered":"Sugar Baby e pap\u00e0"},"content":{"rendered":"<p>I bambini di zucchero sono individui che forniscono servizi di compagnia a uomini ricchi. I bambini di zucchero in genere guadagnano denaro tramite piattaforme online come Seeking Arrangement, Elite Daily e OK Cupid. Mentre l&#8217;accordo \u00e8 di solito reciprocamente vantaggioso, richiede un certo livello di fiducia. Ci sono molti siti dedicati ad aiutarti a connetterti <a href=\"http:\/\/www.anonymous-sex-chat.com\/it\/incontri-fetish-del-piede\/\">incontri fetish<\/a> con i bambini dello zucchero. Questi siti ti consentono di sfogliare i profili in base a criteri come et\u00e0, sesso, posizione e interessi. Una volta trovato qualcuno che vorresti incontrare, puoi inviargli un messaggio direttamente.<\/p>\n<p>Mentre \u00e8 possibile incontrare sugar baby nella vita reale, \u00e8 molto pi\u00f9 facile organizzare appuntamenti online. Siti come Seeking Arrangement offrono un ambiente sicuro per entrambe le parti per comunicare e organizzare riunioni.<\/p>\n<h2>Incontra A Sugar Daddy Online<\/h2>\n<p>Ci sono diversi vantaggi nell&#8217;avere un bambino di zucchero. In primo luogo, fornisce alle persone finanziariamente stabili qualcuno <a href=\"https:\/\/www.local-fuck.net\/it\/giochi-porno-senza-iscrizione\/\">giochi porno senza registrazione<\/a> che si prenda cura di loro mentre invecchiano. In secondo luogo, consente alla donna di perseguire i suoi obiettivi di carriera senza preoccuparsi dei costi di assistenza all&#8217;infanzia. In terzo luogo, d\u00e0 all&#8217;uomo l&#8217;opportunit\u00e0 di godersi la vita senza sentirsi in colpa per la sua ricchezza.<\/p>\n<p>Nel complesso, i bambini di zucchero offrono opportunit\u00e0 uniche per la crescita e la realizzazione personale. Tuttavia, \u00e8 importante ricordare che queste relazioni non sono destinate a sostituire i matrimoni tradizionali. Piuttosto, sono solo un&#8217;altra forma di appuntamenti per adulti.<\/p>\n<h2>Incontra un bambino di zucchero<\/h2>\n<p>Gli sugar baby sono giovani donne che cercano sostegno <a href=\"https:\/\/www.onemightydrop.com\/it\/giochi-di-sesso-per-iphone\/\">giochi porno gratuiti<\/a> finanziario da ricchi pap\u00e0 dello zucchero. Questi accordi variano ampiamente, che vanno dalla compagnia a breve termine alle relazioni romantiche a lungo termine. I bambini di zucchero in genere forniscono compagnia, affetto e servizi sessuali in cambio di denaro.<\/p>\n<p>Mentre esistono siti di incontri sugar daddy, la maggior parte degli sugar baby incontra i propri partner offline. Molti sugar baby riferiscono di essere stati inizialmente attratti dalla ricchezza, dallo status e dalle connessioni del loro partner. Altri dicono di aver trovato il loro sugar daddy online dopo aver cercato potenziali corrispondenze. Indipendentemente da come si sono incontrati, i bambini di zucchero di solito iniziano la loro relazione con uno sugar daddy che fornisce loro regali, denaro e altre forme di compensazione. Man mano che la relazione progredisce, tuttavia, i bambini di zucchero si aspettano di ricevere ulteriori benefici, tra cui viaggi, abbigliamento e articoli di lusso.<\/p>\n","protected":false},"excerpt":{"rendered":"<p>I bambini di zucchero sono individui che forniscono servizi di compagnia a uomini ricchi. I bambini di zucchero in genere&hellip;<\/p>\n","protected":false},"author":1,"featured_media":0,"parent":0,"menu_order":0,"comment_status":"closed","ping_status":"closed","template":"","meta":[],"yoast_head":"<!-- This site is optimized with the Yoast SEO plugin v17.7.1 - https:\/\/yoast.com\/wordpress\/plugins\/seo\/ -->\n<title>Sugar Baby e pap\u00e0 - Meet Nearby<\/title>\n<meta name=\"robots\" content=\"index, follow, max-snippet:-1, max-image-preview:large, max-video-preview:-1\" \/>\n<link rel=\"canonical\" href=\"https:\/\/marburgerorchard.com\/it\/sugar-baby-e-papa\/\" \/>\n<meta property=\"og:locale\" content=\"it_IT\" \/>\n<meta property=\"og:type\" content=\"article\" \/>\n<meta property=\"og:title\" content=\"Sugar Baby e pap\u00e0 - Meet Nearby\" \/>\n<meta property=\"og:description\" content=\"I bambini di zucchero sono individui che forniscono servizi di compagnia a uomini ricchi. I bambini di zucchero in genere&hellip;\" \/>\n<meta property=\"og:url\" content=\"https:\/\/marburgerorchard.com\/it\/sugar-baby-e-papa\/\" \/>\n<meta property=\"og:site_name\" content=\"Meet Nearby\" \/>\n<meta property=\"article:modified_time\" content=\"2022-10-17T10:53:56+00:00\" \/>\n<meta name=\"twitter:card\" content=\"summary_large_image\" \/>\n<meta name=\"twitter:label1\" content=\"Tempo di lettura stimato\" \/>\n\t<meta name=\"twitter:data1\" content=\"2 minuti\" \/>\n<script type=\"application\/ld+json\" class=\"yoast-schema-graph\">{\"@context\":\"https:\/\/schema.org\",\"@graph\":[{\"@type\":\"WebSite\",\"@id\":\"https:\/\/marburgerorchard.com\/it\/#website\",\"url\":\"https:\/\/marburgerorchard.com\/it\/\",\"name\":\"Meet Nearby\",\"description\":\"Adult Dating Guide\",\"potentialAction\":[{\"@type\":\"SearchAction\",\"target\":{\"@type\":\"EntryPoint\",\"urlTemplate\":\"https:\/\/marburgerorchard.com\/it\/?s={search_term_string}\"},\"query-input\":\"required name=search_term_string\"}],\"inLanguage\":\"it-IT\"},{\"@type\":\"WebPage\",\"@id\":\"https:\/\/marburgerorchard.com\/it\/sugar-baby-e-papa\/#webpage\",\"url\":\"https:\/\/marburgerorchard.com\/it\/sugar-baby-e-papa\/\",\"name\":\"Sugar Baby e pap\\u00e0 - Meet Nearby\",\"isPartOf\":{\"@id\":\"https:\/\/marburgerorchard.com\/it\/#website\"},\"datePublished\":\"2022-09-26T13:26:15+00:00\",\"dateModified\":\"2022-10-17T10:53:56+00:00\",\"breadcrumb\":{\"@id\":\"https:\/\/marburgerorchard.com\/it\/sugar-baby-e-papa\/#breadcrumb\"},\"inLanguage\":\"it-IT\",\"potentialAction\":[{\"@type\":\"ReadAction\",\"target\":[\"https:\/\/marburgerorchard.com\/it\/sugar-baby-e-papa\/\"]}]},{\"@type\":\"BreadcrumbList\",\"@id\":\"https:\/\/marburgerorchard.com\/it\/sugar-baby-e-papa\/#breadcrumb\",\"itemListElement\":[{\"@type\":\"ListItem\",\"position\":1,\"name\":\"Home\",\"item\":\"https:\/\/marburgerorchard.com\/it\/\"},{\"@type\":\"ListItem\",\"position\":2,\"name\":\"Sugar Baby e pap\\u00e0\"}]}]}<\/script>\n<!-- \/ Yoast SEO plugin. -->","yoast_head_json":{"title":"Sugar Baby e pap\u00e0 - Meet Nearby","robots":{"index":"index","follow":"follow","max-snippet":"max-snippet:-1","max-image-preview":"max-image-preview:large","max-video-preview":"max-video-preview:-1"},"canonical":"https:\/\/marburgerorchard.com\/it\/sugar-baby-e-papa\/","og_locale":"it_IT","og_type":"article","og_title":"Sugar Baby e pap\u00e0 - Meet Nearby","og_description":"I bambini di zucchero sono individui che forniscono servizi di compagnia a uomini ricchi. I bambini di zucchero in genere&hellip;","og_url":"https:\/\/marburgerorchard.com\/it\/sugar-baby-e-papa\/","og_site_name":"Meet Nearby","article_modified_time":"2022-10-17T10:53:56+00:00","twitter_card":"summary_large_image","twitter_misc":{"Tempo di lettura stimato":"2 minuti"},"schema":{"@context":"https:\/\/schema.org","@graph":[{"@type":"WebSite","@id":"https:\/\/marburgerorchard.com\/it\/#website","url":"https:\/\/marburgerorchard.com\/it\/","name":"Meet Nearby","description":"Adult Dating Guide","potentialAction":[{"@type":"SearchAction","target":{"@type":"EntryPoint","urlTemplate":"https:\/\/marburgerorchard.com\/it\/?s={search_term_string}"},"query-input":"required name=search_term_string"}],"inLanguage":"it-IT"},{"@type":"WebPage","@id":"https:\/\/marburgerorchard.com\/it\/sugar-baby-e-papa\/#webpage","url":"https:\/\/marburgerorchard.com\/it\/sugar-baby-e-papa\/","name":"Sugar Baby e pap\u00e0 - Meet Nearby","isPartOf":{"@id":"https:\/\/marburgerorchard.com\/it\/#website"},"datePublished":"2022-09-26T13:26:15+00:00","dateModified":"2022-10-17T10:53:56+00:00","breadcrumb":{"@id":"https:\/\/marburgerorchard.com\/it\/sugar-baby-e-papa\/#breadcrumb"},"inLanguage":"it-IT","potentialAction":[{"@type":"ReadAction","target":["https:\/\/marburgerorchard.com\/it\/sugar-baby-e-papa\/"]}]},{"@type":"BreadcrumbList","@id":"https:\/\/marburgerorchard.com\/it\/sugar-baby-e-papa\/#breadcrumb","itemListElement":[{"@type":"ListItem","position":1,"name":"Home","item":"https:\/\/marburgerorchard.com\/it\/"},{"@type":"ListItem","position":2,"name":"Sugar Baby e pap\u00e0"}]}]}},"_links":{"self":[{"href":"https:\/\/marburgerorchard.com\/it\/wp-json\/wp\/v2\/pages\/120"}],"collection":[{"href":"https:\/\/marburgerorchard.com\/it\/wp-json\/wp\/v2\/pages"}],"about":[{"href":"https:\/\/marburgerorchard.com\/it\/wp-json\/wp\/v2\/types\/page"}],"author":[{"embeddable":true,"href":"https:\/\/marburgerorchard.com\/it\/wp-json\/wp\/v2\/users\/1"}],"replies":[{"embeddable":true,"href":"https:\/\/marburgerorchard.com\/it\/wp-json\/wp\/v2\/comments?post=120"}],"version-history":[{"count":1,"href":"https:\/\/marburgerorchard.com\/it\/wp-json\/wp\/v2\/pages\/120\/revisions"}],"predecessor-version":[{"id":307,"href":"https:\/\/marburgerorchard.com\/it\/wp-json\/wp\/v2\/pages\/120\/revisions\/307"}],"wp:attachment":[{"href":"https:\/\/marburgerorchard.com\/it\/wp-json\/wp\/v2\/media?parent=120"}],"curies":[{"name":"wp","href":"https:\/\/api.w.org\/{rel}","templated":true}]}}