{"id":87,"date":"2022-09-26T14:26:15","date_gmt":"2022-09-26T13:26:15","guid":{"rendered":"http:\/\/marburgerorchard.com\/secerna-beba-i-tate\/"},"modified":"2022-09-26T14:26:15","modified_gmt":"2022-09-26T13:26:15","slug":"secerna-beba-i-tate","status":"publish","type":"page","link":"https:\/\/marburgerorchard.com\/hr\/secerna-beba-i-tate\/","title":{"rendered":"\u0160e\u0107erna beba i tate"},"content":{"rendered":"<p>\u0160e\u0107erne bebe su pojedinci koji pru\u017eaju usluge dru\u017eenja bogatim mu\u0161karcima. \u0160e\u0107erne bebe obi\u010dno zara\u0111uju putem internetskih platformi kao \u0161to su Seeking Arrangement, Elite Daily i OK Cupid. Iako je aran\u017eman obi\u010dno obostrano koristan, zahtijeva odre\u0111enu razinu povjerenja. Postoji mnogo web mjesta posve\u0107enih pomaganju da se pove\u017eete sa \u0161e\u0107ernim bebama. Ove web stranice omogu\u0107uju vam pregledavanje profila na temelju kriterija kao \u0161to su dob, spol, lokacija i interesi. Nakon \u0161to prona\u0111ete nekoga koga \u017eelite upoznati, mo\u017eete mu izravno poslati poruku.<\/p>\n<p>Iako je mogu\u0107e upoznati \u0161e\u0107erne bebe u stvarnom \u017eivotu, mnogo je lak\u0161e organizirati datume putem interneta. Web stranice poput Seeking Arrangement nude sigurno okru\u017eenje za obje strane za komunikaciju i postavljanje sastanaka.<\/p>\n<h2>Upoznajte sugar daddy online<\/h2>\n<p>Postoji nekoliko prednosti ro\u0111enja \u0161e\u0107erne bebe. Prvo, pru\u017ea financijski stabilnim pojedincima nekoga tko \u0107e se brinuti o njima dok odrastaju. Drugo, omogu\u0107uje \u017eeni da ostvari svoje ciljeve u karijeri bez brige o tro\u0161kovima skrbi o djeci. Tre\u0107e, daje \u010dovjeku priliku da u\u017eiva u \u017eivotu bez osje\u0107aja krivnje zbog svog bogatstva.<\/p>\n<p>Sve u svemu, \u0161e\u0107erne bebe nude jedinstvene mogu\u0107nosti za osobni rast i ispunjenje. Me\u0111utim, va\u017eno je zapamtiti da ti odnosi nisu namijenjeni zamjeni tradicionalnih brakova. Umjesto toga, oni su samo jo\u0161 jedan oblik upoznavanja odraslih.<\/p>\n<h2>Upoznajte \u0161e\u0107ernu bebu<\/h2>\n<p>\u0160e\u0107erne bebe su mlade \u017eene koje tra\u017ee financijsku potporu od bogatih \u0161e\u0107ernih tata. Ti se aran\u017emani uvelike razlikuju, od kratkoro\u010dnog dru\u017eenja do dugoro\u010dnih romanti\u010dnih veza. \u0160e\u0107erne bebe obi\u010dno pru\u017eaju dru\u0161tvo, naklonost i seksualne usluge u zamjenu za novac.<\/p>\n<p>Dok web stranice za upoznavanje sugar daddyja postoje, ve\u0107ina \u0161e\u0107ernih beba upoznaje svoje partnere izvan mre\u017ee. Mnoge \u0161e\u0107erne bebe izvje\u0161tavaju da ih je u po\u010detku privla\u010dilo bogatstvo, status i veze svog partnera. Drugi ka\u017eu da su prona\u0161li svog \u0161e\u0107ernog tatu na internetu nakon \u0161to su tra\u017eili potencijalne \u0161ibice. Bez obzira na to kako su se upoznali, \u0161e\u0107erne bebe obi\u010dno zapo\u010dinju svoj odnos sa \u0161e\u0107ernim tatom koji im pru\u017ea darove, novac i druge oblike naknade. Me\u0111utim, kako odnos napreduje, \u0161e\u0107erne bebe o\u010dekuju da \u0107e dobiti dodatne pogodnosti, uklju\u010duju\u0107i putovanja, odje\u0107u i luksuzne predmete.<\/p>\n","protected":false},"excerpt":{"rendered":"<p>\u0160e\u0107erne bebe su pojedinci koji pru\u017eaju usluge dru\u017eenja bogatim mu\u0161karcima. \u0160e\u0107erne bebe obi\u010dno zara\u0111uju putem internetskih platformi kao \u0161to su&hellip;<\/p>\n","protected":false},"author":1,"featured_media":0,"parent":0,"menu_order":0,"comment_status":"closed","ping_status":"closed","template":"","meta":[],"yoast_head":"<!-- This site is optimized with the Yoast SEO plugin v17.7.1 - https:\/\/yoast.com\/wordpress\/plugins\/seo\/ -->\n<title>\u0160e\u0107erna beba i tate - Meet Nearby<\/title>\n<meta name=\"robots\" content=\"index, follow, max-snippet:-1, max-image-preview:large, max-video-preview:-1\" \/>\n<link rel=\"canonical\" href=\"https:\/\/marburgerorchard.com\/hr\/secerna-beba-i-tate\/\" \/>\n<meta property=\"og:locale\" content=\"hr_HR\" \/>\n<meta property=\"og:type\" content=\"article\" \/>\n<meta property=\"og:title\" content=\"\u0160e\u0107erna beba i tate - Meet Nearby\" \/>\n<meta property=\"og:description\" content=\"\u0160e\u0107erne bebe su pojedinci koji pru\u017eaju usluge dru\u017eenja bogatim mu\u0161karcima. \u0160e\u0107erne bebe obi\u010dno zara\u0111uju putem internetskih platformi kao \u0161to su&hellip;\" \/>\n<meta property=\"og:url\" content=\"https:\/\/marburgerorchard.com\/hr\/secerna-beba-i-tate\/\" \/>\n<meta property=\"og:site_name\" content=\"Meet Nearby\" \/>\n<meta name=\"twitter:card\" content=\"summary_large_image\" \/>\n<meta name=\"twitter:label1\" content=\"Procijenjeno vrijeme \u010ditanja\" \/>\n\t<meta name=\"twitter:data1\" content=\"2 minute\" \/>\n<script type=\"application\/ld+json\" class=\"yoast-schema-graph\">{\"@context\":\"https:\/\/schema.org\",\"@graph\":[{\"@type\":\"WebSite\",\"@id\":\"https:\/\/marburgerorchard.com\/hr\/#website\",\"url\":\"https:\/\/marburgerorchard.com\/hr\/\",\"name\":\"Meet Nearby\",\"description\":\"Adult Dating Guide\",\"potentialAction\":[{\"@type\":\"SearchAction\",\"target\":{\"@type\":\"EntryPoint\",\"urlTemplate\":\"https:\/\/marburgerorchard.com\/hr\/?s={search_term_string}\"},\"query-input\":\"required name=search_term_string\"}],\"inLanguage\":\"hr\"},{\"@type\":\"WebPage\",\"@id\":\"https:\/\/marburgerorchard.com\/hr\/secerna-beba-i-tate\/#webpage\",\"url\":\"https:\/\/marburgerorchard.com\/hr\/secerna-beba-i-tate\/\",\"name\":\"\\u0160e\\u0107erna beba i tate - Meet Nearby\",\"isPartOf\":{\"@id\":\"https:\/\/marburgerorchard.com\/hr\/#website\"},\"datePublished\":\"2022-09-26T13:26:15+00:00\",\"dateModified\":\"2022-09-26T13:26:15+00:00\",\"breadcrumb\":{\"@id\":\"https:\/\/marburgerorchard.com\/hr\/secerna-beba-i-tate\/#breadcrumb\"},\"inLanguage\":\"hr\",\"potentialAction\":[{\"@type\":\"ReadAction\",\"target\":[\"https:\/\/marburgerorchard.com\/hr\/secerna-beba-i-tate\/\"]}]},{\"@type\":\"BreadcrumbList\",\"@id\":\"https:\/\/marburgerorchard.com\/hr\/secerna-beba-i-tate\/#breadcrumb\",\"itemListElement\":[{\"@type\":\"ListItem\",\"position\":1,\"name\":\"Home\",\"item\":\"https:\/\/marburgerorchard.com\/hr\/\"},{\"@type\":\"ListItem\",\"position\":2,\"name\":\"\\u0160e\\u0107erna beba i tate\"}]}]}<\/script>\n<!-- \/ Yoast SEO plugin. -->","yoast_head_json":{"title":"\u0160e\u0107erna beba i tate - Meet Nearby","robots":{"index":"index","follow":"follow","max-snippet":"max-snippet:-1","max-image-preview":"max-image-preview:large","max-video-preview":"max-video-preview:-1"},"canonical":"https:\/\/marburgerorchard.com\/hr\/secerna-beba-i-tate\/","og_locale":"hr_HR","og_type":"article","og_title":"\u0160e\u0107erna beba i tate - Meet Nearby","og_description":"\u0160e\u0107erne bebe su pojedinci koji pru\u017eaju usluge dru\u017eenja bogatim mu\u0161karcima. \u0160e\u0107erne bebe obi\u010dno zara\u0111uju putem internetskih platformi kao \u0161to su&hellip;","og_url":"https:\/\/marburgerorchard.com\/hr\/secerna-beba-i-tate\/","og_site_name":"Meet Nearby","twitter_card":"summary_large_image","twitter_misc":{"Procijenjeno vrijeme \u010ditanja":"2 minute"},"schema":{"@context":"https:\/\/schema.org","@graph":[{"@type":"WebSite","@id":"https:\/\/marburgerorchard.com\/hr\/#website","url":"https:\/\/marburgerorchard.com\/hr\/","name":"Meet Nearby","description":"Adult Dating Guide","potentialAction":[{"@type":"SearchAction","target":{"@type":"EntryPoint","urlTemplate":"https:\/\/marburgerorchard.com\/hr\/?s={search_term_string}"},"query-input":"required name=search_term_string"}],"inLanguage":"hr"},{"@type":"WebPage","@id":"https:\/\/marburgerorchard.com\/hr\/secerna-beba-i-tate\/#webpage","url":"https:\/\/marburgerorchard.com\/hr\/secerna-beba-i-tate\/","name":"\u0160e\u0107erna beba i tate - Meet Nearby","isPartOf":{"@id":"https:\/\/marburgerorchard.com\/hr\/#website"},"datePublished":"2022-09-26T13:26:15+00:00","dateModified":"2022-09-26T13:26:15+00:00","breadcrumb":{"@id":"https:\/\/marburgerorchard.com\/hr\/secerna-beba-i-tate\/#breadcrumb"},"inLanguage":"hr","potentialAction":[{"@type":"ReadAction","target":["https:\/\/marburgerorchard.com\/hr\/secerna-beba-i-tate\/"]}]},{"@type":"BreadcrumbList","@id":"https:\/\/marburgerorchard.com\/hr\/secerna-beba-i-tate\/#breadcrumb","itemListElement":[{"@type":"ListItem","position":1,"name":"Home","item":"https:\/\/marburgerorchard.com\/hr\/"},{"@type":"ListItem","position":2,"name":"\u0160e\u0107erna beba i tate"}]}]}},"_links":{"self":[{"href":"https:\/\/marburgerorchard.com\/hr\/wp-json\/wp\/v2\/pages\/87"}],"collection":[{"href":"https:\/\/marburgerorchard.com\/hr\/wp-json\/wp\/v2\/pages"}],"about":[{"href":"https:\/\/marburgerorchard.com\/hr\/wp-json\/wp\/v2\/types\/page"}],"author":[{"embeddable":true,"href":"https:\/\/marburgerorchard.com\/hr\/wp-json\/wp\/v2\/users\/1"}],"replies":[{"embeddable":true,"href":"https:\/\/marburgerorchard.com\/hr\/wp-json\/wp\/v2\/comments?post=87"}],"version-history":[{"count":0,"href":"https:\/\/marburgerorchard.com\/hr\/wp-json\/wp\/v2\/pages\/87\/revisions"}],"wp:attachment":[{"href":"https:\/\/marburgerorchard.com\/hr\/wp-json\/wp\/v2\/media?parent=87"}],"curies":[{"name":"wp","href":"https:\/\/api.w.org\/{rel}","templated":true}]}}