{"id":193,"date":"2022-09-25T15:08:59","date_gmt":"2022-09-25T14:08:59","guid":{"rendered":"http:\/\/marburgerorchard.com\/lokalne-veze-za-upoznavanje\/"},"modified":"2022-09-25T15:08:59","modified_gmt":"2022-09-25T14:08:59","slug":"lokalne-veze-za-upoznavanje","status":"publish","type":"page","link":"https:\/\/marburgerorchard.com\/hr\/","title":{"rendered":"Lokalne veze za upoznavanje"},"content":{"rendered":"<h2>Na\u0161 vodi\u010d za razgovor s lokalnim samcima<\/h2>\n<p>Ideja koja stoji iza ovih vrsta web stranica je jednostavna: prijavite se, prenesete fotografiju, ispunite profil i po\u010dnete pregledavati profile \u010dlanova \u0161irom svijeta. Kad se nekome svidi ono \u0161to vidi, \u0161alje namigivanje ili zahtjev za utakmicu. Ako obje strane pristanu oti\u0107i na spoj, razgovarat \u0107e putem SMS-a ili videopoziva. A ako sve pro\u0111e dobro, mogli biste se na kraju sastati licem u lice.<\/p>\n<p>Postoji mno\u0161tvo razli\u010ditih na\u010dina kori\u0161tenja i ovih web stranica. Neki ljudi samo pregledavaju web mjesto i tra\u017ee podudaranja; drugi osnivaju skupine na temelju zajedni\u010dkih interesa, kao \u0161to su sportski timovi, hobiji itd.; i drugi koriste ugra\u0111enu zna\u010dajku razmjene poruka aplikacije ili web-lokacije za razgovor s potencijalnim datumima.<\/p>\n<p>Osobno sam koristio nekoliko ovih web stranica tijekom godina i mislim da su izvrsne opcije za pronala\u017eenje ljubavi na mre\u017ei. Ali uvijek preporu\u010dujem da istra\u017eite prije nego \u0161to se prijavite. Provjerite je li web-mjesto legitimno, sigurno i sigurno. Tako\u0111er, ne zaboravite pro\u010ditati recenzije i ocjene prije dono\u0161enja odluke.<\/p>\n<h2>Na\u0161e najbolje recenzije<\/h2>\n<p>Znam \u0161to misli\u0161. &#8220;Koja je stranica za spajanje besplatna?&#8221; Pa, postoji mnogo opcija vani, ali neke ko\u0161taju novac, dok su druge potpuno besplatne. Dakle, evo nas&#8230;<\/p>\n<p>1. OkCupid &#8211; Ova aplikacija za upoznavanje prili\u010dno je jednostavna. Sve \u0161to trebate u\u010diniti je ispuniti profil, prenijeti fotografiju i po\u010deti povla\u010diti prstom ulijevo ili udesno. Ako vam se netko svi\u0111a, po\u0161aljite mu mig. Mogu ga prihvatiti ili odbiti. I to je sve. Nema previ\u0161e zna\u010dajki, ali dobro funkcionira.<\/p>\n<p>2. Tinder &#8211; Jo\u0161 jedna popularna aplikacija za upoznavanje, Tinder vam omogu\u0107uje da prije\u0111ete prstom udesno na ljude koji su vam privla\u010dni. Ako se podudarate s drugom osobom, mo\u017eete razgovarati s njom putem teksta. Izuzetno je jednostavan za upotrebu i izvrsno radi.<\/p>\n<p>3. Puno ribe &#8211; POF je malo druga\u010diji jer zahtijeva Facebook ra\u010dun za prijavu. Nakon \u0161to se prijavite u aplikaciju, vidjet \u0107ete feed pun potencijalnih podudaranja na temelju va\u0161e lokacije. Mo\u017eete sami pregledavati profile ili mo\u017eete zamoliti prijatelje da vas upoznaju s drugim samcima u blizini.<\/p>\n<p>4. Zoosk &#8211; Ova aplikacija za upoznavanje sli\u010dna je OKCupidu i Tinderu. Mo\u017eete pregledati fotografije \u010dlanova i pro\u010ditati njihove biografije prije nego \u0161to odlu\u010dite ho\u0107ete li pogoditi &#8216;utakmicu&#8217;. Nakon \u0161to se odlu\u010dite uskladiti, mo\u017eete me\u0111usobno razgovarati. Vrlo je osnovni i nedostaje mu prilagodba.<\/p>\n<p>5. Utakmica &#8211; Utakmica je malo druga\u010dija jer zapravo nikoga ne susre\u0107ete na mre\u017ei. Umjesto toga, ulazite u sobu u kojoj komunicirate sa stvarnim ljudima. Svaka soba je tematski raspore\u0111ena oko odre\u0111ene vrste odnosa kao \u0161to su povremeni datumi, ozbiljne veze itd. Mo\u017eete razgovarati s vi\u0161e ljudi unutar iste sobe, ali mo\u017eete razgovarati samo s jednom osobom izvan sobe.<\/p>\n<p>6. Bumble &#8211; Bumble je upravo onakav kakav zvu\u010di. \u017dene pokre\u0107u razgovore, a mu\u0161karci moraju odgovoriti. Me\u0111utim, nakon \u0161to to u\u010dinite, mo\u017eete odabrati ignoriranje onoga tko vam je poslao zahtjev.<\/p>\n<h3>Bacati<\/h3>\n<p>Prva besplatna aplikacija za spajanje koju \u0107u vam predlo\u017eiti da isprobate je ona koja se zove Fling, koja je potpuno besplatna za pridru\u017eivanje. To je mo\u017eda najbolja aplikacija za online upoznavanje koju sam koristio tijekom godina.<\/p>\n<p>Zapravo, kad sam prvi put pogledao ovu aplikaciju, zavr\u0161io sam s provo\u0111enjem cijelog tjedna koriste\u0107i besplatnu verziju. I ubrzo nakon toga, nadogradio sam jer sam htio pove\u0107ati svoje \u0161anse za spajanje. Kad god \u017eelim upoznati nekoga, idem ravno u Fling.<\/p>\n<p>Naravno, imaju opcije nadogradnje &#8211; poput podudaranja ljudi na temelju lokacije &#8211; koje vam znatno olak\u0161avaju povezivanje s lokalnim samcima koji se \u017eele seksati, a iako su te nadogradnje prili\u010dno skupe (19.99 USD), i dalje dobro funkcioniraju. Ali za sada, besplatna verzija radi sasvim u redu.<\/p>\n<h2>Kako odabrati prava web-mjesta<\/h2>\n<p>Iako postoji mnogo web lokacija koje tvrde da poma\u017eu ljudima da prona\u0111u ljubav, ve\u0107ina njih nije vrijedna va\u0161eg vremena. Evo za\u0161to:<\/p>\n<h3>Veli\u010dina korisni\u010dke baze<\/h3>\n<p>Prvo \u0161to \u017eelite pogledati je koliko je velika korisni\u010dka baza. Koliko je ljudi zapravo na web mjestu? Ako ima na tisu\u0107e \u010dlanova, velike su \u0161anse da ne\u0107ete imati puno sre\u0107e. Dobro pravilo je 3.000+ \u010dlanova.<\/p>\n<h3>Jednostavnost kori\u0161tenja<\/h3>\n<p>Ako ste ikada bili na aplikaciji za upoznavanje poput Tindera, Bumblea, Hingea itd., Znate o \u010demu govorim. Sjajni su jer olak\u0161avaju prelazak prstom ulijevo ili udesno na stotinama profila. Na taj na\u010din ne gubite previ\u0161e vremena listaju\u0107i beskrajne profile.<\/p>\n<h3>Kvaliteta \u010dlanova<\/h3>\n<p>Ovo mi je jedna od najdra\u017eih stvari za provjeriti. Potra\u017eite recenzije na mre\u017ei i pogledajte \u0161to prethodni kupci imaju za re\u0107i. Daju li povratne informacije? Jesu li im ocjene visoke? \u0160to ka\u017eu o korisni\u010dkoj podr\u0161ci? Svi ti \u010dimbenici utje\u010du na to \u017eelite li se prijaviti na web mjesto ili ne.<\/p>\n","protected":false},"excerpt":{"rendered":"<p>Na\u0161 vodi\u010d za razgovor s lokalnim samcima Ideja koja stoji iza ovih vrsta web stranica je jednostavna: prijavite se, prenesete&hellip;<\/p>\n","protected":false},"author":1,"featured_media":76,"parent":0,"menu_order":0,"comment_status":"closed","ping_status":"closed","template":"","meta":[],"yoast_head":"<!-- This site is optimized with the Yoast SEO plugin v17.7.1 - https:\/\/yoast.com\/wordpress\/plugins\/seo\/ -->\n<title>Lokalne veze za upoznavanje - Upoznajte samce u svom podru\u010dju koji \u017eele seks!<\/title>\n<meta name=\"robots\" content=\"index, follow, max-snippet:-1, max-image-preview:large, max-video-preview:-1\" \/>\n<link rel=\"canonical\" href=\"https:\/\/marburgerorchard.com\/hr\/\" \/>\n<meta property=\"og:locale\" content=\"hr_HR\" \/>\n<meta property=\"og:type\" content=\"article\" \/>\n<meta property=\"og:title\" content=\"Lokalne veze za upoznavanje - Upoznajte samce u svom podru\u010dju koji \u017eele seks!\" \/>\n<meta property=\"og:description\" content=\"Na\u0161 vodi\u010d za razgovor s lokalnim samcima Ideja koja stoji iza ovih vrsta web stranica je jednostavna: prijavite se, prenesete&hellip;\" \/>\n<meta property=\"og:url\" content=\"https:\/\/marburgerorchard.com\/hr\/\" \/>\n<meta property=\"og:site_name\" content=\"Meet Nearby\" \/>\n<meta property=\"og:image\" content=\"https:\/\/marburgerorchard.com\/wp-content\/uploads\/2022\/09\/guide-to-find-sex.jpeg\" \/>\n\t<meta property=\"og:image:width\" content=\"500\" \/>\n\t<meta property=\"og:image:height\" content=\"333\" \/>\n<meta name=\"twitter:card\" content=\"summary_large_image\" \/>\n<meta name=\"twitter:label1\" content=\"Procijenjeno vrijeme \u010ditanja\" \/>\n\t<meta name=\"twitter:data1\" content=\"4 minute\" \/>\n<script type=\"application\/ld+json\" class=\"yoast-schema-graph\">{\"@context\":\"https:\/\/schema.org\",\"@graph\":[{\"@type\":\"WebSite\",\"@id\":\"https:\/\/marburgerorchard.com\/hr\/#website\",\"url\":\"https:\/\/marburgerorchard.com\/hr\/\",\"name\":\"Meet Nearby\",\"description\":\"Adult Dating Guide\",\"potentialAction\":[{\"@type\":\"SearchAction\",\"target\":{\"@type\":\"EntryPoint\",\"urlTemplate\":\"https:\/\/marburgerorchard.com\/hr\/?s={search_term_string}\"},\"query-input\":\"required name=search_term_string\"}],\"inLanguage\":\"hr\"},{\"@type\":\"ImageObject\",\"@id\":\"https:\/\/marburgerorchard.com\/hr\/#primaryimage\",\"inLanguage\":\"hr\",\"url\":\"https:\/\/marburgerorchard.com\/wp-content\/uploads\/2022\/09\/guide-to-find-sex.jpeg\",\"contentUrl\":\"https:\/\/marburgerorchard.com\/wp-content\/uploads\/2022\/09\/guide-to-find-sex.jpeg\",\"width\":500,\"height\":333},{\"@type\":\"WebPage\",\"@id\":\"https:\/\/marburgerorchard.com\/hr\/#webpage\",\"url\":\"https:\/\/marburgerorchard.com\/hr\/\",\"name\":\"Lokalne veze za upoznavanje - Upoznajte samce u svom podru\\u010dju koji \\u017eele seks!\",\"isPartOf\":{\"@id\":\"https:\/\/marburgerorchard.com\/hr\/#website\"},\"primaryImageOfPage\":{\"@id\":\"https:\/\/marburgerorchard.com\/hr\/#primaryimage\"},\"datePublished\":\"2022-09-25T14:08:59+00:00\",\"dateModified\":\"2022-09-25T14:08:59+00:00\",\"breadcrumb\":{\"@id\":\"https:\/\/marburgerorchard.com\/hr\/#breadcrumb\"},\"inLanguage\":\"hr\",\"potentialAction\":[{\"@type\":\"ReadAction\",\"target\":[\"https:\/\/marburgerorchard.com\/hr\/\"]}]},{\"@type\":\"BreadcrumbList\",\"@id\":\"https:\/\/marburgerorchard.com\/hr\/#breadcrumb\",\"itemListElement\":[{\"@type\":\"ListItem\",\"position\":1,\"name\":\"Home\",\"item\":\"https:\/\/marburgerorchard.com\/hr\/\"},{\"@type\":\"ListItem\",\"position\":2,\"name\":\"Lokalne veze za upoznavanje\"}]}]}<\/script>\n<!-- \/ Yoast SEO plugin. -->","yoast_head_json":{"title":"Lokalne veze za upoznavanje - Upoznajte samce u svom podru\u010dju koji \u017eele seks!","robots":{"index":"index","follow":"follow","max-snippet":"max-snippet:-1","max-image-preview":"max-image-preview:large","max-video-preview":"max-video-preview:-1"},"canonical":"https:\/\/marburgerorchard.com\/hr\/","og_locale":"hr_HR","og_type":"article","og_title":"Lokalne veze za upoznavanje - Upoznajte samce u svom podru\u010dju koji \u017eele seks!","og_description":"Na\u0161 vodi\u010d za razgovor s lokalnim samcima Ideja koja stoji iza ovih vrsta web stranica je jednostavna: prijavite se, prenesete&hellip;","og_url":"https:\/\/marburgerorchard.com\/hr\/","og_site_name":"Meet Nearby","og_image":[{"width":500,"height":333,"url":"https:\/\/marburgerorchard.com\/wp-content\/uploads\/2022\/09\/guide-to-find-sex.jpeg","type":"image\/jpeg"}],"twitter_card":"summary_large_image","twitter_misc":{"Procijenjeno vrijeme \u010ditanja":"4 minute"},"schema":{"@context":"https:\/\/schema.org","@graph":[{"@type":"WebSite","@id":"https:\/\/marburgerorchard.com\/hr\/#website","url":"https:\/\/marburgerorchard.com\/hr\/","name":"Meet Nearby","description":"Adult Dating Guide","potentialAction":[{"@type":"SearchAction","target":{"@type":"EntryPoint","urlTemplate":"https:\/\/marburgerorchard.com\/hr\/?s={search_term_string}"},"query-input":"required name=search_term_string"}],"inLanguage":"hr"},{"@type":"ImageObject","@id":"https:\/\/marburgerorchard.com\/hr\/#primaryimage","inLanguage":"hr","url":"https:\/\/marburgerorchard.com\/wp-content\/uploads\/2022\/09\/guide-to-find-sex.jpeg","contentUrl":"https:\/\/marburgerorchard.com\/wp-content\/uploads\/2022\/09\/guide-to-find-sex.jpeg","width":500,"height":333},{"@type":"WebPage","@id":"https:\/\/marburgerorchard.com\/hr\/#webpage","url":"https:\/\/marburgerorchard.com\/hr\/","name":"Lokalne veze za upoznavanje - Upoznajte samce u svom podru\u010dju koji \u017eele seks!","isPartOf":{"@id":"https:\/\/marburgerorchard.com\/hr\/#website"},"primaryImageOfPage":{"@id":"https:\/\/marburgerorchard.com\/hr\/#primaryimage"},"datePublished":"2022-09-25T14:08:59+00:00","dateModified":"2022-09-25T14:08:59+00:00","breadcrumb":{"@id":"https:\/\/marburgerorchard.com\/hr\/#breadcrumb"},"inLanguage":"hr","potentialAction":[{"@type":"ReadAction","target":["https:\/\/marburgerorchard.com\/hr\/"]}]},{"@type":"BreadcrumbList","@id":"https:\/\/marburgerorchard.com\/hr\/#breadcrumb","itemListElement":[{"@type":"ListItem","position":1,"name":"Home","item":"https:\/\/marburgerorchard.com\/hr\/"},{"@type":"ListItem","position":2,"name":"Lokalne veze za upoznavanje"}]}]}},"_links":{"self":[{"href":"https:\/\/marburgerorchard.com\/hr\/wp-json\/wp\/v2\/pages\/193"}],"collection":[{"href":"https:\/\/marburgerorchard.com\/hr\/wp-json\/wp\/v2\/pages"}],"about":[{"href":"https:\/\/marburgerorchard.com\/hr\/wp-json\/wp\/v2\/types\/page"}],"author":[{"embeddable":true,"href":"https:\/\/marburgerorchard.com\/hr\/wp-json\/wp\/v2\/users\/1"}],"replies":[{"embeddable":true,"href":"https:\/\/marburgerorchard.com\/hr\/wp-json\/wp\/v2\/comments?post=193"}],"version-history":[{"count":1,"href":"https:\/\/marburgerorchard.com\/hr\/wp-json\/wp\/v2\/pages\/193\/revisions"}],"predecessor-version":[{"id":359,"href":"https:\/\/marburgerorchard.com\/hr\/wp-json\/wp\/v2\/pages\/193\/revisions\/359"}],"wp:featuredmedia":[{"embeddable":true,"href":"https:\/\/marburgerorchard.com\/hr\/wp-json\/wp\/v2\/media\/76"}],"wp:attachment":[{"href":"https:\/\/marburgerorchard.com\/hr\/wp-json\/wp\/v2\/media?parent=193"}],"curies":[{"name":"wp","href":"https:\/\/api.w.org\/{rel}","templated":true}]}}