{"id":150,"date":"2022-09-26T14:25:14","date_gmt":"2022-09-26T13:25:14","guid":{"rendered":"http:\/\/marburgerorchard.com\/upoznajte-lokalne-milf-ove-koji-zele-seks\/"},"modified":"2022-09-26T14:25:14","modified_gmt":"2022-09-26T13:25:14","slug":"upoznajte-lokalne-milf-ove-koji-zele-seks","status":"publish","type":"page","link":"https:\/\/marburgerorchard.com\/hr\/upoznajte-lokalne-milf-ove-koji-zele-seks\/","title":{"rendered":"Upoznajte lokalne MILF-ove koji \u017eele seks"},"content":{"rendered":"<p>Najbolje web stranice za upoznavanje su one koje vam omogu\u0107uju povezivanje s ljudima na temelju zajedni\u010dkih interesa, dobi, lokacije i osobina li\u010dnosti. Aplikacije za upoznavanje pume mjesto su na kojem se mladi\u0107i i starije \u017eene susre\u0107u &#8211; i na mre\u017ei i izvan njega. Postoji od davnina i izrastao je u jednu od najve\u0107ih zajednica za ljude koji tra\u017ee ljubav i dru\u017eenje izvan tradicionalnih odnosa.<\/p>\n<p>Ako vas je pregledavanje putem interneta dovelo ovdje, velike su \u0161anse da bi i na\u0161a zajednica mogla imati ono \u0161to tra\u017eite. Povezujemo neudane \u017eene starije od 40 godina s mla\u0111im mu\u0161karcima koji su spremni za zabavu. Na\u0161i \u010dlanovi uklju\u010duju i pume i mladunce &#8211; \u017eene koje tra\u017ee ljubav i odnos, dok mu\u0161karci tra\u017ee zrelo dru\u0161tvo. Na tim \u0107ete aplikacijama prona\u0107i sve, od povremenih avantura do ozbiljnih veza. Svi uzrasti, rase, religije, seksualne orijentacije i \u017eivotni stilovi dobrodo\u0161li.<\/p>\n<h2>Besplatni spojevi pume<\/h2>\n<p>Ako \u017eelite po\u010deti upoznavati vru\u0107e mame na mre\u017ei, pogledajte na\u0161 popis najboljih MILF web lokacija i aplikacija za upoznavanje. Ove web stranice i aplikacije nude besplatno \u010dlanstvo plus premium zna\u010dajke poput neograni\u010denog broja poruka, video chata i trenutnog pristupa tisu\u0107ama \u010dlanova. Osim toga, mnogi od njih omogu\u0107uju vam pregledavanje profila bez potrebe da ni\u0161ta pla\u0107ate unaprijed.<\/p>\n<p>Pogledali smo desetke popularnih web lokacija za upoznavanje odraslih i prona\u0161li dvije koje su se zaista istaknule na temelju kvalitete, sigurnosti, jednostavnosti kori\u0161tenja i vrijednosti. Svi su dokazano sigurni, pouzdani i u\u010dinkoviti za pronala\u017eenje seksualnih partnera. I \u0161to je najva\u017enije, svi su slobodni da se pridru\u017ee. Dakle, bilo da tra\u017eite povremene veze ili ozbiljne veze, ove su web stranice savr\u0161ene za \u0161evu.<\/p>\n<h3>AdultFriendFinder<\/h3>\n<p>Adult Friend Finder jedno je od najstarijih i najve\u0107ih web mjesta za upoznavanje odraslih. S milijunima aktivnih \u010dlanova, AF pronalazi puno samohranih majki i milfica koje tra\u017ee ljubav. Ako tra\u017eite dugoro\u010dnu vezu, AF je pravo mjesto za posjetiti.<\/p>\n<h3>MommyFinders<\/h3>\n<p>Mamafinders je jo\u0161 jedan popularan izbor me\u0111u mla\u0111im de\u010dkima koji tra\u017ee pume. Ova stranica nudi mno\u0161tvo pogodnosti, uklju\u010duju\u0107i chat putem web kamere u\u017eivo, korisni\u010dku podr\u0161ku 24 sata dnevno, 7 dana u tjednu i tone seksi mama i milfica koje \u010dekaju da se pove\u017eu s vama.<\/p>\n<h2>Upoznavanje MILF-ova<\/h2>\n<p>Postoji nekoliko razloga za\u0161to pume odlu\u010duju izlaziti s mla\u0111im mu\u0161karcima. Prvo, pume se \u017eele ponovno osje\u0107ati mladima. Kada imate 20, 30, 40, 50 itd., Sjajan je osje\u0107aj izlaziti s nekim zbog koga se ponovno osje\u0107ate mladoliko. Drugo, pume smatraju da su mla\u0111i mu\u0161karci privla\u010dni jer su obi\u010dno vrlo zgodni, samouvjereni i \u0161armantni. Tre\u0107e, pume vole mla\u0111e mu\u0161karce jer je manja vjerojatnost da \u0107e se lo\u0161e pona\u0161ati prema njoj. Pume znaju da mla\u0111i mu\u0161karci jo\u0161 uvijek u\u010de kako se dobro pona\u0161ati prema \u017eenama, pa je ne\u0107e tretirati kao govno. Kona\u010dno, pume vole mla\u0111e de\u010dke jer su obi\u010dno vrlo uspje\u0161ne, financijski stabilne i imaju puno novca za potro\u0161iti na nju.<\/p>\n<p>Pume su vru\u0107e. I \u010dini se da se svaki dan pi\u0161e jo\u0161 ne\u0161to o pumama, bilo da se radi o \u010dlancima, postovima na blogu ili \u010dak TV emisijama. Ali \u0161to to\u010dno zna\u010di ovaj pojam? Je li istina da \u017eene starije od 40 godina hodaju s mla\u0111im mu\u0161karcima? Postoje li pume doista? Dopustite nam da vam pomognemo prona\u0107i odre\u0111enu jasno\u0107u oko teme.<\/p>\n","protected":false},"excerpt":{"rendered":"<p>Najbolje web stranice za upoznavanje su one koje vam omogu\u0107uju povezivanje s ljudima na temelju zajedni\u010dkih interesa, dobi, lokacije i&hellip;<\/p>\n","protected":false},"author":1,"featured_media":0,"parent":0,"menu_order":0,"comment_status":"closed","ping_status":"closed","template":"","meta":[],"yoast_head":"<!-- This site is optimized with the Yoast SEO plugin v17.7.1 - https:\/\/yoast.com\/wordpress\/plugins\/seo\/ -->\n<title>Upoznajte lokalne MILF-ove koji \u017eele seks - Meet Nearby<\/title>\n<meta name=\"robots\" content=\"index, follow, max-snippet:-1, max-image-preview:large, max-video-preview:-1\" \/>\n<link rel=\"canonical\" href=\"https:\/\/marburgerorchard.com\/hr\/upoznajte-lokalne-milf-ove-koji-zele-seks\/\" \/>\n<meta property=\"og:locale\" content=\"hr_HR\" \/>\n<meta property=\"og:type\" content=\"article\" \/>\n<meta property=\"og:title\" content=\"Upoznajte lokalne MILF-ove koji \u017eele seks - Meet Nearby\" \/>\n<meta property=\"og:description\" content=\"Najbolje web stranice za upoznavanje su one koje vam omogu\u0107uju povezivanje s ljudima na temelju zajedni\u010dkih interesa, dobi, lokacije i&hellip;\" \/>\n<meta property=\"og:url\" content=\"https:\/\/marburgerorchard.com\/hr\/upoznajte-lokalne-milf-ove-koji-zele-seks\/\" \/>\n<meta property=\"og:site_name\" content=\"Meet Nearby\" \/>\n<meta name=\"twitter:card\" content=\"summary_large_image\" \/>\n<meta name=\"twitter:label1\" content=\"Procijenjeno vrijeme \u010ditanja\" \/>\n\t<meta name=\"twitter:data1\" content=\"3 minute\" \/>\n<script type=\"application\/ld+json\" class=\"yoast-schema-graph\">{\"@context\":\"https:\/\/schema.org\",\"@graph\":[{\"@type\":\"WebSite\",\"@id\":\"https:\/\/marburgerorchard.com\/hr\/#website\",\"url\":\"https:\/\/marburgerorchard.com\/hr\/\",\"name\":\"Meet Nearby\",\"description\":\"Adult Dating Guide\",\"potentialAction\":[{\"@type\":\"SearchAction\",\"target\":{\"@type\":\"EntryPoint\",\"urlTemplate\":\"https:\/\/marburgerorchard.com\/hr\/?s={search_term_string}\"},\"query-input\":\"required name=search_term_string\"}],\"inLanguage\":\"hr\"},{\"@type\":\"WebPage\",\"@id\":\"https:\/\/marburgerorchard.com\/hr\/upoznajte-lokalne-milf-ove-koji-zele-seks\/#webpage\",\"url\":\"https:\/\/marburgerorchard.com\/hr\/upoznajte-lokalne-milf-ove-koji-zele-seks\/\",\"name\":\"Upoznajte lokalne MILF-ove koji \\u017eele seks - Meet Nearby\",\"isPartOf\":{\"@id\":\"https:\/\/marburgerorchard.com\/hr\/#website\"},\"datePublished\":\"2022-09-26T13:25:14+00:00\",\"dateModified\":\"2022-09-26T13:25:14+00:00\",\"breadcrumb\":{\"@id\":\"https:\/\/marburgerorchard.com\/hr\/upoznajte-lokalne-milf-ove-koji-zele-seks\/#breadcrumb\"},\"inLanguage\":\"hr\",\"potentialAction\":[{\"@type\":\"ReadAction\",\"target\":[\"https:\/\/marburgerorchard.com\/hr\/upoznajte-lokalne-milf-ove-koji-zele-seks\/\"]}]},{\"@type\":\"BreadcrumbList\",\"@id\":\"https:\/\/marburgerorchard.com\/hr\/upoznajte-lokalne-milf-ove-koji-zele-seks\/#breadcrumb\",\"itemListElement\":[{\"@type\":\"ListItem\",\"position\":1,\"name\":\"Home\",\"item\":\"https:\/\/marburgerorchard.com\/hr\/\"},{\"@type\":\"ListItem\",\"position\":2,\"name\":\"Upoznajte lokalne MILF-ove koji \\u017eele seks\"}]}]}<\/script>\n<!-- \/ Yoast SEO plugin. -->","yoast_head_json":{"title":"Upoznajte lokalne MILF-ove koji \u017eele seks - Meet Nearby","robots":{"index":"index","follow":"follow","max-snippet":"max-snippet:-1","max-image-preview":"max-image-preview:large","max-video-preview":"max-video-preview:-1"},"canonical":"https:\/\/marburgerorchard.com\/hr\/upoznajte-lokalne-milf-ove-koji-zele-seks\/","og_locale":"hr_HR","og_type":"article","og_title":"Upoznajte lokalne MILF-ove koji \u017eele seks - Meet Nearby","og_description":"Najbolje web stranice za upoznavanje su one koje vam omogu\u0107uju povezivanje s ljudima na temelju zajedni\u010dkih interesa, dobi, lokacije i&hellip;","og_url":"https:\/\/marburgerorchard.com\/hr\/upoznajte-lokalne-milf-ove-koji-zele-seks\/","og_site_name":"Meet Nearby","twitter_card":"summary_large_image","twitter_misc":{"Procijenjeno vrijeme \u010ditanja":"3 minute"},"schema":{"@context":"https:\/\/schema.org","@graph":[{"@type":"WebSite","@id":"https:\/\/marburgerorchard.com\/hr\/#website","url":"https:\/\/marburgerorchard.com\/hr\/","name":"Meet Nearby","description":"Adult Dating Guide","potentialAction":[{"@type":"SearchAction","target":{"@type":"EntryPoint","urlTemplate":"https:\/\/marburgerorchard.com\/hr\/?s={search_term_string}"},"query-input":"required name=search_term_string"}],"inLanguage":"hr"},{"@type":"WebPage","@id":"https:\/\/marburgerorchard.com\/hr\/upoznajte-lokalne-milf-ove-koji-zele-seks\/#webpage","url":"https:\/\/marburgerorchard.com\/hr\/upoznajte-lokalne-milf-ove-koji-zele-seks\/","name":"Upoznajte lokalne MILF-ove koji \u017eele seks - Meet Nearby","isPartOf":{"@id":"https:\/\/marburgerorchard.com\/hr\/#website"},"datePublished":"2022-09-26T13:25:14+00:00","dateModified":"2022-09-26T13:25:14+00:00","breadcrumb":{"@id":"https:\/\/marburgerorchard.com\/hr\/upoznajte-lokalne-milf-ove-koji-zele-seks\/#breadcrumb"},"inLanguage":"hr","potentialAction":[{"@type":"ReadAction","target":["https:\/\/marburgerorchard.com\/hr\/upoznajte-lokalne-milf-ove-koji-zele-seks\/"]}]},{"@type":"BreadcrumbList","@id":"https:\/\/marburgerorchard.com\/hr\/upoznajte-lokalne-milf-ove-koji-zele-seks\/#breadcrumb","itemListElement":[{"@type":"ListItem","position":1,"name":"Home","item":"https:\/\/marburgerorchard.com\/hr\/"},{"@type":"ListItem","position":2,"name":"Upoznajte lokalne MILF-ove koji \u017eele seks"}]}]}},"_links":{"self":[{"href":"https:\/\/marburgerorchard.com\/hr\/wp-json\/wp\/v2\/pages\/150"}],"collection":[{"href":"https:\/\/marburgerorchard.com\/hr\/wp-json\/wp\/v2\/pages"}],"about":[{"href":"https:\/\/marburgerorchard.com\/hr\/wp-json\/wp\/v2\/types\/page"}],"author":[{"embeddable":true,"href":"https:\/\/marburgerorchard.com\/hr\/wp-json\/wp\/v2\/users\/1"}],"replies":[{"embeddable":true,"href":"https:\/\/marburgerorchard.com\/hr\/wp-json\/wp\/v2\/comments?post=150"}],"version-history":[{"count":0,"href":"https:\/\/marburgerorchard.com\/hr\/wp-json\/wp\/v2\/pages\/150\/revisions"}],"wp:attachment":[{"href":"https:\/\/marburgerorchard.com\/hr\/wp-json\/wp\/v2\/media?parent=150"}],"curies":[{"name":"wp","href":"https:\/\/api.w.org\/{rel}","templated":true}]}}