{"id":105,"date":"2022-09-26T14:24:17","date_gmt":"2022-09-26T13:24:17","guid":{"rendered":"http:\/\/marburgerorchard.com\/najbolje-swingerske-stranice\/"},"modified":"2022-09-26T14:24:17","modified_gmt":"2022-09-26T13:24:17","slug":"najbolje-swingerske-stranice","status":"publish","type":"page","link":"https:\/\/marburgerorchard.com\/hr\/najbolje-swingerske-stranice\/","title":{"rendered":"Najbolje swingerske stranice"},"content":{"rendered":"<p>Ako ste zainteresirani za ljuljanje, velike su \u0161anse da ve\u0107 neko vrijeme tra\u017eite na mre\u017ei. Postoji mnogo aplikacija za upoznavanje za one koji se \u017eele spojiti s drugima poput sebe, ali \u0161to je s onima koji tra\u017ee partnera za ne\u0161to sasvim drugo? Ako \u017eelite isprobati swinging, evo na\u0161ih izbora za 11 najboljih mjesta za ljuljanje 2021. godine.<\/p>\n<h1>Swingers dating web stranice<\/h1>\n<p>Proveli smo vi\u0161e od 25 sati u potrazi za najboljom internetskom web stranicom za upoznavanje ljuljaju\u0107ih parova. Nakon \u0161to smo suzili stotine opcija, kona\u010dno smo prona\u0161li savr\u0161eno podudaranje za nas. Na\u0161i profili su se pojavili u\u017eivo na vi\u0161e swingerskih stranica za upoznavanje, a u roku od 24 sata imali smo desetke utakmica.<\/p>\n<p>Nakon pregleda baze \u010dlanova svake web stranice, sustava za razmjenu poruka i ukupnog iskustva, odabrali smo pet najboljih web lokacija na temelju na\u0161ih kriterija. Odatle smo ga suzili dalje na samo prva tri na temelju osobnih preferencija.<\/p>\n<p>Kona\u010dni popis uklju\u010divao je neka poznata imena, kao \u0161to su Adult FriendFinder i Zoosk, zajedno s novijim igra\u010dima poput HornyPeoplea i SwingersMeeta.<\/p>\n<h2>SwapMeet<\/h2>\n<p>Swap Meet jo\u0161 je jedna popularna web lokacija za odrasle swingere s tisu\u0107ama aktivnih \u010dlanova svaki dan. Ova stranica nudi mnogo razli\u010ditih kategorija, uklju\u010duju\u0107i parove, samce, \u017eene koje tra\u017ee mu\u0161karce i mu\u0161karce koji tra\u017ee \u017eene. Svi oglasi organizirani su u potkategorije, \u0161to olak\u0161ava pregledavanje i pronala\u017eenje onoga \u0161to vas zanima. Postoje \u010dak i posebne zna\u010dajke kao \u0161to su chatovi u\u017eivo, videozapisi s web kamere i audiopozivi.<\/p>\n<h2>SwingLifeStyle<\/h2>\n<p>SwingLifeStyle je zabavna i jedinstvena swingerska dru\u0161tvena mre\u017ea na kojoj se mo\u017eete povezati s drugima na temelju zajedni\u010dkih interesa. Stranica vam omogu\u0107uje pridru\u017eivanje grupama, zamjenu fotografija, objavljivanje videozapisa, slanje poruka i jo\u0161 mnogo toga. Postoji vi\u0161e od 20 razli\u010ditih kategorija koje mo\u017eete odabrati, uklju\u010duju\u0107i parove, swingere, trojke, BDSM, voajerizam, otvorene odnose itd.<\/p>\n<h2>AdultFriendFinder<\/h2>\n<p>Adult Friend Finder jedno je od najpopularnijih web mjesta za upoznavanje odraslih. S milijunima \u010dlanova \u0161irom svijeta, sigurno \u0107ete prona\u0107i nekoga lokalnog s kim \u0107ete se spetljati. I ne brinite, jer AF ne diskriminira nikoga &#8211; bez obzira na te\u017einu koju nosite.<\/p>\n<h2>Zoosk<\/h2>\n<p>Zoosk je jo\u0161 jedna izvrsna opcija za one koji \u017eele upoznati samce u njihovoj blizini. Ova se stranica usredoto\u010duje na pomo\u0107 u uspostavljanju veza sa zanimljivim ljudima na temelju stvari koje volite. Dakle, bilo da ste ljubitelj sporta ili mode, u blizini \u0107ete prona\u0107i nekoga tko dijeli sli\u010dne interese.<\/p>\n<h2>Puno ribe<\/h2>\n<p>PlentyOfFish je besplatna aplikacija za upoznavanje koja olak\u0161ava upoznavanje samaca. Bilo da tra\u017eite prijateljstvo, romantiku ili \u010dak brak, mo\u017eete prona\u0107i nekoga sjajnog u roku od nekoliko minuta.<\/p>\n","protected":false},"excerpt":{"rendered":"<p>Ako ste zainteresirani za ljuljanje, velike su \u0161anse da ve\u0107 neko vrijeme tra\u017eite na mre\u017ei. Postoji mnogo aplikacija za upoznavanje&hellip;<\/p>\n","protected":false},"author":1,"featured_media":0,"parent":0,"menu_order":0,"comment_status":"closed","ping_status":"closed","template":"","meta":[],"yoast_head":"<!-- This site is optimized with the Yoast SEO plugin v17.7.1 - https:\/\/yoast.com\/wordpress\/plugins\/seo\/ -->\n<title>Najbolje swingerske stranice - Meet Nearby<\/title>\n<meta name=\"robots\" content=\"index, follow, max-snippet:-1, max-image-preview:large, max-video-preview:-1\" \/>\n<link rel=\"canonical\" href=\"https:\/\/marburgerorchard.com\/hr\/najbolje-swingerske-stranice\/\" \/>\n<meta property=\"og:locale\" content=\"hr_HR\" \/>\n<meta property=\"og:type\" content=\"article\" \/>\n<meta property=\"og:title\" content=\"Najbolje swingerske stranice - Meet Nearby\" \/>\n<meta property=\"og:description\" content=\"Ako ste zainteresirani za ljuljanje, velike su \u0161anse da ve\u0107 neko vrijeme tra\u017eite na mre\u017ei. Postoji mnogo aplikacija za upoznavanje&hellip;\" \/>\n<meta property=\"og:url\" content=\"https:\/\/marburgerorchard.com\/hr\/najbolje-swingerske-stranice\/\" \/>\n<meta property=\"og:site_name\" content=\"Meet Nearby\" \/>\n<meta name=\"twitter:card\" content=\"summary_large_image\" \/>\n<meta name=\"twitter:label1\" content=\"Procijenjeno vrijeme \u010ditanja\" \/>\n\t<meta name=\"twitter:data1\" content=\"2 minute\" \/>\n<script type=\"application\/ld+json\" class=\"yoast-schema-graph\">{\"@context\":\"https:\/\/schema.org\",\"@graph\":[{\"@type\":\"WebSite\",\"@id\":\"https:\/\/marburgerorchard.com\/hr\/#website\",\"url\":\"https:\/\/marburgerorchard.com\/hr\/\",\"name\":\"Meet Nearby\",\"description\":\"Adult Dating Guide\",\"potentialAction\":[{\"@type\":\"SearchAction\",\"target\":{\"@type\":\"EntryPoint\",\"urlTemplate\":\"https:\/\/marburgerorchard.com\/hr\/?s={search_term_string}\"},\"query-input\":\"required name=search_term_string\"}],\"inLanguage\":\"hr\"},{\"@type\":\"WebPage\",\"@id\":\"https:\/\/marburgerorchard.com\/hr\/najbolje-swingerske-stranice\/#webpage\",\"url\":\"https:\/\/marburgerorchard.com\/hr\/najbolje-swingerske-stranice\/\",\"name\":\"Najbolje swingerske stranice - Meet Nearby\",\"isPartOf\":{\"@id\":\"https:\/\/marburgerorchard.com\/hr\/#website\"},\"datePublished\":\"2022-09-26T13:24:17+00:00\",\"dateModified\":\"2022-09-26T13:24:17+00:00\",\"breadcrumb\":{\"@id\":\"https:\/\/marburgerorchard.com\/hr\/najbolje-swingerske-stranice\/#breadcrumb\"},\"inLanguage\":\"hr\",\"potentialAction\":[{\"@type\":\"ReadAction\",\"target\":[\"https:\/\/marburgerorchard.com\/hr\/najbolje-swingerske-stranice\/\"]}]},{\"@type\":\"BreadcrumbList\",\"@id\":\"https:\/\/marburgerorchard.com\/hr\/najbolje-swingerske-stranice\/#breadcrumb\",\"itemListElement\":[{\"@type\":\"ListItem\",\"position\":1,\"name\":\"Home\",\"item\":\"https:\/\/marburgerorchard.com\/hr\/\"},{\"@type\":\"ListItem\",\"position\":2,\"name\":\"Najbolje swingerske stranice\"}]}]}<\/script>\n<!-- \/ Yoast SEO plugin. -->","yoast_head_json":{"title":"Najbolje swingerske stranice - Meet Nearby","robots":{"index":"index","follow":"follow","max-snippet":"max-snippet:-1","max-image-preview":"max-image-preview:large","max-video-preview":"max-video-preview:-1"},"canonical":"https:\/\/marburgerorchard.com\/hr\/najbolje-swingerske-stranice\/","og_locale":"hr_HR","og_type":"article","og_title":"Najbolje swingerske stranice - Meet Nearby","og_description":"Ako ste zainteresirani za ljuljanje, velike su \u0161anse da ve\u0107 neko vrijeme tra\u017eite na mre\u017ei. Postoji mnogo aplikacija za upoznavanje&hellip;","og_url":"https:\/\/marburgerorchard.com\/hr\/najbolje-swingerske-stranice\/","og_site_name":"Meet Nearby","twitter_card":"summary_large_image","twitter_misc":{"Procijenjeno vrijeme \u010ditanja":"2 minute"},"schema":{"@context":"https:\/\/schema.org","@graph":[{"@type":"WebSite","@id":"https:\/\/marburgerorchard.com\/hr\/#website","url":"https:\/\/marburgerorchard.com\/hr\/","name":"Meet Nearby","description":"Adult Dating Guide","potentialAction":[{"@type":"SearchAction","target":{"@type":"EntryPoint","urlTemplate":"https:\/\/marburgerorchard.com\/hr\/?s={search_term_string}"},"query-input":"required name=search_term_string"}],"inLanguage":"hr"},{"@type":"WebPage","@id":"https:\/\/marburgerorchard.com\/hr\/najbolje-swingerske-stranice\/#webpage","url":"https:\/\/marburgerorchard.com\/hr\/najbolje-swingerske-stranice\/","name":"Najbolje swingerske stranice - Meet Nearby","isPartOf":{"@id":"https:\/\/marburgerorchard.com\/hr\/#website"},"datePublished":"2022-09-26T13:24:17+00:00","dateModified":"2022-09-26T13:24:17+00:00","breadcrumb":{"@id":"https:\/\/marburgerorchard.com\/hr\/najbolje-swingerske-stranice\/#breadcrumb"},"inLanguage":"hr","potentialAction":[{"@type":"ReadAction","target":["https:\/\/marburgerorchard.com\/hr\/najbolje-swingerske-stranice\/"]}]},{"@type":"BreadcrumbList","@id":"https:\/\/marburgerorchard.com\/hr\/najbolje-swingerske-stranice\/#breadcrumb","itemListElement":[{"@type":"ListItem","position":1,"name":"Home","item":"https:\/\/marburgerorchard.com\/hr\/"},{"@type":"ListItem","position":2,"name":"Najbolje swingerske stranice"}]}]}},"_links":{"self":[{"href":"https:\/\/marburgerorchard.com\/hr\/wp-json\/wp\/v2\/pages\/105"}],"collection":[{"href":"https:\/\/marburgerorchard.com\/hr\/wp-json\/wp\/v2\/pages"}],"about":[{"href":"https:\/\/marburgerorchard.com\/hr\/wp-json\/wp\/v2\/types\/page"}],"author":[{"embeddable":true,"href":"https:\/\/marburgerorchard.com\/hr\/wp-json\/wp\/v2\/users\/1"}],"replies":[{"embeddable":true,"href":"https:\/\/marburgerorchard.com\/hr\/wp-json\/wp\/v2\/comments?post=105"}],"version-history":[{"count":0,"href":"https:\/\/marburgerorchard.com\/hr\/wp-json\/wp\/v2\/pages\/105\/revisions"}],"wp:attachment":[{"href":"https:\/\/marburgerorchard.com\/hr\/wp-json\/wp\/v2\/media?parent=105"}],"curies":[{"name":"wp","href":"https:\/\/api.w.org\/{rel}","templated":true}]}}