{"id":96,"date":"2022-09-26T14:25:14","date_gmt":"2022-09-26T13:25:14","guid":{"rendered":"http:\/\/marburgerorchard.com\/rencontrez-des-milf-locaux-qui-veulent-du-sexe\/"},"modified":"2022-10-17T12:47:50","modified_gmt":"2022-10-17T11:47:50","slug":"rencontrez-des-milf-locaux-qui-veulent-du-sexe","status":"publish","type":"page","link":"https:\/\/marburgerorchard.com\/fr\/rencontrez-des-milf-locaux-qui-veulent-du-sexe\/","title":{"rendered":"Rencontrez des MILF locaux qui veulent du sexe"},"content":{"rendered":"<p>Les meilleurs sites de rencontres sont ceux qui vous permettent de vous connecter avec des <a href=\"https:\/\/www.free-adult-cams.com\/fr\/cam-ebony-gratuite\/\">ebony live webcam<\/a> personnes en fonction de leurs int\u00e9r\u00eats communs, de leur \u00e2ge, de leur emplacement et de leurs traits de personnalit\u00e9. Les applications de rencontres Cougar sont un endroit o\u00f9 les jeunes hommes et les femmes plus \u00e2g\u00e9es se rencontrent, \u00e0 la fois en ligne et hors ligne. Il existe depuis des si\u00e8cles et est devenu l\u2019une des plus grandes communaut\u00e9s pour les personnes \u00e0 la recherche d\u2019amour et de compagnie en dehors des relations traditionnelles.<\/p>\n<p>Si la navigation en ligne vous a amen\u00e9 ici, il y a de fortes chances que notre communaut\u00e9 ait aussi ce que vous recherchez. Nous mettons en relation des femmes c\u00e9libataires de plus de 40 ans avec des hommes plus jeunes qui sont pr\u00eats \u00e0 s\u2019amuser. Nos membres comprennent \u00e0 la fois des couguars et des oursons &#8211; des femmes \u00e0 la recherche d\u2019amour et de relations, tandis que les hommes recherchent une compagnie mature. Vous trouverez tout sur ces applications, des aventures occasionnelles aux relations s\u00e9rieuses. Tous les \u00e2ges, races, religions, orientations sexuelles et modes de vie sont les bienvenus.<\/p>\n<h2>Rencontre Cougar gratuite<\/h2>\n<p>Si vous voulez commencer \u00e0 rencontrer des mamans chaudes en ligne <a href=\"http:\/\/www.rencontre-pour-sexe.com\/tchat-sexe-en-ligne\/\">tchat gratuit sexe<\/a>, consultez notre liste des meilleurs sites et applications de rencontres MILF. Ces sites et applications offrent un abonnement gratuit ainsi que des fonctionnalit\u00e9s premium telles que la messagerie illimit\u00e9e, le chat vid\u00e9o et l\u2019acc\u00e8s instantan\u00e9 \u00e0 des milliers de membres. De plus, beaucoup d\u2019entre eux vous permettent de parcourir les profils sans avoir \u00e0 payer quoi que ce soit \u00e0 l\u2019avance.<\/p>\n<p>Nous avons examin\u00e9 des dizaines de sites de rencontres pour adultes populaires et en avons trouv\u00e9 deux qui se d\u00e9marquaient vraiment en termes de qualit\u00e9, de s\u00e9curit\u00e9, de facilit\u00e9 d\u2019utilisation et de valeur. Ils se sont tous av\u00e9r\u00e9s s\u00fbrs, fiables et efficaces pour trouver des partenaires sexuels. Et surtout, ils sont tous libres de s\u2019inscrire. Donc, que vous recherchiez des rencontres occasionnelles ou des relations s\u00e9rieuses, ces sites sont parfaits pour se faire poser.<\/p>\n<h3>AdultFriendFinder<\/h3>\n<p>Adult Friend Finder est l\u2019un des sites de rencontres pour adultes les plus anciens et les plus importants. Avec des millions de membres actifs, AF trouve beaucoup de m\u00e8res c\u00e9libataires et de milfs \u00e0 la recherche de l\u2019amour. Si vous recherchez une relation \u00e0 long terme, AF est l\u2019endroit o\u00f9 aller.<\/p>\n<h3>MommyFinders<\/h3>\n<p>Mommyfinders est un autre choix populaire parmi les jeunes gars <a href=\"https:\/\/www.hotsexychat.net\/fr\/sites-de-rencontres-en-texte-libre\/\">libre et sexy<\/a> \u00e0 la recherche de cougars. Ce site offre une tonne d\u2019avantages, y compris le chat en direct par webcam, le support client 24h \/ 24 et 7j \/ 7 et des tonnes de mamans sexy et de milfs qui attendent de se connecter avec vous.<\/p>\n<h2>Rencontres MILF<\/h2>\n<p>Il y a plusieurs raisons pour lesquelles les couguars choisissent de sortir avec des hommes plus jeunes. Tout d\u2019abord, les couguars veulent se sentir jeunes \u00e0 nouveau. Quand vous avez 20, 30, 40, 50, etc., c\u2019est g\u00e9nial de sortir avec quelqu\u2019un qui vous fait vous sentir jeune \u00e0 nouveau. Deuxi\u00e8mement, les couguars trouvent les hommes plus jeunes attrayants parce qu\u2019ils sont g\u00e9n\u00e9ralement tr\u00e8s beaux, confiants et charmants. Troisi\u00e8mement, les couguars aiment les hommes plus jeunes parce qu\u2019ils sont moins susceptibles de la traiter mal. Les cougars savent que les hommes plus jeunes apprennent encore \u00e0 bien traiter les femmes, donc ils ne la traiteront pas comme de la merde. Enfin, les cougars aiment les jeunes parce qu\u2019ils ont g\u00e9n\u00e9ralement beaucoup de succ\u00e8s, qu\u2019ils sont financi\u00e8rement stables et qu\u2019ils ont beaucoup d\u2019argent \u00e0 d\u00e9penser pour elle.<\/p>\n<p>Les couguars sont chauds. Et il semble que chaque jour, il y a quelque chose d\u2019autre \u00e9crit sur les cougars, que ce soit des articles, des articles de blog ou m\u00eame des \u00e9missions de t\u00e9l\u00e9vision. Mais que signifie exactement ce terme ? Est-il vrai que les femmes de plus de 40 ans sortent avec des hommes plus jeunes? Les couguars existent-ils vraiment ? Laissez-nous vous aider \u00e0 trouver des \u00e9claircissements sur le sujet.<\/p>\n","protected":false},"excerpt":{"rendered":"<p>Les meilleurs sites de rencontres sont ceux qui vous permettent de vous connecter avec des ebony live webcam personnes en&hellip;<\/p>\n","protected":false},"author":1,"featured_media":0,"parent":0,"menu_order":0,"comment_status":"closed","ping_status":"closed","template":"","meta":[],"yoast_head":"<!-- This site is optimized with the Yoast SEO plugin v17.7.1 - https:\/\/yoast.com\/wordpress\/plugins\/seo\/ -->\n<title>Rencontrez des MILF locaux qui veulent du sexe - Meet Nearby<\/title>\n<meta name=\"robots\" content=\"index, follow, max-snippet:-1, max-image-preview:large, max-video-preview:-1\" \/>\n<link rel=\"canonical\" href=\"https:\/\/marburgerorchard.com\/fr\/rencontrez-des-milf-locaux-qui-veulent-du-sexe\/\" \/>\n<meta property=\"og:locale\" content=\"fr_FR\" \/>\n<meta property=\"og:type\" content=\"article\" \/>\n<meta property=\"og:title\" content=\"Rencontrez des MILF locaux qui veulent du sexe - Meet Nearby\" \/>\n<meta property=\"og:description\" content=\"Les meilleurs sites de rencontres sont ceux qui vous permettent de vous connecter avec des ebony live webcam personnes en&hellip;\" \/>\n<meta property=\"og:url\" content=\"https:\/\/marburgerorchard.com\/fr\/rencontrez-des-milf-locaux-qui-veulent-du-sexe\/\" \/>\n<meta property=\"og:site_name\" content=\"Meet Nearby\" \/>\n<meta property=\"article:modified_time\" content=\"2022-10-17T11:47:50+00:00\" \/>\n<meta name=\"twitter:card\" content=\"summary_large_image\" \/>\n<meta name=\"twitter:label1\" content=\"Dur\u00e9e de lecture estim\u00e9e\" \/>\n\t<meta name=\"twitter:data1\" content=\"3 minutes\" \/>\n<script type=\"application\/ld+json\" class=\"yoast-schema-graph\">{\"@context\":\"https:\/\/schema.org\",\"@graph\":[{\"@type\":\"WebSite\",\"@id\":\"https:\/\/marburgerorchard.com\/fr\/#website\",\"url\":\"https:\/\/marburgerorchard.com\/fr\/\",\"name\":\"Meet Nearby\",\"description\":\"Adult Dating Guide\",\"potentialAction\":[{\"@type\":\"SearchAction\",\"target\":{\"@type\":\"EntryPoint\",\"urlTemplate\":\"https:\/\/marburgerorchard.com\/fr\/?s={search_term_string}\"},\"query-input\":\"required name=search_term_string\"}],\"inLanguage\":\"fr-FR\"},{\"@type\":\"WebPage\",\"@id\":\"https:\/\/marburgerorchard.com\/fr\/rencontrez-des-milf-locaux-qui-veulent-du-sexe\/#webpage\",\"url\":\"https:\/\/marburgerorchard.com\/fr\/rencontrez-des-milf-locaux-qui-veulent-du-sexe\/\",\"name\":\"Rencontrez des MILF locaux qui veulent du sexe - Meet Nearby\",\"isPartOf\":{\"@id\":\"https:\/\/marburgerorchard.com\/fr\/#website\"},\"datePublished\":\"2022-09-26T13:25:14+00:00\",\"dateModified\":\"2022-10-17T11:47:50+00:00\",\"breadcrumb\":{\"@id\":\"https:\/\/marburgerorchard.com\/fr\/rencontrez-des-milf-locaux-qui-veulent-du-sexe\/#breadcrumb\"},\"inLanguage\":\"fr-FR\",\"potentialAction\":[{\"@type\":\"ReadAction\",\"target\":[\"https:\/\/marburgerorchard.com\/fr\/rencontrez-des-milf-locaux-qui-veulent-du-sexe\/\"]}]},{\"@type\":\"BreadcrumbList\",\"@id\":\"https:\/\/marburgerorchard.com\/fr\/rencontrez-des-milf-locaux-qui-veulent-du-sexe\/#breadcrumb\",\"itemListElement\":[{\"@type\":\"ListItem\",\"position\":1,\"name\":\"Home\",\"item\":\"http:\/\/marburgerorchard.com\/fr\/\"},{\"@type\":\"ListItem\",\"position\":2,\"name\":\"Rencontrez des MILF locaux qui veulent du sexe\"}]}]}<\/script>\n<!-- \/ Yoast SEO plugin. -->","yoast_head_json":{"title":"Rencontrez des MILF locaux qui veulent du sexe - Meet Nearby","robots":{"index":"index","follow":"follow","max-snippet":"max-snippet:-1","max-image-preview":"max-image-preview:large","max-video-preview":"max-video-preview:-1"},"canonical":"https:\/\/marburgerorchard.com\/fr\/rencontrez-des-milf-locaux-qui-veulent-du-sexe\/","og_locale":"fr_FR","og_type":"article","og_title":"Rencontrez des MILF locaux qui veulent du sexe - Meet Nearby","og_description":"Les meilleurs sites de rencontres sont ceux qui vous permettent de vous connecter avec des ebony live webcam personnes en&hellip;","og_url":"https:\/\/marburgerorchard.com\/fr\/rencontrez-des-milf-locaux-qui-veulent-du-sexe\/","og_site_name":"Meet Nearby","article_modified_time":"2022-10-17T11:47:50+00:00","twitter_card":"summary_large_image","twitter_misc":{"Dur\u00e9e de lecture estim\u00e9e":"3 minutes"},"schema":{"@context":"https:\/\/schema.org","@graph":[{"@type":"WebSite","@id":"https:\/\/marburgerorchard.com\/fr\/#website","url":"https:\/\/marburgerorchard.com\/fr\/","name":"Meet Nearby","description":"Adult Dating Guide","potentialAction":[{"@type":"SearchAction","target":{"@type":"EntryPoint","urlTemplate":"https:\/\/marburgerorchard.com\/fr\/?s={search_term_string}"},"query-input":"required name=search_term_string"}],"inLanguage":"fr-FR"},{"@type":"WebPage","@id":"https:\/\/marburgerorchard.com\/fr\/rencontrez-des-milf-locaux-qui-veulent-du-sexe\/#webpage","url":"https:\/\/marburgerorchard.com\/fr\/rencontrez-des-milf-locaux-qui-veulent-du-sexe\/","name":"Rencontrez des MILF locaux qui veulent du sexe - Meet Nearby","isPartOf":{"@id":"https:\/\/marburgerorchard.com\/fr\/#website"},"datePublished":"2022-09-26T13:25:14+00:00","dateModified":"2022-10-17T11:47:50+00:00","breadcrumb":{"@id":"https:\/\/marburgerorchard.com\/fr\/rencontrez-des-milf-locaux-qui-veulent-du-sexe\/#breadcrumb"},"inLanguage":"fr-FR","potentialAction":[{"@type":"ReadAction","target":["https:\/\/marburgerorchard.com\/fr\/rencontrez-des-milf-locaux-qui-veulent-du-sexe\/"]}]},{"@type":"BreadcrumbList","@id":"https:\/\/marburgerorchard.com\/fr\/rencontrez-des-milf-locaux-qui-veulent-du-sexe\/#breadcrumb","itemListElement":[{"@type":"ListItem","position":1,"name":"Home","item":"http:\/\/marburgerorchard.com\/fr\/"},{"@type":"ListItem","position":2,"name":"Rencontrez des MILF locaux qui veulent du sexe"}]}]}},"_links":{"self":[{"href":"https:\/\/marburgerorchard.com\/fr\/wp-json\/wp\/v2\/pages\/96"}],"collection":[{"href":"https:\/\/marburgerorchard.com\/fr\/wp-json\/wp\/v2\/pages"}],"about":[{"href":"https:\/\/marburgerorchard.com\/fr\/wp-json\/wp\/v2\/types\/page"}],"author":[{"embeddable":true,"href":"https:\/\/marburgerorchard.com\/fr\/wp-json\/wp\/v2\/users\/1"}],"replies":[{"embeddable":true,"href":"https:\/\/marburgerorchard.com\/fr\/wp-json\/wp\/v2\/comments?post=96"}],"version-history":[{"count":1,"href":"https:\/\/marburgerorchard.com\/fr\/wp-json\/wp\/v2\/pages\/96\/revisions"}],"predecessor-version":[{"id":314,"href":"https:\/\/marburgerorchard.com\/fr\/wp-json\/wp\/v2\/pages\/96\/revisions\/314"}],"wp:attachment":[{"href":"https:\/\/marburgerorchard.com\/fr\/wp-json\/wp\/v2\/media?parent=96"}],"curies":[{"name":"wp","href":"https:\/\/api.w.org\/{rel}","templated":true}]}}