{"id":94,"date":"2022-09-26T14:24:17","date_gmt":"2022-09-26T13:24:17","guid":{"rendered":"http:\/\/marburgerorchard.com\/meilleurs-sites-echangistes\/"},"modified":"2022-09-26T14:24:17","modified_gmt":"2022-09-26T13:24:17","slug":"meilleurs-sites-echangistes","status":"publish","type":"page","link":"https:\/\/marburgerorchard.com\/fr\/meilleurs-sites-echangistes\/","title":{"rendered":"Meilleurs sites \u00e9changistes"},"content":{"rendered":"<p>Si vous \u00eates int\u00e9ress\u00e9 par l\u2019\u00e9changisme, il y a de fortes chances que vous cherchiez en ligne depuis un certain temps maintenant. Il existe de nombreuses applications de rencontres pour ceux qui cherchent \u00e0 se connecter avec d\u2019autres comme eux, mais qu\u2019en est-il de ceux qui recherchent un partenaire pour autre chose? Si vous voulez essayer l\u2019\u00e9changisme, voici nos choix pour le top 11 des meilleurs sites d\u2019\u00e9changisme de 2021.<\/p>\n<h1>Sites de rencontres \u00e9changistes<\/h1>\n<p>Nous avons pass\u00e9 plus de 25 heures \u00e0 chercher le meilleur site de rencontre en ligne pour les couples \u00e9changistes. Apr\u00e8s avoir r\u00e9duit des centaines d\u2019options, nous avons finalement trouv\u00e9 le match parfait pour nous. Nos profils ont \u00e9t\u00e9 mis en ligne sur plusieurs sites de rencontres \u00e9changistes, et dans les 24 heures, nous avons eu des dizaines de matchs.<\/p>\n<p>Apr\u00e8s avoir examin\u00e9 la base de membres, le syst\u00e8me de messagerie et l\u2019exp\u00e9rience globale de chaque site, nous avons choisi les cinq meilleurs sites en fonction de nos crit\u00e8res. \u00c0 partir de l\u00e0, nous l\u2019avons r\u00e9duit davantage aux trois premiers en fonction de nos pr\u00e9f\u00e9rences personnelles.<\/p>\n<p>La liste finale comprenait des noms familiers, tels que Adult FriendFinder et Zoosk, ainsi que de nouveaux joueurs comme HornyPeople et SwingersMeet.<\/p>\n<h2>SwapMeet<\/h2>\n<p>Swap Meet est un autre site \u00e9changiste populaire pour adultes avec des milliers de membres actifs chaque jour. Ce site propose de nombreuses cat\u00e9gories diff\u00e9rentes, notamment les couples, les c\u00e9libataires, les femmes \u00e0 la recherche d\u2019hommes et les hommes \u00e0 la recherche de femmes. Toutes les annonces sont organis\u00e9es en sous-cat\u00e9gories, ce qui facilite la navigation et la recherche de ce qui vous int\u00e9resse. Il existe m\u00eame des fonctionnalit\u00e9s sp\u00e9ciales telles que les chats par webcam, la vid\u00e9o par webcam et les appels audio.<\/p>\n<h2>SwingLifeStyle<\/h2>\n<p>SwingLifeStyle est un r\u00e9seau social \u00e9changiste amusant et unique o\u00f9 vous pouvez vous connecter avec d\u2019autres personnes en fonction d\u2019int\u00e9r\u00eats communs. Le site vous permet de rejoindre des groupes, d\u2019\u00e9changer des photos, de publier des vid\u00e9os, d\u2019envoyer des messages, etc. Il y a plus de 20 cat\u00e9gories diff\u00e9rentes \u00e0 choisir, y compris les couples, les \u00e9changistes, les trios, le BDSM, le voyeurisme, les relations ouvertes, etc.<\/p>\n<h2>AdultFriendFinder<\/h2>\n<p>Adult Friend Finder est l\u2019un des sites de rencontres pour adultes les plus populaires. Avec des millions de membres dans le monde entier, vous trouverez certainement quelqu\u2019un de local avec qui vous connecter. Et ne vous inqui\u00e9tez pas, car l\u2019AF ne discrimine personne, quel que soit le poids que vous portez.<\/p>\n<h2>Zoosk<\/h2>\n<p>Zoosk est une autre excellente option pour ceux qui veulent rencontrer des c\u00e9libataires pr\u00e8s d\u2019eux. Ce site vise \u00e0 vous aider \u00e0 \u00e9tablir des liens avec des personnes int\u00e9ressantes en fonction de choses que vous aimez. Donc, que vous soyez un fan de sport ou de mode, vous trouverez quelqu\u2019un \u00e0 proximit\u00e9 qui partage des int\u00e9r\u00eats similaires.<\/p>\n<h2>Beaucoup de poissons<\/h2>\n<p>PlentyOfFish est une application de rencontres gratuite qui facilite les rencontres entre c\u00e9libataires. Que vous recherchiez l\u2019amiti\u00e9, la romance ou m\u00eame le mariage, vous pouvez trouver quelqu\u2019un de g\u00e9nial en quelques minutes.<\/p>\n","protected":false},"excerpt":{"rendered":"<p>Si vous \u00eates int\u00e9ress\u00e9 par l\u2019\u00e9changisme, il y a de fortes chances que vous cherchiez en ligne depuis un certain&hellip;<\/p>\n","protected":false},"author":1,"featured_media":0,"parent":0,"menu_order":0,"comment_status":"closed","ping_status":"closed","template":"","meta":[],"yoast_head":"<!-- This site is optimized with the Yoast SEO plugin v17.7.1 - https:\/\/yoast.com\/wordpress\/plugins\/seo\/ -->\n<title>Meilleurs sites \u00e9changistes - Meet Nearby<\/title>\n<meta name=\"robots\" content=\"index, follow, max-snippet:-1, max-image-preview:large, max-video-preview:-1\" \/>\n<link rel=\"canonical\" href=\"https:\/\/marburgerorchard.com\/fr\/meilleurs-sites-echangistes\/\" \/>\n<meta property=\"og:locale\" content=\"fr_FR\" \/>\n<meta property=\"og:type\" content=\"article\" \/>\n<meta property=\"og:title\" content=\"Meilleurs sites \u00e9changistes - Meet Nearby\" \/>\n<meta property=\"og:description\" content=\"Si vous \u00eates int\u00e9ress\u00e9 par l\u2019\u00e9changisme, il y a de fortes chances que vous cherchiez en ligne depuis un certain&hellip;\" \/>\n<meta property=\"og:url\" content=\"https:\/\/marburgerorchard.com\/fr\/meilleurs-sites-echangistes\/\" \/>\n<meta property=\"og:site_name\" content=\"Meet Nearby\" \/>\n<meta name=\"twitter:card\" content=\"summary_large_image\" \/>\n<meta name=\"twitter:label1\" content=\"Dur\u00e9e de lecture estim\u00e9e\" \/>\n\t<meta name=\"twitter:data1\" content=\"3 minutes\" \/>\n<script type=\"application\/ld+json\" class=\"yoast-schema-graph\">{\"@context\":\"https:\/\/schema.org\",\"@graph\":[{\"@type\":\"WebSite\",\"@id\":\"https:\/\/marburgerorchard.com\/fr\/#website\",\"url\":\"https:\/\/marburgerorchard.com\/fr\/\",\"name\":\"Meet Nearby\",\"description\":\"Adult Dating Guide\",\"potentialAction\":[{\"@type\":\"SearchAction\",\"target\":{\"@type\":\"EntryPoint\",\"urlTemplate\":\"https:\/\/marburgerorchard.com\/fr\/?s={search_term_string}\"},\"query-input\":\"required name=search_term_string\"}],\"inLanguage\":\"fr-FR\"},{\"@type\":\"WebPage\",\"@id\":\"https:\/\/marburgerorchard.com\/fr\/meilleurs-sites-echangistes\/#webpage\",\"url\":\"https:\/\/marburgerorchard.com\/fr\/meilleurs-sites-echangistes\/\",\"name\":\"Meilleurs sites \\u00e9changistes - Meet Nearby\",\"isPartOf\":{\"@id\":\"https:\/\/marburgerorchard.com\/fr\/#website\"},\"datePublished\":\"2022-09-26T13:24:17+00:00\",\"dateModified\":\"2022-09-26T13:24:17+00:00\",\"breadcrumb\":{\"@id\":\"https:\/\/marburgerorchard.com\/fr\/meilleurs-sites-echangistes\/#breadcrumb\"},\"inLanguage\":\"fr-FR\",\"potentialAction\":[{\"@type\":\"ReadAction\",\"target\":[\"https:\/\/marburgerorchard.com\/fr\/meilleurs-sites-echangistes\/\"]}]},{\"@type\":\"BreadcrumbList\",\"@id\":\"https:\/\/marburgerorchard.com\/fr\/meilleurs-sites-echangistes\/#breadcrumb\",\"itemListElement\":[{\"@type\":\"ListItem\",\"position\":1,\"name\":\"Home\",\"item\":\"http:\/\/marburgerorchard.com\/fr\/\"},{\"@type\":\"ListItem\",\"position\":2,\"name\":\"Meilleurs sites \\u00e9changistes\"}]}]}<\/script>\n<!-- \/ Yoast SEO plugin. -->","yoast_head_json":{"title":"Meilleurs sites \u00e9changistes - Meet Nearby","robots":{"index":"index","follow":"follow","max-snippet":"max-snippet:-1","max-image-preview":"max-image-preview:large","max-video-preview":"max-video-preview:-1"},"canonical":"https:\/\/marburgerorchard.com\/fr\/meilleurs-sites-echangistes\/","og_locale":"fr_FR","og_type":"article","og_title":"Meilleurs sites \u00e9changistes - Meet Nearby","og_description":"Si vous \u00eates int\u00e9ress\u00e9 par l\u2019\u00e9changisme, il y a de fortes chances que vous cherchiez en ligne depuis un certain&hellip;","og_url":"https:\/\/marburgerorchard.com\/fr\/meilleurs-sites-echangistes\/","og_site_name":"Meet Nearby","twitter_card":"summary_large_image","twitter_misc":{"Dur\u00e9e de lecture estim\u00e9e":"3 minutes"},"schema":{"@context":"https:\/\/schema.org","@graph":[{"@type":"WebSite","@id":"https:\/\/marburgerorchard.com\/fr\/#website","url":"https:\/\/marburgerorchard.com\/fr\/","name":"Meet Nearby","description":"Adult Dating Guide","potentialAction":[{"@type":"SearchAction","target":{"@type":"EntryPoint","urlTemplate":"https:\/\/marburgerorchard.com\/fr\/?s={search_term_string}"},"query-input":"required name=search_term_string"}],"inLanguage":"fr-FR"},{"@type":"WebPage","@id":"https:\/\/marburgerorchard.com\/fr\/meilleurs-sites-echangistes\/#webpage","url":"https:\/\/marburgerorchard.com\/fr\/meilleurs-sites-echangistes\/","name":"Meilleurs sites \u00e9changistes - Meet Nearby","isPartOf":{"@id":"https:\/\/marburgerorchard.com\/fr\/#website"},"datePublished":"2022-09-26T13:24:17+00:00","dateModified":"2022-09-26T13:24:17+00:00","breadcrumb":{"@id":"https:\/\/marburgerorchard.com\/fr\/meilleurs-sites-echangistes\/#breadcrumb"},"inLanguage":"fr-FR","potentialAction":[{"@type":"ReadAction","target":["https:\/\/marburgerorchard.com\/fr\/meilleurs-sites-echangistes\/"]}]},{"@type":"BreadcrumbList","@id":"https:\/\/marburgerorchard.com\/fr\/meilleurs-sites-echangistes\/#breadcrumb","itemListElement":[{"@type":"ListItem","position":1,"name":"Home","item":"http:\/\/marburgerorchard.com\/fr\/"},{"@type":"ListItem","position":2,"name":"Meilleurs sites \u00e9changistes"}]}]}},"_links":{"self":[{"href":"https:\/\/marburgerorchard.com\/fr\/wp-json\/wp\/v2\/pages\/94"}],"collection":[{"href":"https:\/\/marburgerorchard.com\/fr\/wp-json\/wp\/v2\/pages"}],"about":[{"href":"https:\/\/marburgerorchard.com\/fr\/wp-json\/wp\/v2\/types\/page"}],"author":[{"embeddable":true,"href":"https:\/\/marburgerorchard.com\/fr\/wp-json\/wp\/v2\/users\/1"}],"replies":[{"embeddable":true,"href":"https:\/\/marburgerorchard.com\/fr\/wp-json\/wp\/v2\/comments?post=94"}],"version-history":[{"count":0,"href":"https:\/\/marburgerorchard.com\/fr\/wp-json\/wp\/v2\/pages\/94\/revisions"}],"wp:attachment":[{"href":"https:\/\/marburgerorchard.com\/fr\/wp-json\/wp\/v2\/media?parent=94"}],"curies":[{"name":"wp","href":"https:\/\/api.w.org\/{rel}","templated":true}]}}