{"id":90,"date":"2022-09-26T14:26:15","date_gmt":"2022-09-26T13:26:15","guid":{"rendered":"http:\/\/marburgerorchard.com\/sugar-baby-et-papas\/"},"modified":"2022-09-26T14:26:15","modified_gmt":"2022-09-26T13:26:15","slug":"sugar-baby-et-papas","status":"publish","type":"page","link":"https:\/\/marburgerorchard.com\/fr\/sugar-baby-et-papas\/","title":{"rendered":"Sugar Baby et papas"},"content":{"rendered":"<p>Les sugar babies sont des individus qui fournissent des services de compagnie aux hommes riches. Les sugar babies gagnent g\u00e9n\u00e9ralement de l\u2019argent via des plateformes en ligne comme Seeking Arrangement, Elite Daily et OK Cupid. Bien que l\u2019arrangement soit g\u00e9n\u00e9ralement mutuellement avantageux, il n\u00e9cessite un certain niveau de confiance. Il existe de nombreux sites d\u00e9di\u00e9s \u00e0 vous aider \u00e0 vous connecter avec les b\u00e9b\u00e9s de sucre. Ces sites vous permettent de parcourir les profils en fonction de crit\u00e8res tels que l\u2019\u00e2ge, le sexe, l\u2019emplacement et les int\u00e9r\u00eats. Une fois que vous avez trouv\u00e9 quelqu\u2019un que vous aimeriez rencontrer, vous pouvez lui envoyer un message directement.<\/p>\n<p>Bien qu\u2019il soit possible de rencontrer des sugar babies dans la vraie vie, il est beaucoup plus facile d\u2019organiser des rendez-vous en ligne. Des sites comme Seeking Arrangement offrent un environnement s\u00fbr aux deux parties pour communiquer et organiser des r\u00e9unions.<\/p>\n<h2>Rencontrez un Sugar Daddy en ligne<\/h2>\n<p>Il y a plusieurs avantages \u00e0 avoir un b\u00e9b\u00e9 de sucre. Tout d\u2019abord, il fournit aux personnes financi\u00e8rement stables quelqu\u2019un pour s\u2019occuper d\u2019elles pendant qu\u2019elles vieillissent. Deuxi\u00e8mement, il permet \u00e0 la femme de poursuivre ses objectifs de carri\u00e8re sans se soucier des frais de garde d\u2019enfants. Troisi\u00e8mement, cela donne \u00e0 l\u2019homme la possibilit\u00e9 de profiter de la vie sans se sentir coupable de sa richesse.<\/p>\n<p>Dans l\u2019ensemble, les b\u00e9b\u00e9s en sucre offrent des opportunit\u00e9s uniques de croissance personnelle et d\u2019\u00e9panouissement. Cependant, il est important de se rappeler que ces relations ne sont pas destin\u00e9es \u00e0 remplacer les mariages traditionnels. Au contraire, ils ne sont qu\u2019une autre forme de rencontres pour adultes.<\/p>\n<h2>Rencontrez un sugar baby<\/h2>\n<p>Les sugar babies sont des jeunes femmes qui cherchent un soutien financier aupr\u00e8s de riches sugar daddies. Ces arrangements varient consid\u00e9rablement, allant de la compagnie \u00e0 court terme aux relations amoureuses \u00e0 long terme. Les b\u00e9b\u00e9s de sucre fournissent g\u00e9n\u00e9ralement de la compagnie, de l\u2019affection et des services sexuels en \u00e9change d\u2019argent.<\/p>\n<p>Bien que les sites de rencontres sugar daddy existent, la majorit\u00e9 des sugar babies rencontrent leurs partenaires hors ligne. De nombreux b\u00e9b\u00e9s de sucre rapportent qu\u2019ils ont d\u2019abord \u00e9t\u00e9 attir\u00e9s par la richesse, le statut et les relations de leur partenaire. D\u2019autres disent qu\u2019ils ont trouv\u00e9 leur sugar daddy en ligne apr\u00e8s avoir cherch\u00e9 des correspondances potentielles. Quelle que soit la fa\u00e7on dont ils se sont rencontr\u00e9s, les sugar babies commencent g\u00e9n\u00e9ralement leur relation avec un sugar daddy qui leur fournit des cadeaux, de l\u2019argent et d\u2019autres formes de compensation. Au fur et \u00e0 mesure que la relation progresse, cependant, les b\u00e9b\u00e9s de sucre s\u2019attendent \u00e0 recevoir des avantages suppl\u00e9mentaires, y compris des voyages, des v\u00eatements et des articles de luxe.<\/p>\n","protected":false},"excerpt":{"rendered":"<p>Les sugar babies sont des individus qui fournissent des services de compagnie aux hommes riches. Les sugar babies gagnent g\u00e9n\u00e9ralement&hellip;<\/p>\n","protected":false},"author":1,"featured_media":0,"parent":0,"menu_order":0,"comment_status":"closed","ping_status":"closed","template":"","meta":[],"yoast_head":"<!-- This site is optimized with the Yoast SEO plugin v17.7.1 - https:\/\/yoast.com\/wordpress\/plugins\/seo\/ -->\n<title>Sugar Baby et papas - Meet Nearby<\/title>\n<meta name=\"robots\" content=\"index, follow, max-snippet:-1, max-image-preview:large, max-video-preview:-1\" \/>\n<link rel=\"canonical\" href=\"https:\/\/marburgerorchard.com\/fr\/sugar-baby-et-papas\/\" \/>\n<meta property=\"og:locale\" content=\"fr_FR\" \/>\n<meta property=\"og:type\" content=\"article\" \/>\n<meta property=\"og:title\" content=\"Sugar Baby et papas - Meet Nearby\" \/>\n<meta property=\"og:description\" content=\"Les sugar babies sont des individus qui fournissent des services de compagnie aux hommes riches. Les sugar babies gagnent g\u00e9n\u00e9ralement&hellip;\" \/>\n<meta property=\"og:url\" content=\"https:\/\/marburgerorchard.com\/fr\/sugar-baby-et-papas\/\" \/>\n<meta property=\"og:site_name\" content=\"Meet Nearby\" \/>\n<meta name=\"twitter:card\" content=\"summary_large_image\" \/>\n<meta name=\"twitter:label1\" content=\"Dur\u00e9e de lecture estim\u00e9e\" \/>\n\t<meta name=\"twitter:data1\" content=\"2 minutes\" \/>\n<script type=\"application\/ld+json\" class=\"yoast-schema-graph\">{\"@context\":\"https:\/\/schema.org\",\"@graph\":[{\"@type\":\"WebSite\",\"@id\":\"https:\/\/marburgerorchard.com\/fr\/#website\",\"url\":\"https:\/\/marburgerorchard.com\/fr\/\",\"name\":\"Meet Nearby\",\"description\":\"Adult Dating Guide\",\"potentialAction\":[{\"@type\":\"SearchAction\",\"target\":{\"@type\":\"EntryPoint\",\"urlTemplate\":\"https:\/\/marburgerorchard.com\/fr\/?s={search_term_string}\"},\"query-input\":\"required name=search_term_string\"}],\"inLanguage\":\"fr-FR\"},{\"@type\":\"WebPage\",\"@id\":\"https:\/\/marburgerorchard.com\/fr\/sugar-baby-et-papas\/#webpage\",\"url\":\"https:\/\/marburgerorchard.com\/fr\/sugar-baby-et-papas\/\",\"name\":\"Sugar Baby et papas - Meet Nearby\",\"isPartOf\":{\"@id\":\"https:\/\/marburgerorchard.com\/fr\/#website\"},\"datePublished\":\"2022-09-26T13:26:15+00:00\",\"dateModified\":\"2022-09-26T13:26:15+00:00\",\"breadcrumb\":{\"@id\":\"https:\/\/marburgerorchard.com\/fr\/sugar-baby-et-papas\/#breadcrumb\"},\"inLanguage\":\"fr-FR\",\"potentialAction\":[{\"@type\":\"ReadAction\",\"target\":[\"https:\/\/marburgerorchard.com\/fr\/sugar-baby-et-papas\/\"]}]},{\"@type\":\"BreadcrumbList\",\"@id\":\"https:\/\/marburgerorchard.com\/fr\/sugar-baby-et-papas\/#breadcrumb\",\"itemListElement\":[{\"@type\":\"ListItem\",\"position\":1,\"name\":\"Home\",\"item\":\"http:\/\/marburgerorchard.com\/fr\/\"},{\"@type\":\"ListItem\",\"position\":2,\"name\":\"Sugar Baby et papas\"}]}]}<\/script>\n<!-- \/ Yoast SEO plugin. -->","yoast_head_json":{"title":"Sugar Baby et papas - Meet Nearby","robots":{"index":"index","follow":"follow","max-snippet":"max-snippet:-1","max-image-preview":"max-image-preview:large","max-video-preview":"max-video-preview:-1"},"canonical":"https:\/\/marburgerorchard.com\/fr\/sugar-baby-et-papas\/","og_locale":"fr_FR","og_type":"article","og_title":"Sugar Baby et papas - Meet Nearby","og_description":"Les sugar babies sont des individus qui fournissent des services de compagnie aux hommes riches. Les sugar babies gagnent g\u00e9n\u00e9ralement&hellip;","og_url":"https:\/\/marburgerorchard.com\/fr\/sugar-baby-et-papas\/","og_site_name":"Meet Nearby","twitter_card":"summary_large_image","twitter_misc":{"Dur\u00e9e de lecture estim\u00e9e":"2 minutes"},"schema":{"@context":"https:\/\/schema.org","@graph":[{"@type":"WebSite","@id":"https:\/\/marburgerorchard.com\/fr\/#website","url":"https:\/\/marburgerorchard.com\/fr\/","name":"Meet Nearby","description":"Adult Dating Guide","potentialAction":[{"@type":"SearchAction","target":{"@type":"EntryPoint","urlTemplate":"https:\/\/marburgerorchard.com\/fr\/?s={search_term_string}"},"query-input":"required name=search_term_string"}],"inLanguage":"fr-FR"},{"@type":"WebPage","@id":"https:\/\/marburgerorchard.com\/fr\/sugar-baby-et-papas\/#webpage","url":"https:\/\/marburgerorchard.com\/fr\/sugar-baby-et-papas\/","name":"Sugar Baby et papas - Meet Nearby","isPartOf":{"@id":"https:\/\/marburgerorchard.com\/fr\/#website"},"datePublished":"2022-09-26T13:26:15+00:00","dateModified":"2022-09-26T13:26:15+00:00","breadcrumb":{"@id":"https:\/\/marburgerorchard.com\/fr\/sugar-baby-et-papas\/#breadcrumb"},"inLanguage":"fr-FR","potentialAction":[{"@type":"ReadAction","target":["https:\/\/marburgerorchard.com\/fr\/sugar-baby-et-papas\/"]}]},{"@type":"BreadcrumbList","@id":"https:\/\/marburgerorchard.com\/fr\/sugar-baby-et-papas\/#breadcrumb","itemListElement":[{"@type":"ListItem","position":1,"name":"Home","item":"http:\/\/marburgerorchard.com\/fr\/"},{"@type":"ListItem","position":2,"name":"Sugar Baby et papas"}]}]}},"_links":{"self":[{"href":"https:\/\/marburgerorchard.com\/fr\/wp-json\/wp\/v2\/pages\/90"}],"collection":[{"href":"https:\/\/marburgerorchard.com\/fr\/wp-json\/wp\/v2\/pages"}],"about":[{"href":"https:\/\/marburgerorchard.com\/fr\/wp-json\/wp\/v2\/types\/page"}],"author":[{"embeddable":true,"href":"https:\/\/marburgerorchard.com\/fr\/wp-json\/wp\/v2\/users\/1"}],"replies":[{"embeddable":true,"href":"https:\/\/marburgerorchard.com\/fr\/wp-json\/wp\/v2\/comments?post=90"}],"version-history":[{"count":0,"href":"https:\/\/marburgerorchard.com\/fr\/wp-json\/wp\/v2\/pages\/90\/revisions"}],"wp:attachment":[{"href":"https:\/\/marburgerorchard.com\/fr\/wp-json\/wp\/v2\/media?parent=90"}],"curies":[{"name":"wp","href":"https:\/\/api.w.org\/{rel}","templated":true}]}}