{"id":191,"date":"2022-09-25T15:08:59","date_gmt":"2022-09-25T14:08:59","guid":{"rendered":"http:\/\/marburgerorchard.com\/rencontres-locales\/"},"modified":"2022-12-14T15:27:36","modified_gmt":"2022-12-14T15:27:36","slug":"rencontres-locales","status":"publish","type":"page","link":"https:\/\/marburgerorchard.com\/fr\/","title":{"rendered":"Rencontres locales"},"content":{"rendered":"<h2>Notre guide pour discuter avec des c\u00e9libataires locaux<\/h2>\n<p>L\u2019id\u00e9e derri\u00e8re ces types de sites est simple: vous vous inscrivez, t\u00e9l\u00e9chargez une photo, remplissez un profil et commencez \u00e0 parcourir les profils des membres du monde entier. Quand quelqu\u2019un aime ce qu\u2019il voit, il envoie un clin d\u2019\u0153il ou une demande de match. Si les deux parties acceptent d\u2019aller \u00e0 un rendez-vous, elles discuteront par SMS ou par appel vid\u00e9o. Et si tout se passe bien, vous pourriez finir par vous rencontrer en face \u00e0 face.<\/p>\n<p>Il existe \u00e9galement des tonnes de fa\u00e7ons diff\u00e9rentes d\u2019utiliser ces sites. Certaines personnes parcourent simplement le site et recherchent des correspondances; d\u2019autres cr\u00e9ent des groupes bas\u00e9s sur des int\u00e9r\u00eats communs, tels que des \u00e9quipes sportives, des passe-temps, etc.; et d\u2019autres encore utilisent la fonction de messagerie int\u00e9gr\u00e9e de l\u2019application ou du site pour parler \u00e0 des dates potentielles.<\/p>\n<p>J\u2019ai personnellement utilis\u00e9 plusieurs de ces sites au fil des ans, et je pense qu\u2019ils sont d\u2019excellentes options <a href=\"http:\/\/www.rencontresexuelle.net\">Rencontresexuelle.net<\/a> pour trouver l\u2019amour en ligne. Mais je recommande toujours de faire vos recherches avant de vous inscrire. Assurez-vous que le site est l\u00e9gitime, s\u00fbr et s\u00e9curis\u00e9. De plus, n\u2019oubliez pas de lire les critiques et les \u00e9valuations avant de prendre une d\u00e9cision.<\/p>\n<h2>Nos meilleurs avis<\/h2>\n<p>Je sais ce que vous pensez; \u00ab&nbsp;Quel site de connexion est gratuit?&nbsp;\u00bb Eh bien, il existe de nombreuses options, mais certaines co\u00fbtent de l\u2019argent tandis que d\u2019autres sont enti\u00e8rement gratuites. Alors, c\u2019est parti&#8230;<\/p>\n<p>1. OkCupid &#8211; Cette application de rencontres est assez simple. Tout ce que vous faites est de remplir un profil, de t\u00e9l\u00e9charger une photo et de commencer \u00e0 glisser vers la gauche ou la droite. Si vous aimez quelqu\u2019un, vous lui envoyez un clin d\u2019\u0153il. Ils peuvent soit l\u2019accepter, soit le rejeter. Et c\u2019est \u00e0 peu pr\u00e8s tout. Il n\u2019y a pas trop de fonctionnalit\u00e9s, mais cela fonctionne bien.<\/p>\n<p>2. Tinder &#8211; Une autre application de rencontres populaire, Tinder vous permet de glisser vers la droite sur les personnes que vous trouvez attrayantes. Si vous correspondez avec une autre personne, vous pouvez discuter avec elle par SMS. C\u2019est super facile \u00e0 utiliser et fonctionne tr\u00e8s bien.<\/p>\n<p>3. Plenty Of Fish &#8211; POF est un peu diff\u00e9rent car <a href=\"http:\/\/www.rencontre-sexe.org\/\">Rencontre-sexe.org<\/a> il n\u00e9cessite un compte Facebook pour s\u2019inscrire. Apr\u00e8s vous \u00eatre connect\u00e9 \u00e0 l\u2019application, vous verrez un flux plein de correspondances potentielles en fonction de votre emplacement. Vous pouvez soit parcourir les profils vous-m\u00eame, soit demander \u00e0 des amis de vous pr\u00e9senter d\u2019autres c\u00e9libataires \u00e0 proximit\u00e9.<\/p>\n<p>4. Zoosk &#8211; Cette application de rencontres est similaire \u00e0 OKCupid et Tinder. Vous pouvez voir les photos des membres et lire leur biographie avant de d\u00e9cider de frapper ou non \u00ab&nbsp;match&nbsp;\u00bb. Une fois que vous avez d\u00e9cid\u00e9 de correspondre, vous pouvez discuter les uns avec les autres. C\u2019est tr\u00e8s basique et il manque de personnalisation.<\/p>\n<p>5. Match &#8211; Match est un peu diff\u00e9rent parce que vous ne rencontrez personne en ligne. Au lieu de cela, vous entrez dans une pi\u00e8ce o\u00f9 vous interagissez avec de vraies personnes. Chaque chambre a pour th\u00e8me un certain type de relation telle que des rendez-vous occasionnels, des relations s\u00e9rieuses, etc. Vous pouvez parler \u00e0 plusieurs personnes dans la m\u00eame pi\u00e8ce, mais vous ne pouvez discuter qu\u2019avec une seule personne \u00e0 l\u2019ext\u00e9rieur de la pi\u00e8ce.<\/p>\n<p>6. Bumble &#8211; Bumble est exactement comme \u00e7a sonne. Les femmes initient des discussions et les hommes doivent r\u00e9pondre. Cependant, une fois que vous l\u2019avez fait, vous pouvez choisir d\u2019ignorer celui qui vous a envoy\u00e9 une demande.<\/p>\n<h3>Jeter<\/h3>\n<p>La premi\u00e8re application de connexion gratuite que je vais vous sugg\u00e9rer d\u2019essayer est celle appel\u00e9e Fling, qui est enti\u00e8rement gratuite \u00e0 rejoindre. C\u2019est peut-\u00eatre la meilleure application de rencontres en ligne que j\u2019ai utilis\u00e9e au fil des ans.<\/p>\n<p>En fait, lorsque j\u2019ai examin\u00e9 cette application pour la premi\u00e8re fois, j\u2019ai fini par passer une semaine compl\u00e8te \u00e0 utiliser la version gratuite. Et peu de temps apr\u00e8s, j\u2019ai mis \u00e0 niveau parce que je voulais augmenter mes chances de me connecter. Maintenant, chaque fois que je veux rencontrer quelqu\u2019un, je vais directement \u00e0 Fling.<\/p>\n<p>Bien s\u00fbr, ils ont des options de mise \u00e0 niveau &#8211; comme faire correspondre les gens en fonction de l\u2019emplacement &#8211; qui vous permettent de vous connecter beaucoup plus facilement avec des c\u00e9libataires locaux qui cherchent \u00e0 avoir des relations sexuelles, et m\u00eame si ces mises \u00e0 niveau sont assez ch\u00e8res (19,99 $), elles fonctionnent toujours bien. Mais pour l\u2019instant, la version gratuite fonctionne tr\u00e8s bien.<\/p>\n<h2>Comment choisir les bons sites<\/h2>\n<p>Bien qu\u2019il existe de nombreux sites qui pr\u00e9tendent aider les gens \u00e0 trouver l\u2019amour, la plupart d\u2019entre eux ne valent pas votre temps. Voici pourquoi :<\/p>\n<h3>Taille de la base d\u2019utilisateurs<\/h3>\n<p>La premi\u00e8re chose que vous voulez regarder est la taille de la base d\u2019utilisateurs. Combien de personnes sont r\u00e9ellement sur le site? S\u2019il y a des milliers de membres, il y a de fortes chances que vous n\u2019ayez pas beaucoup de chance. Une bonne r\u00e8gle de base est de plus de 3 000 membres.<\/p>\n<h3>Facilit\u00e9 d\u2019utilisation<\/h3>\n<p>Si vous avez d\u00e9j\u00e0 \u00e9t\u00e9 sur une application de rencontres comme Tinder, Bumble, Hinge, etc., vous savez de quoi je parle. Ils sont g\u00e9niaux car ils facilitent le balayage vers la gauche ou la droite sur des centaines de profils. De cette fa\u00e7on, vous ne perdez pas trop de temps \u00e0 faire d\u00e9filer des profils sans fin.<\/p>\n<h3>Qualit\u00e9 des membres<\/h3>\n<p>C\u2019est l\u2019une de mes choses pr\u00e9f\u00e9r\u00e9es \u00e0 v\u00e9rifier. Recherchez les avis en ligne et voyez ce que les clients pr\u00e9c\u00e9dents ont \u00e0 dire. Donnent-ils des commentaires? Leurs cotes d\u2019\u00e9coute sont-elles \u00e9lev\u00e9es? Que disent-ils du support client ? Tous ces facteurs entrent en jeu dans le fait que vous souhaitiez ou non vous inscrire sur le site.<\/p>\n","protected":false},"excerpt":{"rendered":"<p>Notre guide pour discuter avec des c\u00e9libataires locaux L\u2019id\u00e9e derri\u00e8re ces types de sites est simple: vous vous inscrivez, t\u00e9l\u00e9chargez&hellip;<\/p>\n","protected":false},"author":1,"featured_media":80,"parent":0,"menu_order":0,"comment_status":"closed","ping_status":"closed","template":"","meta":[],"yoast_head":"<!-- This site is optimized with the Yoast SEO plugin v17.7.1 - https:\/\/yoast.com\/wordpress\/plugins\/seo\/ -->\n<title>Rencontres locales - Rencontrez des c\u00e9libataires dans votre r\u00e9gion qui veulent du sexe!<\/title>\n<meta name=\"robots\" content=\"index, follow, max-snippet:-1, max-image-preview:large, max-video-preview:-1\" \/>\n<link rel=\"canonical\" href=\"https:\/\/marburgerorchard.com\/fr\/\" \/>\n<meta property=\"og:locale\" content=\"fr_FR\" \/>\n<meta property=\"og:type\" content=\"article\" \/>\n<meta property=\"og:title\" content=\"Rencontres locales - Rencontrez des c\u00e9libataires dans votre r\u00e9gion qui veulent du sexe!\" \/>\n<meta property=\"og:description\" content=\"Notre guide pour discuter avec des c\u00e9libataires locaux L\u2019id\u00e9e derri\u00e8re ces types de sites est simple: vous vous inscrivez, t\u00e9l\u00e9chargez&hellip;\" \/>\n<meta property=\"og:url\" content=\"https:\/\/marburgerorchard.com\/fr\/\" \/>\n<meta property=\"og:site_name\" content=\"Meet Nearby\" \/>\n<meta property=\"article:modified_time\" content=\"2022-12-14T15:27:36+00:00\" \/>\n<meta property=\"og:image\" content=\"http:\/\/marburgerorchard.com\/wp-content\/uploads\/2022\/09\/guide-to-find-sex.jpeg\" \/>\n\t<meta property=\"og:image:width\" content=\"500\" \/>\n\t<meta property=\"og:image:height\" content=\"333\" \/>\n<meta name=\"twitter:card\" content=\"summary_large_image\" \/>\n<meta name=\"twitter:label1\" content=\"Dur\u00e9e de lecture estim\u00e9e\" \/>\n\t<meta name=\"twitter:data1\" content=\"5 minutes\" \/>\n<script type=\"application\/ld+json\" class=\"yoast-schema-graph\">{\"@context\":\"https:\/\/schema.org\",\"@graph\":[{\"@type\":\"WebSite\",\"@id\":\"https:\/\/marburgerorchard.com\/fr\/#website\",\"url\":\"https:\/\/marburgerorchard.com\/fr\/\",\"name\":\"Meet Nearby\",\"description\":\"Adult Dating Guide\",\"potentialAction\":[{\"@type\":\"SearchAction\",\"target\":{\"@type\":\"EntryPoint\",\"urlTemplate\":\"https:\/\/marburgerorchard.com\/fr\/?s={search_term_string}\"},\"query-input\":\"required name=search_term_string\"}],\"inLanguage\":\"fr-FR\"},{\"@type\":\"ImageObject\",\"@id\":\"https:\/\/marburgerorchard.com\/fr\/#primaryimage\",\"inLanguage\":\"fr-FR\",\"url\":\"https:\/\/marburgerorchard.com\/wp-content\/uploads\/2022\/09\/guide-to-find-sex.jpeg\",\"contentUrl\":\"https:\/\/marburgerorchard.com\/wp-content\/uploads\/2022\/09\/guide-to-find-sex.jpeg\",\"width\":500,\"height\":333},{\"@type\":\"WebPage\",\"@id\":\"https:\/\/marburgerorchard.com\/fr\/#webpage\",\"url\":\"https:\/\/marburgerorchard.com\/fr\/\",\"name\":\"Rencontres locales - Rencontrez des c\\u00e9libataires dans votre r\\u00e9gion qui veulent du sexe!\",\"isPartOf\":{\"@id\":\"https:\/\/marburgerorchard.com\/fr\/#website\"},\"primaryImageOfPage\":{\"@id\":\"https:\/\/marburgerorchard.com\/fr\/#primaryimage\"},\"datePublished\":\"2022-09-25T14:08:59+00:00\",\"dateModified\":\"2022-12-14T15:27:36+00:00\",\"breadcrumb\":{\"@id\":\"https:\/\/marburgerorchard.com\/fr\/#breadcrumb\"},\"inLanguage\":\"fr-FR\",\"potentialAction\":[{\"@type\":\"ReadAction\",\"target\":[\"https:\/\/marburgerorchard.com\/fr\/\"]}]},{\"@type\":\"BreadcrumbList\",\"@id\":\"https:\/\/marburgerorchard.com\/fr\/#breadcrumb\",\"itemListElement\":[{\"@type\":\"ListItem\",\"position\":1,\"name\":\"Home\",\"item\":\"http:\/\/marburgerorchard.com\/fr\/\"},{\"@type\":\"ListItem\",\"position\":2,\"name\":\"Rencontres locales\"}]}]}<\/script>\n<!-- \/ Yoast SEO plugin. -->","yoast_head_json":{"title":"Rencontres locales - Rencontrez des c\u00e9libataires dans votre r\u00e9gion qui veulent du sexe!","robots":{"index":"index","follow":"follow","max-snippet":"max-snippet:-1","max-image-preview":"max-image-preview:large","max-video-preview":"max-video-preview:-1"},"canonical":"https:\/\/marburgerorchard.com\/fr\/","og_locale":"fr_FR","og_type":"article","og_title":"Rencontres locales - Rencontrez des c\u00e9libataires dans votre r\u00e9gion qui veulent du sexe!","og_description":"Notre guide pour discuter avec des c\u00e9libataires locaux L\u2019id\u00e9e derri\u00e8re ces types de sites est simple: vous vous inscrivez, t\u00e9l\u00e9chargez&hellip;","og_url":"https:\/\/marburgerorchard.com\/fr\/","og_site_name":"Meet Nearby","article_modified_time":"2022-12-14T15:27:36+00:00","og_image":[{"width":500,"height":333,"url":"http:\/\/marburgerorchard.com\/wp-content\/uploads\/2022\/09\/guide-to-find-sex.jpeg","type":"image\/jpeg"}],"twitter_card":"summary_large_image","twitter_misc":{"Dur\u00e9e de lecture estim\u00e9e":"5 minutes"},"schema":{"@context":"https:\/\/schema.org","@graph":[{"@type":"WebSite","@id":"https:\/\/marburgerorchard.com\/fr\/#website","url":"https:\/\/marburgerorchard.com\/fr\/","name":"Meet Nearby","description":"Adult Dating Guide","potentialAction":[{"@type":"SearchAction","target":{"@type":"EntryPoint","urlTemplate":"https:\/\/marburgerorchard.com\/fr\/?s={search_term_string}"},"query-input":"required name=search_term_string"}],"inLanguage":"fr-FR"},{"@type":"ImageObject","@id":"https:\/\/marburgerorchard.com\/fr\/#primaryimage","inLanguage":"fr-FR","url":"https:\/\/marburgerorchard.com\/wp-content\/uploads\/2022\/09\/guide-to-find-sex.jpeg","contentUrl":"https:\/\/marburgerorchard.com\/wp-content\/uploads\/2022\/09\/guide-to-find-sex.jpeg","width":500,"height":333},{"@type":"WebPage","@id":"https:\/\/marburgerorchard.com\/fr\/#webpage","url":"https:\/\/marburgerorchard.com\/fr\/","name":"Rencontres locales - Rencontrez des c\u00e9libataires dans votre r\u00e9gion qui veulent du sexe!","isPartOf":{"@id":"https:\/\/marburgerorchard.com\/fr\/#website"},"primaryImageOfPage":{"@id":"https:\/\/marburgerorchard.com\/fr\/#primaryimage"},"datePublished":"2022-09-25T14:08:59+00:00","dateModified":"2022-12-14T15:27:36+00:00","breadcrumb":{"@id":"https:\/\/marburgerorchard.com\/fr\/#breadcrumb"},"inLanguage":"fr-FR","potentialAction":[{"@type":"ReadAction","target":["https:\/\/marburgerorchard.com\/fr\/"]}]},{"@type":"BreadcrumbList","@id":"https:\/\/marburgerorchard.com\/fr\/#breadcrumb","itemListElement":[{"@type":"ListItem","position":1,"name":"Home","item":"http:\/\/marburgerorchard.com\/fr\/"},{"@type":"ListItem","position":2,"name":"Rencontres locales"}]}]}},"_links":{"self":[{"href":"https:\/\/marburgerorchard.com\/fr\/wp-json\/wp\/v2\/pages\/191"}],"collection":[{"href":"https:\/\/marburgerorchard.com\/fr\/wp-json\/wp\/v2\/pages"}],"about":[{"href":"https:\/\/marburgerorchard.com\/fr\/wp-json\/wp\/v2\/types\/page"}],"author":[{"embeddable":true,"href":"https:\/\/marburgerorchard.com\/fr\/wp-json\/wp\/v2\/users\/1"}],"replies":[{"embeddable":true,"href":"https:\/\/marburgerorchard.com\/fr\/wp-json\/wp\/v2\/comments?post=191"}],"version-history":[{"count":1,"href":"https:\/\/marburgerorchard.com\/fr\/wp-json\/wp\/v2\/pages\/191\/revisions"}],"predecessor-version":[{"id":365,"href":"https:\/\/marburgerorchard.com\/fr\/wp-json\/wp\/v2\/pages\/191\/revisions\/365"}],"wp:featuredmedia":[{"embeddable":true,"href":"https:\/\/marburgerorchard.com\/fr\/wp-json\/wp\/v2\/media\/80"}],"wp:attachment":[{"href":"https:\/\/marburgerorchard.com\/fr\/wp-json\/wp\/v2\/media?parent=191"}],"curies":[{"name":"wp","href":"https:\/\/api.w.org\/{rel}","templated":true}]}}