{"id":93,"date":"2022-09-26T14:26:15","date_gmt":"2022-09-26T13:26:15","guid":{"rendered":"http:\/\/marburgerorchard.com\/sugar-baby-y-papas\/"},"modified":"2022-09-26T14:26:15","modified_gmt":"2022-09-26T13:26:15","slug":"sugar-baby-y-papas","status":"publish","type":"page","link":"https:\/\/marburgerorchard.com\/es\/sugar-baby-y-papas\/","title":{"rendered":"Sugar Baby y pap\u00e1s"},"content":{"rendered":"<p>Los beb\u00e9s de az\u00facar son individuos que brindan servicios de compa\u00f1\u00eda a hombres ricos. Los beb\u00e9s de az\u00facar generalmente ganan dinero a trav\u00e9s de plataformas en l\u00ednea como Seeking Arrangement, Elite Daily y OK Cupid. Si bien el acuerdo suele ser mutuamente beneficioso, requiere un cierto nivel de confianza. Hay muchos sitios dedicados a ayudarlo a conectarse con los beb\u00e9s azucareros. Estos sitios le permiten navegar por perfiles en funci\u00f3n de criterios como edad, sexo, ubicaci\u00f3n e intereses. Una vez que encuentres a alguien que te gustar\u00eda conocer, puedes enviarle un mensaje directamente.<\/p>\n<p>Si bien es posible conocer a los beb\u00e9s de az\u00facar en la vida real, es mucho m\u00e1s f\u00e1cil organizar citas en l\u00ednea. Sitios como Seeking Arrangement ofrecen un entorno seguro para que ambas partes se comuniquen y organicen reuniones.<\/p>\n<h2>Conoce a un Sugar Daddy en l\u00ednea<\/h2>\n<p>Hay varios beneficios de tener un beb\u00e9 azucarado. Primero, proporciona a las personas financieramente estables a alguien que los cuide mientras envejecen. En segundo lugar, permite a la mujer perseguir sus objetivos profesionales sin preocuparse por los costos del cuidado de los ni\u00f1os. En tercer lugar, le da al hombre la oportunidad de disfrutar de la vida sin sentirse culpable por su riqueza.<\/p>\n<p>En general, los beb\u00e9s azucarados ofrecen oportunidades \u00fanicas para el crecimiento personal y la realizaci\u00f3n. Sin embargo, es importante recordar que estas relaciones no est\u00e1n destinadas a reemplazar los matrimonios tradicionales. M\u00e1s bien, son solo otra forma de citas adultas.<\/p>\n<h2>Conoce a un Sugar Baby<\/h2>\n<p>Los sugar babies son mujeres j\u00f3venes que buscan apoyo financiero de los ricos sugar daddies. Estos arreglos var\u00edan ampliamente, desde la compa\u00f1\u00eda a corto plazo hasta las relaciones rom\u00e1nticas a largo plazo. Los beb\u00e9s azucarados generalmente brindan compa\u00f1\u00eda, afecto y servicios sexuales a cambio de dinero.<\/p>\n<p>Si bien existen sitios de citas de sugar daddy, la mayor\u00eda de los sugar babies conocen a sus parejas fuera de l\u00ednea. Muchos beb\u00e9s azucareros informan que inicialmente se sintieron atra\u00eddos por la riqueza, el estatus y las conexiones de su pareja. Otros dicen que encontraron a su sugar daddy en l\u00ednea despu\u00e9s de buscar posibles coincidencias. Independientemente de c\u00f3mo se conocieron, los beb\u00e9s azucarados generalmente comienzan su relaci\u00f3n con un sugar daddy que les proporciona regalos, dinero y otras formas de compensaci\u00f3n. Sin embargo, a medida que la relaci\u00f3n progresa, los beb\u00e9s azucarados esperan recibir beneficios adicionales, incluidos viajes, ropa y art\u00edculos de lujo.<\/p>\n","protected":false},"excerpt":{"rendered":"<p>Los beb\u00e9s de az\u00facar son individuos que brindan servicios de compa\u00f1\u00eda a hombres ricos. Los beb\u00e9s de az\u00facar generalmente ganan&hellip;<\/p>\n","protected":false},"author":1,"featured_media":0,"parent":0,"menu_order":0,"comment_status":"closed","ping_status":"closed","template":"","meta":[],"yoast_head":"<!-- This site is optimized with the Yoast SEO plugin v17.7.1 - https:\/\/yoast.com\/wordpress\/plugins\/seo\/ -->\n<title>Sugar Baby y pap\u00e1s - Meet Nearby<\/title>\n<meta name=\"robots\" content=\"index, follow, max-snippet:-1, max-image-preview:large, max-video-preview:-1\" \/>\n<link rel=\"canonical\" href=\"https:\/\/marburgerorchard.com\/es\/sugar-baby-y-papas\/\" \/>\n<meta property=\"og:locale\" content=\"es_ES\" \/>\n<meta property=\"og:type\" content=\"article\" \/>\n<meta property=\"og:title\" content=\"Sugar Baby y pap\u00e1s - Meet Nearby\" \/>\n<meta property=\"og:description\" content=\"Los beb\u00e9s de az\u00facar son individuos que brindan servicios de compa\u00f1\u00eda a hombres ricos. Los beb\u00e9s de az\u00facar generalmente ganan&hellip;\" \/>\n<meta property=\"og:url\" content=\"https:\/\/marburgerorchard.com\/es\/sugar-baby-y-papas\/\" \/>\n<meta property=\"og:site_name\" content=\"Meet Nearby\" \/>\n<meta name=\"twitter:card\" content=\"summary_large_image\" \/>\n<meta name=\"twitter:label1\" content=\"Tiempo de lectura\" \/>\n\t<meta name=\"twitter:data1\" content=\"2 minutos\" \/>\n<script type=\"application\/ld+json\" class=\"yoast-schema-graph\">{\"@context\":\"https:\/\/schema.org\",\"@graph\":[{\"@type\":\"WebSite\",\"@id\":\"https:\/\/marburgerorchard.com\/es\/#website\",\"url\":\"https:\/\/marburgerorchard.com\/es\/\",\"name\":\"Meet Nearby\",\"description\":\"Adult Dating Guide\",\"potentialAction\":[{\"@type\":\"SearchAction\",\"target\":{\"@type\":\"EntryPoint\",\"urlTemplate\":\"https:\/\/marburgerorchard.com\/es\/?s={search_term_string}\"},\"query-input\":\"required name=search_term_string\"}],\"inLanguage\":\"es\"},{\"@type\":\"WebPage\",\"@id\":\"https:\/\/marburgerorchard.com\/es\/sugar-baby-y-papas\/#webpage\",\"url\":\"https:\/\/marburgerorchard.com\/es\/sugar-baby-y-papas\/\",\"name\":\"Sugar Baby y pap\\u00e1s - Meet Nearby\",\"isPartOf\":{\"@id\":\"https:\/\/marburgerorchard.com\/es\/#website\"},\"datePublished\":\"2022-09-26T13:26:15+00:00\",\"dateModified\":\"2022-09-26T13:26:15+00:00\",\"breadcrumb\":{\"@id\":\"https:\/\/marburgerorchard.com\/es\/sugar-baby-y-papas\/#breadcrumb\"},\"inLanguage\":\"es\",\"potentialAction\":[{\"@type\":\"ReadAction\",\"target\":[\"https:\/\/marburgerorchard.com\/es\/sugar-baby-y-papas\/\"]}]},{\"@type\":\"BreadcrumbList\",\"@id\":\"https:\/\/marburgerorchard.com\/es\/sugar-baby-y-papas\/#breadcrumb\",\"itemListElement\":[{\"@type\":\"ListItem\",\"position\":1,\"name\":\"Home\",\"item\":\"https:\/\/marburgerorchard.com\/es\/\"},{\"@type\":\"ListItem\",\"position\":2,\"name\":\"Sugar Baby y pap\\u00e1s\"}]}]}<\/script>\n<!-- \/ Yoast SEO plugin. -->","yoast_head_json":{"title":"Sugar Baby y pap\u00e1s - Meet Nearby","robots":{"index":"index","follow":"follow","max-snippet":"max-snippet:-1","max-image-preview":"max-image-preview:large","max-video-preview":"max-video-preview:-1"},"canonical":"https:\/\/marburgerorchard.com\/es\/sugar-baby-y-papas\/","og_locale":"es_ES","og_type":"article","og_title":"Sugar Baby y pap\u00e1s - Meet Nearby","og_description":"Los beb\u00e9s de az\u00facar son individuos que brindan servicios de compa\u00f1\u00eda a hombres ricos. Los beb\u00e9s de az\u00facar generalmente ganan&hellip;","og_url":"https:\/\/marburgerorchard.com\/es\/sugar-baby-y-papas\/","og_site_name":"Meet Nearby","twitter_card":"summary_large_image","twitter_misc":{"Tiempo de lectura":"2 minutos"},"schema":{"@context":"https:\/\/schema.org","@graph":[{"@type":"WebSite","@id":"https:\/\/marburgerorchard.com\/es\/#website","url":"https:\/\/marburgerorchard.com\/es\/","name":"Meet Nearby","description":"Adult Dating Guide","potentialAction":[{"@type":"SearchAction","target":{"@type":"EntryPoint","urlTemplate":"https:\/\/marburgerorchard.com\/es\/?s={search_term_string}"},"query-input":"required name=search_term_string"}],"inLanguage":"es"},{"@type":"WebPage","@id":"https:\/\/marburgerorchard.com\/es\/sugar-baby-y-papas\/#webpage","url":"https:\/\/marburgerorchard.com\/es\/sugar-baby-y-papas\/","name":"Sugar Baby y pap\u00e1s - Meet Nearby","isPartOf":{"@id":"https:\/\/marburgerorchard.com\/es\/#website"},"datePublished":"2022-09-26T13:26:15+00:00","dateModified":"2022-09-26T13:26:15+00:00","breadcrumb":{"@id":"https:\/\/marburgerorchard.com\/es\/sugar-baby-y-papas\/#breadcrumb"},"inLanguage":"es","potentialAction":[{"@type":"ReadAction","target":["https:\/\/marburgerorchard.com\/es\/sugar-baby-y-papas\/"]}]},{"@type":"BreadcrumbList","@id":"https:\/\/marburgerorchard.com\/es\/sugar-baby-y-papas\/#breadcrumb","itemListElement":[{"@type":"ListItem","position":1,"name":"Home","item":"https:\/\/marburgerorchard.com\/es\/"},{"@type":"ListItem","position":2,"name":"Sugar Baby y pap\u00e1s"}]}]}},"_links":{"self":[{"href":"https:\/\/marburgerorchard.com\/es\/wp-json\/wp\/v2\/pages\/93"}],"collection":[{"href":"https:\/\/marburgerorchard.com\/es\/wp-json\/wp\/v2\/pages"}],"about":[{"href":"https:\/\/marburgerorchard.com\/es\/wp-json\/wp\/v2\/types\/page"}],"author":[{"embeddable":true,"href":"https:\/\/marburgerorchard.com\/es\/wp-json\/wp\/v2\/users\/1"}],"replies":[{"embeddable":true,"href":"https:\/\/marburgerorchard.com\/es\/wp-json\/wp\/v2\/comments?post=93"}],"version-history":[{"count":0,"href":"https:\/\/marburgerorchard.com\/es\/wp-json\/wp\/v2\/pages\/93\/revisions"}],"wp:attachment":[{"href":"https:\/\/marburgerorchard.com\/es\/wp-json\/wp\/v2\/media?parent=93"}],"curies":[{"name":"wp","href":"https:\/\/api.w.org\/{rel}","templated":true}]}}