{"id":91,"date":"2022-09-26T14:25:14","date_gmt":"2022-09-26T13:25:14","guid":{"rendered":"http:\/\/marburgerorchard.com\/conozca-a-los-milf-locales-que-desean-sexo\/"},"modified":"2022-09-26T14:25:14","modified_gmt":"2022-09-26T13:25:14","slug":"conozca-a-los-milf-locales-que-desean-sexo","status":"publish","type":"page","link":"https:\/\/marburgerorchard.com\/es\/conozca-a-los-milf-locales-que-desean-sexo\/","title":{"rendered":"Conozca a los MILF locales que desean sexo"},"content":{"rendered":"<p>Los mejores sitios de citas son aquellos que le permiten conectarse con personas en funci\u00f3n de intereses comunes, edad, ubicaci\u00f3n y rasgos de personalidad. Las aplicaciones de citas Cougar son un lugar donde los hombres j\u00f3venes y las mujeres mayores se encuentran, tanto en l\u00ednea como fuera de l\u00ednea. Ha existido desde hace siglos, y se ha convertido en una de las comunidades m\u00e1s grandes para las personas que buscan amor y compa\u00f1\u00eda fuera de las relaciones tradicionales.<\/p>\n<p>Si la navegaci\u00f3n en l\u00ednea lo ha tra\u00eddo hasta aqu\u00ed, es probable que nuestra comunidad tambi\u00e9n tenga lo que est\u00e1 buscando. Conectamos a mujeres solteras mayores de 40 a\u00f1os con hombres m\u00e1s j\u00f3venes que est\u00e1n listos para divertirse. Nuestros miembros incluyen pumas y cachorros, mujeres que buscan amor y relaci\u00f3n, mientras que los hombres buscan compa\u00f1\u00eda madura. Encontrar\u00e1s de todo en estas aplicaciones, desde aventuras casuales hasta relaciones serias. Todas las edades, razas, religiones, orientaciones sexuales y estilos de vida son bienvenidos.<\/p>\n<h2>Citas gratuitas de pumas<\/h2>\n<p>Si desea comenzar a conocer a las mam\u00e1s calientes en l\u00ednea, consulte nuestra lista de los mejores sitios y aplicaciones de citas MILF. Estos sitios y aplicaciones ofrecen membres\u00eda gratuita adem\u00e1s de funciones premium como mensajer\u00eda ilimitada, chat de video y acceso instant\u00e1neo a miles de miembros. Adem\u00e1s, muchos de ellos le permiten navegar por los perfiles sin tener que pagar nada por adelantado.<\/p>\n<p>Observamos docenas de sitios populares de citas para adultos y encontramos dos que realmente se destacaron en funci\u00f3n de la calidad, la seguridad, la facilidad de uso y el valor. Todos han demostrado ser seguros, confiables y efectivos para encontrar parejas sexuales. Y lo m\u00e1s importante, todos son libres de unirse. Entonces, ya sea que est\u00e9 buscando conexiones casuales o relaciones serias, estos sitios son perfectos para ponerse.<\/p>\n<h3>AdultFriendFinder<\/h3>\n<p>Adult Friend Finder es uno de los sitios de citas para adultos m\u00e1s antiguos y m\u00e1s grandes. Con millones de miembros activos, AF encuentra muchas madres solteras y milfs que buscan amor. Si est\u00e1 buscando una relaci\u00f3n a largo plazo, AF es el lugar al que debe ir.<\/p>\n<h3>MommyFinders<\/h3>\n<p>Mommyfinders es otra opci\u00f3n popular entre los chicos m\u00e1s j\u00f3venes que buscan pumas. Este sitio ofrece un mont\u00f3n de beneficios que incluyen chat con c\u00e1mara web en vivo, atenci\u00f3n al cliente las 24 horas del d\u00eda, los 7 d\u00edas de la semana, y toneladas de mam\u00e1s sexys y milfs esperando para conectarse con usted.<\/p>\n<h2>CITAS MILFs<\/h2>\n<p>Hay varias razones por las que los pumas eligen salir con hombres m\u00e1s j\u00f3venes. Primero, los pumas quieren volver a sentirse j\u00f3venes. Cuando tienes 20, 30, 40, 50, etc., se siente genial salir con alguien que te hace sentir joven de nuevo. En segundo lugar, los pumas encuentran atractivos a los hombres m\u00e1s j\u00f3venes porque generalmente son muy guapos, seguros y encantadores. En tercer lugar, a los pumas les gustan los hombres m\u00e1s j\u00f3venes porque es menos probable que la traten mal. Los pumas saben que los hombres m\u00e1s j\u00f3venes todav\u00eda est\u00e1n aprendiendo a tratar bien a las mujeres, por lo que no la tratar\u00e1n como una mierda. Finalmente, a los pumas les gustan los chicos m\u00e1s j\u00f3venes porque generalmente son muy exitosos, financieramente estables y tienen mucho dinero para gastar en ella.<\/p>\n<p>Los pumas est\u00e1n calientes. Y parece que todos los d\u00edas hay algo m\u00e1s escrito sobre los pumas, ya sean art\u00edculos, publicaciones de blog o incluso programas de televisi\u00f3n. Pero, \u00bfqu\u00e9 significa exactamente este t\u00e9rmino? \u00bfEs cierto que las mujeres mayores de 40 a\u00f1os est\u00e1n saliendo con hombres m\u00e1s j\u00f3venes? \u00bfExisten realmente los pumas? Perm\u00edtanos ayudarlo a encontrar algo de claridad sobre el tema.<\/p>\n","protected":false},"excerpt":{"rendered":"<p>Los mejores sitios de citas son aquellos que le permiten conectarse con personas en funci\u00f3n de intereses comunes, edad, ubicaci\u00f3n&hellip;<\/p>\n","protected":false},"author":1,"featured_media":0,"parent":0,"menu_order":0,"comment_status":"closed","ping_status":"closed","template":"","meta":[],"yoast_head":"<!-- This site is optimized with the Yoast SEO plugin v17.7.1 - https:\/\/yoast.com\/wordpress\/plugins\/seo\/ -->\n<title>Conozca a los MILF locales que desean sexo - Meet Nearby<\/title>\n<meta name=\"robots\" content=\"index, follow, max-snippet:-1, max-image-preview:large, max-video-preview:-1\" \/>\n<link rel=\"canonical\" href=\"https:\/\/marburgerorchard.com\/es\/conozca-a-los-milf-locales-que-desean-sexo\/\" \/>\n<meta property=\"og:locale\" content=\"es_ES\" \/>\n<meta property=\"og:type\" content=\"article\" \/>\n<meta property=\"og:title\" content=\"Conozca a los MILF locales que desean sexo - Meet Nearby\" \/>\n<meta property=\"og:description\" content=\"Los mejores sitios de citas son aquellos que le permiten conectarse con personas en funci\u00f3n de intereses comunes, edad, ubicaci\u00f3n&hellip;\" \/>\n<meta property=\"og:url\" content=\"https:\/\/marburgerorchard.com\/es\/conozca-a-los-milf-locales-que-desean-sexo\/\" \/>\n<meta property=\"og:site_name\" content=\"Meet Nearby\" \/>\n<meta name=\"twitter:card\" content=\"summary_large_image\" \/>\n<meta name=\"twitter:label1\" content=\"Tiempo de lectura\" \/>\n\t<meta name=\"twitter:data1\" content=\"3 minutos\" \/>\n<script type=\"application\/ld+json\" class=\"yoast-schema-graph\">{\"@context\":\"https:\/\/schema.org\",\"@graph\":[{\"@type\":\"WebSite\",\"@id\":\"https:\/\/marburgerorchard.com\/es\/#website\",\"url\":\"https:\/\/marburgerorchard.com\/es\/\",\"name\":\"Meet Nearby\",\"description\":\"Adult Dating Guide\",\"potentialAction\":[{\"@type\":\"SearchAction\",\"target\":{\"@type\":\"EntryPoint\",\"urlTemplate\":\"https:\/\/marburgerorchard.com\/es\/?s={search_term_string}\"},\"query-input\":\"required name=search_term_string\"}],\"inLanguage\":\"es\"},{\"@type\":\"WebPage\",\"@id\":\"https:\/\/marburgerorchard.com\/es\/conozca-a-los-milf-locales-que-desean-sexo\/#webpage\",\"url\":\"https:\/\/marburgerorchard.com\/es\/conozca-a-los-milf-locales-que-desean-sexo\/\",\"name\":\"Conozca a los MILF locales que desean sexo - Meet Nearby\",\"isPartOf\":{\"@id\":\"https:\/\/marburgerorchard.com\/es\/#website\"},\"datePublished\":\"2022-09-26T13:25:14+00:00\",\"dateModified\":\"2022-09-26T13:25:14+00:00\",\"breadcrumb\":{\"@id\":\"https:\/\/marburgerorchard.com\/es\/conozca-a-los-milf-locales-que-desean-sexo\/#breadcrumb\"},\"inLanguage\":\"es\",\"potentialAction\":[{\"@type\":\"ReadAction\",\"target\":[\"https:\/\/marburgerorchard.com\/es\/conozca-a-los-milf-locales-que-desean-sexo\/\"]}]},{\"@type\":\"BreadcrumbList\",\"@id\":\"https:\/\/marburgerorchard.com\/es\/conozca-a-los-milf-locales-que-desean-sexo\/#breadcrumb\",\"itemListElement\":[{\"@type\":\"ListItem\",\"position\":1,\"name\":\"Home\",\"item\":\"https:\/\/marburgerorchard.com\/es\/\"},{\"@type\":\"ListItem\",\"position\":2,\"name\":\"Conozca a los MILF locales que desean sexo\"}]}]}<\/script>\n<!-- \/ Yoast SEO plugin. -->","yoast_head_json":{"title":"Conozca a los MILF locales que desean sexo - Meet Nearby","robots":{"index":"index","follow":"follow","max-snippet":"max-snippet:-1","max-image-preview":"max-image-preview:large","max-video-preview":"max-video-preview:-1"},"canonical":"https:\/\/marburgerorchard.com\/es\/conozca-a-los-milf-locales-que-desean-sexo\/","og_locale":"es_ES","og_type":"article","og_title":"Conozca a los MILF locales que desean sexo - Meet Nearby","og_description":"Los mejores sitios de citas son aquellos que le permiten conectarse con personas en funci\u00f3n de intereses comunes, edad, ubicaci\u00f3n&hellip;","og_url":"https:\/\/marburgerorchard.com\/es\/conozca-a-los-milf-locales-que-desean-sexo\/","og_site_name":"Meet Nearby","twitter_card":"summary_large_image","twitter_misc":{"Tiempo de lectura":"3 minutos"},"schema":{"@context":"https:\/\/schema.org","@graph":[{"@type":"WebSite","@id":"https:\/\/marburgerorchard.com\/es\/#website","url":"https:\/\/marburgerorchard.com\/es\/","name":"Meet Nearby","description":"Adult Dating Guide","potentialAction":[{"@type":"SearchAction","target":{"@type":"EntryPoint","urlTemplate":"https:\/\/marburgerorchard.com\/es\/?s={search_term_string}"},"query-input":"required name=search_term_string"}],"inLanguage":"es"},{"@type":"WebPage","@id":"https:\/\/marburgerorchard.com\/es\/conozca-a-los-milf-locales-que-desean-sexo\/#webpage","url":"https:\/\/marburgerorchard.com\/es\/conozca-a-los-milf-locales-que-desean-sexo\/","name":"Conozca a los MILF locales que desean sexo - Meet Nearby","isPartOf":{"@id":"https:\/\/marburgerorchard.com\/es\/#website"},"datePublished":"2022-09-26T13:25:14+00:00","dateModified":"2022-09-26T13:25:14+00:00","breadcrumb":{"@id":"https:\/\/marburgerorchard.com\/es\/conozca-a-los-milf-locales-que-desean-sexo\/#breadcrumb"},"inLanguage":"es","potentialAction":[{"@type":"ReadAction","target":["https:\/\/marburgerorchard.com\/es\/conozca-a-los-milf-locales-que-desean-sexo\/"]}]},{"@type":"BreadcrumbList","@id":"https:\/\/marburgerorchard.com\/es\/conozca-a-los-milf-locales-que-desean-sexo\/#breadcrumb","itemListElement":[{"@type":"ListItem","position":1,"name":"Home","item":"https:\/\/marburgerorchard.com\/es\/"},{"@type":"ListItem","position":2,"name":"Conozca a los MILF locales que desean sexo"}]}]}},"_links":{"self":[{"href":"https:\/\/marburgerorchard.com\/es\/wp-json\/wp\/v2\/pages\/91"}],"collection":[{"href":"https:\/\/marburgerorchard.com\/es\/wp-json\/wp\/v2\/pages"}],"about":[{"href":"https:\/\/marburgerorchard.com\/es\/wp-json\/wp\/v2\/types\/page"}],"author":[{"embeddable":true,"href":"https:\/\/marburgerorchard.com\/es\/wp-json\/wp\/v2\/users\/1"}],"replies":[{"embeddable":true,"href":"https:\/\/marburgerorchard.com\/es\/wp-json\/wp\/v2\/comments?post=91"}],"version-history":[{"count":0,"href":"https:\/\/marburgerorchard.com\/es\/wp-json\/wp\/v2\/pages\/91\/revisions"}],"wp:attachment":[{"href":"https:\/\/marburgerorchard.com\/es\/wp-json\/wp\/v2\/media?parent=91"}],"curies":[{"name":"wp","href":"https:\/\/api.w.org\/{rel}","templated":true}]}}