{"id":202,"date":"2022-09-25T15:08:59","date_gmt":"2022-09-25T14:08:59","guid":{"rendered":"http:\/\/marburgerorchard.com\/conexiones-de-citas-locales\/"},"modified":"2022-10-04T13:42:45","modified_gmt":"2022-10-04T12:42:45","slug":"conexiones-de-citas-locales","status":"publish","type":"page","link":"https:\/\/marburgerorchard.com\/es\/","title":{"rendered":"Conexiones de citas locales"},"content":{"rendered":"<h2>Nuestra gu\u00eda para chatear con solteros locales<\/h2>\n<p>La idea detr\u00e1s de este tipo de sitios es simple: te registras, subes una foto, completas un perfil y comienzas a navegar por los perfiles de miembros de todo el mundo. Cuando a alguien le gusta lo que ve, env\u00eda un gui\u00f1o o una solicitud de partido. Si ambas partes acuerdan ir a una cita, chatear\u00e1n a trav\u00e9s de mensajes de texto o videollamadas. Y si todo va bien, podr\u00edas terminar reuni\u00e9ndote cara a cara.<\/p>\n<p>Tambi\u00e9n hay toneladas de formas diferentes de usar estos sitios. Algunas personas simplemente navegan por el sitio y <a href=\"http:\/\/www.sites-de-sexo.com\">sites sexo<\/a> buscan coincidencias; otros crean grupos basados en intereses compartidos, como equipos deportivos, pasatiempos, etc.; y otros usan la aplicaci\u00f3n o la funci\u00f3n de mensajer\u00eda incorporada del sitio para hablar con posibles fechas.<\/p>\n<p>Personalmente, he utilizado varios de estos sitios a lo largo de los a\u00f1os, y creo que son excelentes opciones para encontrar el amor en l\u00ednea. Pero siempre recomiendo hacer su investigaci\u00f3n antes de registrarse. Aseg\u00farese de que el sitio sea leg\u00edtimo, seguro y protegido. Adem\u00e1s, no olvide leer las rese\u00f1as y calificaciones antes de tomar una decisi\u00f3n.<\/p>\n<h2>Nuestras mejores rese\u00f1as<\/h2>\n<p>S\u00e9 lo que est\u00e1s pensando; \u00ab\u00bfQu\u00e9 sitio de conexi\u00f3n es gratuito?\u00bb Bueno, hay muchas opciones por ah\u00ed <a href=\"http:\/\/www.encontros-para-sexo.com\">site de relacionamento para sexo<\/a>, pero algunas cuestan dinero, mientras que otras son completamente gratuitas. As\u00ed que, aqu\u00ed vamos&#8230;<\/p>\n<p>1. OkCupid &#8211; Esta aplicaci\u00f3n de citas es bastante sencilla. Todo lo que haces es completar un perfil, subir una foto y comenzar a deslizar hacia la izquierda o hacia la derecha. Si te gusta alguien, le env\u00edas un gui\u00f1o. Pueden aceptarlo o rechazarlo. Y eso es todo. No hay demasiadas caracter\u00edsticas, pero funciona bien.<\/p>\n<p>2. Tinder &#8211; Otra aplicaci\u00f3n de citas popular, Tinder le permite deslizar hacia la derecha en las personas que encuentra atractivas. Si coincides con otra persona, puedes chatear con ella a trav\u00e9s de un mensaje de texto. Es s\u00faper f\u00e1cil de usar y funciona muy bien.<\/p>\n<p>3. Plenty Of Fish &#8211; POF es un poco diferente porque requiere <a href=\"https:\/\/www.paginas-de-contactos.net\/\">mejores paginas de contacto<\/a> una cuenta de Facebook para registrarse. Despu\u00e9s de iniciar sesi\u00f3n en la aplicaci\u00f3n, ver\u00e1s un feed lleno de posibles coincidencias basadas en tu ubicaci\u00f3n. Puede navegar a trav\u00e9s de los perfiles usted mismo o puede pedir a sus amigos que le presenten a otros solteros cercanos.<\/p>\n<p>4. Zoosk &#8211; Esta aplicaci\u00f3n de citas es similar a OKCupid y Tinder. Puede ver las fotos de los miembros y leer sus biograf\u00edas antes de decidir si desea o no &#8216;emparejar&#8217;. Una vez que decidan coincidir, pueden chatear entre s\u00ed. Es muy b\u00e1sico y carece de personalizaci\u00f3n.<\/p>\n<p>5. Match &#8211; Match es un poco diferente porque en realidad no conoces a nadie en l\u00ednea. En su lugar, entras en una habitaci\u00f3n donde interact\u00faas con personas reales. Cada habitaci\u00f3n est\u00e1 tematizada en torno a un cierto tipo de relaci\u00f3n, como citas casuales, relaciones serias, etc. Puedes hablar con varias personas dentro de la misma sala, pero solo puedes chatear con una persona fuera de la sala.<\/p>\n<p>6. Bumble &#8211; Bumble es exactamente como suena. Las mujeres inician chats y los hombres deben responder. Sin embargo, una vez que lo haga, puede optar por ignorar a quien le envi\u00f3 una solicitud.<\/p>\n<h3>Tirar<\/h3>\n<p>La primera aplicaci\u00f3n de conexi\u00f3n gratuita que te voy a sugerir que pruebes es una llamada Fling, que es completamente gratuita para unirse. Es quiz\u00e1s la mejor aplicaci\u00f3n de citas en l\u00ednea que he usado a lo largo de los a\u00f1os.<\/p>\n<p>De hecho, cuando mir\u00e9 por primera vez esta aplicaci\u00f3n, termin\u00e9 pasando una semana completa usando la versi\u00f3n gratuita. Y poco despu\u00e9s, actualic\u00e9 porque quer\u00eda aumentar mis probabilidades de conectarme. Ahora, cada vez que quiero conocer a alguien, voy directamente a Fling.<\/p>\n<p>Claro, tienen opciones de actualizaci\u00f3n, como emparejar a las personas seg\u00fan la ubicaci\u00f3n, que hacen que sea mucho m\u00e1s f\u00e1cil para usted conectarse con solteros locales que buscan tener relaciones sexuales, y aunque esas actualizaciones son bastante caras ($ 19.99), todav\u00eda funcionan bien. Pero por ahora, la versi\u00f3n gratuita funciona bien.<\/p>\n<h2>C\u00f3mo elegir los sitios correctos<\/h2>\n<p>Si bien hay muchos sitios que afirman ayudar a las personas a encontrar el amor, la mayor\u00eda de ellos no valen la pena. He aqu\u00ed por qu\u00e9:<\/p>\n<h3>Tama\u00f1o de la base de usuarios<\/h3>\n<p>Lo primero que debe observar es qu\u00e9 tan grande es la base de usuarios. \u00bfCu\u00e1ntas personas est\u00e1n realmente en el sitio? Si hay miles de miembros, lo m\u00e1s probable es que no tengas mucha suerte. Una buena regla general es m\u00e1s de 3,000 miembros.<\/p>\n<h3>Facilidad de uso<\/h3>\n<p>Si alguna vez has estado en una aplicaci\u00f3n de citas como Tinder, Bumble, Hinge, etc., sabes de lo que estoy hablando. Son geniales porque hacen que sea muy f\u00e1cil deslizar hacia la izquierda o hacia la derecha en cientos de perfiles. De esta manera, no pierdes demasiado tiempo desplaz\u00e1ndote por un sinf\u00edn de perfiles.<\/p>\n<h3>Calidad de los miembros<\/h3>\n<p>Esta es una de mis cosas favoritas para verificar. Busque rese\u00f1as en l\u00ednea y vea lo que los clientes anteriores tienen que decir. \u00bfDan retroalimentaci\u00f3n? \u00bfSus calificaciones son altas? \u00bfQu\u00e9 dicen sobre la atenci\u00f3n al cliente? Todos esos factores influyen en si desea o no registrarse en el sitio.<\/p>\n","protected":false},"excerpt":{"rendered":"<p>Nuestra gu\u00eda para chatear con solteros locales La idea detr\u00e1s de este tipo de sitios es simple: te registras, subes&hellip;<\/p>\n","protected":false},"author":1,"featured_media":85,"parent":0,"menu_order":0,"comment_status":"closed","ping_status":"closed","template":"","meta":[],"yoast_head":"<!-- This site is optimized with the Yoast SEO plugin v17.7.1 - https:\/\/yoast.com\/wordpress\/plugins\/seo\/ -->\n<title>Conexiones de citas locales: \u00a1conoce solteros en tu \u00e1rea que quieran sexo!<\/title>\n<meta name=\"robots\" content=\"index, follow, max-snippet:-1, max-image-preview:large, max-video-preview:-1\" \/>\n<link rel=\"canonical\" href=\"https:\/\/marburgerorchard.com\/es\/\" \/>\n<meta property=\"og:locale\" content=\"es_ES\" \/>\n<meta property=\"og:type\" content=\"article\" \/>\n<meta property=\"og:title\" content=\"Conexiones de citas locales: \u00a1conoce solteros en tu \u00e1rea que quieran sexo!\" \/>\n<meta property=\"og:description\" content=\"Nuestra gu\u00eda para chatear con solteros locales La idea detr\u00e1s de este tipo de sitios es simple: te registras, subes&hellip;\" \/>\n<meta property=\"og:url\" content=\"https:\/\/marburgerorchard.com\/es\/\" \/>\n<meta property=\"og:site_name\" content=\"Meet Nearby\" \/>\n<meta property=\"article:modified_time\" content=\"2022-10-04T12:42:45+00:00\" \/>\n<meta property=\"og:image\" content=\"https:\/\/marburgerorchard.com\/wp-content\/uploads\/2022\/09\/guide-to-find-sex.jpeg\" \/>\n\t<meta property=\"og:image:width\" content=\"500\" \/>\n\t<meta property=\"og:image:height\" content=\"333\" \/>\n<meta name=\"twitter:card\" content=\"summary_large_image\" \/>\n<meta name=\"twitter:label1\" content=\"Tiempo de lectura\" \/>\n\t<meta name=\"twitter:data1\" content=\"5 minutos\" \/>\n<script type=\"application\/ld+json\" class=\"yoast-schema-graph\">{\"@context\":\"https:\/\/schema.org\",\"@graph\":[{\"@type\":\"WebSite\",\"@id\":\"https:\/\/marburgerorchard.com\/es\/#website\",\"url\":\"https:\/\/marburgerorchard.com\/es\/\",\"name\":\"Meet Nearby\",\"description\":\"Adult Dating Guide\",\"potentialAction\":[{\"@type\":\"SearchAction\",\"target\":{\"@type\":\"EntryPoint\",\"urlTemplate\":\"https:\/\/marburgerorchard.com\/es\/?s={search_term_string}\"},\"query-input\":\"required name=search_term_string\"}],\"inLanguage\":\"es\"},{\"@type\":\"ImageObject\",\"@id\":\"https:\/\/marburgerorchard.com\/es\/#primaryimage\",\"inLanguage\":\"es\",\"url\":\"https:\/\/marburgerorchard.com\/wp-content\/uploads\/2022\/09\/guide-to-find-sex.jpeg\",\"contentUrl\":\"https:\/\/marburgerorchard.com\/wp-content\/uploads\/2022\/09\/guide-to-find-sex.jpeg\",\"width\":500,\"height\":333},{\"@type\":\"WebPage\",\"@id\":\"https:\/\/marburgerorchard.com\/es\/#webpage\",\"url\":\"https:\/\/marburgerorchard.com\/es\/\",\"name\":\"Conexiones de citas locales: \\u00a1conoce solteros en tu \\u00e1rea que quieran sexo!\",\"isPartOf\":{\"@id\":\"https:\/\/marburgerorchard.com\/es\/#website\"},\"primaryImageOfPage\":{\"@id\":\"https:\/\/marburgerorchard.com\/es\/#primaryimage\"},\"datePublished\":\"2022-09-25T14:08:59+00:00\",\"dateModified\":\"2022-10-04T12:42:45+00:00\",\"breadcrumb\":{\"@id\":\"https:\/\/marburgerorchard.com\/es\/#breadcrumb\"},\"inLanguage\":\"es\",\"potentialAction\":[{\"@type\":\"ReadAction\",\"target\":[\"https:\/\/marburgerorchard.com\/es\/\"]}]},{\"@type\":\"BreadcrumbList\",\"@id\":\"https:\/\/marburgerorchard.com\/es\/#breadcrumb\",\"itemListElement\":[{\"@type\":\"ListItem\",\"position\":1,\"name\":\"Home\",\"item\":\"https:\/\/marburgerorchard.com\/es\/\"},{\"@type\":\"ListItem\",\"position\":2,\"name\":\"Conexiones de citas locales\"}]}]}<\/script>\n<!-- \/ Yoast SEO plugin. -->","yoast_head_json":{"title":"Conexiones de citas locales: \u00a1conoce solteros en tu \u00e1rea que quieran sexo!","robots":{"index":"index","follow":"follow","max-snippet":"max-snippet:-1","max-image-preview":"max-image-preview:large","max-video-preview":"max-video-preview:-1"},"canonical":"https:\/\/marburgerorchard.com\/es\/","og_locale":"es_ES","og_type":"article","og_title":"Conexiones de citas locales: \u00a1conoce solteros en tu \u00e1rea que quieran sexo!","og_description":"Nuestra gu\u00eda para chatear con solteros locales La idea detr\u00e1s de este tipo de sitios es simple: te registras, subes&hellip;","og_url":"https:\/\/marburgerorchard.com\/es\/","og_site_name":"Meet Nearby","article_modified_time":"2022-10-04T12:42:45+00:00","og_image":[{"width":500,"height":333,"url":"https:\/\/marburgerorchard.com\/wp-content\/uploads\/2022\/09\/guide-to-find-sex.jpeg","type":"image\/jpeg"}],"twitter_card":"summary_large_image","twitter_misc":{"Tiempo de lectura":"5 minutos"},"schema":{"@context":"https:\/\/schema.org","@graph":[{"@type":"WebSite","@id":"https:\/\/marburgerorchard.com\/es\/#website","url":"https:\/\/marburgerorchard.com\/es\/","name":"Meet Nearby","description":"Adult Dating Guide","potentialAction":[{"@type":"SearchAction","target":{"@type":"EntryPoint","urlTemplate":"https:\/\/marburgerorchard.com\/es\/?s={search_term_string}"},"query-input":"required name=search_term_string"}],"inLanguage":"es"},{"@type":"ImageObject","@id":"https:\/\/marburgerorchard.com\/es\/#primaryimage","inLanguage":"es","url":"https:\/\/marburgerorchard.com\/wp-content\/uploads\/2022\/09\/guide-to-find-sex.jpeg","contentUrl":"https:\/\/marburgerorchard.com\/wp-content\/uploads\/2022\/09\/guide-to-find-sex.jpeg","width":500,"height":333},{"@type":"WebPage","@id":"https:\/\/marburgerorchard.com\/es\/#webpage","url":"https:\/\/marburgerorchard.com\/es\/","name":"Conexiones de citas locales: \u00a1conoce solteros en tu \u00e1rea que quieran sexo!","isPartOf":{"@id":"https:\/\/marburgerorchard.com\/es\/#website"},"primaryImageOfPage":{"@id":"https:\/\/marburgerorchard.com\/es\/#primaryimage"},"datePublished":"2022-09-25T14:08:59+00:00","dateModified":"2022-10-04T12:42:45+00:00","breadcrumb":{"@id":"https:\/\/marburgerorchard.com\/es\/#breadcrumb"},"inLanguage":"es","potentialAction":[{"@type":"ReadAction","target":["https:\/\/marburgerorchard.com\/es\/"]}]},{"@type":"BreadcrumbList","@id":"https:\/\/marburgerorchard.com\/es\/#breadcrumb","itemListElement":[{"@type":"ListItem","position":1,"name":"Home","item":"https:\/\/marburgerorchard.com\/es\/"},{"@type":"ListItem","position":2,"name":"Conexiones de citas locales"}]}]}},"_links":{"self":[{"href":"https:\/\/marburgerorchard.com\/es\/wp-json\/wp\/v2\/pages\/202"}],"collection":[{"href":"https:\/\/marburgerorchard.com\/es\/wp-json\/wp\/v2\/pages"}],"about":[{"href":"https:\/\/marburgerorchard.com\/es\/wp-json\/wp\/v2\/types\/page"}],"author":[{"embeddable":true,"href":"https:\/\/marburgerorchard.com\/es\/wp-json\/wp\/v2\/users\/1"}],"replies":[{"embeddable":true,"href":"https:\/\/marburgerorchard.com\/es\/wp-json\/wp\/v2\/comments?post=202"}],"version-history":[{"count":2,"href":"https:\/\/marburgerorchard.com\/es\/wp-json\/wp\/v2\/pages\/202\/revisions"}],"predecessor-version":[{"id":283,"href":"https:\/\/marburgerorchard.com\/es\/wp-json\/wp\/v2\/pages\/202\/revisions\/283"}],"wp:featuredmedia":[{"embeddable":true,"href":"https:\/\/marburgerorchard.com\/es\/wp-json\/wp\/v2\/media\/85"}],"wp:attachment":[{"href":"https:\/\/marburgerorchard.com\/es\/wp-json\/wp\/v2\/media?parent=202"}],"curies":[{"name":"wp","href":"https:\/\/api.w.org\/{rel}","templated":true}]}}