{"id":108,"date":"2022-09-26T14:24:17","date_gmt":"2022-09-26T13:24:17","guid":{"rendered":"http:\/\/marburgerorchard.com\/los-mejores-sitios-swinger\/"},"modified":"2022-09-26T14:24:17","modified_gmt":"2022-09-26T13:24:17","slug":"los-mejores-sitios-swinger","status":"publish","type":"page","link":"https:\/\/marburgerorchard.com\/es\/los-mejores-sitios-swinger\/","title":{"rendered":"Los mejores sitios swinger"},"content":{"rendered":"<p>Si est\u00e1 interesado en el swinging, es probable que haya estado buscando en l\u00ednea desde hace alg\u00fan tiempo. Hay muchas aplicaciones de citas para aquellos que buscan conectarse con otros como ellos, pero \u00bfqu\u00e9 pasa con aquellos que buscan una pareja para algo completamente diferente? Si desea probar el swinging, aqu\u00ed est\u00e1n nuestras selecciones para los 11 mejores sitios de swinging de 2021.<\/p>\n<h1>Sitios de citas Swingers<\/h1>\n<p>Pasamos m\u00e1s de 25 horas buscando el mejor sitio de citas en l\u00ednea para parejas swinging. Despu\u00e9s de reducir cientos de opciones, finalmente encontramos la combinaci\u00f3n perfecta para nosotros. Nuestros perfiles se publicaron en m\u00faltiples sitios de citas swinger, y en 24 horas, tuvimos docenas de coincidencias.<\/p>\n<p>Despu\u00e9s de revisar la base de miembros, el sistema de mensajer\u00eda y la experiencia general de cada sitio, elegimos los cinco sitios principales seg\u00fan nuestros criterios. A partir de ah\u00ed, lo redujimos a\u00fan m\u00e1s a solo los tres primeros en funci\u00f3n de las preferencias personales.<\/p>\n<p>La lista final inclu\u00eda algunos nombres familiares, como Adult FriendFinder y Zoosk, junto con jugadores m\u00e1s nuevos como HornyPeople y SwingersMeet.<\/p>\n<h2>SwapMeet<\/h2>\n<p>Swap Meet es otro popular sitio de swingers para adultos con miles de miembros activos todos los d\u00edas. Este sitio ofrece muchas categor\u00edas diferentes, incluyendo parejas, solteros, mujeres que buscan hombres y hombres que buscan mujeres. Todos los listados est\u00e1n organizados en subcategor\u00edas, lo que facilita la navegaci\u00f3n y la b\u00fasqueda de lo que le interesa. Incluso hay caracter\u00edsticas especiales como chats de c\u00e1mara en vivo, video con c\u00e1mara web y llamadas de audio.<\/p>\n<h2>SwingLifeStyle<\/h2>\n<p>SwingLifeStyle es una red social swinger divertida y \u00fanica donde puedes conectarte con otros en funci\u00f3n de intereses comunes. El sitio le permite unirse a grupos, intercambiar fotos, publicar videos, enviar mensajes y m\u00e1s. Hay m\u00e1s de 20 categor\u00edas diferentes para elegir, incluyendo parejas, swingers, tr\u00edos, BDSM, voyeurismo, relaciones abiertas, etc.<\/p>\n<h2>AdultFriendFinder<\/h2>\n<p>Adult Friend Finder es uno de los sitios de citas para adultos m\u00e1s populares. Con millones de miembros en todo el mundo, definitivamente encontrar\u00e1 a alguien local con quien conectarse. Y no se preocupe, porque la FA no discrimina a nadie, sin importar cu\u00e1nto peso pueda llevar.<\/p>\n<h2>Zoosk<\/h2>\n<p>Zoosk es otra gran opci\u00f3n para aquellos que desean conocer solteros cerca de ellos. Este sitio se enfoca en ayudarlo a establecer conexiones con personas interesantes basadas en cosas que ama. Entonces, ya sea que seas un fan\u00e1tico de los deportes o la moda, encontrar\u00e1s a alguien cerca que comparte intereses similares.<\/p>\n<h2>Un mont\u00f3n de pescado<\/h2>\n<p>PlentyOfFish es una aplicaci\u00f3n de citas gratuita que facilita conocer solteros. Ya sea que est\u00e9 buscando amistad, romance o incluso matrimonio, puede encontrar a alguien incre\u00edble en cuesti\u00f3n de minutos.<\/p>\n","protected":false},"excerpt":{"rendered":"<p>Si est\u00e1 interesado en el swinging, es probable que haya estado buscando en l\u00ednea desde hace alg\u00fan tiempo. Hay muchas&hellip;<\/p>\n","protected":false},"author":1,"featured_media":0,"parent":0,"menu_order":0,"comment_status":"closed","ping_status":"closed","template":"","meta":[],"yoast_head":"<!-- This site is optimized with the Yoast SEO plugin v17.7.1 - https:\/\/yoast.com\/wordpress\/plugins\/seo\/ -->\n<title>Los mejores sitios swinger - Meet Nearby<\/title>\n<meta name=\"robots\" content=\"index, follow, max-snippet:-1, max-image-preview:large, max-video-preview:-1\" \/>\n<link rel=\"canonical\" href=\"https:\/\/marburgerorchard.com\/es\/los-mejores-sitios-swinger\/\" \/>\n<meta property=\"og:locale\" content=\"es_ES\" \/>\n<meta property=\"og:type\" content=\"article\" \/>\n<meta property=\"og:title\" content=\"Los mejores sitios swinger - Meet Nearby\" \/>\n<meta property=\"og:description\" content=\"Si est\u00e1 interesado en el swinging, es probable que haya estado buscando en l\u00ednea desde hace alg\u00fan tiempo. Hay muchas&hellip;\" \/>\n<meta property=\"og:url\" content=\"https:\/\/marburgerorchard.com\/es\/los-mejores-sitios-swinger\/\" \/>\n<meta property=\"og:site_name\" content=\"Meet Nearby\" \/>\n<meta name=\"twitter:card\" content=\"summary_large_image\" \/>\n<meta name=\"twitter:label1\" content=\"Tiempo de lectura\" \/>\n\t<meta name=\"twitter:data1\" content=\"2 minutos\" \/>\n<script type=\"application\/ld+json\" class=\"yoast-schema-graph\">{\"@context\":\"https:\/\/schema.org\",\"@graph\":[{\"@type\":\"WebSite\",\"@id\":\"https:\/\/marburgerorchard.com\/es\/#website\",\"url\":\"https:\/\/marburgerorchard.com\/es\/\",\"name\":\"Meet Nearby\",\"description\":\"Adult Dating Guide\",\"potentialAction\":[{\"@type\":\"SearchAction\",\"target\":{\"@type\":\"EntryPoint\",\"urlTemplate\":\"https:\/\/marburgerorchard.com\/es\/?s={search_term_string}\"},\"query-input\":\"required name=search_term_string\"}],\"inLanguage\":\"es\"},{\"@type\":\"WebPage\",\"@id\":\"https:\/\/marburgerorchard.com\/es\/los-mejores-sitios-swinger\/#webpage\",\"url\":\"https:\/\/marburgerorchard.com\/es\/los-mejores-sitios-swinger\/\",\"name\":\"Los mejores sitios swinger - Meet Nearby\",\"isPartOf\":{\"@id\":\"https:\/\/marburgerorchard.com\/es\/#website\"},\"datePublished\":\"2022-09-26T13:24:17+00:00\",\"dateModified\":\"2022-09-26T13:24:17+00:00\",\"breadcrumb\":{\"@id\":\"https:\/\/marburgerorchard.com\/es\/los-mejores-sitios-swinger\/#breadcrumb\"},\"inLanguage\":\"es\",\"potentialAction\":[{\"@type\":\"ReadAction\",\"target\":[\"https:\/\/marburgerorchard.com\/es\/los-mejores-sitios-swinger\/\"]}]},{\"@type\":\"BreadcrumbList\",\"@id\":\"https:\/\/marburgerorchard.com\/es\/los-mejores-sitios-swinger\/#breadcrumb\",\"itemListElement\":[{\"@type\":\"ListItem\",\"position\":1,\"name\":\"Home\",\"item\":\"https:\/\/marburgerorchard.com\/es\/\"},{\"@type\":\"ListItem\",\"position\":2,\"name\":\"Los mejores sitios swinger\"}]}]}<\/script>\n<!-- \/ Yoast SEO plugin. -->","yoast_head_json":{"title":"Los mejores sitios swinger - Meet Nearby","robots":{"index":"index","follow":"follow","max-snippet":"max-snippet:-1","max-image-preview":"max-image-preview:large","max-video-preview":"max-video-preview:-1"},"canonical":"https:\/\/marburgerorchard.com\/es\/los-mejores-sitios-swinger\/","og_locale":"es_ES","og_type":"article","og_title":"Los mejores sitios swinger - Meet Nearby","og_description":"Si est\u00e1 interesado en el swinging, es probable que haya estado buscando en l\u00ednea desde hace alg\u00fan tiempo. Hay muchas&hellip;","og_url":"https:\/\/marburgerorchard.com\/es\/los-mejores-sitios-swinger\/","og_site_name":"Meet Nearby","twitter_card":"summary_large_image","twitter_misc":{"Tiempo de lectura":"2 minutos"},"schema":{"@context":"https:\/\/schema.org","@graph":[{"@type":"WebSite","@id":"https:\/\/marburgerorchard.com\/es\/#website","url":"https:\/\/marburgerorchard.com\/es\/","name":"Meet Nearby","description":"Adult Dating Guide","potentialAction":[{"@type":"SearchAction","target":{"@type":"EntryPoint","urlTemplate":"https:\/\/marburgerorchard.com\/es\/?s={search_term_string}"},"query-input":"required name=search_term_string"}],"inLanguage":"es"},{"@type":"WebPage","@id":"https:\/\/marburgerorchard.com\/es\/los-mejores-sitios-swinger\/#webpage","url":"https:\/\/marburgerorchard.com\/es\/los-mejores-sitios-swinger\/","name":"Los mejores sitios swinger - Meet Nearby","isPartOf":{"@id":"https:\/\/marburgerorchard.com\/es\/#website"},"datePublished":"2022-09-26T13:24:17+00:00","dateModified":"2022-09-26T13:24:17+00:00","breadcrumb":{"@id":"https:\/\/marburgerorchard.com\/es\/los-mejores-sitios-swinger\/#breadcrumb"},"inLanguage":"es","potentialAction":[{"@type":"ReadAction","target":["https:\/\/marburgerorchard.com\/es\/los-mejores-sitios-swinger\/"]}]},{"@type":"BreadcrumbList","@id":"https:\/\/marburgerorchard.com\/es\/los-mejores-sitios-swinger\/#breadcrumb","itemListElement":[{"@type":"ListItem","position":1,"name":"Home","item":"https:\/\/marburgerorchard.com\/es\/"},{"@type":"ListItem","position":2,"name":"Los mejores sitios swinger"}]}]}},"_links":{"self":[{"href":"https:\/\/marburgerorchard.com\/es\/wp-json\/wp\/v2\/pages\/108"}],"collection":[{"href":"https:\/\/marburgerorchard.com\/es\/wp-json\/wp\/v2\/pages"}],"about":[{"href":"https:\/\/marburgerorchard.com\/es\/wp-json\/wp\/v2\/types\/page"}],"author":[{"embeddable":true,"href":"https:\/\/marburgerorchard.com\/es\/wp-json\/wp\/v2\/users\/1"}],"replies":[{"embeddable":true,"href":"https:\/\/marburgerorchard.com\/es\/wp-json\/wp\/v2\/comments?post=108"}],"version-history":[{"count":0,"href":"https:\/\/marburgerorchard.com\/es\/wp-json\/wp\/v2\/pages\/108\/revisions"}],"wp:attachment":[{"href":"https:\/\/marburgerorchard.com\/es\/wp-json\/wp\/v2\/media?parent=108"}],"curies":[{"name":"wp","href":"https:\/\/api.w.org\/{rel}","templated":true}]}}