{"id":95,"date":"2022-09-26T14:26:15","date_gmt":"2022-09-26T13:26:15","guid":{"rendered":"http:\/\/marburgerorchard.com\/sugar-baby-und-daddies\/"},"modified":"2022-10-17T13:26:52","modified_gmt":"2022-10-17T12:26:52","slug":"sugar-baby-und-daddies","status":"publish","type":"page","link":"https:\/\/marburgerorchard.com\/de\/sugar-baby-und-daddies\/","title":{"rendered":"Sugar Baby und Daddies"},"content":{"rendered":"<p>Zuckerbabys sind Personen, die wohlhabenden M\u00e4nnern Kameradschaftsdienste anbieten. Zuckerbabys verdienen <a href=\"https:\/\/www.nsadating.net\/de\/keine-anmeldung-sex-app\/\">kostenlose sexapp<\/a> in der Regel Geld \u00fcber Online-Plattformen wie Seeking Arrangement, Elite Daily und OK Cupid. W\u00e4hrend die Vereinbarung in der Regel f\u00fcr beide Seiten von Vorteil ist, erfordert sie ein gewisses Ma\u00df an Vertrauen. Es gibt viele Websites, die Ihnen helfen, sich mit Zuckerbabys zu verbinden. Auf diesen Websites k\u00f6nnen Sie Profile nach Kriterien wie Alter, Geschlecht, Standort und Interessen durchsuchen. Sobald Sie jemanden gefunden haben, den Sie treffen m\u00f6chten, k\u00f6nnen Sie ihm direkt eine Nachricht senden.<\/p>\n<p>W\u00e4hrend es m\u00f6glich ist, Zuckerbabys im wirklichen Leben zu treffen, ist es viel einfacher, Termine online zu vereinbaren. Websites wie Seeking Arrangement bieten eine sichere Umgebung f\u00fcr beide Parteien, um zu kommunizieren und Meetings zu arrangieren.<\/p>\n<h2>Treffen Sie einen Sugar Daddy online<\/h2>\n<p>Es gibt mehrere Vorteile, ein Zuckerbaby zu haben. Erstens bietet es finanziell stabilen Personen jemanden <a href=\"https:\/\/www.fuck-buddies.net\/de\/kostenlose-sex-kontaktanzeigen\/\">kostenlose sexanzeigen<\/a>, der sich um sie k\u00fcmmert, w\u00e4hrend sie \u00e4lter werden. Zweitens erm\u00f6glicht es der Frau, ihre Karriereziele zu verfolgen, ohne sich um die Kinderbetreuungskosten k\u00fcmmern zu m\u00fcssen. Drittens gibt es dem Mann die M\u00f6glichkeit, das Leben zu genie\u00dfen, ohne sich wegen seines Reichtums schuldig zu f\u00fchlen.<\/p>\n<p>Insgesamt bieten Zuckerbabys einzigartige M\u00f6glichkeiten f\u00fcr pers\u00f6nliches Wachstum und Erf\u00fcllung. Es ist jedoch wichtig, sich daran zu erinnern, dass diese Beziehungen nicht dazu gedacht sind, traditionelle Ehen zu ersetzen. Vielmehr sind sie nur eine andere Form der Erwachsenen-Dating.<\/p>\n<h2>Lernen Sie ein Zuckerbaby kennen<\/h2>\n<p>Sugar Babies sind junge Frauen, die finanzielle Unterst\u00fctzung von wohlhabenden Sugar Daddies suchen. Diese Arrangements variieren stark und reichen von kurzfristiger Kameradschaft bis hin zu langfristigen romantischen Beziehungen. Zuckerbabys bieten in der Regel Kameradschaft, Zuneigung und sexuelle Dienstleistungen gegen Geld.<\/p>\n<p>W\u00e4hrend Sugar-Daddy-Dating-Sites existieren, trifft die Mehrheit der Sugar-Babys ihre Partner offline. Viele Zuckerbabys berichten, dass sie anfangs vom Reichtum, Status und den Verbindungen ihres Partners angezogen wurden. Andere sagen, dass sie ihren Sugar Daddy online gefunden haben, nachdem sie nach potenziellen \u00dcbereinstimmungen gesucht haben. Unabh\u00e4ngig davon <a href=\"https:\/\/www.find-sex.net\/de\/pornospiele-ohne-anmeldung\/\">sexspiele ohne kreditkarte<\/a>, wie sie sich kennengelernt haben, beginnen Zuckerbabys normalerweise ihre Beziehung zu einem Sugar Daddy, der ihnen Geschenke, Geld und andere Formen der Entsch\u00e4digung zur Verf\u00fcgung stellt. Im weiteren Verlauf der Beziehung erwarten Zuckerbabys jedoch zus\u00e4tzliche Vorteile, darunter Reisen, Kleidung und Luxusartikel.<\/p>\n","protected":false},"excerpt":{"rendered":"<p>Zuckerbabys sind Personen, die wohlhabenden M\u00e4nnern Kameradschaftsdienste anbieten. Zuckerbabys verdienen kostenlose sexapp in der Regel Geld \u00fcber Online-Plattformen wie Seeking&hellip;<\/p>\n","protected":false},"author":1,"featured_media":0,"parent":0,"menu_order":0,"comment_status":"closed","ping_status":"closed","template":"","meta":[],"yoast_head":"<!-- This site is optimized with the Yoast SEO plugin v17.7.1 - https:\/\/yoast.com\/wordpress\/plugins\/seo\/ -->\n<title>Sugar Baby und Daddies - Meet Nearby<\/title>\n<meta name=\"robots\" content=\"index, follow, max-snippet:-1, max-image-preview:large, max-video-preview:-1\" \/>\n<link rel=\"canonical\" href=\"https:\/\/marburgerorchard.com\/de\/sugar-baby-und-daddies\/\" \/>\n<meta property=\"og:locale\" content=\"de_DE\" \/>\n<meta property=\"og:type\" content=\"article\" \/>\n<meta property=\"og:title\" content=\"Sugar Baby und Daddies - Meet Nearby\" \/>\n<meta property=\"og:description\" content=\"Zuckerbabys sind Personen, die wohlhabenden M\u00e4nnern Kameradschaftsdienste anbieten. Zuckerbabys verdienen kostenlose sexapp in der Regel Geld \u00fcber Online-Plattformen wie Seeking&hellip;\" \/>\n<meta property=\"og:url\" content=\"https:\/\/marburgerorchard.com\/de\/sugar-baby-und-daddies\/\" \/>\n<meta property=\"og:site_name\" content=\"Meet Nearby\" \/>\n<meta property=\"article:modified_time\" content=\"2022-10-17T12:26:52+00:00\" \/>\n<meta name=\"twitter:card\" content=\"summary_large_image\" \/>\n<meta name=\"twitter:label1\" content=\"Gesch\u00e4tzte Lesezeit\" \/>\n\t<meta name=\"twitter:data1\" content=\"2 minutes\" \/>\n<script type=\"application\/ld+json\" class=\"yoast-schema-graph\">{\"@context\":\"https:\/\/schema.org\",\"@graph\":[{\"@type\":\"WebSite\",\"@id\":\"https:\/\/marburgerorchard.com\/de\/#website\",\"url\":\"https:\/\/marburgerorchard.com\/de\/\",\"name\":\"Meet Nearby\",\"description\":\"Adult Dating Guide\",\"potentialAction\":[{\"@type\":\"SearchAction\",\"target\":{\"@type\":\"EntryPoint\",\"urlTemplate\":\"https:\/\/marburgerorchard.com\/de\/?s={search_term_string}\"},\"query-input\":\"required name=search_term_string\"}],\"inLanguage\":\"de-DE\"},{\"@type\":\"WebPage\",\"@id\":\"https:\/\/marburgerorchard.com\/de\/sugar-baby-und-daddies\/#webpage\",\"url\":\"https:\/\/marburgerorchard.com\/de\/sugar-baby-und-daddies\/\",\"name\":\"Sugar Baby und Daddies - Meet Nearby\",\"isPartOf\":{\"@id\":\"https:\/\/marburgerorchard.com\/de\/#website\"},\"datePublished\":\"2022-09-26T13:26:15+00:00\",\"dateModified\":\"2022-10-17T12:26:52+00:00\",\"breadcrumb\":{\"@id\":\"https:\/\/marburgerorchard.com\/de\/sugar-baby-und-daddies\/#breadcrumb\"},\"inLanguage\":\"de-DE\",\"potentialAction\":[{\"@type\":\"ReadAction\",\"target\":[\"https:\/\/marburgerorchard.com\/de\/sugar-baby-und-daddies\/\"]}]},{\"@type\":\"BreadcrumbList\",\"@id\":\"https:\/\/marburgerorchard.com\/de\/sugar-baby-und-daddies\/#breadcrumb\",\"itemListElement\":[{\"@type\":\"ListItem\",\"position\":1,\"name\":\"Home\",\"item\":\"https:\/\/marburgerorchard.com\/de\/\"},{\"@type\":\"ListItem\",\"position\":2,\"name\":\"Sugar Baby und Daddies\"}]}]}<\/script>\n<!-- \/ Yoast SEO plugin. -->","yoast_head_json":{"title":"Sugar Baby und Daddies - Meet Nearby","robots":{"index":"index","follow":"follow","max-snippet":"max-snippet:-1","max-image-preview":"max-image-preview:large","max-video-preview":"max-video-preview:-1"},"canonical":"https:\/\/marburgerorchard.com\/de\/sugar-baby-und-daddies\/","og_locale":"de_DE","og_type":"article","og_title":"Sugar Baby und Daddies - Meet Nearby","og_description":"Zuckerbabys sind Personen, die wohlhabenden M\u00e4nnern Kameradschaftsdienste anbieten. Zuckerbabys verdienen kostenlose sexapp in der Regel Geld \u00fcber Online-Plattformen wie Seeking&hellip;","og_url":"https:\/\/marburgerorchard.com\/de\/sugar-baby-und-daddies\/","og_site_name":"Meet Nearby","article_modified_time":"2022-10-17T12:26:52+00:00","twitter_card":"summary_large_image","twitter_misc":{"Gesch\u00e4tzte Lesezeit":"2 minutes"},"schema":{"@context":"https:\/\/schema.org","@graph":[{"@type":"WebSite","@id":"https:\/\/marburgerorchard.com\/de\/#website","url":"https:\/\/marburgerorchard.com\/de\/","name":"Meet Nearby","description":"Adult Dating Guide","potentialAction":[{"@type":"SearchAction","target":{"@type":"EntryPoint","urlTemplate":"https:\/\/marburgerorchard.com\/de\/?s={search_term_string}"},"query-input":"required name=search_term_string"}],"inLanguage":"de-DE"},{"@type":"WebPage","@id":"https:\/\/marburgerorchard.com\/de\/sugar-baby-und-daddies\/#webpage","url":"https:\/\/marburgerorchard.com\/de\/sugar-baby-und-daddies\/","name":"Sugar Baby und Daddies - Meet Nearby","isPartOf":{"@id":"https:\/\/marburgerorchard.com\/de\/#website"},"datePublished":"2022-09-26T13:26:15+00:00","dateModified":"2022-10-17T12:26:52+00:00","breadcrumb":{"@id":"https:\/\/marburgerorchard.com\/de\/sugar-baby-und-daddies\/#breadcrumb"},"inLanguage":"de-DE","potentialAction":[{"@type":"ReadAction","target":["https:\/\/marburgerorchard.com\/de\/sugar-baby-und-daddies\/"]}]},{"@type":"BreadcrumbList","@id":"https:\/\/marburgerorchard.com\/de\/sugar-baby-und-daddies\/#breadcrumb","itemListElement":[{"@type":"ListItem","position":1,"name":"Home","item":"https:\/\/marburgerorchard.com\/de\/"},{"@type":"ListItem","position":2,"name":"Sugar Baby und Daddies"}]}]}},"_links":{"self":[{"href":"https:\/\/marburgerorchard.com\/de\/wp-json\/wp\/v2\/pages\/95"}],"collection":[{"href":"https:\/\/marburgerorchard.com\/de\/wp-json\/wp\/v2\/pages"}],"about":[{"href":"https:\/\/marburgerorchard.com\/de\/wp-json\/wp\/v2\/types\/page"}],"author":[{"embeddable":true,"href":"https:\/\/marburgerorchard.com\/de\/wp-json\/wp\/v2\/users\/1"}],"replies":[{"embeddable":true,"href":"https:\/\/marburgerorchard.com\/de\/wp-json\/wp\/v2\/comments?post=95"}],"version-history":[{"count":2,"href":"https:\/\/marburgerorchard.com\/de\/wp-json\/wp\/v2\/pages\/95\/revisions"}],"predecessor-version":[{"id":323,"href":"https:\/\/marburgerorchard.com\/de\/wp-json\/wp\/v2\/pages\/95\/revisions\/323"}],"wp:attachment":[{"href":"https:\/\/marburgerorchard.com\/de\/wp-json\/wp\/v2\/media?parent=95"}],"curies":[{"name":"wp","href":"https:\/\/api.w.org\/{rel}","templated":true}]}}