{"id":124,"date":"2022-09-26T14:25:14","date_gmt":"2022-09-26T13:25:14","guid":{"rendered":"http:\/\/marburgerorchard.com\/treffen-sie-lokale-milfs-die-sex-wollen\/"},"modified":"2022-10-17T13:21:04","modified_gmt":"2022-10-17T12:21:04","slug":"treffen-sie-lokale-milfs-die-sex-wollen","status":"publish","type":"page","link":"https:\/\/marburgerorchard.com\/de\/treffen-sie-lokale-milfs-die-sex-wollen\/","title":{"rendered":"Treffen Sie lokale MILFs, die Sex wollen"},"content":{"rendered":"<p>Die besten Dating-Sites sind diejenigen, die es Ihnen erm\u00f6glichen, sich mit Menschen auf der Grundlage gemeinsamer Interessen, Alter, Standort und Pers\u00f6nlichkeitsmerkmale zu verbinden. Cougar-Dating-Apps sind ein Ort, an dem sich junge M\u00e4nner und \u00e4ltere Frauen treffen &#8211; sowohl online als auch offline. Es gibt es schon seit Ewigkeiten und es hat sich zu einer der gr\u00f6\u00dften Gemeinschaften f\u00fcr Menschen entwickelt, die Liebe und Kameradschaft au\u00dferhalb traditioneller Beziehungen suchen.<\/p>\n<p>Wenn das Online-Browsen Sie hierher gebracht hat, besteht die M\u00f6glichkeit, dass unsere Community <a href=\"https:\/\/www.hotsexychat.net\/de\/fussfetisch-seiten\/\">fu\u00dffetisch seiten<\/a> auch das hat, wonach Sie suchen. Wir verbinden alleinstehende Frauen \u00fcber 40 mit j\u00fcngeren M\u00e4nnern, die bereit sind, Spa\u00df zu haben. Zu unseren Mitgliedern geh\u00f6ren sowohl Pumas als auch Junge &#8211; Frauen, die Liebe und Beziehung suchen, w\u00e4hrend M\u00e4nner reife Gesellschaft suchen. Auf diesen Apps finden Sie alles, von gelegentlichen Seitenspr\u00fcngen bis hin zu ernsthaften Beziehungen. Alle Altersgruppen, Rassen, Religionen, sexuellen Orientierungen und Lebensstile sind willkommen.<\/p>\n<h2>Kostenloses Cougar Dating<\/h2>\n<p>Wenn Sie hei\u00dfe M\u00fctter online treffen m\u00f6chten, schauen Sie sich unsere Liste der besten MILF-Dating-Sites und -Apps an. Diese Websites und Apps bieten eine kostenlose Mitgliedschaft sowie Premium-Funktionen wie unbegrenztes Messaging, Video-Chat und sofortigen Zugriff auf Tausende von Mitgliedern. Au\u00dferdem k\u00f6nnen Sie mit vielen von ihnen Profile durchsuchen, ohne etwas im Voraus bezahlen zu m\u00fcssen.<\/p>\n<p>Wir haben uns Dutzende von beliebten Dating-Sites f\u00fcr Erwachsene angesehen und zwei gefunden, die sich <a href=\"https:\/\/www.sex-match.net\/de\/verankerungstermine\/\">strapon dating<\/a> aufgrund von Qualit\u00e4t, Sicherheit, Benutzerfreundlichkeit und Wert wirklich auszeichnen. Sie alle haben sich als sicher, zuverl\u00e4ssig und effektiv erwiesen, um Sexpartner zu finden. Und am wichtigsten ist, dass sie alle frei beitreten k\u00f6nnen. Egal, ob Sie nach gelegentlichen Verbindungen oder ernsthaften Beziehungen suchen, diese Seiten sind perfekt, um sich zu legen.<\/p>\n<h3>AdultFriendFinder<\/h3>\n<p>Adult Friend Finder ist eine der \u00e4ltesten und gr\u00f6\u00dften Dating-Sites f\u00fcr Erwachsene. Mit Millionen von aktiven Mitgliedern findet AF viele alleinerziehende M\u00fctter und Milfs, die nach Liebe suchen. Wenn Sie nach einer langfristigen Beziehung suchen, ist AF der richtige Ort f\u00fcr Sie.<\/p>\n<h3>MommyFinders<\/h3>\n<p>Mommyfinders ist eine weitere beliebte Wahl unter j\u00fcngeren M\u00e4nnern, die Pumas suchen. Diese Seite bietet eine Menge Vorteile, darunter Live-Webcam-Chat, 24 \/ 7-Kundensupport und Tonnen von sexy M\u00fcttern und Milfs, die darauf warten, sich mit Ihnen zu verbinden.<\/p>\n<h2>Datierung von MILFs<\/h2>\n<p>Es gibt mehrere Gr\u00fcnde, warum Pumas sich daf\u00fcr entscheiden, j\u00fcngere M\u00e4nner zu daten. Erstens wollen sich Pumas wieder jung f\u00fchlen. Wenn du 20, 30, 40, 50 usw. bist, f\u00fchlt es sich gro\u00dfartig an, jemanden zu daten, der dich wieder jung f\u00fchlen l\u00e4sst. Zweitens finden Pumas j\u00fcngere M\u00e4nner attraktiv, weil sie normalerweise sehr gutaussehend, selbstbewusst und <a href=\"https:\/\/wank.io\/de\/kostenlose-jerk-off-sites\/\">jerk off chat<\/a> charmant sind. Drittens m\u00f6gen Pumas j\u00fcngere M\u00e4nner, weil sie sie weniger schlecht behandeln. Cougars wissen, dass j\u00fcngere M\u00e4nner immer noch lernen, Frauen gut zu behandeln, also werden sie sie nicht wie Mist behandeln. Schlie\u00dflich m\u00f6gen Pumas j\u00fcngere M\u00e4nner, weil sie normalerweise sehr erfolgreich sind, finanziell stabil sind und viel Geld f\u00fcr sie ausgeben k\u00f6nnen.<\/p>\n<p>Cougars sind hei\u00df. Und es scheint, als w\u00fcrde jeden Tag etwas anderes \u00fcber Pumas geschrieben, sei es Artikel, Blogposts oder sogar Fernsehsendungen. Aber was genau bedeutet dieser Begriff? Stimmt es, dass Frauen \u00fcber 40 mit j\u00fcngeren M\u00e4nnern ausgehen? Gibt es Pumas wirklich? Lassen Sie uns Ihnen helfen, etwas Klarheit \u00fcber das Thema zu finden.<\/p>\n","protected":false},"excerpt":{"rendered":"<p>Die besten Dating-Sites sind diejenigen, die es Ihnen erm\u00f6glichen, sich mit Menschen auf der Grundlage gemeinsamer Interessen, Alter, Standort und&hellip;<\/p>\n","protected":false},"author":1,"featured_media":0,"parent":0,"menu_order":0,"comment_status":"closed","ping_status":"closed","template":"","meta":[],"yoast_head":"<!-- This site is optimized with the Yoast SEO plugin v17.7.1 - https:\/\/yoast.com\/wordpress\/plugins\/seo\/ -->\n<title>Treffen Sie lokale MILFs, die Sex wollen - Meet Nearby<\/title>\n<meta name=\"robots\" content=\"index, follow, max-snippet:-1, max-image-preview:large, max-video-preview:-1\" \/>\n<link rel=\"canonical\" href=\"https:\/\/marburgerorchard.com\/de\/treffen-sie-lokale-milfs-die-sex-wollen\/\" \/>\n<meta property=\"og:locale\" content=\"de_DE\" \/>\n<meta property=\"og:type\" content=\"article\" \/>\n<meta property=\"og:title\" content=\"Treffen Sie lokale MILFs, die Sex wollen - Meet Nearby\" \/>\n<meta property=\"og:description\" content=\"Die besten Dating-Sites sind diejenigen, die es Ihnen erm\u00f6glichen, sich mit Menschen auf der Grundlage gemeinsamer Interessen, Alter, Standort und&hellip;\" \/>\n<meta property=\"og:url\" content=\"https:\/\/marburgerorchard.com\/de\/treffen-sie-lokale-milfs-die-sex-wollen\/\" \/>\n<meta property=\"og:site_name\" content=\"Meet Nearby\" \/>\n<meta property=\"article:modified_time\" content=\"2022-10-17T12:21:04+00:00\" \/>\n<meta name=\"twitter:card\" content=\"summary_large_image\" \/>\n<meta name=\"twitter:label1\" content=\"Gesch\u00e4tzte Lesezeit\" \/>\n\t<meta name=\"twitter:data1\" content=\"3 minutes\" \/>\n<script type=\"application\/ld+json\" class=\"yoast-schema-graph\">{\"@context\":\"https:\/\/schema.org\",\"@graph\":[{\"@type\":\"WebSite\",\"@id\":\"https:\/\/marburgerorchard.com\/de\/#website\",\"url\":\"https:\/\/marburgerorchard.com\/de\/\",\"name\":\"Meet Nearby\",\"description\":\"Adult Dating Guide\",\"potentialAction\":[{\"@type\":\"SearchAction\",\"target\":{\"@type\":\"EntryPoint\",\"urlTemplate\":\"https:\/\/marburgerorchard.com\/de\/?s={search_term_string}\"},\"query-input\":\"required name=search_term_string\"}],\"inLanguage\":\"de-DE\"},{\"@type\":\"WebPage\",\"@id\":\"https:\/\/marburgerorchard.com\/de\/treffen-sie-lokale-milfs-die-sex-wollen\/#webpage\",\"url\":\"https:\/\/marburgerorchard.com\/de\/treffen-sie-lokale-milfs-die-sex-wollen\/\",\"name\":\"Treffen Sie lokale MILFs, die Sex wollen - Meet Nearby\",\"isPartOf\":{\"@id\":\"https:\/\/marburgerorchard.com\/de\/#website\"},\"datePublished\":\"2022-09-26T13:25:14+00:00\",\"dateModified\":\"2022-10-17T12:21:04+00:00\",\"breadcrumb\":{\"@id\":\"https:\/\/marburgerorchard.com\/de\/treffen-sie-lokale-milfs-die-sex-wollen\/#breadcrumb\"},\"inLanguage\":\"de-DE\",\"potentialAction\":[{\"@type\":\"ReadAction\",\"target\":[\"https:\/\/marburgerorchard.com\/de\/treffen-sie-lokale-milfs-die-sex-wollen\/\"]}]},{\"@type\":\"BreadcrumbList\",\"@id\":\"https:\/\/marburgerorchard.com\/de\/treffen-sie-lokale-milfs-die-sex-wollen\/#breadcrumb\",\"itemListElement\":[{\"@type\":\"ListItem\",\"position\":1,\"name\":\"Home\",\"item\":\"https:\/\/marburgerorchard.com\/de\/\"},{\"@type\":\"ListItem\",\"position\":2,\"name\":\"Treffen Sie lokale MILFs, die Sex wollen\"}]}]}<\/script>\n<!-- \/ Yoast SEO plugin. -->","yoast_head_json":{"title":"Treffen Sie lokale MILFs, die Sex wollen - Meet Nearby","robots":{"index":"index","follow":"follow","max-snippet":"max-snippet:-1","max-image-preview":"max-image-preview:large","max-video-preview":"max-video-preview:-1"},"canonical":"https:\/\/marburgerorchard.com\/de\/treffen-sie-lokale-milfs-die-sex-wollen\/","og_locale":"de_DE","og_type":"article","og_title":"Treffen Sie lokale MILFs, die Sex wollen - Meet Nearby","og_description":"Die besten Dating-Sites sind diejenigen, die es Ihnen erm\u00f6glichen, sich mit Menschen auf der Grundlage gemeinsamer Interessen, Alter, Standort und&hellip;","og_url":"https:\/\/marburgerorchard.com\/de\/treffen-sie-lokale-milfs-die-sex-wollen\/","og_site_name":"Meet Nearby","article_modified_time":"2022-10-17T12:21:04+00:00","twitter_card":"summary_large_image","twitter_misc":{"Gesch\u00e4tzte Lesezeit":"3 minutes"},"schema":{"@context":"https:\/\/schema.org","@graph":[{"@type":"WebSite","@id":"https:\/\/marburgerorchard.com\/de\/#website","url":"https:\/\/marburgerorchard.com\/de\/","name":"Meet Nearby","description":"Adult Dating Guide","potentialAction":[{"@type":"SearchAction","target":{"@type":"EntryPoint","urlTemplate":"https:\/\/marburgerorchard.com\/de\/?s={search_term_string}"},"query-input":"required name=search_term_string"}],"inLanguage":"de-DE"},{"@type":"WebPage","@id":"https:\/\/marburgerorchard.com\/de\/treffen-sie-lokale-milfs-die-sex-wollen\/#webpage","url":"https:\/\/marburgerorchard.com\/de\/treffen-sie-lokale-milfs-die-sex-wollen\/","name":"Treffen Sie lokale MILFs, die Sex wollen - Meet Nearby","isPartOf":{"@id":"https:\/\/marburgerorchard.com\/de\/#website"},"datePublished":"2022-09-26T13:25:14+00:00","dateModified":"2022-10-17T12:21:04+00:00","breadcrumb":{"@id":"https:\/\/marburgerorchard.com\/de\/treffen-sie-lokale-milfs-die-sex-wollen\/#breadcrumb"},"inLanguage":"de-DE","potentialAction":[{"@type":"ReadAction","target":["https:\/\/marburgerorchard.com\/de\/treffen-sie-lokale-milfs-die-sex-wollen\/"]}]},{"@type":"BreadcrumbList","@id":"https:\/\/marburgerorchard.com\/de\/treffen-sie-lokale-milfs-die-sex-wollen\/#breadcrumb","itemListElement":[{"@type":"ListItem","position":1,"name":"Home","item":"https:\/\/marburgerorchard.com\/de\/"},{"@type":"ListItem","position":2,"name":"Treffen Sie lokale MILFs, die Sex wollen"}]}]}},"_links":{"self":[{"href":"https:\/\/marburgerorchard.com\/de\/wp-json\/wp\/v2\/pages\/124"}],"collection":[{"href":"https:\/\/marburgerorchard.com\/de\/wp-json\/wp\/v2\/pages"}],"about":[{"href":"https:\/\/marburgerorchard.com\/de\/wp-json\/wp\/v2\/types\/page"}],"author":[{"embeddable":true,"href":"https:\/\/marburgerorchard.com\/de\/wp-json\/wp\/v2\/users\/1"}],"replies":[{"embeddable":true,"href":"https:\/\/marburgerorchard.com\/de\/wp-json\/wp\/v2\/comments?post=124"}],"version-history":[{"count":1,"href":"https:\/\/marburgerorchard.com\/de\/wp-json\/wp\/v2\/pages\/124\/revisions"}],"predecessor-version":[{"id":320,"href":"https:\/\/marburgerorchard.com\/de\/wp-json\/wp\/v2\/pages\/124\/revisions\/320"}],"wp:attachment":[{"href":"https:\/\/marburgerorchard.com\/de\/wp-json\/wp\/v2\/media?parent=124"}],"curies":[{"name":"wp","href":"https:\/\/api.w.org\/{rel}","templated":true}]}}