{"id":107,"date":"2022-09-26T14:24:17","date_gmt":"2022-09-26T13:24:17","guid":{"rendered":"http:\/\/marburgerorchard.com\/beste-swinger-seiten\/"},"modified":"2022-10-17T13:20:13","modified_gmt":"2022-10-17T12:20:13","slug":"beste-swinger-seiten","status":"publish","type":"page","link":"https:\/\/marburgerorchard.com\/de\/beste-swinger-seiten\/","title":{"rendered":"Beste Swinger-Seiten"},"content":{"rendered":"<p>Wenn Sie sich f\u00fcr das Schwingen interessieren, besteht die M\u00f6glichkeit, dass Sie schon seit einiger Zeit online suchen. Es gibt viele Dating-Apps f\u00fcr diejenigen, die sich mit anderen wie sich selbst verbinden m\u00f6chten, aber was ist mit denen, die einen Partner f\u00fcr etwas ganz anderes suchen? Wenn Sie das Schwingen ausprobieren m\u00f6chten <a href=\"https:\/\/www.jerkingresources.com\/de\/kostenlose-sexspiele-keine-kreditkarte\/\">kostenlose sexspiele<\/a>, finden Sie hier unsere Tipps f\u00fcr die Top 11 der besten Swinging-Sites des Jahres 2021.<\/p>\n<h1>Swingers Dating-Sites<\/h1>\n<p>Wir haben \u00fcber 25 Stunden damit verbracht, nach der besten Online-Dating-Site f\u00fcr schwingende Paare zu suchen. Nachdem wir Hunderte von Optionen eingegrenzt hatten, fanden wir endlich die perfekte \u00dcbereinstimmung f\u00fcr uns. Unsere Profile gingen auf mehreren Swinger-Dating-Sites live und innerhalb von 24 Stunden hatten wir Dutzende von Matches.<\/p>\n<p>Nachdem wir die Mitgliederbasis, das Messaging-System und die Gesamterfahrung jeder <a href=\"https:\/\/www.easypleasure.de\/sexkontaktanzeigen\/\">sexkontaktanzeigen<\/a> website \u00fcberpr\u00fcft hatten, w\u00e4hlten wir die f\u00fcnf besten Websites basierend auf unseren Kriterien aus. Von dort aus haben wir es basierend auf pers\u00f6nlichen Vorlieben weiter auf die ersten drei eingegrenzt.<\/p>\n<p>Die endg\u00fcltige Liste enthielt einige bekannte Namen wie Adult FriendFinder und Zoosk sowie neuere Spieler wie HornyPeople und SwingersMeet.<\/p>\n<h2>SwapMeet<\/h2>\n<p>Swap Meet ist eine weitere beliebte Swinger-Website f\u00fcr Erwachsene mit Tausenden von aktiven Mitgliedern jeden Tag. Diese Seite bietet viele verschiedene Kategorien, darunter Paare, Singles, Frauen, die nach M\u00e4nnern suchen, und M\u00e4nner, die nach Frauen suchen. Alle Eintr\u00e4ge sind in Unterkategorien unterteilt, so dass Sie leicht durchsuchen und finden k\u00f6nnen, woran Sie interessiert sind. Es gibt sogar spezielle Funktionen wie Live-Cam-Chats, Webcam-Video und Audioanrufe.<\/p>\n<h2>SwingLifeStyle<\/h2>\n<p>SwingLifeStyle ist ein unterhaltsames und einzigartiges soziales Swinger-Netzwerk, in dem Sie sich mit anderen <a href=\"https:\/\/www.fucksites.net\/de\/jerk-off-seiten\/\">online jerk off<\/a> auf der Grundlage gemeinsamer Interessen verbinden k\u00f6nnen. Auf der Website k\u00f6nnen Sie Gruppen beitreten, Fotos austauschen, Videos ver\u00f6ffentlichen, Nachrichten senden und vieles mehr. Es gibt \u00fcber 20 verschiedene Kategorien zur Auswahl, darunter Paare, Swinger, Dreier, BDSM, Voyeurismus, offene Beziehungen usw.<\/p>\n<h2>AdultFriendFinder<\/h2>\n<p>Adult Friend Finder ist eine der beliebtesten Dating-Sites f\u00fcr Erwachsene. Mit Millionen von Mitgliedern weltweit werden Sie definitiv jemanden vor Ort finden, mit dem Sie sich verbinden k\u00f6nnen. Und machen Sie sich keine Sorgen, denn AF diskriminiert niemanden &#8211; egal wie viel Gewicht Sie tragen.<\/p>\n<h2>Zoosk<\/h2>\n<p>Zoosk ist eine weitere gro\u00dfartige Option f\u00fcr diejenigen, die Singles in ihrer N\u00e4he treffen m\u00f6chten. Diese Website konzentriert sich darauf, Ihnen zu helfen, Verbindungen zu interessanten Menschen herzustellen, die auf Dingen basieren, die Sie lieben. Egal, ob Sie ein Fan von Sport oder Mode sind, Sie werden jemanden in der N\u00e4he finden, der \u00e4hnliche Interessen teilt.<\/p>\n<h2>Viel Fisch<\/h2>\n<p>PlentyOfFish ist eine kostenlose Dating-App, die das Treffen von Singles einfach macht. Egal, ob Sie nach Freundschaft, Romantik oder sogar Ehe suchen, Sie k\u00f6nnen innerhalb weniger Minuten jemanden finden, der gro\u00dfartig ist.<\/p>\n","protected":false},"excerpt":{"rendered":"<p>Wenn Sie sich f\u00fcr das Schwingen interessieren, besteht die M\u00f6glichkeit, dass Sie schon seit einiger Zeit online suchen. Es gibt&hellip;<\/p>\n","protected":false},"author":1,"featured_media":0,"parent":0,"menu_order":0,"comment_status":"closed","ping_status":"closed","template":"","meta":[],"yoast_head":"<!-- This site is optimized with the Yoast SEO plugin v17.7.1 - https:\/\/yoast.com\/wordpress\/plugins\/seo\/ -->\n<title>Beste Swinger-Seiten - Meet Nearby<\/title>\n<meta name=\"robots\" content=\"index, follow, max-snippet:-1, max-image-preview:large, max-video-preview:-1\" \/>\n<link rel=\"canonical\" href=\"https:\/\/marburgerorchard.com\/de\/beste-swinger-seiten\/\" \/>\n<meta property=\"og:locale\" content=\"de_DE\" \/>\n<meta property=\"og:type\" content=\"article\" \/>\n<meta property=\"og:title\" content=\"Beste Swinger-Seiten - Meet Nearby\" \/>\n<meta property=\"og:description\" content=\"Wenn Sie sich f\u00fcr das Schwingen interessieren, besteht die M\u00f6glichkeit, dass Sie schon seit einiger Zeit online suchen. Es gibt&hellip;\" \/>\n<meta property=\"og:url\" content=\"https:\/\/marburgerorchard.com\/de\/beste-swinger-seiten\/\" \/>\n<meta property=\"og:site_name\" content=\"Meet Nearby\" \/>\n<meta property=\"article:modified_time\" content=\"2022-10-17T12:20:13+00:00\" \/>\n<meta name=\"twitter:card\" content=\"summary_large_image\" \/>\n<meta name=\"twitter:label1\" content=\"Gesch\u00e4tzte Lesezeit\" \/>\n\t<meta name=\"twitter:data1\" content=\"2 minutes\" \/>\n<script type=\"application\/ld+json\" class=\"yoast-schema-graph\">{\"@context\":\"https:\/\/schema.org\",\"@graph\":[{\"@type\":\"WebSite\",\"@id\":\"https:\/\/marburgerorchard.com\/de\/#website\",\"url\":\"https:\/\/marburgerorchard.com\/de\/\",\"name\":\"Meet Nearby\",\"description\":\"Adult Dating Guide\",\"potentialAction\":[{\"@type\":\"SearchAction\",\"target\":{\"@type\":\"EntryPoint\",\"urlTemplate\":\"https:\/\/marburgerorchard.com\/de\/?s={search_term_string}\"},\"query-input\":\"required name=search_term_string\"}],\"inLanguage\":\"de-DE\"},{\"@type\":\"WebPage\",\"@id\":\"https:\/\/marburgerorchard.com\/de\/beste-swinger-seiten\/#webpage\",\"url\":\"https:\/\/marburgerorchard.com\/de\/beste-swinger-seiten\/\",\"name\":\"Beste Swinger-Seiten - Meet Nearby\",\"isPartOf\":{\"@id\":\"https:\/\/marburgerorchard.com\/de\/#website\"},\"datePublished\":\"2022-09-26T13:24:17+00:00\",\"dateModified\":\"2022-10-17T12:20:13+00:00\",\"breadcrumb\":{\"@id\":\"https:\/\/marburgerorchard.com\/de\/beste-swinger-seiten\/#breadcrumb\"},\"inLanguage\":\"de-DE\",\"potentialAction\":[{\"@type\":\"ReadAction\",\"target\":[\"https:\/\/marburgerorchard.com\/de\/beste-swinger-seiten\/\"]}]},{\"@type\":\"BreadcrumbList\",\"@id\":\"https:\/\/marburgerorchard.com\/de\/beste-swinger-seiten\/#breadcrumb\",\"itemListElement\":[{\"@type\":\"ListItem\",\"position\":1,\"name\":\"Home\",\"item\":\"https:\/\/marburgerorchard.com\/de\/\"},{\"@type\":\"ListItem\",\"position\":2,\"name\":\"Beste Swinger-Seiten\"}]}]}<\/script>\n<!-- \/ Yoast SEO plugin. -->","yoast_head_json":{"title":"Beste Swinger-Seiten - Meet Nearby","robots":{"index":"index","follow":"follow","max-snippet":"max-snippet:-1","max-image-preview":"max-image-preview:large","max-video-preview":"max-video-preview:-1"},"canonical":"https:\/\/marburgerorchard.com\/de\/beste-swinger-seiten\/","og_locale":"de_DE","og_type":"article","og_title":"Beste Swinger-Seiten - Meet Nearby","og_description":"Wenn Sie sich f\u00fcr das Schwingen interessieren, besteht die M\u00f6glichkeit, dass Sie schon seit einiger Zeit online suchen. Es gibt&hellip;","og_url":"https:\/\/marburgerorchard.com\/de\/beste-swinger-seiten\/","og_site_name":"Meet Nearby","article_modified_time":"2022-10-17T12:20:13+00:00","twitter_card":"summary_large_image","twitter_misc":{"Gesch\u00e4tzte Lesezeit":"2 minutes"},"schema":{"@context":"https:\/\/schema.org","@graph":[{"@type":"WebSite","@id":"https:\/\/marburgerorchard.com\/de\/#website","url":"https:\/\/marburgerorchard.com\/de\/","name":"Meet Nearby","description":"Adult Dating Guide","potentialAction":[{"@type":"SearchAction","target":{"@type":"EntryPoint","urlTemplate":"https:\/\/marburgerorchard.com\/de\/?s={search_term_string}"},"query-input":"required name=search_term_string"}],"inLanguage":"de-DE"},{"@type":"WebPage","@id":"https:\/\/marburgerorchard.com\/de\/beste-swinger-seiten\/#webpage","url":"https:\/\/marburgerorchard.com\/de\/beste-swinger-seiten\/","name":"Beste Swinger-Seiten - Meet Nearby","isPartOf":{"@id":"https:\/\/marburgerorchard.com\/de\/#website"},"datePublished":"2022-09-26T13:24:17+00:00","dateModified":"2022-10-17T12:20:13+00:00","breadcrumb":{"@id":"https:\/\/marburgerorchard.com\/de\/beste-swinger-seiten\/#breadcrumb"},"inLanguage":"de-DE","potentialAction":[{"@type":"ReadAction","target":["https:\/\/marburgerorchard.com\/de\/beste-swinger-seiten\/"]}]},{"@type":"BreadcrumbList","@id":"https:\/\/marburgerorchard.com\/de\/beste-swinger-seiten\/#breadcrumb","itemListElement":[{"@type":"ListItem","position":1,"name":"Home","item":"https:\/\/marburgerorchard.com\/de\/"},{"@type":"ListItem","position":2,"name":"Beste Swinger-Seiten"}]}]}},"_links":{"self":[{"href":"https:\/\/marburgerorchard.com\/de\/wp-json\/wp\/v2\/pages\/107"}],"collection":[{"href":"https:\/\/marburgerorchard.com\/de\/wp-json\/wp\/v2\/pages"}],"about":[{"href":"https:\/\/marburgerorchard.com\/de\/wp-json\/wp\/v2\/types\/page"}],"author":[{"embeddable":true,"href":"https:\/\/marburgerorchard.com\/de\/wp-json\/wp\/v2\/users\/1"}],"replies":[{"embeddable":true,"href":"https:\/\/marburgerorchard.com\/de\/wp-json\/wp\/v2\/comments?post=107"}],"version-history":[{"count":2,"href":"https:\/\/marburgerorchard.com\/de\/wp-json\/wp\/v2\/pages\/107\/revisions"}],"predecessor-version":[{"id":319,"href":"https:\/\/marburgerorchard.com\/de\/wp-json\/wp\/v2\/pages\/107\/revisions\/319"}],"wp:attachment":[{"href":"https:\/\/marburgerorchard.com\/de\/wp-json\/wp\/v2\/media?parent=107"}],"curies":[{"name":"wp","href":"https:\/\/api.w.org\/{rel}","templated":true}]}}