{"id":92,"date":"2022-09-26T14:26:15","date_gmt":"2022-09-26T13:26:15","guid":{"rendered":"http:\/\/marburgerorchard.com\/sugar-baby-og-daddies\/"},"modified":"2022-09-26T14:26:15","modified_gmt":"2022-09-26T13:26:15","slug":"sugar-baby-og-daddies","status":"publish","type":"page","link":"https:\/\/marburgerorchard.com\/da\/sugar-baby-og-daddies\/","title":{"rendered":"Sugar Baby og daddies"},"content":{"rendered":"<p>Sukkerbabyer er personer, der leverer ledsagetjenester til velhavende m\u00e6nd. Sukkerbabyer tjener typisk penge via online platforme som Seeking Arrangement, Elite Daily og OK Cupid. Selvom arrangementet normalt er gensidigt fordelagtigt, kr\u00e6ver det et vist niveau af tillid. Der er masser af websteder dedikeret til at hj\u00e6lpe dig med at oprette forbindelse til sukkerbabyer. Disse websteder giver dig mulighed for at gennemse profiler baseret p\u00e5 kriterier som alder, k\u00f8n, placering og interesser. N\u00e5r du har fundet en person, du gerne vil m\u00f8de, kan du sende dem en besked direkte.<\/p>\n<p>Selvom det er muligt at m\u00f8de sukkerbabyer i det virkelige liv, er det meget lettere at arrangere datoer online. Websteder som Seeking Arrangement tilbyder et sikkert milj\u00f8 for begge parter til at kommunikere og oprette m\u00f8der.<\/p>\n<h2>M\u00f8d en sugardaddy online<\/h2>\n<p>Der er flere fordele ved at have en sukkerbaby. For det f\u00f8rste giver det \u00f8konomisk stabile personer nogen til at passe dem, mens de bliver \u00e6ldre. For det andet giver det kvinden mulighed for at forf\u00f8lge sine karrierem\u00e5l uden at bekymre sig om b\u00f8rnepasningsomkostninger. For det tredje giver det manden mulighed for at nyde livet uden at f\u00f8le sig skyldig over sin rigdom.<\/p>\n<p>Samlet set tilbyder sukkerbabyer unikke muligheder for personlig v\u00e6kst og tilfredsstillelse. Det er dog vigtigt at huske, at disse forhold ikke er beregnet til at erstatte traditionelle \u00e6gteskaber. Snarere er de bare en anden form for voksen dating.<\/p>\n<h2>M\u00f8d en sugarbaby<\/h2>\n<p>Sukkerbabyer er unge kvinder, der s\u00f8ger \u00f8konomisk st\u00f8tte fra velhavende sugardaddies. Disse arrangementer varierer meget, lige fra kortvarigt kammeratskab til langsigtede romantiske forhold. Sukkerbabyer giver typisk kammeratskab, k\u00e6rlighed og seksuelle tjenester i bytte for penge.<\/p>\n<p>Mens sugar daddy dating sites eksisterer, de fleste sugar  babies m\u00f8de deres partnere offline. Mange sukkerbabyer rapporterer, at de oprindeligt blev tiltrukket af deres partners rigdom, status og forbindelser. Andre siger, at de fandt deres sugardaddy online efter at have s\u00f8gt efter potentielle kampe. Uanset hvordan de m\u00f8dtes, begynder sukkerbabyer normalt deres forhold til en sugardaddy, der giver dem gaver, penge og andre former for kompensation. Efterh\u00e5nden som forholdet skrider frem, forventer sukkerbabyer imidlertid at modtage yderligere fordele, herunder rejser, t\u00f8j og luksusartikler.<\/p>\n","protected":false},"excerpt":{"rendered":"<p>Sukkerbabyer er personer, der leverer ledsagetjenester til velhavende m\u00e6nd. Sukkerbabyer tjener typisk penge via online platforme som Seeking Arrangement, Elite&hellip;<\/p>\n","protected":false},"author":1,"featured_media":0,"parent":0,"menu_order":0,"comment_status":"closed","ping_status":"closed","template":"","meta":[],"yoast_head":"<!-- This site is optimized with the Yoast SEO plugin v17.7.1 - https:\/\/yoast.com\/wordpress\/plugins\/seo\/ -->\n<title>Sugar Baby og daddies - Meet Nearby<\/title>\n<meta name=\"robots\" content=\"index, follow, max-snippet:-1, max-image-preview:large, max-video-preview:-1\" \/>\n<link rel=\"canonical\" href=\"https:\/\/marburgerorchard.com\/da\/sugar-baby-og-daddies\/\" \/>\n<meta property=\"og:locale\" content=\"da_DK\" \/>\n<meta property=\"og:type\" content=\"article\" \/>\n<meta property=\"og:title\" content=\"Sugar Baby og daddies - Meet Nearby\" \/>\n<meta property=\"og:description\" content=\"Sukkerbabyer er personer, der leverer ledsagetjenester til velhavende m\u00e6nd. Sukkerbabyer tjener typisk penge via online platforme som Seeking Arrangement, Elite&hellip;\" \/>\n<meta property=\"og:url\" content=\"https:\/\/marburgerorchard.com\/da\/sugar-baby-og-daddies\/\" \/>\n<meta property=\"og:site_name\" content=\"Meet Nearby\" \/>\n<meta name=\"twitter:card\" content=\"summary_large_image\" \/>\n<meta name=\"twitter:label1\" content=\"Estimeret l\u00e6setid\" \/>\n\t<meta name=\"twitter:data1\" content=\"2 minutter\" \/>\n<script type=\"application\/ld+json\" class=\"yoast-schema-graph\">{\"@context\":\"https:\/\/schema.org\",\"@graph\":[{\"@type\":\"WebSite\",\"@id\":\"https:\/\/marburgerorchard.com\/da\/#website\",\"url\":\"https:\/\/marburgerorchard.com\/da\/\",\"name\":\"Meet Nearby\",\"description\":\"Adult Dating Guide\",\"potentialAction\":[{\"@type\":\"SearchAction\",\"target\":{\"@type\":\"EntryPoint\",\"urlTemplate\":\"https:\/\/marburgerorchard.com\/da\/?s={search_term_string}\"},\"query-input\":\"required name=search_term_string\"}],\"inLanguage\":\"da-DK\"},{\"@type\":\"WebPage\",\"@id\":\"https:\/\/marburgerorchard.com\/da\/sugar-baby-og-daddies\/#webpage\",\"url\":\"https:\/\/marburgerorchard.com\/da\/sugar-baby-og-daddies\/\",\"name\":\"Sugar Baby og daddies - Meet Nearby\",\"isPartOf\":{\"@id\":\"https:\/\/marburgerorchard.com\/da\/#website\"},\"datePublished\":\"2022-09-26T13:26:15+00:00\",\"dateModified\":\"2022-09-26T13:26:15+00:00\",\"breadcrumb\":{\"@id\":\"https:\/\/marburgerorchard.com\/da\/sugar-baby-og-daddies\/#breadcrumb\"},\"inLanguage\":\"da-DK\",\"potentialAction\":[{\"@type\":\"ReadAction\",\"target\":[\"https:\/\/marburgerorchard.com\/da\/sugar-baby-og-daddies\/\"]}]},{\"@type\":\"BreadcrumbList\",\"@id\":\"https:\/\/marburgerorchard.com\/da\/sugar-baby-og-daddies\/#breadcrumb\",\"itemListElement\":[{\"@type\":\"ListItem\",\"position\":1,\"name\":\"Home\",\"item\":\"https:\/\/marburgerorchard.com\/da\/\"},{\"@type\":\"ListItem\",\"position\":2,\"name\":\"Sugar Baby og daddies\"}]}]}<\/script>\n<!-- \/ Yoast SEO plugin. -->","yoast_head_json":{"title":"Sugar Baby og daddies - Meet Nearby","robots":{"index":"index","follow":"follow","max-snippet":"max-snippet:-1","max-image-preview":"max-image-preview:large","max-video-preview":"max-video-preview:-1"},"canonical":"https:\/\/marburgerorchard.com\/da\/sugar-baby-og-daddies\/","og_locale":"da_DK","og_type":"article","og_title":"Sugar Baby og daddies - Meet Nearby","og_description":"Sukkerbabyer er personer, der leverer ledsagetjenester til velhavende m\u00e6nd. Sukkerbabyer tjener typisk penge via online platforme som Seeking Arrangement, Elite&hellip;","og_url":"https:\/\/marburgerorchard.com\/da\/sugar-baby-og-daddies\/","og_site_name":"Meet Nearby","twitter_card":"summary_large_image","twitter_misc":{"Estimeret l\u00e6setid":"2 minutter"},"schema":{"@context":"https:\/\/schema.org","@graph":[{"@type":"WebSite","@id":"https:\/\/marburgerorchard.com\/da\/#website","url":"https:\/\/marburgerorchard.com\/da\/","name":"Meet Nearby","description":"Adult Dating Guide","potentialAction":[{"@type":"SearchAction","target":{"@type":"EntryPoint","urlTemplate":"https:\/\/marburgerorchard.com\/da\/?s={search_term_string}"},"query-input":"required name=search_term_string"}],"inLanguage":"da-DK"},{"@type":"WebPage","@id":"https:\/\/marburgerorchard.com\/da\/sugar-baby-og-daddies\/#webpage","url":"https:\/\/marburgerorchard.com\/da\/sugar-baby-og-daddies\/","name":"Sugar Baby og daddies - Meet Nearby","isPartOf":{"@id":"https:\/\/marburgerorchard.com\/da\/#website"},"datePublished":"2022-09-26T13:26:15+00:00","dateModified":"2022-09-26T13:26:15+00:00","breadcrumb":{"@id":"https:\/\/marburgerorchard.com\/da\/sugar-baby-og-daddies\/#breadcrumb"},"inLanguage":"da-DK","potentialAction":[{"@type":"ReadAction","target":["https:\/\/marburgerorchard.com\/da\/sugar-baby-og-daddies\/"]}]},{"@type":"BreadcrumbList","@id":"https:\/\/marburgerorchard.com\/da\/sugar-baby-og-daddies\/#breadcrumb","itemListElement":[{"@type":"ListItem","position":1,"name":"Home","item":"https:\/\/marburgerorchard.com\/da\/"},{"@type":"ListItem","position":2,"name":"Sugar Baby og daddies"}]}]}},"_links":{"self":[{"href":"https:\/\/marburgerorchard.com\/da\/wp-json\/wp\/v2\/pages\/92"}],"collection":[{"href":"https:\/\/marburgerorchard.com\/da\/wp-json\/wp\/v2\/pages"}],"about":[{"href":"https:\/\/marburgerorchard.com\/da\/wp-json\/wp\/v2\/types\/page"}],"author":[{"embeddable":true,"href":"https:\/\/marburgerorchard.com\/da\/wp-json\/wp\/v2\/users\/1"}],"replies":[{"embeddable":true,"href":"https:\/\/marburgerorchard.com\/da\/wp-json\/wp\/v2\/comments?post=92"}],"version-history":[{"count":0,"href":"https:\/\/marburgerorchard.com\/da\/wp-json\/wp\/v2\/pages\/92\/revisions"}],"wp:attachment":[{"href":"https:\/\/marburgerorchard.com\/da\/wp-json\/wp\/v2\/media?parent=92"}],"curies":[{"name":"wp","href":"https:\/\/api.w.org\/{rel}","templated":true}]}}