{"id":200,"date":"2022-09-25T15:08:59","date_gmt":"2022-09-25T14:08:59","guid":{"rendered":"http:\/\/marburgerorchard.com\/lokale-dating-hookups\/"},"modified":"2022-09-25T15:08:59","modified_gmt":"2022-09-25T14:08:59","slug":"lokale-dating-hookups","status":"publish","type":"page","link":"https:\/\/marburgerorchard.com\/da\/","title":{"rendered":"Lokale dating hookups"},"content":{"rendered":"<h2>Vores guide til at chatte med lokale singler<\/h2>\n<p>Ideen bag disse typer websteder er enkel: Du tilmelder dig, uploader et foto, udfylder en profil og begynder at gennemse profiler fra medlemmer over hele verden. N\u00e5r nogen kan lide, hvad de ser, sender de et blink eller en matchanmodning. Hvis begge parter er enige om at g\u00e5 p\u00e5 en date, chatter de via tekst eller videoopkald. Og hvis alt g\u00e5r godt, kan du ende med at m\u00f8des ansigt til ansigt.<\/p>\n<p>Der er ogs\u00e5 masser af forskellige m\u00e5der at bruge disse websteder p\u00e5. Nogle mennesker gennemser bare webstedet og ser efter kampe; andre opretter grupper baseret p\u00e5 f\u00e6lles interesser, s\u00e5som sportshold, hobbyer osv .; og stadig andre bruger appen eller webstedets indbyggede beskedfunktion til at tale med potentielle datoer.<\/p>\n<p>Jeg har personligt brugt flere af disse websteder gennem \u00e5rene, og jeg synes, de er gode muligheder for at finde k\u00e6rlighed online. Men jeg anbefaler altid at lave din research, f\u00f8r du tilmelder dig. S\u00f8rg for, at webstedet er legitimt, sikkert og sikkert. Glem heller ikke at l\u00e6se anmeldelser og vurderinger, f\u00f8r du tr\u00e6ffer en beslutning.<\/p>\n<h2>Vores bedste anmeldelser<\/h2>\n<p>Jeg ved, hvad du t\u00e6nker; &#8220;Hvilket tilslutningssted er gratis?&#8221; N\u00e5, der er masser af muligheder derude, men nogle koster penge, mens andre er helt gratis. S\u00e5 her g\u00e5r vi &#8230;<\/p>\n<p>1. OkCupid &#8211; Denne dating app er ret ligetil. Alt du g\u00f8r er at udfylde en profil, uploade et billede og begynde at stryge til venstre eller h\u00f8jre. Hvis du kan lide nogen, sender du dem et blink. De kan enten acceptere det eller afvise det. Og det handler om det. Der er ikke for mange funktioner, men det fungerer godt.<\/p>\n<p>2. Tinder &#8211; En anden popul\u00e6r datingapp, Tinder, giver dig mulighed for at swipe til h\u00f8jre p\u00e5 folk, du finder attraktive. Hvis du matcher med en anden person, kan du chatte med dem via tekst. Det er super nemt at bruge og fungerer godt.<\/p>\n<p>3. Masser af fisk &#8211; POF er lidt anderledes, fordi det kr\u00e6ver en Facebook-konto for at tilmelde sig. N\u00e5r du er logget ind p\u00e5 appen, vil du se et feed fyldt med potentielle matches baseret p\u00e5 din placering. Du kan enten gennemse profiler selv, eller du kan bede venner om at introducere dig til andre singler i n\u00e6rheden.<\/p>\n<p>4. Zoosk &#8211; Denne dating app ligner OKCupid og Tinder. Du kan se medlemmernes billeder og l\u00e6se deres bios, f\u00f8r du beslutter dig for, om du vil trykke p\u00e5 &#8216;match&#8217; eller ej. N\u00e5r du beslutter dig for at matche, kan du chatte med hinanden. Det er meget grundl\u00e6ggende, og det mangler tilpasning.<\/p>\n<p>5. Match &#8211; Match er lidt anderledes, fordi du faktisk ikke m\u00f8der nogen online. I stedet g\u00e5r du ind i et rum, hvor du interagerer med rigtige mennesker. Hvert v\u00e6relse er tema omkring en bestemt type forhold s\u00e5som afslappede datoer, seri\u00f8se forhold osv. Du kan tale med flere personer i samme rum, men du kan kun chatte med \u00e9n person uden for rummet.<\/p>\n<p>6. Bumble &#8211; Bumble er pr\u00e6cis, hvordan det lyder. Kvinder indleder chats, og m\u00e6nd skal svare. Men n\u00e5r du g\u00f8r det, kan du v\u00e6lge at ignorere den, der har sendt dig en anmodning.<\/p>\n<h3>Slynge<\/h3>\n<p>Den f\u00f8rste gratis tilslutningsapp, jeg vil foresl\u00e5 dig at pr\u00f8ve, er en, der hedder Fling, som er helt gratis at deltage i. Det er m\u00e5ske den bedste online dating app, jeg har brugt gennem \u00e5rene.<\/p>\n<p>Faktisk, da jeg f\u00f8rst kiggede p\u00e5 denne app, sluttede jeg med at bruge en hel uge ved hj\u00e6lp af den gratis version. Og kort efter opgraderede jeg, fordi jeg \u00f8nskede at \u00f8ge mine odds for at tilslutte mig. Nu, n\u00e5r jeg vil m\u00f8de nogen, g\u00e5r jeg direkte til Fling.<\/p>\n<p>Sikker p\u00e5, de har opgraderingsmuligheder &#8211; som at matche folk baseret p\u00e5 placering &#8211; der g\u00f8r det meget lettere for dig at oprette forbindelse til lokale singler, der \u00f8nsker at have sex, og selvom disse opgraderinger er ret dyre ($ 19.99), fungerer de stadig godt. Men indtil videre fungerer den gratis version fint.<\/p>\n<h2>S\u00e5dan v\u00e6lger du de rigtige websteder<\/h2>\n<p>Mens der er masser af websteder derude, der h\u00e6vder at hj\u00e6lpe folk med at finde k\u00e6rlighed, er de fleste af dem ikke din tid v\u00e6rd. Her er hvorfor:<\/p>\n<h3>St\u00f8rrelse p\u00e5 brugerbase<\/h3>\n<p>Den f\u00f8rste ting, du vil se p\u00e5, er, hvor stor brugerbasen er. Hvor mange mennesker er der faktisk p\u00e5 webstedet? Hvis der er tusindvis af medlemmer, er chancerne for, at du ikke har meget held. En god tommelfingerregel er 3.000+ medlemmer.<\/p>\n<h3>Brugervenlighed<\/h3>\n<p>Hvis du nogensinde har v\u00e6ret p\u00e5 en datingapp som Tinder, Bumble, Hinge osv., Ved du hvad jeg taler om. De er gode, fordi de g\u00f8r det virkelig nemt at swipe til venstre eller h\u00f8jre p\u00e5 hundredvis af profiler. P\u00e5 denne m\u00e5de spilder du ikke for meget tid p\u00e5 at rulle gennem endel\u00f8se profiler.<\/p>\n<h3>Medlemmernes kvalitet<\/h3>\n<p>Dette er en af mine yndlings ting at kontrollere. Se efter anmeldelser online og se, hvad tidligere kunder har at sige. Giver de feedback? Er deres vurderinger h\u00f8je? Hvad siger de om kundesupport? Alle disse faktorer spiller ind p\u00e5, om du vil tilmelde dig webstedet eller ej.<\/p>\n","protected":false},"excerpt":{"rendered":"<p>Vores guide til at chatte med lokale singler Ideen bag disse typer websteder er enkel: Du tilmelder dig, uploader et&hellip;<\/p>\n","protected":false},"author":1,"featured_media":78,"parent":0,"menu_order":0,"comment_status":"closed","ping_status":"closed","template":"","meta":[],"yoast_head":"<!-- This site is optimized with the Yoast SEO plugin v17.7.1 - https:\/\/yoast.com\/wordpress\/plugins\/seo\/ -->\n<title>Lokale dating hookups - M\u00f8d singler i dit omr\u00e5de, der \u00f8nsker sex!<\/title>\n<meta name=\"robots\" content=\"index, follow, max-snippet:-1, max-image-preview:large, max-video-preview:-1\" \/>\n<link rel=\"canonical\" href=\"https:\/\/marburgerorchard.com\/da\/\" \/>\n<meta property=\"og:locale\" content=\"da_DK\" \/>\n<meta property=\"og:type\" content=\"article\" \/>\n<meta property=\"og:title\" content=\"Lokale dating hookups - M\u00f8d singler i dit omr\u00e5de, der \u00f8nsker sex!\" \/>\n<meta property=\"og:description\" content=\"Vores guide til at chatte med lokale singler Ideen bag disse typer websteder er enkel: Du tilmelder dig, uploader et&hellip;\" \/>\n<meta property=\"og:url\" content=\"https:\/\/marburgerorchard.com\/da\/\" \/>\n<meta property=\"og:site_name\" content=\"Meet Nearby\" \/>\n<meta property=\"og:image\" content=\"https:\/\/marburgerorchard.com\/wp-content\/uploads\/2022\/09\/guide-to-find-sex.jpeg\" \/>\n\t<meta property=\"og:image:width\" content=\"500\" \/>\n\t<meta property=\"og:image:height\" content=\"333\" \/>\n<meta name=\"twitter:card\" content=\"summary_large_image\" \/>\n<meta name=\"twitter:label1\" content=\"Estimeret l\u00e6setid\" \/>\n\t<meta name=\"twitter:data1\" content=\"4 minutter\" \/>\n<script type=\"application\/ld+json\" class=\"yoast-schema-graph\">{\"@context\":\"https:\/\/schema.org\",\"@graph\":[{\"@type\":\"WebSite\",\"@id\":\"https:\/\/marburgerorchard.com\/da\/#website\",\"url\":\"https:\/\/marburgerorchard.com\/da\/\",\"name\":\"Meet Nearby\",\"description\":\"Adult Dating Guide\",\"potentialAction\":[{\"@type\":\"SearchAction\",\"target\":{\"@type\":\"EntryPoint\",\"urlTemplate\":\"https:\/\/marburgerorchard.com\/da\/?s={search_term_string}\"},\"query-input\":\"required name=search_term_string\"}],\"inLanguage\":\"da-DK\"},{\"@type\":\"ImageObject\",\"@id\":\"https:\/\/marburgerorchard.com\/da\/#primaryimage\",\"inLanguage\":\"da-DK\",\"url\":\"https:\/\/marburgerorchard.com\/wp-content\/uploads\/2022\/09\/guide-to-find-sex.jpeg\",\"contentUrl\":\"https:\/\/marburgerorchard.com\/wp-content\/uploads\/2022\/09\/guide-to-find-sex.jpeg\",\"width\":500,\"height\":333},{\"@type\":\"WebPage\",\"@id\":\"https:\/\/marburgerorchard.com\/da\/#webpage\",\"url\":\"https:\/\/marburgerorchard.com\/da\/\",\"name\":\"Lokale dating hookups - M\\u00f8d singler i dit omr\\u00e5de, der \\u00f8nsker sex!\",\"isPartOf\":{\"@id\":\"https:\/\/marburgerorchard.com\/da\/#website\"},\"primaryImageOfPage\":{\"@id\":\"https:\/\/marburgerorchard.com\/da\/#primaryimage\"},\"datePublished\":\"2022-09-25T14:08:59+00:00\",\"dateModified\":\"2022-09-25T14:08:59+00:00\",\"breadcrumb\":{\"@id\":\"https:\/\/marburgerorchard.com\/da\/#breadcrumb\"},\"inLanguage\":\"da-DK\",\"potentialAction\":[{\"@type\":\"ReadAction\",\"target\":[\"https:\/\/marburgerorchard.com\/da\/\"]}]},{\"@type\":\"BreadcrumbList\",\"@id\":\"https:\/\/marburgerorchard.com\/da\/#breadcrumb\",\"itemListElement\":[{\"@type\":\"ListItem\",\"position\":1,\"name\":\"Home\",\"item\":\"https:\/\/marburgerorchard.com\/da\/\"},{\"@type\":\"ListItem\",\"position\":2,\"name\":\"Lokale dating hookups\"}]}]}<\/script>\n<!-- \/ Yoast SEO plugin. -->","yoast_head_json":{"title":"Lokale dating hookups - M\u00f8d singler i dit omr\u00e5de, der \u00f8nsker sex!","robots":{"index":"index","follow":"follow","max-snippet":"max-snippet:-1","max-image-preview":"max-image-preview:large","max-video-preview":"max-video-preview:-1"},"canonical":"https:\/\/marburgerorchard.com\/da\/","og_locale":"da_DK","og_type":"article","og_title":"Lokale dating hookups - M\u00f8d singler i dit omr\u00e5de, der \u00f8nsker sex!","og_description":"Vores guide til at chatte med lokale singler Ideen bag disse typer websteder er enkel: Du tilmelder dig, uploader et&hellip;","og_url":"https:\/\/marburgerorchard.com\/da\/","og_site_name":"Meet Nearby","og_image":[{"width":500,"height":333,"url":"https:\/\/marburgerorchard.com\/wp-content\/uploads\/2022\/09\/guide-to-find-sex.jpeg","type":"image\/jpeg"}],"twitter_card":"summary_large_image","twitter_misc":{"Estimeret l\u00e6setid":"4 minutter"},"schema":{"@context":"https:\/\/schema.org","@graph":[{"@type":"WebSite","@id":"https:\/\/marburgerorchard.com\/da\/#website","url":"https:\/\/marburgerorchard.com\/da\/","name":"Meet Nearby","description":"Adult Dating Guide","potentialAction":[{"@type":"SearchAction","target":{"@type":"EntryPoint","urlTemplate":"https:\/\/marburgerorchard.com\/da\/?s={search_term_string}"},"query-input":"required name=search_term_string"}],"inLanguage":"da-DK"},{"@type":"ImageObject","@id":"https:\/\/marburgerorchard.com\/da\/#primaryimage","inLanguage":"da-DK","url":"https:\/\/marburgerorchard.com\/wp-content\/uploads\/2022\/09\/guide-to-find-sex.jpeg","contentUrl":"https:\/\/marburgerorchard.com\/wp-content\/uploads\/2022\/09\/guide-to-find-sex.jpeg","width":500,"height":333},{"@type":"WebPage","@id":"https:\/\/marburgerorchard.com\/da\/#webpage","url":"https:\/\/marburgerorchard.com\/da\/","name":"Lokale dating hookups - M\u00f8d singler i dit omr\u00e5de, der \u00f8nsker sex!","isPartOf":{"@id":"https:\/\/marburgerorchard.com\/da\/#website"},"primaryImageOfPage":{"@id":"https:\/\/marburgerorchard.com\/da\/#primaryimage"},"datePublished":"2022-09-25T14:08:59+00:00","dateModified":"2022-09-25T14:08:59+00:00","breadcrumb":{"@id":"https:\/\/marburgerorchard.com\/da\/#breadcrumb"},"inLanguage":"da-DK","potentialAction":[{"@type":"ReadAction","target":["https:\/\/marburgerorchard.com\/da\/"]}]},{"@type":"BreadcrumbList","@id":"https:\/\/marburgerorchard.com\/da\/#breadcrumb","itemListElement":[{"@type":"ListItem","position":1,"name":"Home","item":"https:\/\/marburgerorchard.com\/da\/"},{"@type":"ListItem","position":2,"name":"Lokale dating hookups"}]}]}},"_links":{"self":[{"href":"https:\/\/marburgerorchard.com\/da\/wp-json\/wp\/v2\/pages\/200"}],"collection":[{"href":"https:\/\/marburgerorchard.com\/da\/wp-json\/wp\/v2\/pages"}],"about":[{"href":"https:\/\/marburgerorchard.com\/da\/wp-json\/wp\/v2\/types\/page"}],"author":[{"embeddable":true,"href":"https:\/\/marburgerorchard.com\/da\/wp-json\/wp\/v2\/users\/1"}],"replies":[{"embeddable":true,"href":"https:\/\/marburgerorchard.com\/da\/wp-json\/wp\/v2\/comments?post=200"}],"version-history":[{"count":0,"href":"https:\/\/marburgerorchard.com\/da\/wp-json\/wp\/v2\/pages\/200\/revisions"}],"wp:featuredmedia":[{"embeddable":true,"href":"https:\/\/marburgerorchard.com\/da\/wp-json\/wp\/v2\/media\/78"}],"wp:attachment":[{"href":"https:\/\/marburgerorchard.com\/da\/wp-json\/wp\/v2\/media?parent=200"}],"curies":[{"name":"wp","href":"https:\/\/api.w.org\/{rel}","templated":true}]}}