{"id":102,"date":"2022-09-26T14:25:14","date_gmt":"2022-09-26T13:25:14","guid":{"rendered":"http:\/\/marburgerorchard.com\/moed-lokale-milfer-der-oensker-sex\/"},"modified":"2022-09-26T14:25:14","modified_gmt":"2022-09-26T13:25:14","slug":"moed-lokale-milfer-der-oensker-sex","status":"publish","type":"page","link":"https:\/\/marburgerorchard.com\/da\/moed-lokale-milfer-der-oensker-sex\/","title":{"rendered":"M\u00f8d lokale MILF&#8217;er, der \u00f8nsker sex"},"content":{"rendered":"<p>De bedste datingsider er dem, der giver dig mulighed for at oprette forbindelse til mennesker baseret p\u00e5 f\u00e6lles interesser, alder, placering og personlighedstr\u00e6k. Cougar dating apps er et sted, hvor unge m\u00e6nd og \u00e6ldre kvinder m\u00f8des &#8211; b\u00e5de online og offline. Det har eksisteret siden aldre, og det er vokset til et af de st\u00f8rste samfund for mennesker, der s\u00f8ger k\u00e6rlighed og kammeratskab uden for traditionelle forhold.<\/p>\n<p>Hvis online browsing har bragt dig her, er chancerne for, at vores samfund m\u00e5ske ogs\u00e5 har det, du leder efter. Vi forbinder enlige kvinder over 40 med yngre m\u00e6nd, der er klar til at have det sjovt. Vores medlemmer omfatter b\u00e5de cougars og unger &#8211; kvinder, der s\u00f8ger k\u00e6rlighed og forhold, mens m\u00e6nd s\u00f8ger modent selskab. Du finder alt p\u00e5 disse apps fra afslappede flings til seri\u00f8se forhold. Alle aldre, racer, religioner, seksuelle orienteringer og livsstile er velkomne.<\/p>\n<h2>Gratis Cougar Dating<\/h2>\n<p>Hvis du vil begynde at m\u00f8de varme m\u00f8dre online, s\u00e5 tjek vores liste over de bedste MILF dating sites og apps. Disse websteder og apps tilbyder gratis medlemskab plus premium-funktioner som ubegr\u00e6nset messaging, videochat og \u00f8jeblikkelig adgang til tusindvis af medlemmer. Plus, mange af dem giver dig mulighed for at gennemse profiler uden at skulle betale noget p\u00e5 forh\u00e5nd.<\/p>\n<p>Vi kiggede p\u00e5 snesevis af popul\u00e6re datingsider for voksne og fandt to, der virkelig skilte sig ud baseret p\u00e5 kvalitet, sikkerhed, brugervenlighed og v\u00e6rdi. De har alle vist sig at v\u00e6re sikre, p\u00e5lidelige og effektive til at finde sexpartnere. Og vigtigst af alt er de alle frie til at deltage. S\u00e5 uanset om du leder efter afslappede tilslutninger eller seri\u00f8se forhold, er disse websteder perfekte til at blive lagt.<\/p>\n<h3>AdultFriendFinder<\/h3>\n<p>Adult Friend Finder er en af de \u00e6ldste og st\u00f8rste datingsider for voksne, der findes. Med millioner af aktive medlemmer finder AF masser af enlige m\u00f8dre og milfs p\u00e5 udkig efter k\u00e6rlighed. Hvis du leder efter et langsigtet forhold, er AF stedet at g\u00e5.<\/p>\n<h3>MommyFinders<\/h3>\n<p>Mommyfinders er et andet popul\u00e6rt valg blandt yngre fyre, der s\u00f8ger cougars. Dette websted tilbyder masser af fordele, herunder live webcam-chat, 24\/7 kundesupport og masser af sexede m\u00f8dre og milfs, der venter p\u00e5 at oprette forbindelse til dig.<\/p>\n<h2>Dating MILF&#8217;er<\/h2>\n<p>Der er flere grunde til, at cougars v\u00e6lger at date yngre m\u00e6nd. For det f\u00f8rste vil cougars f\u00f8le sig unge igen. N\u00e5r du er 20, 30, 40, 50 osv., F\u00f8les det dejligt at date nogen, der f\u00e5r dig til at f\u00f8le dig ung igen. For det andet finder cougars yngre m\u00e6nd attraktive, fordi de normalt er meget smukke, selvsikre og charmerende. For det tredje kan cougars lide yngre m\u00e6nd, fordi de er mindre tilb\u00f8jelige til at behandle hende d\u00e5rligt. Cougars ved, at yngre m\u00e6nd stadig l\u00e6rer at behandle kvinder godt, s\u00e5 de vil ikke behandle hende som lort. Endelig kan cougars lide yngre fyre, fordi de normalt er meget succesrige, \u00f8konomisk stabile og har masser af penge at bruge p\u00e5 hende.<\/p>\n<p>Cougars er varme. Og det ser ud til, at der hver dag er skrevet noget andet om cougars, hvad enten det er artikler, blogindl\u00e6g eller endda tv-shows. Men hvad betyder dette udtryk n\u00f8jagtigt? Er det sandt, at kvinder over 40 dater yngre m\u00e6nd? Findes der virkelig pumaer? Lad os hj\u00e6lpe dig med at finde klarhed omkring emnet.<\/p>\n","protected":false},"excerpt":{"rendered":"<p>De bedste datingsider er dem, der giver dig mulighed for at oprette forbindelse til mennesker baseret p\u00e5 f\u00e6lles interesser, alder,&hellip;<\/p>\n","protected":false},"author":1,"featured_media":0,"parent":0,"menu_order":0,"comment_status":"closed","ping_status":"closed","template":"","meta":[],"yoast_head":"<!-- This site is optimized with the Yoast SEO plugin v17.7.1 - https:\/\/yoast.com\/wordpress\/plugins\/seo\/ -->\n<title>M\u00f8d lokale MILF&#039;er, der \u00f8nsker sex - Meet Nearby<\/title>\n<meta name=\"robots\" content=\"index, follow, max-snippet:-1, max-image-preview:large, max-video-preview:-1\" \/>\n<link rel=\"canonical\" href=\"https:\/\/marburgerorchard.com\/da\/moed-lokale-milfer-der-oensker-sex\/\" \/>\n<meta property=\"og:locale\" content=\"da_DK\" \/>\n<meta property=\"og:type\" content=\"article\" \/>\n<meta property=\"og:title\" content=\"M\u00f8d lokale MILF&#039;er, der \u00f8nsker sex - Meet Nearby\" \/>\n<meta property=\"og:description\" content=\"De bedste datingsider er dem, der giver dig mulighed for at oprette forbindelse til mennesker baseret p\u00e5 f\u00e6lles interesser, alder,&hellip;\" \/>\n<meta property=\"og:url\" content=\"https:\/\/marburgerorchard.com\/da\/moed-lokale-milfer-der-oensker-sex\/\" \/>\n<meta property=\"og:site_name\" content=\"Meet Nearby\" \/>\n<meta name=\"twitter:card\" content=\"summary_large_image\" \/>\n<meta name=\"twitter:label1\" content=\"Estimeret l\u00e6setid\" \/>\n\t<meta name=\"twitter:data1\" content=\"3 minutter\" \/>\n<script type=\"application\/ld+json\" class=\"yoast-schema-graph\">{\"@context\":\"https:\/\/schema.org\",\"@graph\":[{\"@type\":\"WebSite\",\"@id\":\"https:\/\/marburgerorchard.com\/da\/#website\",\"url\":\"https:\/\/marburgerorchard.com\/da\/\",\"name\":\"Meet Nearby\",\"description\":\"Adult Dating Guide\",\"potentialAction\":[{\"@type\":\"SearchAction\",\"target\":{\"@type\":\"EntryPoint\",\"urlTemplate\":\"https:\/\/marburgerorchard.com\/da\/?s={search_term_string}\"},\"query-input\":\"required name=search_term_string\"}],\"inLanguage\":\"da-DK\"},{\"@type\":\"WebPage\",\"@id\":\"https:\/\/marburgerorchard.com\/da\/moed-lokale-milfer-der-oensker-sex\/#webpage\",\"url\":\"https:\/\/marburgerorchard.com\/da\/moed-lokale-milfer-der-oensker-sex\/\",\"name\":\"M\\u00f8d lokale MILF'er, der \\u00f8nsker sex - Meet Nearby\",\"isPartOf\":{\"@id\":\"https:\/\/marburgerorchard.com\/da\/#website\"},\"datePublished\":\"2022-09-26T13:25:14+00:00\",\"dateModified\":\"2022-09-26T13:25:14+00:00\",\"breadcrumb\":{\"@id\":\"https:\/\/marburgerorchard.com\/da\/moed-lokale-milfer-der-oensker-sex\/#breadcrumb\"},\"inLanguage\":\"da-DK\",\"potentialAction\":[{\"@type\":\"ReadAction\",\"target\":[\"https:\/\/marburgerorchard.com\/da\/moed-lokale-milfer-der-oensker-sex\/\"]}]},{\"@type\":\"BreadcrumbList\",\"@id\":\"https:\/\/marburgerorchard.com\/da\/moed-lokale-milfer-der-oensker-sex\/#breadcrumb\",\"itemListElement\":[{\"@type\":\"ListItem\",\"position\":1,\"name\":\"Home\",\"item\":\"https:\/\/marburgerorchard.com\/da\/\"},{\"@type\":\"ListItem\",\"position\":2,\"name\":\"M\\u00f8d lokale MILF&#8217;er, der \\u00f8nsker sex\"}]}]}<\/script>\n<!-- \/ Yoast SEO plugin. -->","yoast_head_json":{"title":"M\u00f8d lokale MILF'er, der \u00f8nsker sex - Meet Nearby","robots":{"index":"index","follow":"follow","max-snippet":"max-snippet:-1","max-image-preview":"max-image-preview:large","max-video-preview":"max-video-preview:-1"},"canonical":"https:\/\/marburgerorchard.com\/da\/moed-lokale-milfer-der-oensker-sex\/","og_locale":"da_DK","og_type":"article","og_title":"M\u00f8d lokale MILF'er, der \u00f8nsker sex - Meet Nearby","og_description":"De bedste datingsider er dem, der giver dig mulighed for at oprette forbindelse til mennesker baseret p\u00e5 f\u00e6lles interesser, alder,&hellip;","og_url":"https:\/\/marburgerorchard.com\/da\/moed-lokale-milfer-der-oensker-sex\/","og_site_name":"Meet Nearby","twitter_card":"summary_large_image","twitter_misc":{"Estimeret l\u00e6setid":"3 minutter"},"schema":{"@context":"https:\/\/schema.org","@graph":[{"@type":"WebSite","@id":"https:\/\/marburgerorchard.com\/da\/#website","url":"https:\/\/marburgerorchard.com\/da\/","name":"Meet Nearby","description":"Adult Dating Guide","potentialAction":[{"@type":"SearchAction","target":{"@type":"EntryPoint","urlTemplate":"https:\/\/marburgerorchard.com\/da\/?s={search_term_string}"},"query-input":"required name=search_term_string"}],"inLanguage":"da-DK"},{"@type":"WebPage","@id":"https:\/\/marburgerorchard.com\/da\/moed-lokale-milfer-der-oensker-sex\/#webpage","url":"https:\/\/marburgerorchard.com\/da\/moed-lokale-milfer-der-oensker-sex\/","name":"M\u00f8d lokale MILF'er, der \u00f8nsker sex - Meet Nearby","isPartOf":{"@id":"https:\/\/marburgerorchard.com\/da\/#website"},"datePublished":"2022-09-26T13:25:14+00:00","dateModified":"2022-09-26T13:25:14+00:00","breadcrumb":{"@id":"https:\/\/marburgerorchard.com\/da\/moed-lokale-milfer-der-oensker-sex\/#breadcrumb"},"inLanguage":"da-DK","potentialAction":[{"@type":"ReadAction","target":["https:\/\/marburgerorchard.com\/da\/moed-lokale-milfer-der-oensker-sex\/"]}]},{"@type":"BreadcrumbList","@id":"https:\/\/marburgerorchard.com\/da\/moed-lokale-milfer-der-oensker-sex\/#breadcrumb","itemListElement":[{"@type":"ListItem","position":1,"name":"Home","item":"https:\/\/marburgerorchard.com\/da\/"},{"@type":"ListItem","position":2,"name":"M\u00f8d lokale MILF&#8217;er, der \u00f8nsker sex"}]}]}},"_links":{"self":[{"href":"https:\/\/marburgerorchard.com\/da\/wp-json\/wp\/v2\/pages\/102"}],"collection":[{"href":"https:\/\/marburgerorchard.com\/da\/wp-json\/wp\/v2\/pages"}],"about":[{"href":"https:\/\/marburgerorchard.com\/da\/wp-json\/wp\/v2\/types\/page"}],"author":[{"embeddable":true,"href":"https:\/\/marburgerorchard.com\/da\/wp-json\/wp\/v2\/users\/1"}],"replies":[{"embeddable":true,"href":"https:\/\/marburgerorchard.com\/da\/wp-json\/wp\/v2\/comments?post=102"}],"version-history":[{"count":0,"href":"https:\/\/marburgerorchard.com\/da\/wp-json\/wp\/v2\/pages\/102\/revisions"}],"wp:attachment":[{"href":"https:\/\/marburgerorchard.com\/da\/wp-json\/wp\/v2\/media?parent=102"}],"curies":[{"name":"wp","href":"https:\/\/api.w.org\/{rel}","templated":true}]}}