{"id":101,"date":"2022-09-26T14:24:17","date_gmt":"2022-09-26T13:24:17","guid":{"rendered":"http:\/\/marburgerorchard.com\/bedste-swinger-sites\/"},"modified":"2022-09-26T14:24:17","modified_gmt":"2022-09-26T13:24:17","slug":"bedste-swinger-sites","status":"publish","type":"page","link":"https:\/\/marburgerorchard.com\/da\/bedste-swinger-sites\/","title":{"rendered":"Bedste Swinger Sites"},"content":{"rendered":"<p>Hvis du er interesseret i at svinge, er chancerne for, at du har s\u00f8gt online i nogen tid nu. Der er masser af dating apps derude for dem, der \u00f8nsker at tilslutte sig andre som dem selv, men hvad med dem, der s\u00f8ger en partner til noget helt andet? Hvis du vil pr\u00f8ve at svinge, er her vores valg til de 11 bedste gyngesteder i 2021.<\/p>\n<h1>Swingers datingsider<\/h1>\n<p>Vi brugte over 25 timer p\u00e5 at s\u00f8ge efter den bedste online datingside for svingende par. Efter at have indsn\u00e6vret hundredvis af muligheder fandt vi endelig det perfekte match til os. Vores profiler gik live p\u00e5 flere swinger dating sites, og inden for 24 timer havde vi snesevis af kampe.<\/p>\n<p>Efter at have gennemg\u00e5et hvert websteds medlemsbase, meddelelsessystem og samlede oplevelse valgte vi de fem bedste websteder baseret p\u00e5 vores kriterier. Derfra indsn\u00e6vrede vi det yderligere til kun de tre bedste baseret p\u00e5 personlig pr\u00e6ference.<\/p>\n<p>Den endelige liste indeholdt nogle velkendte navne, s\u00e5som Adult FriendFinder og Zoosk, sammen med nyere spillere som HornyPeople og SwingersMeet.<\/p>\n<h2>SwapMeet<\/h2>\n<p>Swap Meet er et andet popul\u00e6rt voksen swinger site med tusindvis af aktive medlemmer hver dag. Dette websted tilbyder mange forskellige kategorier, herunder par, singler, kvinder, der leder efter m\u00e6nd og m\u00e6nd, der leder efter kvinder. Alle opslagene er organiseret i underkategorier, hvilket g\u00f8r det nemt at gennemse og finde det, du er interesseret i. Der er endda specielle funktioner s\u00e5som live cam chats, webcam video og lydopkald.<\/p>\n<h2>SwingLifeStyle<\/h2>\n<p>SwingLifeStyle er et sjovt og unikt swinger socialt netv\u00e6rk, hvor du kan oprette forbindelse til andre baseret p\u00e5 f\u00e6lles interesser. Webstedet giver dig mulighed for at deltage i grupper, bytte fotos, sende videoer, sende beskeder og mere. Der er over 20 forskellige kategorier at v\u00e6lge imellem, herunder par, swingere, trekanter, BDSM, voyeurisme, \u00e5bne forhold osv.<\/p>\n<h2>AdultFriendFinder<\/h2>\n<p>Adult Friend Finder er en af de mest popul\u00e6re dating sites for voksne rundt. Med millioner af medlemmer over hele verden finder du helt sikkert nogen lokal at tilslutte sig. Og bare rolig, for AF diskriminerer ikke nogen &#8211; uanset hvor meget v\u00e6gt du m\u00e5tte b\u00e6re.<\/p>\n<h2>Zoosk<\/h2>\n<p>Zoosk er en anden god mulighed for dem, der \u00f8nsker at m\u00f8de singler i n\u00e6rheden af dem. Dette websted fokuserer p\u00e5 at hj\u00e6lpe dig med at skabe forbindelser med interessante mennesker baseret p\u00e5 ting, du elsker. S\u00e5 uanset om du er fan af sport eller mode, finder du nogen i n\u00e6rheden, der deler lignende interesser.<\/p>\n<h2>Masser af fisk<\/h2>\n<p>PlentyOfFish er en gratis dating app, der g\u00f8r det nemt at m\u00f8de singler. Uanset om du leder efter venskab, romantik eller endda \u00e6gteskab, kan du finde nogen fantastisk inden for f\u00e5 minutter.<\/p>\n","protected":false},"excerpt":{"rendered":"<p>Hvis du er interesseret i at svinge, er chancerne for, at du har s\u00f8gt online i nogen tid nu. Der&hellip;<\/p>\n","protected":false},"author":1,"featured_media":0,"parent":0,"menu_order":0,"comment_status":"closed","ping_status":"closed","template":"","meta":[],"yoast_head":"<!-- This site is optimized with the Yoast SEO plugin v17.7.1 - https:\/\/yoast.com\/wordpress\/plugins\/seo\/ -->\n<title>Bedste Swinger Sites - Meet Nearby<\/title>\n<meta name=\"robots\" content=\"index, follow, max-snippet:-1, max-image-preview:large, max-video-preview:-1\" \/>\n<link rel=\"canonical\" href=\"https:\/\/marburgerorchard.com\/da\/bedste-swinger-sites\/\" \/>\n<meta property=\"og:locale\" content=\"da_DK\" \/>\n<meta property=\"og:type\" content=\"article\" \/>\n<meta property=\"og:title\" content=\"Bedste Swinger Sites - Meet Nearby\" \/>\n<meta property=\"og:description\" content=\"Hvis du er interesseret i at svinge, er chancerne for, at du har s\u00f8gt online i nogen tid nu. Der&hellip;\" \/>\n<meta property=\"og:url\" content=\"https:\/\/marburgerorchard.com\/da\/bedste-swinger-sites\/\" \/>\n<meta property=\"og:site_name\" content=\"Meet Nearby\" \/>\n<meta name=\"twitter:card\" content=\"summary_large_image\" \/>\n<meta name=\"twitter:label1\" content=\"Estimeret l\u00e6setid\" \/>\n\t<meta name=\"twitter:data1\" content=\"2 minutter\" \/>\n<script type=\"application\/ld+json\" class=\"yoast-schema-graph\">{\"@context\":\"https:\/\/schema.org\",\"@graph\":[{\"@type\":\"WebSite\",\"@id\":\"https:\/\/marburgerorchard.com\/da\/#website\",\"url\":\"https:\/\/marburgerorchard.com\/da\/\",\"name\":\"Meet Nearby\",\"description\":\"Adult Dating Guide\",\"potentialAction\":[{\"@type\":\"SearchAction\",\"target\":{\"@type\":\"EntryPoint\",\"urlTemplate\":\"https:\/\/marburgerorchard.com\/da\/?s={search_term_string}\"},\"query-input\":\"required name=search_term_string\"}],\"inLanguage\":\"da-DK\"},{\"@type\":\"WebPage\",\"@id\":\"https:\/\/marburgerorchard.com\/da\/bedste-swinger-sites\/#webpage\",\"url\":\"https:\/\/marburgerorchard.com\/da\/bedste-swinger-sites\/\",\"name\":\"Bedste Swinger Sites - Meet Nearby\",\"isPartOf\":{\"@id\":\"https:\/\/marburgerorchard.com\/da\/#website\"},\"datePublished\":\"2022-09-26T13:24:17+00:00\",\"dateModified\":\"2022-09-26T13:24:17+00:00\",\"breadcrumb\":{\"@id\":\"https:\/\/marburgerorchard.com\/da\/bedste-swinger-sites\/#breadcrumb\"},\"inLanguage\":\"da-DK\",\"potentialAction\":[{\"@type\":\"ReadAction\",\"target\":[\"https:\/\/marburgerorchard.com\/da\/bedste-swinger-sites\/\"]}]},{\"@type\":\"BreadcrumbList\",\"@id\":\"https:\/\/marburgerorchard.com\/da\/bedste-swinger-sites\/#breadcrumb\",\"itemListElement\":[{\"@type\":\"ListItem\",\"position\":1,\"name\":\"Home\",\"item\":\"https:\/\/marburgerorchard.com\/da\/\"},{\"@type\":\"ListItem\",\"position\":2,\"name\":\"Bedste Swinger Sites\"}]}]}<\/script>\n<!-- \/ Yoast SEO plugin. -->","yoast_head_json":{"title":"Bedste Swinger Sites - Meet Nearby","robots":{"index":"index","follow":"follow","max-snippet":"max-snippet:-1","max-image-preview":"max-image-preview:large","max-video-preview":"max-video-preview:-1"},"canonical":"https:\/\/marburgerorchard.com\/da\/bedste-swinger-sites\/","og_locale":"da_DK","og_type":"article","og_title":"Bedste Swinger Sites - Meet Nearby","og_description":"Hvis du er interesseret i at svinge, er chancerne for, at du har s\u00f8gt online i nogen tid nu. Der&hellip;","og_url":"https:\/\/marburgerorchard.com\/da\/bedste-swinger-sites\/","og_site_name":"Meet Nearby","twitter_card":"summary_large_image","twitter_misc":{"Estimeret l\u00e6setid":"2 minutter"},"schema":{"@context":"https:\/\/schema.org","@graph":[{"@type":"WebSite","@id":"https:\/\/marburgerorchard.com\/da\/#website","url":"https:\/\/marburgerorchard.com\/da\/","name":"Meet Nearby","description":"Adult Dating Guide","potentialAction":[{"@type":"SearchAction","target":{"@type":"EntryPoint","urlTemplate":"https:\/\/marburgerorchard.com\/da\/?s={search_term_string}"},"query-input":"required name=search_term_string"}],"inLanguage":"da-DK"},{"@type":"WebPage","@id":"https:\/\/marburgerorchard.com\/da\/bedste-swinger-sites\/#webpage","url":"https:\/\/marburgerorchard.com\/da\/bedste-swinger-sites\/","name":"Bedste Swinger Sites - Meet Nearby","isPartOf":{"@id":"https:\/\/marburgerorchard.com\/da\/#website"},"datePublished":"2022-09-26T13:24:17+00:00","dateModified":"2022-09-26T13:24:17+00:00","breadcrumb":{"@id":"https:\/\/marburgerorchard.com\/da\/bedste-swinger-sites\/#breadcrumb"},"inLanguage":"da-DK","potentialAction":[{"@type":"ReadAction","target":["https:\/\/marburgerorchard.com\/da\/bedste-swinger-sites\/"]}]},{"@type":"BreadcrumbList","@id":"https:\/\/marburgerorchard.com\/da\/bedste-swinger-sites\/#breadcrumb","itemListElement":[{"@type":"ListItem","position":1,"name":"Home","item":"https:\/\/marburgerorchard.com\/da\/"},{"@type":"ListItem","position":2,"name":"Bedste Swinger Sites"}]}]}},"_links":{"self":[{"href":"https:\/\/marburgerorchard.com\/da\/wp-json\/wp\/v2\/pages\/101"}],"collection":[{"href":"https:\/\/marburgerorchard.com\/da\/wp-json\/wp\/v2\/pages"}],"about":[{"href":"https:\/\/marburgerorchard.com\/da\/wp-json\/wp\/v2\/types\/page"}],"author":[{"embeddable":true,"href":"https:\/\/marburgerorchard.com\/da\/wp-json\/wp\/v2\/users\/1"}],"replies":[{"embeddable":true,"href":"https:\/\/marburgerorchard.com\/da\/wp-json\/wp\/v2\/comments?post=101"}],"version-history":[{"count":0,"href":"https:\/\/marburgerorchard.com\/da\/wp-json\/wp\/v2\/pages\/101\/revisions"}],"wp:attachment":[{"href":"https:\/\/marburgerorchard.com\/da\/wp-json\/wp\/v2\/media?parent=101"}],"curies":[{"name":"wp","href":"https:\/\/api.w.org\/{rel}","templated":true}]}}