{"id":196,"date":"2022-09-25T15:08:59","date_gmt":"2022-09-25T14:08:59","guid":{"rendered":"http:\/\/marburgerorchard.com\/mistni-seznamovaci-pripojky\/"},"modified":"2022-10-17T14:31:01","modified_gmt":"2022-10-17T13:31:01","slug":"mistni-seznamovaci-pripojky","status":"publish","type":"page","link":"https:\/\/marburgerorchard.com\/cs\/","title":{"rendered":"M\u00edstn\u00ed seznamovac\u00ed p\u0159\u00edpojky"},"content":{"rendered":"<h2>N\u00e1\u0161 pr\u016fvodce chatov\u00e1n\u00edm s m\u00edstn\u00edmi nezadan\u00fdmi<\/h2>\n<p>My\u0161lenka t\u011bchto typ\u016f web\u016f je jednoduch\u00e1: Zaregistrujete se, nahrajete fotografii, vypln\u00edte profil a za\u010dnete proch\u00e1zet profily od \u010dlen\u016f z cel\u00e9ho sv\u011bta. Kdy\u017e se n\u011bkomu l\u00edb\u00ed to, co vid\u00ed, po\u0161le mrknut\u00ed nebo \u017e\u00e1dost o shodu. Pokud se ob\u011b strany dohodnou, \u017ee p\u016fjdou na rande, budou chatovat prost\u0159ednictv\u00edm textov\u00e9 zpr\u00e1vy nebo videohovoru. A pokud v\u0161echno p\u016fjde dob\u0159e, m\u016f\u017eete skon\u010dit setk\u00e1n\u00edm tv\u00e1\u0159\u00ed v tv\u00e1\u0159.<\/p>\n<p>Existuje tak\u00e9 spousta r\u016fzn\u00fdch zp\u016fsob\u016f, jak tyto str\u00e1nky pou\u017e\u00edvat. N\u011bkte\u0159\u00ed lid\u00e9 jen proch\u00e1zej\u00ed <a href=\"https:\/\/www.jerkoffforme.com\/pl\/darmowe-strony-internetowe-voyeur\/\">live cam voyeur<\/a> web a hledaj\u00ed shody; jin\u00ed zakl\u00e1daj\u00ed skupiny zalo\u017een\u00e9 na spole\u010dn\u00fdch z\u00e1jmech, jako jsou sportovn\u00ed t\u00fdmy, kon\u00ed\u010dky atd.; a je\u0161t\u011b jin\u00ed pou\u017e\u00edvaj\u00ed vestav\u011bnou funkci zas\u00edl\u00e1n\u00ed zpr\u00e1v aplikace nebo webu, aby mluvili s potenci\u00e1ln\u00edmi daty.<\/p>\n<p>Osobn\u011b jsem v pr\u016fb\u011bhu let pou\u017eil n\u011bkolik z t\u011bchto str\u00e1nek a mysl\u00edm, \u017ee jsou to skv\u011bl\u00e9 mo\u017enosti pro nalezen\u00ed l\u00e1sky online. Ale v\u017edy doporu\u010duji prov\u00e9st sv\u016fj v\u00fdzkum p\u0159ed registrac\u00ed. Ujist\u011bte se, \u017ee web je legitimn\u00ed, bezpe\u010dn\u00fd a zabezpe\u010den\u00fd. Nezapome\u0148te si tak\u00e9 p\u0159e\u010d\u00edst recenze a hodnocen\u00ed, ne\u017e se rozhodnete.<\/p>\n<h2>Na\u0161e nejlep\u0161\u00ed recenze<\/h2>\n<p>V\u00edm, co si mysl\u00ed\u0161. &#8222;Jak\u00fd web p\u0159ipojen\u00ed je zdarma?&#8220; Existuje spousta mo\u017enost\u00ed, ale n\u011bkter\u00e9 stoj\u00ed pen\u00edze, zat\u00edmco jin\u00e9 jsou zcela zdarma. Tak a je to tady&#8230;<\/p>\n<p>1. OkCupid &#8211; Tato seznamovac\u00ed aplikace je docela p\u0159\u00edmo\u010dar\u00e1. Jedin\u00e9, co ud\u011bl\u00e1te, je vyplnit profil, nahr\u00e1t fotku a za\u010d\u00edt p\u0159ej\u00ed\u017ed\u011bt doleva nebo doprava. Pokud se v\u00e1m n\u011bkdo l\u00edb\u00ed, po\u0161lete mu mrknut\u00ed. Mohou ji bu\u010f p\u0159ijmout, nebo odm\u00edtnout. A to je asi tak v\u0161echno. Neexistuje p\u0159\u00edli\u0161 mnoho funkc\u00ed, ale funguje to dob\u0159e.<\/p>\n<p>2. Tinder &#8211; Dal\u0161\u00ed popul\u00e1rn\u00ed seznamovac\u00ed aplikace, Tinder v\u00e1m umo\u017en\u00ed p\u0159ejet prstem doprava na <a href=\"https:\/\/www.pornchatsites.net\/cs\/\">porno chat<\/a> lidi, kter\u00e9 pova\u017eujete za atraktivn\u00ed. Pokud se shodujete s jinou osobou, m\u016f\u017eete s n\u00ed chatovat prost\u0159ednictv\u00edm textu. Je to super snadn\u00e9 pou\u017eit\u00ed a funguje skv\u011ble.<\/p>\n<p>3. Spousta ryb &#8211; POF je trochu jin\u00fd, proto\u017ee vy\u017eaduje \u00fa\u010det na Facebooku k registraci. Po p\u0159ihl\u00e1\u0161en\u00ed do aplikace se zobraz\u00ed informa\u010dn\u00ed kan\u00e1l pln\u00fd potenci\u00e1ln\u00edch shod na z\u00e1klad\u011b va\u0161\u00ed polohy. M\u016f\u017eete bu\u010f proch\u00e1zet profily sami, nebo m\u016f\u017eete po\u017e\u00e1dat p\u0159\u00e1tele, aby v\u00e1m p\u0159edstavili dal\u0161\u00ed nezadan\u00e9 v okol\u00ed.<\/p>\n<p>4. Zoosk &#8211; Tato seznamovac\u00ed aplikace je podobn\u00e1 OKCupid a Tinder. M\u016f\u017eete si prohl\u00e9dnout fotografie <a href=\"https:\/\/sexnearby.net\/hr\/\">besplatni seks<\/a> \u010dlen\u016f a p\u0159e\u010d\u00edst si jejich \u017eivotopisy, ne\u017e se rozhodnete, zda stisknout &#8222;z\u00e1pas&#8220;. Jakmile se rozhodnete pro shodu, m\u016f\u017eete spolu chatovat. Je to velmi z\u00e1kladn\u00ed a postr\u00e1d\u00e1 p\u0159izp\u016fsoben\u00ed.<\/p>\n<p>5. Z\u00e1pas &#8211; Z\u00e1pas je trochu jin\u00fd, proto\u017ee ve skute\u010dnosti nikoho nepotk\u00e1te online. M\u00edsto toho vstoup\u00edte do m\u00edstnosti, kde komunikujete se skute\u010dn\u00fdmi lidmi. Ka\u017ed\u00e1 m\u00edstnost je tematicky zam\u011b\u0159ena na ur\u010dit\u00fd typ vztahu, jako jsou p\u0159\u00edle\u017eitostn\u00e1 data, v\u00e1\u017en\u00e9 vztahy atd. M\u016f\u017eete mluvit s v\u00edce lidmi v jedn\u00e9 m\u00edstnosti, ale m\u016f\u017eete chatovat pouze s jednou osobou mimo m\u00edstnost.<\/p>\n<p>6. Bumble &#8211; Bumble je p\u0159esn\u011b to, jak to zn\u00ed. \u017deny iniciuj\u00ed chaty a mu\u017ei mus\u00ed reagovat. Jakmile to v\u0161ak ud\u011bl\u00e1te, m\u016f\u017eete se rozhodnout ignorovat toho, kdo v\u00e1m poslal \u017e\u00e1dost.<\/p>\n<h3>Mr\u0161tit<\/h3>\n<p>Prvn\u00ed bezplatn\u00e1 aplikace pro p\u0159ipojen\u00ed, kterou v\u00e1m navrhnu vyzkou\u0161et, je ta s n\u00e1zvem Fling, kter\u00e1 je zcela zdarma. Je to mo\u017en\u00e1 nejlep\u0161\u00ed online seznamovac\u00ed aplikace, kterou jsem v pr\u016fb\u011bhu let pou\u017e\u00edval.<\/p>\n<p>Ve skute\u010dnosti, kdy\u017e jsem se poprv\u00e9 pod\u00edval do t\u00e9to aplikace, skon\u010dil jsem str\u00e1vit cel\u00fd t\u00fdden pomoc\u00ed bezplatn\u00e9 verze. A brzy pot\u00e9 jsem upgradoval, proto\u017ee jsem cht\u011bl zv\u00fd\u0161it sv\u00e9 \u0161ance na p\u0159ipojen\u00ed. Te\u010f, kdykoli se chci s n\u011bk\u00fdm setkat, jdu rovnou do Flingu.<\/p>\n<p>Jist\u011b, maj\u00ed mo\u017enosti upgradu &#8211; jako je p\u00e1rov\u00e1n\u00ed lid\u00ed na z\u00e1klad\u011b um\u00edst\u011bn\u00ed &#8211; kter\u00e9 v\u00e1m usnad\u0148uj\u00ed spojen\u00ed s m\u00edstn\u00edmi nezadan\u00fdmi, kte\u0159\u00ed cht\u011bj\u00ed m\u00edt sex, a p\u0159esto\u017ee tyto upgrady jsou docela drah\u00e9 ($ 19.99), st\u00e1le funguj\u00ed dob\u0159e. Ale prozat\u00edm bezplatn\u00e1 verze funguje dob\u0159e.<\/p>\n<h2>Jak vybrat spr\u00e1vn\u00e9 str\u00e1nky<\/h2>\n<p>Zat\u00edmco existuje spousta str\u00e1nek, kter\u00e9 tvrd\u00ed, \u017ee pom\u00e1haj\u00ed lidem naj\u00edt l\u00e1sku, v\u011bt\u0161ina z nich nestoj\u00ed za v\u00e1\u0161 \u010das. Zde je d\u016fvod, pro\u010d:<\/p>\n<h3>Velikost u\u017eivatelsk\u00e9 z\u00e1kladny<\/h3>\n<p>Prvn\u00ed v\u011bc, na kterou se chcete pod\u00edvat, je, jak velk\u00e1 je u\u017eivatelsk\u00e1 z\u00e1kladna. Kolik lid\u00ed je skute\u010dn\u011b na webu? Pokud jsou tis\u00edce \u010dlen\u016f, je pravd\u011bpodobn\u00e9, \u017ee nebudete m\u00edt moc \u0161t\u011bst\u00ed. Dobr\u00fdm pravidlem je v\u00edce ne\u017e 3 000 \u010dlen\u016f.<\/p>\n<h3>Snadn\u00e9 pou\u017eit\u00ed<\/h3>\n<p>Pokud jste n\u011bkdy byli na seznamovac\u00ed aplikaci, jako je Tinder, Bumble, Hinge atd., V\u00edte, o \u010dem mluv\u00edm. Jsou skv\u011bl\u00e9, proto\u017ee usnad\u0148uj\u00ed p\u0159ejet\u00ed prstem doleva nebo doprava na stovk\u00e1ch profil\u016f. T\u00edmto zp\u016fsobem neztr\u00e1c\u00edte p\u0159\u00edli\u0161 mnoho \u010dasu proch\u00e1zen\u00edm nekone\u010dn\u00fdch profil\u016f.<\/p>\n<h3>Kvalita \u010dlen\u016f<\/h3>\n<p>To je jedna z m\u00fdch nejobl\u00edben\u011bj\u0161\u00edch v\u011bc\u00ed, kter\u00e9 je t\u0159eba zkontrolovat. Pod\u00edvejte se na recenze online a zjist\u011bte, co \u0159\u00edkaj\u00ed p\u0159edchoz\u00ed z\u00e1kazn\u00edci. Poskytuj\u00ed zp\u011btnou vazbu? Jsou jejich hodnocen\u00ed vysok\u00e1? Co \u0159\u00edkaj\u00ed o z\u00e1kaznick\u00e9 podpo\u0159e? V\u0161echny tyto faktory hraj\u00ed roli v tom, zda se chcete zaregistrovat na webu.<\/p>\n","protected":false},"excerpt":{"rendered":"<p>N\u00e1\u0161 pr\u016fvodce chatov\u00e1n\u00edm s m\u00edstn\u00edmi nezadan\u00fdmi My\u0161lenka t\u011bchto typ\u016f web\u016f je jednoduch\u00e1: Zaregistrujete se, nahrajete fotografii, vypln\u00edte profil a za\u010dnete&hellip;<\/p>\n","protected":false},"author":1,"featured_media":77,"parent":0,"menu_order":0,"comment_status":"closed","ping_status":"closed","template":"","meta":[],"yoast_head":"<!-- This site is optimized with the Yoast SEO plugin v17.7.1 - https:\/\/yoast.com\/wordpress\/plugins\/seo\/ -->\n<title>M\u00edstn\u00ed seznamovac\u00ed p\u0159\u00edpojky - Seznamte se s nezadan\u00fdmi ve va\u0161em okol\u00ed, kte\u0159\u00ed cht\u011bj\u00ed sex!<\/title>\n<meta name=\"robots\" content=\"index, follow, max-snippet:-1, max-image-preview:large, max-video-preview:-1\" \/>\n<link rel=\"canonical\" href=\"https:\/\/marburgerorchard.com\/cs\/\" \/>\n<meta property=\"og:locale\" content=\"cs_CZ\" \/>\n<meta property=\"og:type\" content=\"article\" \/>\n<meta property=\"og:title\" content=\"M\u00edstn\u00ed seznamovac\u00ed p\u0159\u00edpojky - Seznamte se s nezadan\u00fdmi ve va\u0161em okol\u00ed, kte\u0159\u00ed cht\u011bj\u00ed sex!\" \/>\n<meta property=\"og:description\" content=\"N\u00e1\u0161 pr\u016fvodce chatov\u00e1n\u00edm s m\u00edstn\u00edmi nezadan\u00fdmi My\u0161lenka t\u011bchto typ\u016f web\u016f je jednoduch\u00e1: Zaregistrujete se, nahrajete fotografii, vypln\u00edte profil a za\u010dnete&hellip;\" \/>\n<meta property=\"og:url\" content=\"https:\/\/marburgerorchard.com\/cs\/\" \/>\n<meta property=\"og:site_name\" content=\"Meet Nearby\" \/>\n<meta property=\"article:modified_time\" content=\"2022-10-17T13:31:01+00:00\" \/>\n<meta property=\"og:image\" content=\"http:\/\/marburgerorchard.com\/wp-content\/uploads\/2022\/09\/guide-to-find-sex.jpeg\" \/>\n\t<meta property=\"og:image:width\" content=\"500\" \/>\n\t<meta property=\"og:image:height\" content=\"333\" \/>\n<meta name=\"twitter:card\" content=\"summary_large_image\" \/>\n<meta name=\"twitter:label1\" content=\"Odhadovan\u00e1 doba \u010dten\u00ed\" \/>\n\t<meta name=\"twitter:data1\" content=\"5 minut\" \/>\n<script type=\"application\/ld+json\" class=\"yoast-schema-graph\">{\"@context\":\"https:\/\/schema.org\",\"@graph\":[{\"@type\":\"WebSite\",\"@id\":\"https:\/\/marburgerorchard.com\/cs\/#website\",\"url\":\"https:\/\/marburgerorchard.com\/cs\/\",\"name\":\"Meet Nearby\",\"description\":\"Adult Dating Guide\",\"potentialAction\":[{\"@type\":\"SearchAction\",\"target\":{\"@type\":\"EntryPoint\",\"urlTemplate\":\"https:\/\/marburgerorchard.com\/cs\/?s={search_term_string}\"},\"query-input\":\"required name=search_term_string\"}],\"inLanguage\":\"cs\"},{\"@type\":\"ImageObject\",\"@id\":\"https:\/\/marburgerorchard.com\/cs\/#primaryimage\",\"inLanguage\":\"cs\",\"url\":\"https:\/\/marburgerorchard.com\/wp-content\/uploads\/2022\/09\/guide-to-find-sex.jpeg\",\"contentUrl\":\"https:\/\/marburgerorchard.com\/wp-content\/uploads\/2022\/09\/guide-to-find-sex.jpeg\",\"width\":500,\"height\":333},{\"@type\":\"WebPage\",\"@id\":\"https:\/\/marburgerorchard.com\/cs\/#webpage\",\"url\":\"https:\/\/marburgerorchard.com\/cs\/\",\"name\":\"M\\u00edstn\\u00ed seznamovac\\u00ed p\\u0159\\u00edpojky - Seznamte se s nezadan\\u00fdmi ve va\\u0161em okol\\u00ed, kte\\u0159\\u00ed cht\\u011bj\\u00ed sex!\",\"isPartOf\":{\"@id\":\"https:\/\/marburgerorchard.com\/cs\/#website\"},\"primaryImageOfPage\":{\"@id\":\"https:\/\/marburgerorchard.com\/cs\/#primaryimage\"},\"datePublished\":\"2022-09-25T14:08:59+00:00\",\"dateModified\":\"2022-10-17T13:31:01+00:00\",\"breadcrumb\":{\"@id\":\"https:\/\/marburgerorchard.com\/cs\/#breadcrumb\"},\"inLanguage\":\"cs\",\"potentialAction\":[{\"@type\":\"ReadAction\",\"target\":[\"https:\/\/marburgerorchard.com\/cs\/\"]}]},{\"@type\":\"BreadcrumbList\",\"@id\":\"https:\/\/marburgerorchard.com\/cs\/#breadcrumb\",\"itemListElement\":[{\"@type\":\"ListItem\",\"position\":1,\"name\":\"Home\",\"item\":\"http:\/\/marburgerorchard.com\/cs\/\"},{\"@type\":\"ListItem\",\"position\":2,\"name\":\"M\\u00edstn\\u00ed seznamovac\\u00ed p\\u0159\\u00edpojky\"}]}]}<\/script>\n<!-- \/ Yoast SEO plugin. -->","yoast_head_json":{"title":"M\u00edstn\u00ed seznamovac\u00ed p\u0159\u00edpojky - Seznamte se s nezadan\u00fdmi ve va\u0161em okol\u00ed, kte\u0159\u00ed cht\u011bj\u00ed sex!","robots":{"index":"index","follow":"follow","max-snippet":"max-snippet:-1","max-image-preview":"max-image-preview:large","max-video-preview":"max-video-preview:-1"},"canonical":"https:\/\/marburgerorchard.com\/cs\/","og_locale":"cs_CZ","og_type":"article","og_title":"M\u00edstn\u00ed seznamovac\u00ed p\u0159\u00edpojky - Seznamte se s nezadan\u00fdmi ve va\u0161em okol\u00ed, kte\u0159\u00ed cht\u011bj\u00ed sex!","og_description":"N\u00e1\u0161 pr\u016fvodce chatov\u00e1n\u00edm s m\u00edstn\u00edmi nezadan\u00fdmi My\u0161lenka t\u011bchto typ\u016f web\u016f je jednoduch\u00e1: Zaregistrujete se, nahrajete fotografii, vypln\u00edte profil a za\u010dnete&hellip;","og_url":"https:\/\/marburgerorchard.com\/cs\/","og_site_name":"Meet Nearby","article_modified_time":"2022-10-17T13:31:01+00:00","og_image":[{"width":500,"height":333,"url":"http:\/\/marburgerorchard.com\/wp-content\/uploads\/2022\/09\/guide-to-find-sex.jpeg","type":"image\/jpeg"}],"twitter_card":"summary_large_image","twitter_misc":{"Odhadovan\u00e1 doba \u010dten\u00ed":"5 minut"},"schema":{"@context":"https:\/\/schema.org","@graph":[{"@type":"WebSite","@id":"https:\/\/marburgerorchard.com\/cs\/#website","url":"https:\/\/marburgerorchard.com\/cs\/","name":"Meet Nearby","description":"Adult Dating Guide","potentialAction":[{"@type":"SearchAction","target":{"@type":"EntryPoint","urlTemplate":"https:\/\/marburgerorchard.com\/cs\/?s={search_term_string}"},"query-input":"required name=search_term_string"}],"inLanguage":"cs"},{"@type":"ImageObject","@id":"https:\/\/marburgerorchard.com\/cs\/#primaryimage","inLanguage":"cs","url":"https:\/\/marburgerorchard.com\/wp-content\/uploads\/2022\/09\/guide-to-find-sex.jpeg","contentUrl":"https:\/\/marburgerorchard.com\/wp-content\/uploads\/2022\/09\/guide-to-find-sex.jpeg","width":500,"height":333},{"@type":"WebPage","@id":"https:\/\/marburgerorchard.com\/cs\/#webpage","url":"https:\/\/marburgerorchard.com\/cs\/","name":"M\u00edstn\u00ed seznamovac\u00ed p\u0159\u00edpojky - Seznamte se s nezadan\u00fdmi ve va\u0161em okol\u00ed, kte\u0159\u00ed cht\u011bj\u00ed sex!","isPartOf":{"@id":"https:\/\/marburgerorchard.com\/cs\/#website"},"primaryImageOfPage":{"@id":"https:\/\/marburgerorchard.com\/cs\/#primaryimage"},"datePublished":"2022-09-25T14:08:59+00:00","dateModified":"2022-10-17T13:31:01+00:00","breadcrumb":{"@id":"https:\/\/marburgerorchard.com\/cs\/#breadcrumb"},"inLanguage":"cs","potentialAction":[{"@type":"ReadAction","target":["https:\/\/marburgerorchard.com\/cs\/"]}]},{"@type":"BreadcrumbList","@id":"https:\/\/marburgerorchard.com\/cs\/#breadcrumb","itemListElement":[{"@type":"ListItem","position":1,"name":"Home","item":"http:\/\/marburgerorchard.com\/cs\/"},{"@type":"ListItem","position":2,"name":"M\u00edstn\u00ed seznamovac\u00ed p\u0159\u00edpojky"}]}]}},"_links":{"self":[{"href":"https:\/\/marburgerorchard.com\/cs\/wp-json\/wp\/v2\/pages\/196"}],"collection":[{"href":"https:\/\/marburgerorchard.com\/cs\/wp-json\/wp\/v2\/pages"}],"about":[{"href":"https:\/\/marburgerorchard.com\/cs\/wp-json\/wp\/v2\/types\/page"}],"author":[{"embeddable":true,"href":"https:\/\/marburgerorchard.com\/cs\/wp-json\/wp\/v2\/users\/1"}],"replies":[{"embeddable":true,"href":"https:\/\/marburgerorchard.com\/cs\/wp-json\/wp\/v2\/comments?post=196"}],"version-history":[{"count":1,"href":"https:\/\/marburgerorchard.com\/cs\/wp-json\/wp\/v2\/pages\/196\/revisions"}],"predecessor-version":[{"id":331,"href":"https:\/\/marburgerorchard.com\/cs\/wp-json\/wp\/v2\/pages\/196\/revisions\/331"}],"wp:featuredmedia":[{"embeddable":true,"href":"https:\/\/marburgerorchard.com\/cs\/wp-json\/wp\/v2\/media\/77"}],"wp:attachment":[{"href":"https:\/\/marburgerorchard.com\/cs\/wp-json\/wp\/v2\/media?parent=196"}],"curies":[{"name":"wp","href":"https:\/\/api.w.org\/{rel}","templated":true}]}}