{"id":114,"date":"2022-09-26T14:26:15","date_gmt":"2022-09-26T13:26:15","guid":{"rendered":"http:\/\/marburgerorchard.com\/sugar-baby-a-tatove\/"},"modified":"2022-09-26T14:26:15","modified_gmt":"2022-09-26T13:26:15","slug":"sugar-baby-a-tatove","status":"publish","type":"page","link":"https:\/\/marburgerorchard.com\/cs\/sugar-baby-a-tatove\/","title":{"rendered":"Sugar Baby a t\u00e1tov\u00e9"},"content":{"rendered":"<p>Cukrov\u00e9 d\u011bti jsou jednotlivci, kte\u0159\u00ed poskytuj\u00ed spole\u010densk\u00e9 slu\u017eby bohat\u00fdm mu\u017e\u016fm. Cukrov\u00e9 d\u011bti obvykle vyd\u011bl\u00e1vaj\u00ed pen\u00edze prost\u0159ednictv\u00edm online platforem, jako je Seeking Arrangement, Elite Daily a OK Cupid. Zat\u00edmco uspo\u0159\u00e1d\u00e1n\u00ed je obvykle vz\u00e1jemn\u011b v\u00fdhodn\u00e9, vy\u017eaduje ur\u010ditou \u00farove\u0148 d\u016fv\u011bry. Existuje spousta str\u00e1nek, kter\u00e9 v\u00e1m pomohou spojit se s cukrov\u00fdmi d\u011btmi. Tyto weby umo\u017e\u0148uj\u00ed proch\u00e1zet profily na z\u00e1klad\u011b krit\u00e9ri\u00ed, jako je v\u011bk, pohlav\u00ed, poloha a z\u00e1jmy. Jakmile najdete n\u011bkoho, s k\u00fdm byste se cht\u011bli setkat, m\u016f\u017eete mu poslat zpr\u00e1vu p\u0159\u00edmo.<\/p>\n<p>I kdy\u017e je mo\u017en\u00e9 setkat se s cukrov\u00fdmi d\u011btmi v re\u00e1ln\u00e9m \u017eivot\u011b, je mnohem snaz\u0161\u00ed dohodnout si rande online. Str\u00e1nky, jako je Seeking Arrangement, nab\u00edzej\u00ed bezpe\u010dn\u00e9 prost\u0159ed\u00ed pro komunikaci a po\u0159\u00e1d\u00e1n\u00ed sch\u016fzek ob\u011bma stranami.<\/p>\n<h2>Seznamte se s Sugar Daddy Online<\/h2>\n<p>Existuje n\u011bkolik v\u00fdhod m\u00edt cukrov\u00e9 d\u00edt\u011b. Za prv\u00e9, poskytuje finan\u010dn\u011b stabiln\u00edm jedinc\u016fm n\u011bkoho, kdo se o n\u011b postar\u00e1, zat\u00edmco st\u00e1rnou. Za druh\u00e9, umo\u017e\u0148uje \u017een\u011b sledovat sv\u00e9 kari\u00e9rn\u00ed c\u00edle bez obav z n\u00e1klad\u016f na p\u00e9\u010di o d\u011bti. Za t\u0159et\u00ed, d\u00e1v\u00e1 \u010dlov\u011bku p\u0159\u00edle\u017eitost u\u017e\u00edvat si \u017eivota, ani\u017e by se c\u00edtil provinile za sv\u00e9 bohatstv\u00ed.<\/p>\n<p>Celkov\u011b cukrov\u00e9 d\u011bti nab\u00edzej\u00ed jedine\u010dn\u00e9 p\u0159\u00edle\u017eitosti pro osobn\u00ed r\u016fst a napln\u011bn\u00ed. Je v\u0161ak d\u016fle\u017eit\u00e9 si uv\u011bdomit, \u017ee tyto vztahy nejsou ur\u010deny k nahrazen\u00ed tradi\u010dn\u00edch man\u017eelstv\u00ed. Sp\u00ed\u0161e jsou to jen dal\u0161\u00ed forma dosp\u011bl\u00e9ho datov\u00e1n\u00ed.<\/p>\n<h2>Seznamte se s Sugar Baby<\/h2>\n<p>Cukrov\u00e9 d\u011bti jsou mlad\u00e9 \u017eeny, kter\u00e9 hledaj\u00ed finan\u010dn\u00ed podporu od bohat\u00fdch cukrov\u00fdch tat\u00ednk\u016f. Tato uspo\u0159\u00e1d\u00e1n\u00ed se velmi li\u0161\u00ed, od kr\u00e1tkodob\u00e9 spole\u010dnosti a\u017e po dlouhodob\u00e9 romantick\u00e9 vztahy. Cukrov\u00e9 d\u011bti obvykle poskytuj\u00ed spole\u010dnost, n\u00e1klonnost a sexu\u00e1ln\u00ed slu\u017eby v\u00fdm\u011bnou za pen\u00edze.<\/p>\n<p>Zat\u00edmco seznamovac\u00ed str\u00e1nky Sugar Daddy existuj\u00ed, v\u011bt\u0161ina cukrov\u00fdch d\u011bt\u00ed se setk\u00e1v\u00e1 se sv\u00fdmi partnery offline. Mnoho cukrov\u00fdch d\u011bt\u00ed uv\u00e1d\u00ed, \u017ee byly zpo\u010d\u00e1tku p\u0159itahov\u00e1ny bohatstv\u00edm, postaven\u00edm a konexemi sv\u00e9ho partnera. Jin\u00ed \u0159\u00edkaj\u00ed, \u017ee na\u0161li sv\u00e9ho sugar daddy online pot\u00e9, co hledali potenci\u00e1ln\u00ed shody. Bez ohledu na to, jak se setkali, cukrov\u00e9 d\u011bti obvykle za\u010d\u00ednaj\u00ed sv\u016fj vztah s cukrov\u00fdm t\u00e1tou, kter\u00fd jim poskytuje d\u00e1rky, pen\u00edze a dal\u0161\u00ed formy kompenzace. Jak v\u0161ak vztah postupuje, cukrov\u00e9 d\u011bti o\u010dek\u00e1vaj\u00ed, \u017ee obdr\u017e\u00ed dal\u0161\u00ed v\u00fdhody, v\u010detn\u011b cestov\u00e1n\u00ed, oble\u010den\u00ed a luxusn\u00edch p\u0159edm\u011bt\u016f.<\/p>\n","protected":false},"excerpt":{"rendered":"<p>Cukrov\u00e9 d\u011bti jsou jednotlivci, kte\u0159\u00ed poskytuj\u00ed spole\u010densk\u00e9 slu\u017eby bohat\u00fdm mu\u017e\u016fm. Cukrov\u00e9 d\u011bti obvykle vyd\u011bl\u00e1vaj\u00ed pen\u00edze prost\u0159ednictv\u00edm online platforem, jako je&hellip;<\/p>\n","protected":false},"author":1,"featured_media":0,"parent":0,"menu_order":0,"comment_status":"closed","ping_status":"closed","template":"","meta":[],"yoast_head":"<!-- This site is optimized with the Yoast SEO plugin v17.7.1 - https:\/\/yoast.com\/wordpress\/plugins\/seo\/ -->\n<title>Sugar Baby a t\u00e1tov\u00e9 - Meet Nearby<\/title>\n<meta name=\"robots\" content=\"index, follow, max-snippet:-1, max-image-preview:large, max-video-preview:-1\" \/>\n<link rel=\"canonical\" href=\"https:\/\/marburgerorchard.com\/cs\/sugar-baby-a-tatove\/\" \/>\n<meta property=\"og:locale\" content=\"cs_CZ\" \/>\n<meta property=\"og:type\" content=\"article\" \/>\n<meta property=\"og:title\" content=\"Sugar Baby a t\u00e1tov\u00e9 - Meet Nearby\" \/>\n<meta property=\"og:description\" content=\"Cukrov\u00e9 d\u011bti jsou jednotlivci, kte\u0159\u00ed poskytuj\u00ed spole\u010densk\u00e9 slu\u017eby bohat\u00fdm mu\u017e\u016fm. Cukrov\u00e9 d\u011bti obvykle vyd\u011bl\u00e1vaj\u00ed pen\u00edze prost\u0159ednictv\u00edm online platforem, jako je&hellip;\" \/>\n<meta property=\"og:url\" content=\"https:\/\/marburgerorchard.com\/cs\/sugar-baby-a-tatove\/\" \/>\n<meta property=\"og:site_name\" content=\"Meet Nearby\" \/>\n<meta name=\"twitter:card\" content=\"summary_large_image\" \/>\n<meta name=\"twitter:label1\" content=\"Odhadovan\u00e1 doba \u010dten\u00ed\" \/>\n\t<meta name=\"twitter:data1\" content=\"2 minuty\" \/>\n<script type=\"application\/ld+json\" class=\"yoast-schema-graph\">{\"@context\":\"https:\/\/schema.org\",\"@graph\":[{\"@type\":\"WebSite\",\"@id\":\"https:\/\/marburgerorchard.com\/cs\/#website\",\"url\":\"https:\/\/marburgerorchard.com\/cs\/\",\"name\":\"Meet Nearby\",\"description\":\"Adult Dating Guide\",\"potentialAction\":[{\"@type\":\"SearchAction\",\"target\":{\"@type\":\"EntryPoint\",\"urlTemplate\":\"https:\/\/marburgerorchard.com\/cs\/?s={search_term_string}\"},\"query-input\":\"required name=search_term_string\"}],\"inLanguage\":\"cs\"},{\"@type\":\"WebPage\",\"@id\":\"https:\/\/marburgerorchard.com\/cs\/sugar-baby-a-tatove\/#webpage\",\"url\":\"https:\/\/marburgerorchard.com\/cs\/sugar-baby-a-tatove\/\",\"name\":\"Sugar Baby a t\\u00e1tov\\u00e9 - Meet Nearby\",\"isPartOf\":{\"@id\":\"https:\/\/marburgerorchard.com\/cs\/#website\"},\"datePublished\":\"2022-09-26T13:26:15+00:00\",\"dateModified\":\"2022-09-26T13:26:15+00:00\",\"breadcrumb\":{\"@id\":\"https:\/\/marburgerorchard.com\/cs\/sugar-baby-a-tatove\/#breadcrumb\"},\"inLanguage\":\"cs\",\"potentialAction\":[{\"@type\":\"ReadAction\",\"target\":[\"https:\/\/marburgerorchard.com\/cs\/sugar-baby-a-tatove\/\"]}]},{\"@type\":\"BreadcrumbList\",\"@id\":\"https:\/\/marburgerorchard.com\/cs\/sugar-baby-a-tatove\/#breadcrumb\",\"itemListElement\":[{\"@type\":\"ListItem\",\"position\":1,\"name\":\"Home\",\"item\":\"http:\/\/marburgerorchard.com\/cs\/\"},{\"@type\":\"ListItem\",\"position\":2,\"name\":\"Sugar Baby a t\\u00e1tov\\u00e9\"}]}]}<\/script>\n<!-- \/ Yoast SEO plugin. -->","yoast_head_json":{"title":"Sugar Baby a t\u00e1tov\u00e9 - Meet Nearby","robots":{"index":"index","follow":"follow","max-snippet":"max-snippet:-1","max-image-preview":"max-image-preview:large","max-video-preview":"max-video-preview:-1"},"canonical":"https:\/\/marburgerorchard.com\/cs\/sugar-baby-a-tatove\/","og_locale":"cs_CZ","og_type":"article","og_title":"Sugar Baby a t\u00e1tov\u00e9 - Meet Nearby","og_description":"Cukrov\u00e9 d\u011bti jsou jednotlivci, kte\u0159\u00ed poskytuj\u00ed spole\u010densk\u00e9 slu\u017eby bohat\u00fdm mu\u017e\u016fm. Cukrov\u00e9 d\u011bti obvykle vyd\u011bl\u00e1vaj\u00ed pen\u00edze prost\u0159ednictv\u00edm online platforem, jako je&hellip;","og_url":"https:\/\/marburgerorchard.com\/cs\/sugar-baby-a-tatove\/","og_site_name":"Meet Nearby","twitter_card":"summary_large_image","twitter_misc":{"Odhadovan\u00e1 doba \u010dten\u00ed":"2 minuty"},"schema":{"@context":"https:\/\/schema.org","@graph":[{"@type":"WebSite","@id":"https:\/\/marburgerorchard.com\/cs\/#website","url":"https:\/\/marburgerorchard.com\/cs\/","name":"Meet Nearby","description":"Adult Dating Guide","potentialAction":[{"@type":"SearchAction","target":{"@type":"EntryPoint","urlTemplate":"https:\/\/marburgerorchard.com\/cs\/?s={search_term_string}"},"query-input":"required name=search_term_string"}],"inLanguage":"cs"},{"@type":"WebPage","@id":"https:\/\/marburgerorchard.com\/cs\/sugar-baby-a-tatove\/#webpage","url":"https:\/\/marburgerorchard.com\/cs\/sugar-baby-a-tatove\/","name":"Sugar Baby a t\u00e1tov\u00e9 - Meet Nearby","isPartOf":{"@id":"https:\/\/marburgerorchard.com\/cs\/#website"},"datePublished":"2022-09-26T13:26:15+00:00","dateModified":"2022-09-26T13:26:15+00:00","breadcrumb":{"@id":"https:\/\/marburgerorchard.com\/cs\/sugar-baby-a-tatove\/#breadcrumb"},"inLanguage":"cs","potentialAction":[{"@type":"ReadAction","target":["https:\/\/marburgerorchard.com\/cs\/sugar-baby-a-tatove\/"]}]},{"@type":"BreadcrumbList","@id":"https:\/\/marburgerorchard.com\/cs\/sugar-baby-a-tatove\/#breadcrumb","itemListElement":[{"@type":"ListItem","position":1,"name":"Home","item":"http:\/\/marburgerorchard.com\/cs\/"},{"@type":"ListItem","position":2,"name":"Sugar Baby a t\u00e1tov\u00e9"}]}]}},"_links":{"self":[{"href":"https:\/\/marburgerorchard.com\/cs\/wp-json\/wp\/v2\/pages\/114"}],"collection":[{"href":"https:\/\/marburgerorchard.com\/cs\/wp-json\/wp\/v2\/pages"}],"about":[{"href":"https:\/\/marburgerorchard.com\/cs\/wp-json\/wp\/v2\/types\/page"}],"author":[{"embeddable":true,"href":"https:\/\/marburgerorchard.com\/cs\/wp-json\/wp\/v2\/users\/1"}],"replies":[{"embeddable":true,"href":"https:\/\/marburgerorchard.com\/cs\/wp-json\/wp\/v2\/comments?post=114"}],"version-history":[{"count":0,"href":"https:\/\/marburgerorchard.com\/cs\/wp-json\/wp\/v2\/pages\/114\/revisions"}],"wp:attachment":[{"href":"https:\/\/marburgerorchard.com\/cs\/wp-json\/wp\/v2\/media?parent=114"}],"curies":[{"name":"wp","href":"https:\/\/api.w.org\/{rel}","templated":true}]}}