{"id":106,"date":"2022-09-26T14:24:17","date_gmt":"2022-09-26T13:24:17","guid":{"rendered":"http:\/\/marburgerorchard.com\/nejlepsi-swinger-stranky\/"},"modified":"2022-09-26T14:24:17","modified_gmt":"2022-09-26T13:24:17","slug":"nejlepsi-swinger-stranky","status":"publish","type":"page","link":"https:\/\/marburgerorchard.com\/cs\/nejlepsi-swinger-stranky\/","title":{"rendered":"Nejlep\u0161\u00ed Swinger str\u00e1nky"},"content":{"rendered":"<p>Pokud m\u00e1te z\u00e1jem o swingers, je pravd\u011bpodobn\u00e9, \u017ee jste hledali online u\u017e n\u011bjakou dobu. Existuje spousta seznamovac\u00edch aplikac\u00ed pro ty, kte\u0159\u00ed se cht\u011bj\u00ed spojit s ostatn\u00edmi, jako jsou oni, ale co ti, kte\u0159\u00ed hledaj\u00ed partnera pro n\u011bco \u00fapln\u011b jin\u00e9ho? Pokud si chcete vyzkou\u0161et swinging, zde jsou na\u0161e tipy na top 11 nejlep\u0161\u00edch swingers str\u00e1nek roku 2021.<\/p>\n<h1>Swingers Seznamky<\/h1>\n<p>Str\u00e1vili jsme v\u00edce ne\u017e 25 hodin hled\u00e1n\u00edm nejlep\u0161\u00ed online seznamky pro swingers p\u00e1ry. Po z\u00fa\u017een\u00ed stovek mo\u017enost\u00ed jsme kone\u010dn\u011b na\u0161li perfektn\u00ed z\u00e1pas pro n\u00e1s. Na\u0161e profily byly zve\u0159ejn\u011bny na n\u011bkolika swinger seznamk\u00e1ch a b\u011bhem 24 hodin jsme m\u011bli des\u00edtky z\u00e1pas\u016f.<\/p>\n<p>Po p\u0159ezkoum\u00e1n\u00ed \u010dlensk\u00e9 z\u00e1kladny ka\u017ed\u00e9ho webu, syst\u00e9mu zas\u00edl\u00e1n\u00ed zpr\u00e1v a celkov\u00e9 zku\u0161enosti jsme vybrali p\u011bt nejlep\u0161\u00edch web\u016f na z\u00e1klad\u011b na\u0161ich krit\u00e9ri\u00ed. Odtud jsme ji d\u00e1le z\u00fa\u017eili pouze na prvn\u00ed t\u0159i na z\u00e1klad\u011b osobn\u00edch preferenc\u00ed.<\/p>\n<p>Kone\u010dn\u00fd seznam zahrnoval n\u011bkter\u00e1 zn\u00e1m\u00e1 jm\u00e9na, jako jsou Adult FriendFinder a Zoosk, spolu s nov\u011bj\u0161\u00edmi hr\u00e1\u010di jako HornyPeople a SwingersMeet.<\/p>\n<h2>SwapMeet<\/h2>\n<p>Swap Meet je dal\u0161\u00ed popul\u00e1rn\u00ed swinger str\u00e1nky pro dosp\u011bl\u00e9 s tis\u00edci aktivn\u00edch \u010dlen\u016f ka\u017ed\u00fd den. Tato str\u00e1nka nab\u00edz\u00ed mnoho r\u016fzn\u00fdch kategori\u00ed, v\u010detn\u011b p\u00e1r\u016f, singl\u016f, \u017een hledaj\u00edc\u00edch mu\u017ee a mu\u017e\u016f hledaj\u00edc\u00edch \u017eeny. V\u0161echny v\u00fdpisy jsou uspo\u0159\u00e1d\u00e1ny do podkategori\u00ed, co\u017e usnad\u0148uje proch\u00e1zen\u00ed a nalezen\u00ed toho, co v\u00e1s zaj\u00edm\u00e1. K dispozici jsou dokonce i speci\u00e1ln\u00ed funkce, jako jsou \u017eiv\u00e9 cam chaty, video z webov\u00e9 kamery a zvukov\u00e9 hovory.<\/p>\n<h2>SwingLifeStyle<\/h2>\n<p>SwingLifeStyle je z\u00e1bavn\u00e1 a jedine\u010dn\u00e1 swinger soci\u00e1ln\u00ed s\u00ed\u0165, kde se m\u016f\u017eete spojit s ostatn\u00edmi na z\u00e1klad\u011b spole\u010dn\u00fdch z\u00e1jm\u016f. Web v\u00e1m umo\u017e\u0148uje p\u0159ipojovat se ke skupin\u00e1m, vym\u011b\u0148ovat fotografie, zve\u0159ej\u0148ovat videa, pos\u00edlat zpr\u00e1vy a dal\u0161\u00ed. Existuje v\u00edce ne\u017e 20 r\u016fzn\u00fdch kategori\u00ed, ze kter\u00fdch si m\u016f\u017eete vybrat, v\u010detn\u011b p\u00e1r\u016f, swingers, trojek, BDSM, voyeurismu, otev\u0159en\u00fdch vztah\u016f atd.<\/p>\n<h2>AdultFriendFinder<\/h2>\n<p>Adult Friend Finder je jedn\u00edm z nejpopul\u00e1rn\u011bj\u0161\u00edch seznamovac\u00edch web\u016f pro dosp\u011bl\u00e9 v okol\u00ed. S miliony \u010dlen\u016f po cel\u00e9m sv\u011bt\u011b ur\u010dit\u011b najdete n\u011bkoho m\u00edstn\u00edho, s k\u00fdm se m\u016f\u017eete spojit. A nebojte se, proto\u017ee AF nikoho nediskriminuje &#8211; bez ohledu na to, jakou v\u00e1hu byste mohli n\u00e9st.<\/p>\n<h2>Zoosk<\/h2>\n<p>Zoosk je dal\u0161\u00ed skv\u011blou volbou pro ty, kte\u0159\u00ed se cht\u011bj\u00ed setkat s nezadan\u00fdmi v jejich bl\u00edzkosti. Tato str\u00e1nka se zam\u011b\u0159uje na pomoc p\u0159i vytv\u00e1\u0159en\u00ed spojen\u00ed se zaj\u00edmav\u00fdmi lidmi na z\u00e1klad\u011b v\u011bc\u00ed, kter\u00e9 m\u00e1te r\u00e1di. Tak\u017ee a\u0165 u\u017e jste fanou\u0161kem sportu nebo m\u00f3dy, najdete n\u011bkoho pobl\u00ed\u017e, kdo sd\u00edl\u00ed podobn\u00e9 z\u00e1jmy.<\/p>\n<h2>Spousta ryb<\/h2>\n<p>PlentyOfFish je bezplatn\u00e1 seznamovac\u00ed aplikace, kter\u00e1 usnad\u0148uje setk\u00e1n\u00ed s nezadan\u00fdmi. A\u0165 u\u017e hled\u00e1te p\u0159\u00e1telstv\u00ed, romantiku nebo dokonce man\u017eelstv\u00ed, m\u016f\u017eete naj\u00edt n\u011bkoho \u00fa\u017easn\u00e9ho b\u011bhem n\u011bkolika minut.<\/p>\n","protected":false},"excerpt":{"rendered":"<p>Pokud m\u00e1te z\u00e1jem o swingers, je pravd\u011bpodobn\u00e9, \u017ee jste hledali online u\u017e n\u011bjakou dobu. Existuje spousta seznamovac\u00edch aplikac\u00ed pro ty,&hellip;<\/p>\n","protected":false},"author":1,"featured_media":0,"parent":0,"menu_order":0,"comment_status":"closed","ping_status":"closed","template":"","meta":[],"yoast_head":"<!-- This site is optimized with the Yoast SEO plugin v17.7.1 - https:\/\/yoast.com\/wordpress\/plugins\/seo\/ -->\n<title>Nejlep\u0161\u00ed Swinger str\u00e1nky - Meet Nearby<\/title>\n<meta name=\"robots\" content=\"index, follow, max-snippet:-1, max-image-preview:large, max-video-preview:-1\" \/>\n<link rel=\"canonical\" href=\"https:\/\/marburgerorchard.com\/cs\/nejlepsi-swinger-stranky\/\" \/>\n<meta property=\"og:locale\" content=\"cs_CZ\" \/>\n<meta property=\"og:type\" content=\"article\" \/>\n<meta property=\"og:title\" content=\"Nejlep\u0161\u00ed Swinger str\u00e1nky - Meet Nearby\" \/>\n<meta property=\"og:description\" content=\"Pokud m\u00e1te z\u00e1jem o swingers, je pravd\u011bpodobn\u00e9, \u017ee jste hledali online u\u017e n\u011bjakou dobu. Existuje spousta seznamovac\u00edch aplikac\u00ed pro ty,&hellip;\" \/>\n<meta property=\"og:url\" content=\"https:\/\/marburgerorchard.com\/cs\/nejlepsi-swinger-stranky\/\" \/>\n<meta property=\"og:site_name\" content=\"Meet Nearby\" \/>\n<meta name=\"twitter:card\" content=\"summary_large_image\" \/>\n<meta name=\"twitter:label1\" content=\"Odhadovan\u00e1 doba \u010dten\u00ed\" \/>\n\t<meta name=\"twitter:data1\" content=\"3 minuty\" \/>\n<script type=\"application\/ld+json\" class=\"yoast-schema-graph\">{\"@context\":\"https:\/\/schema.org\",\"@graph\":[{\"@type\":\"WebSite\",\"@id\":\"https:\/\/marburgerorchard.com\/cs\/#website\",\"url\":\"https:\/\/marburgerorchard.com\/cs\/\",\"name\":\"Meet Nearby\",\"description\":\"Adult Dating Guide\",\"potentialAction\":[{\"@type\":\"SearchAction\",\"target\":{\"@type\":\"EntryPoint\",\"urlTemplate\":\"https:\/\/marburgerorchard.com\/cs\/?s={search_term_string}\"},\"query-input\":\"required name=search_term_string\"}],\"inLanguage\":\"cs\"},{\"@type\":\"WebPage\",\"@id\":\"https:\/\/marburgerorchard.com\/cs\/nejlepsi-swinger-stranky\/#webpage\",\"url\":\"https:\/\/marburgerorchard.com\/cs\/nejlepsi-swinger-stranky\/\",\"name\":\"Nejlep\\u0161\\u00ed Swinger str\\u00e1nky - Meet Nearby\",\"isPartOf\":{\"@id\":\"https:\/\/marburgerorchard.com\/cs\/#website\"},\"datePublished\":\"2022-09-26T13:24:17+00:00\",\"dateModified\":\"2022-09-26T13:24:17+00:00\",\"breadcrumb\":{\"@id\":\"https:\/\/marburgerorchard.com\/cs\/nejlepsi-swinger-stranky\/#breadcrumb\"},\"inLanguage\":\"cs\",\"potentialAction\":[{\"@type\":\"ReadAction\",\"target\":[\"https:\/\/marburgerorchard.com\/cs\/nejlepsi-swinger-stranky\/\"]}]},{\"@type\":\"BreadcrumbList\",\"@id\":\"https:\/\/marburgerorchard.com\/cs\/nejlepsi-swinger-stranky\/#breadcrumb\",\"itemListElement\":[{\"@type\":\"ListItem\",\"position\":1,\"name\":\"Home\",\"item\":\"http:\/\/marburgerorchard.com\/cs\/\"},{\"@type\":\"ListItem\",\"position\":2,\"name\":\"Nejlep\\u0161\\u00ed Swinger str\\u00e1nky\"}]}]}<\/script>\n<!-- \/ Yoast SEO plugin. -->","yoast_head_json":{"title":"Nejlep\u0161\u00ed Swinger str\u00e1nky - Meet Nearby","robots":{"index":"index","follow":"follow","max-snippet":"max-snippet:-1","max-image-preview":"max-image-preview:large","max-video-preview":"max-video-preview:-1"},"canonical":"https:\/\/marburgerorchard.com\/cs\/nejlepsi-swinger-stranky\/","og_locale":"cs_CZ","og_type":"article","og_title":"Nejlep\u0161\u00ed Swinger str\u00e1nky - Meet Nearby","og_description":"Pokud m\u00e1te z\u00e1jem o swingers, je pravd\u011bpodobn\u00e9, \u017ee jste hledali online u\u017e n\u011bjakou dobu. Existuje spousta seznamovac\u00edch aplikac\u00ed pro ty,&hellip;","og_url":"https:\/\/marburgerorchard.com\/cs\/nejlepsi-swinger-stranky\/","og_site_name":"Meet Nearby","twitter_card":"summary_large_image","twitter_misc":{"Odhadovan\u00e1 doba \u010dten\u00ed":"3 minuty"},"schema":{"@context":"https:\/\/schema.org","@graph":[{"@type":"WebSite","@id":"https:\/\/marburgerorchard.com\/cs\/#website","url":"https:\/\/marburgerorchard.com\/cs\/","name":"Meet Nearby","description":"Adult Dating Guide","potentialAction":[{"@type":"SearchAction","target":{"@type":"EntryPoint","urlTemplate":"https:\/\/marburgerorchard.com\/cs\/?s={search_term_string}"},"query-input":"required name=search_term_string"}],"inLanguage":"cs"},{"@type":"WebPage","@id":"https:\/\/marburgerorchard.com\/cs\/nejlepsi-swinger-stranky\/#webpage","url":"https:\/\/marburgerorchard.com\/cs\/nejlepsi-swinger-stranky\/","name":"Nejlep\u0161\u00ed Swinger str\u00e1nky - Meet Nearby","isPartOf":{"@id":"https:\/\/marburgerorchard.com\/cs\/#website"},"datePublished":"2022-09-26T13:24:17+00:00","dateModified":"2022-09-26T13:24:17+00:00","breadcrumb":{"@id":"https:\/\/marburgerorchard.com\/cs\/nejlepsi-swinger-stranky\/#breadcrumb"},"inLanguage":"cs","potentialAction":[{"@type":"ReadAction","target":["https:\/\/marburgerorchard.com\/cs\/nejlepsi-swinger-stranky\/"]}]},{"@type":"BreadcrumbList","@id":"https:\/\/marburgerorchard.com\/cs\/nejlepsi-swinger-stranky\/#breadcrumb","itemListElement":[{"@type":"ListItem","position":1,"name":"Home","item":"http:\/\/marburgerorchard.com\/cs\/"},{"@type":"ListItem","position":2,"name":"Nejlep\u0161\u00ed Swinger str\u00e1nky"}]}]}},"_links":{"self":[{"href":"https:\/\/marburgerorchard.com\/cs\/wp-json\/wp\/v2\/pages\/106"}],"collection":[{"href":"https:\/\/marburgerorchard.com\/cs\/wp-json\/wp\/v2\/pages"}],"about":[{"href":"https:\/\/marburgerorchard.com\/cs\/wp-json\/wp\/v2\/types\/page"}],"author":[{"embeddable":true,"href":"https:\/\/marburgerorchard.com\/cs\/wp-json\/wp\/v2\/users\/1"}],"replies":[{"embeddable":true,"href":"https:\/\/marburgerorchard.com\/cs\/wp-json\/wp\/v2\/comments?post=106"}],"version-history":[{"count":0,"href":"https:\/\/marburgerorchard.com\/cs\/wp-json\/wp\/v2\/pages\/106\/revisions"}],"wp:attachment":[{"href":"https:\/\/marburgerorchard.com\/cs\/wp-json\/wp\/v2\/media?parent=106"}],"curies":[{"name":"wp","href":"https:\/\/api.w.org\/{rel}","templated":true}]}}