{"id":103,"date":"2022-09-26T14:25:14","date_gmt":"2022-09-26T13:25:14","guid":{"rendered":"http:\/\/marburgerorchard.com\/seznamte-se-s-mistnimi-milf-kteri-chteji-sex\/"},"modified":"2022-09-26T14:25:14","modified_gmt":"2022-09-26T13:25:14","slug":"seznamte-se-s-mistnimi-milf-kteri-chteji-sex","status":"publish","type":"page","link":"https:\/\/marburgerorchard.com\/cs\/seznamte-se-s-mistnimi-milf-kteri-chteji-sex\/","title":{"rendered":"Seznamte se s m\u00edstn\u00edmi MILF, kte\u0159\u00ed cht\u011bj\u00ed sex"},"content":{"rendered":"<p>Nejlep\u0161\u00ed seznamovac\u00ed str\u00e1nky jsou ty, kter\u00e9 v\u00e1m umo\u017en\u00ed spojit se s lidmi na z\u00e1klad\u011b spole\u010dn\u00fdch z\u00e1jm\u016f, v\u011bku, um\u00edst\u011bn\u00ed a osobnostn\u00edch rys\u016f. Cougar seznamovac\u00ed aplikace jsou m\u00edstem, kde se setk\u00e1vaj\u00ed mlad\u00ed mu\u017ei a star\u0161\u00ed \u017eeny &#8211; online i offline. Je to u\u017e od v\u011bk\u016f a rozrostlo se do jedn\u00e9 z nejv\u011bt\u0161\u00edch komunit pro lidi, kte\u0159\u00ed hledaj\u00ed l\u00e1sku a spole\u010dnost mimo tradi\u010dn\u00ed vztahy.<\/p>\n<p>Pokud v\u00e1s sem online prohl\u00ed\u017een\u00ed p\u0159ivedlo, je pravd\u011bpodobn\u00e9, \u017ee na\u0161e komunita m\u016f\u017ee m\u00edt tak\u00e9 to, co hled\u00e1te. Spojujeme svobodn\u00e9 \u017eeny nad 40 let s mlad\u0161\u00edmi mu\u017ei, kte\u0159\u00ed jsou p\u0159ipraveni se pobavit. Mezi na\u0161e \u010dleny pat\u0159\u00ed jak pumy, tak ml\u00e1\u010fata &#8211; \u017eeny hledaj\u00edc\u00ed l\u00e1sku a vztah, zat\u00edmco mu\u017ei hledaj\u00ed zralou spole\u010dnost. V t\u011bchto aplikac\u00edch najdete v\u0161e od p\u0159\u00edle\u017eitostn\u00fdch flirt\u016f a\u017e po v\u00e1\u017en\u00e9 vztahy. V\u0161echny v\u011bkov\u00e9 kategorie, rasy, n\u00e1bo\u017eenstv\u00ed, sexu\u00e1ln\u00ed orientace a \u017eivotn\u00ed styl jsou v\u00edt\u00e1ny.<\/p>\n<h2>Zdarma Cougar Seznamka<\/h2>\n<p>Pokud se chcete za\u010d\u00edt setk\u00e1vat s hork\u00fdmi maminkami online, pod\u00edvejte se na n\u00e1\u0161 seznam nejlep\u0161\u00edch seznamovac\u00edch web\u016f a aplikac\u00ed MILF. Tyto weby a aplikace nab\u00edzej\u00ed bezplatn\u00e9 \u010dlenstv\u00ed a pr\u00e9miov\u00e9 funkce, jako je neomezen\u00e9 zas\u00edl\u00e1n\u00ed zpr\u00e1v, videochat a okam\u017eit\u00fd p\u0159\u00edstup k tis\u00edc\u016fm \u010dlen\u016f. Mnoho z nich v\u00e1m nav\u00edc umo\u017e\u0148uje proch\u00e1zet profily, ani\u017e byste museli platit cokoli p\u0159edem.<\/p>\n<p>Pod\u00edvali jsme se na des\u00edtky popul\u00e1rn\u00edch seznamovac\u00edch web\u016f pro dosp\u011bl\u00e9 a na\u0161li jsme dv\u011b, kter\u00e9 opravdu vynikly na z\u00e1klad\u011b kvality, bezpe\u010dnosti, snadn\u00e9ho pou\u017eit\u00ed a hodnoty. V\u0161echny jsou prok\u00e1z\u00e1ny jako bezpe\u010dn\u00e9, spolehliv\u00e9 a \u00fa\u010dinn\u00e9 p\u0159i hled\u00e1n\u00ed sexu\u00e1ln\u00edch partner\u016f. A co je nejd\u016fle\u017eit\u011bj\u0161\u00ed, v\u0161ichni se mohou p\u0159ipojit. Tak\u017ee a\u0165 u\u017e hled\u00e1te p\u0159\u00edle\u017eitostn\u00e9 p\u0159ipojen\u00ed nebo v\u00e1\u017en\u00e9 vztahy, tyto str\u00e1nky jsou ide\u00e1ln\u00ed pro polo\u017een\u00ed.<\/p>\n<h3>AdultFriendFinder<\/h3>\n<p>Adult Friend Finder je jednou z nejstar\u0161\u00edch a nejv\u011bt\u0161\u00edch seznamovac\u00edch str\u00e1nek pro dosp\u011bl\u00e9 v okol\u00ed. S miliony aktivn\u00edch \u010dlen\u016f najde AF spoustu svobodn\u00fdch maminek a milf\u016f, kte\u0159\u00ed hledaj\u00ed l\u00e1sku. Pokud hled\u00e1te dlouhodob\u00fd vztah, AF je m\u00edsto, kam j\u00edt.<\/p>\n<h3>MommyFinders<\/h3>\n<p>Mommyfinders je dal\u0161\u00ed popul\u00e1rn\u00ed volbou mezi mlad\u0161\u00edmi kluky, kte\u0159\u00ed hledaj\u00ed pumy. Tato str\u00e1nka nab\u00edz\u00ed spoustu v\u00fdhod, v\u010detn\u011b \u017eiv\u00e9ho chatov\u00e1n\u00ed s webovou kamerou, z\u00e1kaznick\u00e9 podpory 24\/7 a tun sexy maminek a milfs, kter\u00e9 \u010dekaj\u00ed na spojen\u00ed s v\u00e1mi.<\/p>\n<h2>Seznamka MILFs<\/h2>\n<p>Existuje n\u011bkolik d\u016fvod\u016f, pro\u010d se pumy rozhodnou randit s mlad\u0161\u00edmi mu\u017ei. Za prv\u00e9, pumy se cht\u011bj\u00ed znovu c\u00edtit mlad\u00e9. Kdy\u017e je v\u00e1m 20, 30, 40, 50 atd., Je skv\u011bl\u00e9 randit s n\u011bk\u00fdm, d\u00edky komu se znovu c\u00edt\u00edte mlad\u00ed. Za druh\u00e9, pumy pova\u017euj\u00ed mlad\u0161\u00ed mu\u017ee za atraktivn\u00ed, proto\u017ee jsou obvykle velmi hezc\u00ed, sebev\u011bdom\u00ed a okouzluj\u00edc\u00ed. Za t\u0159et\u00ed, pumy maj\u00ed r\u00e1dy mlad\u0161\u00ed mu\u017ee, proto\u017ee je m\u00e9n\u011b pravd\u011bpodobn\u00e9, \u017ee se k n\u00ed budou chovat \u0161patn\u011b. Pumy v\u011bd\u00ed, \u017ee mlad\u0161\u00ed mu\u017ei se st\u00e1le u\u010d\u00ed, jak se k \u017een\u00e1m chovat dob\u0159e, tak\u017ee s n\u00ed nebudou zach\u00e1zet jako s kecy. A kone\u010dn\u011b, pumy maj\u00ed r\u00e1dy mlad\u0161\u00ed kluky, proto\u017ee jsou obvykle velmi \u00fasp\u011b\u0161n\u00ed, finan\u010dn\u011b stabiln\u00ed a maj\u00ed spoustu pen\u011bz, kter\u00e9 za ni mohou utratit.<\/p>\n<p>Pumy jsou hork\u00e9. A zd\u00e1 se, \u017ee ka\u017ed\u00fd den je o pum\u00e1ch naps\u00e1no n\u011bco jin\u00e9ho, a\u0165 u\u017e se jedn\u00e1 o \u010dl\u00e1nky, blogov\u00e9 p\u0159\u00edsp\u011bvky nebo dokonce televizn\u00ed po\u0159ady. Ale co p\u0159esn\u011b tento term\u00edn znamen\u00e1? Je pravda, \u017ee \u017eeny nad 40 let chod\u00ed s mlad\u0161\u00edmi mu\u017ei? Opravdu existuj\u00ed pumy? Dovolte n\u00e1m, abychom v\u00e1m pomohli naj\u00edt n\u011bjak\u00e9 jasnosti kolem t\u00e9matu.<\/p>\n","protected":false},"excerpt":{"rendered":"<p>Nejlep\u0161\u00ed seznamovac\u00ed str\u00e1nky jsou ty, kter\u00e9 v\u00e1m umo\u017en\u00ed spojit se s lidmi na z\u00e1klad\u011b spole\u010dn\u00fdch z\u00e1jm\u016f, v\u011bku, um\u00edst\u011bn\u00ed a osobnostn\u00edch&hellip;<\/p>\n","protected":false},"author":1,"featured_media":0,"parent":0,"menu_order":0,"comment_status":"closed","ping_status":"closed","template":"","meta":[],"yoast_head":"<!-- This site is optimized with the Yoast SEO plugin v17.7.1 - https:\/\/yoast.com\/wordpress\/plugins\/seo\/ -->\n<title>Seznamte se s m\u00edstn\u00edmi MILF, kte\u0159\u00ed cht\u011bj\u00ed sex - Meet Nearby<\/title>\n<meta name=\"robots\" content=\"index, follow, max-snippet:-1, max-image-preview:large, max-video-preview:-1\" \/>\n<link rel=\"canonical\" href=\"https:\/\/marburgerorchard.com\/cs\/seznamte-se-s-mistnimi-milf-kteri-chteji-sex\/\" \/>\n<meta property=\"og:locale\" content=\"cs_CZ\" \/>\n<meta property=\"og:type\" content=\"article\" \/>\n<meta property=\"og:title\" content=\"Seznamte se s m\u00edstn\u00edmi MILF, kte\u0159\u00ed cht\u011bj\u00ed sex - Meet Nearby\" \/>\n<meta property=\"og:description\" content=\"Nejlep\u0161\u00ed seznamovac\u00ed str\u00e1nky jsou ty, kter\u00e9 v\u00e1m umo\u017en\u00ed spojit se s lidmi na z\u00e1klad\u011b spole\u010dn\u00fdch z\u00e1jm\u016f, v\u011bku, um\u00edst\u011bn\u00ed a osobnostn\u00edch&hellip;\" \/>\n<meta property=\"og:url\" content=\"https:\/\/marburgerorchard.com\/cs\/seznamte-se-s-mistnimi-milf-kteri-chteji-sex\/\" \/>\n<meta property=\"og:site_name\" content=\"Meet Nearby\" \/>\n<meta name=\"twitter:card\" content=\"summary_large_image\" \/>\n<meta name=\"twitter:label1\" content=\"Odhadovan\u00e1 doba \u010dten\u00ed\" \/>\n\t<meta name=\"twitter:data1\" content=\"3 minuty\" \/>\n<script type=\"application\/ld+json\" class=\"yoast-schema-graph\">{\"@context\":\"https:\/\/schema.org\",\"@graph\":[{\"@type\":\"WebSite\",\"@id\":\"https:\/\/marburgerorchard.com\/cs\/#website\",\"url\":\"https:\/\/marburgerorchard.com\/cs\/\",\"name\":\"Meet Nearby\",\"description\":\"Adult Dating Guide\",\"potentialAction\":[{\"@type\":\"SearchAction\",\"target\":{\"@type\":\"EntryPoint\",\"urlTemplate\":\"https:\/\/marburgerorchard.com\/cs\/?s={search_term_string}\"},\"query-input\":\"required name=search_term_string\"}],\"inLanguage\":\"cs\"},{\"@type\":\"WebPage\",\"@id\":\"https:\/\/marburgerorchard.com\/cs\/seznamte-se-s-mistnimi-milf-kteri-chteji-sex\/#webpage\",\"url\":\"https:\/\/marburgerorchard.com\/cs\/seznamte-se-s-mistnimi-milf-kteri-chteji-sex\/\",\"name\":\"Seznamte se s m\\u00edstn\\u00edmi MILF, kte\\u0159\\u00ed cht\\u011bj\\u00ed sex - Meet Nearby\",\"isPartOf\":{\"@id\":\"https:\/\/marburgerorchard.com\/cs\/#website\"},\"datePublished\":\"2022-09-26T13:25:14+00:00\",\"dateModified\":\"2022-09-26T13:25:14+00:00\",\"breadcrumb\":{\"@id\":\"https:\/\/marburgerorchard.com\/cs\/seznamte-se-s-mistnimi-milf-kteri-chteji-sex\/#breadcrumb\"},\"inLanguage\":\"cs\",\"potentialAction\":[{\"@type\":\"ReadAction\",\"target\":[\"https:\/\/marburgerorchard.com\/cs\/seznamte-se-s-mistnimi-milf-kteri-chteji-sex\/\"]}]},{\"@type\":\"BreadcrumbList\",\"@id\":\"https:\/\/marburgerorchard.com\/cs\/seznamte-se-s-mistnimi-milf-kteri-chteji-sex\/#breadcrumb\",\"itemListElement\":[{\"@type\":\"ListItem\",\"position\":1,\"name\":\"Home\",\"item\":\"http:\/\/marburgerorchard.com\/cs\/\"},{\"@type\":\"ListItem\",\"position\":2,\"name\":\"Seznamte se s m\\u00edstn\\u00edmi MILF, kte\\u0159\\u00ed cht\\u011bj\\u00ed sex\"}]}]}<\/script>\n<!-- \/ Yoast SEO plugin. -->","yoast_head_json":{"title":"Seznamte se s m\u00edstn\u00edmi MILF, kte\u0159\u00ed cht\u011bj\u00ed sex - Meet Nearby","robots":{"index":"index","follow":"follow","max-snippet":"max-snippet:-1","max-image-preview":"max-image-preview:large","max-video-preview":"max-video-preview:-1"},"canonical":"https:\/\/marburgerorchard.com\/cs\/seznamte-se-s-mistnimi-milf-kteri-chteji-sex\/","og_locale":"cs_CZ","og_type":"article","og_title":"Seznamte se s m\u00edstn\u00edmi MILF, kte\u0159\u00ed cht\u011bj\u00ed sex - Meet Nearby","og_description":"Nejlep\u0161\u00ed seznamovac\u00ed str\u00e1nky jsou ty, kter\u00e9 v\u00e1m umo\u017en\u00ed spojit se s lidmi na z\u00e1klad\u011b spole\u010dn\u00fdch z\u00e1jm\u016f, v\u011bku, um\u00edst\u011bn\u00ed a osobnostn\u00edch&hellip;","og_url":"https:\/\/marburgerorchard.com\/cs\/seznamte-se-s-mistnimi-milf-kteri-chteji-sex\/","og_site_name":"Meet Nearby","twitter_card":"summary_large_image","twitter_misc":{"Odhadovan\u00e1 doba \u010dten\u00ed":"3 minuty"},"schema":{"@context":"https:\/\/schema.org","@graph":[{"@type":"WebSite","@id":"https:\/\/marburgerorchard.com\/cs\/#website","url":"https:\/\/marburgerorchard.com\/cs\/","name":"Meet Nearby","description":"Adult Dating Guide","potentialAction":[{"@type":"SearchAction","target":{"@type":"EntryPoint","urlTemplate":"https:\/\/marburgerorchard.com\/cs\/?s={search_term_string}"},"query-input":"required name=search_term_string"}],"inLanguage":"cs"},{"@type":"WebPage","@id":"https:\/\/marburgerorchard.com\/cs\/seznamte-se-s-mistnimi-milf-kteri-chteji-sex\/#webpage","url":"https:\/\/marburgerorchard.com\/cs\/seznamte-se-s-mistnimi-milf-kteri-chteji-sex\/","name":"Seznamte se s m\u00edstn\u00edmi MILF, kte\u0159\u00ed cht\u011bj\u00ed sex - Meet Nearby","isPartOf":{"@id":"https:\/\/marburgerorchard.com\/cs\/#website"},"datePublished":"2022-09-26T13:25:14+00:00","dateModified":"2022-09-26T13:25:14+00:00","breadcrumb":{"@id":"https:\/\/marburgerorchard.com\/cs\/seznamte-se-s-mistnimi-milf-kteri-chteji-sex\/#breadcrumb"},"inLanguage":"cs","potentialAction":[{"@type":"ReadAction","target":["https:\/\/marburgerorchard.com\/cs\/seznamte-se-s-mistnimi-milf-kteri-chteji-sex\/"]}]},{"@type":"BreadcrumbList","@id":"https:\/\/marburgerorchard.com\/cs\/seznamte-se-s-mistnimi-milf-kteri-chteji-sex\/#breadcrumb","itemListElement":[{"@type":"ListItem","position":1,"name":"Home","item":"http:\/\/marburgerorchard.com\/cs\/"},{"@type":"ListItem","position":2,"name":"Seznamte se s m\u00edstn\u00edmi MILF, kte\u0159\u00ed cht\u011bj\u00ed sex"}]}]}},"_links":{"self":[{"href":"https:\/\/marburgerorchard.com\/cs\/wp-json\/wp\/v2\/pages\/103"}],"collection":[{"href":"https:\/\/marburgerorchard.com\/cs\/wp-json\/wp\/v2\/pages"}],"about":[{"href":"https:\/\/marburgerorchard.com\/cs\/wp-json\/wp\/v2\/types\/page"}],"author":[{"embeddable":true,"href":"https:\/\/marburgerorchard.com\/cs\/wp-json\/wp\/v2\/users\/1"}],"replies":[{"embeddable":true,"href":"https:\/\/marburgerorchard.com\/cs\/wp-json\/wp\/v2\/comments?post=103"}],"version-history":[{"count":0,"href":"https:\/\/marburgerorchard.com\/cs\/wp-json\/wp\/v2\/pages\/103\/revisions"}],"wp:attachment":[{"href":"https:\/\/marburgerorchard.com\/cs\/wp-json\/wp\/v2\/media?parent=103"}],"curies":[{"name":"wp","href":"https:\/\/api.w.org\/{rel}","templated":true}]}}